{"id":5454,"date":"2025-03-21T12:49:28","date_gmt":"2025-03-21T11:49:28","guid":{"rendered":"https:\/\/fritzjeitler.com\/prasic\/izdelki\/dodatek-za-silazo\/"},"modified":"2026-04-14T16:44:31","modified_gmt":"2026-04-14T14:44:31","slug":"dodatek-za-silazo","status":"publish","type":"page","link":"https:\/\/fritzjeitler.com\/sl\/prasic\/izdelki\/dodatek-za-silazo\/","title":{"rendered":"Dodatek za sila\u017eo"},"content":{"rendered":"\n<h1 class=\"wp-block-heading\" style=\"margin-top:var(--wp--preset--spacing--70)\">Dodatki za sila\u017eo za donosno<span class=\"is-shy-character\">pra\u0161i\u010derejo<\/span><\/h1>\n\n<p class=\"has-lora-font-family has-l-font-size\">Kakovostna krma je osnova za zdrave \u017eivali, visoko zmogljivost in gospodarno pra\u0161i\u010derejo. Pri tem je klju\u010dnega pomena <strong>strokovno upravljanje sila\u017ee<\/strong>, ki zagotavlja kakovost in stabilnost sila\u017ee.  Na proces siliranja vplivajo \u0161tevilni dejavniki, zato je dosledna optimizacija \u0161e toliko bolj pomembna. JEITLER vas podpira s preverjenimi silirnimi dodatki za pridelavo koruzne in polnozrnate sila\u017ee. <\/p>\n\n<div class=\"wp-block-group alignwide is-style-toc has-green-light-background-color has-background has-global-padding is-layout-constrained wp-block-group-is-layout-constrained wp-container-1 is-position-sticky\" style=\"border-top-left-radius:0px;border-top-right-radius:0px;border-bottom-left-radius:0px;border-bottom-right-radius:0px\">\n<div class=\"wp-block-group alignwide is-horizontal is-content-justification-left is-nowrap is-layout-flex wp-container-core-group-is-layout-9032b91b wp-block-group-is-layout-flex\" style=\"padding-right:var(--wp--preset--spacing--100);padding-left:var(--wp--preset--spacing--100)\">\n<div class=\"wp-block-outermost-icon-block\"><div class=\"icon-container has-icon-color has-green-color\" style=\"color:#008438;width:30px;transform:rotate(0deg) scaleX(1) scaleY(1)\"><svg xmlns=\"http:\/\/www.w3.org\/2000\/svg\" height=\"18.822\" viewbox=\"0 0 31.727 18.822\" width=\"31.727\"><path d=\"m72.379 11.16a2.308 2.308 0 0 0 .208-.894c-.125-.613-1.04-1.175-.977-2.079a1.04 1.04 0 0 1 1.913-.343c.125.374.146 1.154-.416 1.164-.062-.437.2-1.383-.634-1.164-.468.437.125 1.455.447 1.539a2.079 2.079 0 0 0 .852-.1 11.631 11.631 0 0 1 1.487-.78 14.158 14.158 0 0 1 4.907-.239.811.811 0 0 1 .343 0c.645.114 5.416.582 5.78.613.676 0 2.911.229 3.389.3a24.157 24.157 0 0 0 3.722.437c1.04 0 3.41 0 3.825-.572s.613-1.435 1.04-2.079a6.6 6.6 0 0 1 .468 1.923 1.882 1.882 0 0 1 .956-.489 7.279 7.279 0 0 0 -.3 2.017 6.237 6.237 0 0 0 3 .7 1.039 1.039 0 0 0 .5-.229 1.04 1.04 0 0 1 .177 1.549c-.374.333-1.455.509-1.757.749a6.019 6.019 0 0 0 1.487-.343c-1.476 2.485-10.749 6.57-11.029 6.872a5.5 5.5 0 0 0 -.842 3.763c.062.832.249 1.559.343 2.225a.936.936 0 0 1 -1.331-.769.173.173 0 0 1 -.187.094 12.621 12.621 0 0 0 -.676-2.994c-.166-.457-.312-.925-.437-1.393a2.942 2.942 0 0 0 -.489-1.362c-2.744.083-5.686 0-8.316-.187a15.114 15.114 0 0 1 -1.882-.312 3.566 3.566 0 0 0 -1.778 2.505 12.767 12.767 0 0 0 .634 4.439 3.919 3.919 0 0 1 -.925 0c-.322-.281-.416-.78-.676-1.112-.083 0-.1.26-.218.187a5.634 5.634 0 0 1 -.062-1.331c-.083-.79-.416-1.632-.551-2.4a5.375 5.375 0 0 1 -.156-.821c0-.374.229-.665.27-1.04a2.817 2.817 0 0 0 -.229-1.674 1.04 1.04 0 0 0 -.291-.489 6.882 6.882 0 0 1 -1.684-5.572 2.211 2.211 0 0 1 .073-.281\" transform=\"translate(-71.607 -6.96)\"><\/path><\/svg><\/div><\/div>\n\n\n\n<p class=\"has-green-color has-text-color has-link-color wp-elements-473b13421050f67a0de18216d0093e04\" style=\"font-style:normal;font-weight:600;text-transform:uppercase\">Dodatek za sila\u017eo<\/p>\n\n\n\n<div class=\"wp-block-buttons is-layout-flex wp-container-core-buttons-is-layout-2f98dd80 wp-block-buttons-is-layout-flex\">\n<div class=\"wp-block-button has-custom-width wp-block-button__width-50\"><a class=\"wp-block-button__link has-text-align-center wp-element-button\" href=\"#BIOMIN&#xAE;-BioStabil-Mays-HC\"><strong><sup>BIOMIN\u00ae<\/sup> BioStabil Mays HC<\/strong><\/a><\/div>\n\n\n\n<div class=\"wp-block-button has-custom-width wp-block-button__width-50\"><a class=\"wp-block-button__link wp-element-button\" href=\"#JEITLER&#xAE;-CleanFeed-Plus\"><strong><sup>JEITLER\u00ae<\/sup> CleanFeed Plus<\/strong><\/a><\/div>\n<\/div>\n<\/div>\n<\/div>\n\n<h3 class=\"wp-block-heading\"><strong>JEITLER ponuja izbor zelo u\u010dinkovitih dodatkov za siliranje, ki zagotavljajo najbolj\u0161o mo\u017eno podporo temu zapletenemu procesu. Med njimi so silirni dodatki na osnovi mle\u010dnokislinskih bakterij, kot je <sup>BIOMIN\u00ae<\/sup> BioStabil Mays HC, in kemi\u010dni silirni dodatki, kot je <sup>JEITLER\u00ae<\/sup> CleanFeed Plus, ki temeljijo na organskih kislinah. Obe liniji izdelkov zasledujeta isti cilj: stabilno, visokokakovostno sila\u017eo z visokim vnosom krme.  <\/strong><\/h3>\n\n<p><\/p>\n\n<div id=\"BIOMIN\u00ae-BioStabil-Mays-HC\" class=\"wp-block-group has-global-padding is-layout-constrained wp-block-group-is-layout-constrained\">\n<h1 class=\"wp-block-heading has-green-color has-text-color has-link-color wp-elements-9df14a2bd8d2e413c941421b04c082b6\"><strong><sup>BIOMIN\u00ae<\/sup> BioStabil Mays HC<\/strong><\/h1>\n\n\n\n<p>Linija izdelkov <sup>BIOMIN\u00ae<\/sup> BioStabil HC je formulacija izbranih sevov mle\u010dnokislinskih bakterij, ki so \u0161e posebej primerni kot dodatki za siliranje. Te bakterije proizvajajo mle\u010dno in ocetno kislino v uravnote\u017eenem razmerju za bolj\u0161i proces fermentacije in dalj\u0161o aerobno stabilnost. Hitro zni\u017eanje vrednosti pH in neposredni u\u010dinek ocetne kisline zavirata neza\u017eelene bakterije v korist kakovosti krme.   Uporaba <sup>BIOMIN\u00ae<\/sup> BioStabil Mays HC zmanj\u0161uje izgubo suhe snovi ter ohranja energijsko in beljakovinsko vrednost sila\u017ee.<\/p>\n\n\n\n<h4 class=\"wp-block-heading\"><strong><sup>BIOMIN\u00ae<\/sup><\/strong> <strong>Biostabil Mays HC &#8211; Za stabilno in energijsko bogato koruzno sila\u017eo<\/strong> <\/h4>\n\n\n\n<ul class=\"wp-block-list\">\n<li><span>Povzro\u010da hitro zni\u017eanje vrednosti pH za optimalen proces fermentacije  <\/span><\/li>\n\n\n\n<li><span>Med skladi\u0161\u010denjem ohranja nizko vrednost pH, kar zagotavlja optimalen rok trajanja.  <\/span><\/li>\n\n\n\n<li><span>Zmanj\u0161a izgube hranil in energije v silosu  <\/span><\/li>\n\n\n\n<li><span>Izbolj\u0161a aerobno stabilnost sila\u017ee po odprtju silosa  <\/span><\/li>\n<\/ul>\n\n\n\n<h3 class=\"wp-block-heading\">Rezultati preskusov<\/h3>\n\n\n\n<div class=\"wp-block-columns is-layout-flex wp-container-core-columns-is-layout-28f84493 wp-block-columns-is-layout-flex\">\n<div class=\"wp-block-column is-layout-flow wp-block-column-is-layout-flow\">\n<figure class=\"wp-block-image size-large\"><img loading=\"lazy\" decoding=\"async\" width=\"1024\" height=\"576\" src=\"https:\/\/fritzjeitler.com\/wp-content\/uploads\/2025\/12\/1-1024x576.png\" alt=\"\" class=\"wp-image-1992\" srcset=\"https:\/\/fritzjeitler.com\/wp-content\/uploads\/2025\/12\/1-1024x576.png 1024w, https:\/\/fritzjeitler.com\/wp-content\/uploads\/2025\/12\/1-300x169.png 300w, https:\/\/fritzjeitler.com\/wp-content\/uploads\/2025\/12\/1-768x432.png 768w, https:\/\/fritzjeitler.com\/wp-content\/uploads\/2025\/12\/1-1536x864.png 1536w, https:\/\/fritzjeitler.com\/wp-content\/uploads\/2025\/12\/1.png 1920w\" sizes=\"auto, (max-width: 1024px) 100vw, 1024px\" \/><\/figure>\n<\/div>\n\n\n\n<div class=\"wp-block-column is-layout-flow wp-block-column-is-layout-flow\">\n<figure class=\"wp-block-image size-large\"><img loading=\"lazy\" decoding=\"async\" width=\"1024\" height=\"576\" src=\"https:\/\/fritzjeitler.com\/wp-content\/uploads\/2025\/12\/2-1024x576.png\" alt=\"\" class=\"wp-image-1994\" srcset=\"https:\/\/fritzjeitler.com\/wp-content\/uploads\/2025\/12\/2-1024x576.png 1024w, https:\/\/fritzjeitler.com\/wp-content\/uploads\/2025\/12\/2-300x169.png 300w, https:\/\/fritzjeitler.com\/wp-content\/uploads\/2025\/12\/2-768x432.png 768w, https:\/\/fritzjeitler.com\/wp-content\/uploads\/2025\/12\/2-1536x864.png 1536w, https:\/\/fritzjeitler.com\/wp-content\/uploads\/2025\/12\/2.png 1920w\" sizes=\"auto, (max-width: 1024px) 100vw, 1024px\" \/><\/figure>\n<\/div>\n<\/div>\n\n\n\n<h5 class=\"wp-block-heading has-l-font-size\"><strong>Rezultati primerjalnih \u0161tudij v Avstriji: vzporedno siliranje koruzne polnovredne sila\u017ee (GKS) v visokih silosih z in brez <sup>BIOMIN\u00ae<\/sup> BioStabil Mays HC.<\/strong><\/h5>\n\n\n\n<div class=\"wp-block-group is-nowrap is-layout-flex wp-container-core-group-is-layout-6c531013 wp-block-group-is-layout-flex\">\n<p class=\"has-lora-font-family has-xl-font-size\"><sup>BIOMIN\u00ae<\/sup> BioStabil Mays HC&#8230;<strong> <\/strong><\/p>\n\n\n\n<p><\/p>\n<\/div>\n\n\n\n<ul class=\"wp-block-list\">\n<li><span>Hitrej\u0161e zni\u017eanje vrednosti pH = stabilna sila\u017ea v celotnem obdobju skladi\u0161\u010denja<\/span><\/li>\n\n\n\n<li><span>Manj izgub pri skladi\u0161\u010denju = ve\u010d energije v sila\u017ei<\/span><\/li>\n\n\n\n<li><span>Ve\u010dja okusnost = ve\u010dji vnos krme<\/span><\/li>\n\n\n\n<li><span>Izbolj\u0161ano zni\u017eanje pH v \u017eelodcu = stabilna prebava in u\u010dinkovita izraba hranil<\/span><\/li>\n<\/ul>\n<\/div>\n\n<div id=\"JEITLER\u00ae-CleanFeed-Plus\" class=\"wp-block-group has-global-padding is-layout-constrained wp-block-group-is-layout-constrained\">\n<h1 class=\"wp-block-heading has-green-color has-text-color has-link-color wp-elements-c76406f649d77e70d09edfb7fb91b359\"><strong><sup>JEITLER\u00ae<\/sup> CleanFeed Plus<\/strong><\/h1>\n\n\n\n<h3 class=\"wp-block-heading\">Dodatki za sila\u017eo za koruzno sila\u017eo (KMS, CCM) in sila\u017eo iz polnovredne moke (GKS)<\/h3>\n\n\n\n<p>Higiensko neopore\u010dna krma (brez delovanja fermentacijskih \u0161kodljivcev, kot so neza\u017eelene bakterije, kvasovke in plesni) je osnova za visoko u\u010dinkovitost v \u017eivinoreji.  <\/p>\n\n\n\n<p><sup>JEITLER\u00ae<\/sup> CleanFeed Plus je formulacija propionske kisline, amonijevega propionata, natrijevega benzoata in kalijevega sorbata ter u\u010dinkovito zavira rast bakterij, kvasovk in plesni tudi v majhnih koli\u010dinah. Med uporabljenimi organskimi kislinami imata natrijev benzoat in kalijev sorbat najmo\u010dnej\u0161i u\u010dinek na kvasovke in plesni. <\/p>\n\n\n\n<div class=\"wp-block-columns is-layout-flex wp-container-core-columns-is-layout-28f84493 wp-block-columns-is-layout-flex\">\n<div class=\"wp-block-column is-layout-flow wp-block-column-is-layout-flow\" style=\"flex-basis:33.33%\">\n<div class=\"wp-block-query is-layout-flow wp-block-query-is-layout-flow\"><\/div>\n<\/div>\n\n\n\n<div class=\"wp-block-column is-layout-flow wp-block-column-is-layout-flow\" style=\"flex-basis:66.66%\">\n<h3 class=\"wp-block-heading\"><sup>JEITLER\u00ae<\/sup> CleanFeed Plus ima pH vrednost 5, ni koroziven in je zato izjemno prijazen do uporabnika!<\/h3>\n\n\n\n<div class=\"wp-block-group is-nowrap is-layout-flex wp-container-core-group-is-layout-6c531013 wp-block-group-is-layout-flex\">\n<div class=\"wp-block-outermost-icon-block\"><div class=\"icon-container\" style=\"width:127px;transform:rotate(0deg) scaleX(1) scaleY(1)\"><svg xmlns=\"http:\/\/www.w3.org\/2000\/svg\" height=\"83.305\" viewbox=\"0 0 80 83.305\" width=\"80\"><g fill=\"#a4d6a3\" transform=\"translate(8 8)\"><path d=\"m7864.089 17884.543 14.97-11.7 2.366 18.459zm-50.089-36.543a36 36 0 1 1 36 36 36 36 0 0 1 -36-36z\" transform=\"translate(-7818 -17816)\"><\/path><g stroke=\"#a4d6a3\" stroke-width=\"8\"><circle cx=\"32\" cy=\"32\" r=\"32\" stroke=\"none\"><\/circle><circle cx=\"32\" cy=\"32\" fill=\"none\" r=\"36\"><\/circle><\/g><\/g><path d=\"m12.034-13.442h-4.2v13.442h-3.412v-13.442h-4.202v-3.058h11.814zm2.024-3.058h3.432v16.5h-3.432zm13.772 0a4.83 4.83 0 0 1 2.475.66 4.806 4.806 0 0 1 1.782 1.793 4.893 4.893 0 0 1 .649 2.475 4.775 4.775 0 0 1 -.649 2.453 4.634 4.634 0 0 1 -1.771 1.738 5.009 5.009 0 0 1 -2.486.627h-3.454v6.754h-3.432v-16.5zm-.53 6.886a2.241 2.241 0 0 0 1.529-.528 1.751 1.751 0 0 0 .605-1.386 1.784 1.784 0 0 0 -.605-1.4 2.213 2.213 0 0 0 -1.529-.539h-2.924v3.85zm14.126-6.886a4.83 4.83 0 0 1 2.475.66 4.806 4.806 0 0 1 1.782 1.793 4.893 4.893 0 0 1 .649 2.475 4.775 4.775 0 0 1 -.649 2.453 4.634 4.634 0 0 1 -1.771 1.738 5.009 5.009 0 0 1 -2.486.627h-3.454v6.754h-3.432v-16.5zm-.526 6.886a2.241 2.241 0 0 0 1.529-.528 1.751 1.751 0 0 0 .6-1.386 1.784 1.784 0 0 0 -.6-1.4 2.213 2.213 0 0 0 -1.529-.539h-2.928v3.85zm7.59-6.886h3.3l-.4 10.89h-2.506zm1.648 16.72a1.775 1.775 0 0 1 -1.3-.55 1.775 1.775 0 0 1 -.55-1.3 1.819 1.819 0 0 1 .539-1.32 1.764 1.764 0 0 1 1.309-.55 1.8 1.8 0 0 1 1.32.55 1.8 1.8 0 0 1 .55 1.32 1.764 1.764 0 0 1 -.55 1.309 1.819 1.819 0 0 1 -1.318.541z\" fill=\"#008438\" transform=\"translate(13.501 48)\"><\/path><\/svg><\/div><\/div>\n\n\n\n<p class=\"has-l-font-size\"><sup>JEITLER\u00ae<\/sup> CleanFeed Plus je odli\u010den tudi za popolno konzerviranje zrnja in mokre koruze.<\/p>\n<\/div>\n\n\n\n<div class=\"wp-block-buttons is-layout-flex wp-block-buttons-is-layout-flex block-visibility-hide-small-screen\">\n<div class=\"wp-block-button has-custom-width wp-block-button__width-100\"><a class=\"wp-block-button__link wp-element-button\" href=\"https:\/\/fritzjeitler.com\/wp-content\/uploads\/2025\/12\/PI_CleanFeed-Plus_0425_app_RGB.pdf\" target=\"_blank\" rel=\"noreferrer noopener\">Prenesite priporo\u010dilo za odmerjanje in tabelo za konzerviranje tukaj<\/a><\/div>\n<\/div>\n<\/div>\n<\/div>\n\n\n\n<div class=\"wp-block-buttons alignfull is-content-justification-center is-layout-flex wp-container-core-buttons-is-layout-a89b3969 wp-block-buttons-is-layout-flex block-visibility-hide-large-screen block-visibility-hide-medium-screen\">\n<div class=\"wp-block-button has-custom-width wp-block-button__width-75\"><a class=\"wp-block-button__link wp-element-button\" href=\"https:\/\/fritzjeitler.com\/wp-content\/uploads\/2025\/12\/PI_CleanFeed-Plus_0425_app_RGB.pdf\" target=\"_blank\" rel=\"noreferrer noopener\">Prenesite priporo\u010dilo za odmerjanje in tabelo za <span class=\"is-shy-character\">konzerviranje<\/span>tukaj<\/a><\/div>\n<\/div>\n<\/div>\n","protected":false},"excerpt":{"rendered":"<p>Dodatki za sila\u017eo za donosnopra\u0161i\u010derejo Kakovostna krma je osnova za zdrave \u017eivali, visoko zmogljivost in gospodarno pra\u0161i\u010derejo. Pri tem je klju\u010dnega pomena strokovno upravljanje sila\u017ee, ki zagotavlja kakovost in stabilnost sila\u017ee. Na proces siliranja vplivajo \u0161tevilni dejavniki, zato je dosledna optimizacija \u0161e toliko bolj pomembna. JEITLER vas podpira s preverjenimi silirnimi dodatki za pridelavo koruzne [&hellip;]<\/p>\n","protected":false},"author":6,"featured_media":1991,"parent":4963,"menu_order":4,"comment_status":"closed","ping_status":"closed","template":"wp-custom-template-seite-schwein","meta":{"clicksgefuehlecore_hide_title":false,"theme\/reading-time":-1,"page-redirect-enabled":false,"page-redirect-target-id":0,"footnotes":""},"class_list":["post-5454","page","type-page","status-publish","has-post-thumbnail","hentry"],"yoast_head":"<!-- This site is optimized with the Yoast SEO plugin v26.7 - https:\/\/yoast.com\/wordpress\/plugins\/seo\/ -->\n<title>Dodatek za sila\u017eo - Fritz Jeitler Futtermittel<\/title>\n<meta name=\"robots\" content=\"index, follow, max-snippet:-1, max-image-preview:large, max-video-preview:-1\" \/>\n<link rel=\"canonical\" href=\"https:\/\/fritzjeitler.com\/sl\/prasic\/izdelki\/dodatek-za-silazo\/\" \/>\n<meta property=\"og:locale\" content=\"sl_SI\" \/>\n<meta property=\"og:type\" content=\"article\" \/>\n<meta property=\"og:title\" content=\"Dodatek za sila\u017eo - Fritz Jeitler Futtermittel\" \/>\n<meta property=\"og:description\" content=\"Dodatki za sila\u017eo za donosnopra\u0161i\u010derejo Kakovostna krma je osnova za zdrave \u017eivali, visoko zmogljivost in gospodarno pra\u0161i\u010derejo. Pri tem je klju\u010dnega pomena strokovno upravljanje sila\u017ee, ki zagotavlja kakovost in stabilnost sila\u017ee. Na proces siliranja vplivajo \u0161tevilni dejavniki, zato je dosledna optimizacija \u0161e toliko bolj pomembna. JEITLER vas podpira s preverjenimi silirnimi dodatki za pridelavo koruzne [&hellip;]\" \/>\n<meta property=\"og:url\" content=\"https:\/\/fritzjeitler.com\/sl\/prasic\/izdelki\/dodatek-za-silazo\/\" \/>\n<meta property=\"og:site_name\" content=\"Fritz Jeitler Futtermittel\" \/>\n<meta property=\"article:modified_time\" content=\"2026-04-14T14:44:31+00:00\" \/>\n<meta property=\"og:image\" content=\"https:\/\/fritzjeitler.com\/wp-content\/uploads\/2025\/12\/Siliermittel-Titelbild-1.jpg\" \/>\n\t<meta property=\"og:image:width\" content=\"1440\" \/>\n\t<meta property=\"og:image:height\" content=\"552\" \/>\n\t<meta property=\"og:image:type\" content=\"image\/jpeg\" \/>\n<meta name=\"twitter:card\" content=\"summary_large_image\" \/>\n<meta name=\"twitter:label1\" content=\"Est. reading time\" \/>\n\t<meta name=\"twitter:data1\" content=\"2 minuti\" \/>\n<script type=\"application\/ld+json\" class=\"yoast-schema-graph\">{\"@context\":\"https:\/\/schema.org\",\"@graph\":[{\"@type\":\"WebPage\",\"@id\":\"https:\/\/fritzjeitler.com\/sl\/prasic\/izdelki\/dodatek-za-silazo\/\",\"url\":\"https:\/\/fritzjeitler.com\/sl\/prasic\/izdelki\/dodatek-za-silazo\/\",\"name\":\"Dodatek za sila\u017eo - Fritz Jeitler Futtermittel\",\"isPartOf\":{\"@id\":\"https:\/\/fritzjeitler.com\/sl\/#website\"},\"primaryImageOfPage\":{\"@id\":\"https:\/\/fritzjeitler.com\/sl\/prasic\/izdelki\/dodatek-za-silazo\/#primaryimage\"},\"image\":{\"@id\":\"https:\/\/fritzjeitler.com\/sl\/prasic\/izdelki\/dodatek-za-silazo\/#primaryimage\"},\"thumbnailUrl\":\"https:\/\/fritzjeitler.com\/wp-content\/uploads\/2025\/12\/Siliermittel-Titelbild-1.jpg\",\"datePublished\":\"2025-03-21T11:49:28+00:00\",\"dateModified\":\"2026-04-14T14:44:31+00:00\",\"breadcrumb\":{\"@id\":\"https:\/\/fritzjeitler.com\/sl\/prasic\/izdelki\/dodatek-za-silazo\/#breadcrumb\"},\"inLanguage\":\"sl-SI\",\"potentialAction\":[{\"@type\":\"ReadAction\",\"target\":[\"https:\/\/fritzjeitler.com\/sl\/prasic\/izdelki\/dodatek-za-silazo\/\"]}]},{\"@type\":\"ImageObject\",\"inLanguage\":\"sl-SI\",\"@id\":\"https:\/\/fritzjeitler.com\/sl\/prasic\/izdelki\/dodatek-za-silazo\/#primaryimage\",\"url\":\"https:\/\/fritzjeitler.com\/wp-content\/uploads\/2025\/12\/Siliermittel-Titelbild-1.jpg\",\"contentUrl\":\"https:\/\/fritzjeitler.com\/wp-content\/uploads\/2025\/12\/Siliermittel-Titelbild-1.jpg\",\"width\":1440,\"height\":552},{\"@type\":\"BreadcrumbList\",\"@id\":\"https:\/\/fritzjeitler.com\/sl\/prasic\/izdelki\/dodatek-za-silazo\/#breadcrumb\",\"itemListElement\":[{\"@type\":\"ListItem\",\"position\":1,\"name\":\"Home\",\"item\":\"https:\/\/fritzjeitler.com\/sl\/\"},{\"@type\":\"ListItem\",\"position\":2,\"name\":\"Pra\u0161i\u010d\",\"item\":\"https:\/\/fritzjeitler.com\/sl\/prasic\/\"},{\"@type\":\"ListItem\",\"position\":3,\"name\":\"Izdelki\",\"item\":\"https:\/\/fritzjeitler.com\/sl\/prasic\/izdelki\/\"},{\"@type\":\"ListItem\",\"position\":4,\"name\":\"Dodatek za sila\u017eo\"}]},{\"@type\":\"WebSite\",\"@id\":\"https:\/\/fritzjeitler.com\/sl\/#website\",\"url\":\"https:\/\/fritzjeitler.com\/sl\/\",\"name\":\"Fritz Jeitler Futtermittel\",\"description\":\"\",\"potentialAction\":[{\"@type\":\"SearchAction\",\"target\":{\"@type\":\"EntryPoint\",\"urlTemplate\":\"https:\/\/fritzjeitler.com\/sl\/?s={search_term_string}\"},\"query-input\":{\"@type\":\"PropertyValueSpecification\",\"valueRequired\":true,\"valueName\":\"search_term_string\"}}],\"inLanguage\":\"sl-SI\"}]}<\/script>\n<!-- \/ Yoast SEO plugin. -->","yoast_head_json":{"title":"Dodatek za sila\u017eo - Fritz Jeitler Futtermittel","robots":{"index":"index","follow":"follow","max-snippet":"max-snippet:-1","max-image-preview":"max-image-preview:large","max-video-preview":"max-video-preview:-1"},"canonical":"https:\/\/fritzjeitler.com\/sl\/prasic\/izdelki\/dodatek-za-silazo\/","og_locale":"sl_SI","og_type":"article","og_title":"Dodatek za sila\u017eo - Fritz Jeitler Futtermittel","og_description":"Dodatki za sila\u017eo za donosnopra\u0161i\u010derejo Kakovostna krma je osnova za zdrave \u017eivali, visoko zmogljivost in gospodarno pra\u0161i\u010derejo. Pri tem je klju\u010dnega pomena strokovno upravljanje sila\u017ee, ki zagotavlja kakovost in stabilnost sila\u017ee. Na proces siliranja vplivajo \u0161tevilni dejavniki, zato je dosledna optimizacija \u0161e toliko bolj pomembna. JEITLER vas podpira s preverjenimi silirnimi dodatki za pridelavo koruzne [&hellip;]","og_url":"https:\/\/fritzjeitler.com\/sl\/prasic\/izdelki\/dodatek-za-silazo\/","og_site_name":"Fritz Jeitler Futtermittel","article_modified_time":"2026-04-14T14:44:31+00:00","og_image":[{"width":1440,"height":552,"url":"https:\/\/fritzjeitler.com\/wp-content\/uploads\/2025\/12\/Siliermittel-Titelbild-1.jpg","type":"image\/jpeg"}],"twitter_card":"summary_large_image","twitter_misc":{"Est. reading time":"2 minuti"},"schema":{"@context":"https:\/\/schema.org","@graph":[{"@type":"WebPage","@id":"https:\/\/fritzjeitler.com\/sl\/prasic\/izdelki\/dodatek-za-silazo\/","url":"https:\/\/fritzjeitler.com\/sl\/prasic\/izdelki\/dodatek-za-silazo\/","name":"Dodatek za sila\u017eo - Fritz Jeitler Futtermittel","isPartOf":{"@id":"https:\/\/fritzjeitler.com\/sl\/#website"},"primaryImageOfPage":{"@id":"https:\/\/fritzjeitler.com\/sl\/prasic\/izdelki\/dodatek-za-silazo\/#primaryimage"},"image":{"@id":"https:\/\/fritzjeitler.com\/sl\/prasic\/izdelki\/dodatek-za-silazo\/#primaryimage"},"thumbnailUrl":"https:\/\/fritzjeitler.com\/wp-content\/uploads\/2025\/12\/Siliermittel-Titelbild-1.jpg","datePublished":"2025-03-21T11:49:28+00:00","dateModified":"2026-04-14T14:44:31+00:00","breadcrumb":{"@id":"https:\/\/fritzjeitler.com\/sl\/prasic\/izdelki\/dodatek-za-silazo\/#breadcrumb"},"inLanguage":"sl-SI","potentialAction":[{"@type":"ReadAction","target":["https:\/\/fritzjeitler.com\/sl\/prasic\/izdelki\/dodatek-za-silazo\/"]}]},{"@type":"ImageObject","inLanguage":"sl-SI","@id":"https:\/\/fritzjeitler.com\/sl\/prasic\/izdelki\/dodatek-za-silazo\/#primaryimage","url":"https:\/\/fritzjeitler.com\/wp-content\/uploads\/2025\/12\/Siliermittel-Titelbild-1.jpg","contentUrl":"https:\/\/fritzjeitler.com\/wp-content\/uploads\/2025\/12\/Siliermittel-Titelbild-1.jpg","width":1440,"height":552},{"@type":"BreadcrumbList","@id":"https:\/\/fritzjeitler.com\/sl\/prasic\/izdelki\/dodatek-za-silazo\/#breadcrumb","itemListElement":[{"@type":"ListItem","position":1,"name":"Home","item":"https:\/\/fritzjeitler.com\/sl\/"},{"@type":"ListItem","position":2,"name":"Pra\u0161i\u010d","item":"https:\/\/fritzjeitler.com\/sl\/prasic\/"},{"@type":"ListItem","position":3,"name":"Izdelki","item":"https:\/\/fritzjeitler.com\/sl\/prasic\/izdelki\/"},{"@type":"ListItem","position":4,"name":"Dodatek za sila\u017eo"}]},{"@type":"WebSite","@id":"https:\/\/fritzjeitler.com\/sl\/#website","url":"https:\/\/fritzjeitler.com\/sl\/","name":"Fritz Jeitler Futtermittel","description":"","potentialAction":[{"@type":"SearchAction","target":{"@type":"EntryPoint","urlTemplate":"https:\/\/fritzjeitler.com\/sl\/?s={search_term_string}"},"query-input":{"@type":"PropertyValueSpecification","valueRequired":true,"valueName":"search_term_string"}}],"inLanguage":"sl-SI"}]}},"_links":{"self":[{"href":"https:\/\/fritzjeitler.com\/sl\/wp-json\/wp\/v2\/pages\/5454","targetHints":{"allow":["GET"]}}],"collection":[{"href":"https:\/\/fritzjeitler.com\/sl\/wp-json\/wp\/v2\/pages"}],"about":[{"href":"https:\/\/fritzjeitler.com\/sl\/wp-json\/wp\/v2\/types\/page"}],"author":[{"embeddable":true,"href":"https:\/\/fritzjeitler.com\/sl\/wp-json\/wp\/v2\/users\/6"}],"replies":[{"embeddable":true,"href":"https:\/\/fritzjeitler.com\/sl\/wp-json\/wp\/v2\/comments?post=5454"}],"version-history":[{"count":4,"href":"https:\/\/fritzjeitler.com\/sl\/wp-json\/wp\/v2\/pages\/5454\/revisions"}],"predecessor-version":[{"id":5460,"href":"https:\/\/fritzjeitler.com\/sl\/wp-json\/wp\/v2\/pages\/5454\/revisions\/5460"}],"up":[{"embeddable":true,"href":"https:\/\/fritzjeitler.com\/sl\/wp-json\/wp\/v2\/pages\/4963"}],"wp:featuredmedia":[{"embeddable":true,"href":"https:\/\/fritzjeitler.com\/sl\/wp-json\/wp\/v2\/media\/1991"}],"wp:attachment":[{"href":"https:\/\/fritzjeitler.com\/sl\/wp-json\/wp\/v2\/media?parent=5454"}],"curies":[{"name":"wp","href":"https:\/\/api.w.org\/{rel}","templated":true}]}}