{"id":5451,"date":"2025-01-21T13:36:28","date_gmt":"2025-01-21T12:36:28","guid":{"rendered":"https:\/\/fritzjeitler.com\/prezvekovalci\/izdelki-2\/dodatek-za-silazo\/"},"modified":"2026-04-14T16:44:27","modified_gmt":"2026-04-14T14:44:27","slug":"dodatek-za-silazo","status":"publish","type":"page","link":"https:\/\/fritzjeitler.com\/sl\/prezvekovalci\/izdelki-2\/dodatek-za-silazo\/","title":{"rendered":"Dodatek za sila\u017eo"},"content":{"rendered":"\n<h1 class=\"wp-block-heading\" style=\"margin-top:var(--wp--preset--spacing--70)\">Dodatek za sila\u017eo  <\/h1>\n\n<p class=\"has-lora-font-family has-l-font-size\">Kakovostna krma je osnova za zdrave \u017eivali, visoko zmogljivost in gospodarno rejo pre\u017evekovalcev. Pri tem je klju\u010dnega pomena <strong>strokovno upravljanje sila\u017ee<\/strong>, ki zagotavlja kakovost in stabilnost sila\u017ee. Na proces siliranja vplivajo \u0161tevilni dejavniki, zato je dosledna optimizacija \u0161e toliko bolj pomembna. JEITLER vas podpira s preverjenimi silirnimi dodatki za proizvodnjo travne in koruzne sila\u017ee.   <\/p>\n\n<h2 class=\"wp-block-heading\">Pridelava sila\u017ee in njeni izzivi<\/h2>\n\n<p><strong>Fermentacija <\/strong>je prva faza v procesu siliranja. Mle\u010dnokislinske bakterije v anaerobnih pogojih preproste v vodi topne sladkorje pretvorijo v mle\u010dno kislino. Mle\u010dna kislina je najpomembnej\u0161a kislina med fermentacijo, saj lahko hitro zni\u017ea vrednost pH in tako zagotovi stabilno sila\u017eo.  <\/p>\n\n<p><strong>Aerobna stabilnost<\/strong> sila\u017ee je ogro\u017eena, \u010de sila\u017ea med odstranjevanjem ponovno pride v stik z atmosferskim kisikom. Rast kvasovk in plesni segreva sila\u017eo in povzro\u010da znatne izgube suhe snovi. <\/p>\n\n<p><strong>Energijska vrednost<\/strong> je pogosto omejujo\u010d dejavnik pri prehrani rejnih \u017eivali. Vsak postopek konzerviranja neizogibno povzro\u010di ve\u010djo ali manj\u0161o izgubo hranil in energije. Eden najpomembnej\u0161ih ciljev pri siliranju je izogibanje tem izgubam ali njihovo zmanj\u0161evanje.  <\/p>\n\n<h3 class=\"wp-block-heading\"><strong>JEITLER ponuja izbor zelo u\u010dinkovitih dodatkov za siliranje, da bi zagotovil najbolj\u0161o mo\u017eno podporo temu zapletenemu procesu.  <\/strong><\/h3>\n\n<h2 class=\"wp-block-heading\">Na\u0161i silirni dodatki za travno in koruzno sila\u017eo<\/h2>\n\n<div class=\"wp-block-query is-layout-flow wp-block-query-is-layout-flow\"><\/div>\n\n<p><\/p>\n","protected":false},"excerpt":{"rendered":"<p>Dodatek za sila\u017eo Kakovostna krma je osnova za zdrave \u017eivali, visoko zmogljivost in gospodarno rejo pre\u017evekovalcev. Pri tem je klju\u010dnega pomena strokovno upravljanje sila\u017ee, ki zagotavlja kakovost in stabilnost sila\u017ee. Na proces siliranja vplivajo \u0161tevilni dejavniki, zato je dosledna optimizacija \u0161e toliko bolj pomembna. JEITLER vas podpira s preverjenimi silirnimi dodatki za proizvodnjo travne in [&hellip;]<\/p>\n","protected":false},"author":3,"featured_media":4315,"parent":4977,"menu_order":3,"comment_status":"closed","ping_status":"closed","template":"wp-custom-template-seite-rind","meta":{"clicksgefuehlecore_hide_title":false,"theme\/reading-time":-1,"page-redirect-enabled":false,"page-redirect-target-id":0,"footnotes":""},"class_list":["post-5451","page","type-page","status-publish","has-post-thumbnail","hentry"],"yoast_head":"<!-- This site is optimized with the Yoast SEO plugin v26.7 - https:\/\/yoast.com\/wordpress\/plugins\/seo\/ -->\n<title>Dodatek za sila\u017eo - Fritz Jeitler Futtermittel<\/title>\n<meta name=\"description\" content=\"Kakovostna krma je osnova za zdrave \u017eivali, visoko zmogljivost in gospodarno rejo pre\u017evekovalcev. JEITLER vas podpira s preverjenimi silirnimi dodatki za pridelavo travne in koruzne sila\u017ee.\" \/>\n<meta name=\"robots\" content=\"index, follow, max-snippet:-1, max-image-preview:large, max-video-preview:-1\" \/>\n<link rel=\"canonical\" href=\"https:\/\/fritzjeitler.com\/sl\/prezvekovalci\/izdelki-2\/dodatek-za-silazo\/\" \/>\n<meta property=\"og:locale\" content=\"sl_SI\" \/>\n<meta property=\"og:type\" content=\"article\" \/>\n<meta property=\"og:title\" content=\"Dodatek za sila\u017eo - Fritz Jeitler Futtermittel\" \/>\n<meta property=\"og:description\" content=\"Kakovostna krma je osnova za zdrave \u017eivali, visoko zmogljivost in gospodarno rejo pre\u017evekovalcev. JEITLER vas podpira s preverjenimi silirnimi dodatki za pridelavo travne in koruzne sila\u017ee.\" \/>\n<meta property=\"og:url\" content=\"https:\/\/fritzjeitler.com\/sl\/prezvekovalci\/izdelki-2\/dodatek-za-silazo\/\" \/>\n<meta property=\"og:site_name\" content=\"Fritz Jeitler Futtermittel\" \/>\n<meta property=\"article:modified_time\" content=\"2026-04-14T14:44:27+00:00\" \/>\n<meta property=\"og:image\" content=\"https:\/\/fritzjeitler.com\/wp-content\/uploads\/2026\/03\/BPR56961-1-scaled.jpg\" \/>\n\t<meta property=\"og:image:width\" content=\"2560\" \/>\n\t<meta property=\"og:image:height\" content=\"1708\" \/>\n\t<meta property=\"og:image:type\" content=\"image\/jpeg\" \/>\n<meta name=\"twitter:card\" content=\"summary_large_image\" \/>\n<meta name=\"twitter:label1\" content=\"Est. reading time\" \/>\n\t<meta name=\"twitter:data1\" content=\"1 minuta\" \/>\n<script type=\"application\/ld+json\" class=\"yoast-schema-graph\">{\"@context\":\"https:\/\/schema.org\",\"@graph\":[{\"@type\":\"WebPage\",\"@id\":\"https:\/\/fritzjeitler.com\/sl\/prezvekovalci\/izdelki-2\/dodatek-za-silazo\/\",\"url\":\"https:\/\/fritzjeitler.com\/sl\/prezvekovalci\/izdelki-2\/dodatek-za-silazo\/\",\"name\":\"Dodatek za sila\u017eo - Fritz Jeitler Futtermittel\",\"isPartOf\":{\"@id\":\"https:\/\/fritzjeitler.com\/sl\/#website\"},\"primaryImageOfPage\":{\"@id\":\"https:\/\/fritzjeitler.com\/sl\/prezvekovalci\/izdelki-2\/dodatek-za-silazo\/#primaryimage\"},\"image\":{\"@id\":\"https:\/\/fritzjeitler.com\/sl\/prezvekovalci\/izdelki-2\/dodatek-za-silazo\/#primaryimage\"},\"thumbnailUrl\":\"https:\/\/fritzjeitler.com\/wp-content\/uploads\/2026\/03\/BPR56961-1-scaled.jpg\",\"datePublished\":\"2025-01-21T12:36:28+00:00\",\"dateModified\":\"2026-04-14T14:44:27+00:00\",\"description\":\"Kakovostna krma je osnova za zdrave \u017eivali, visoko zmogljivost in gospodarno rejo pre\u017evekovalcev. JEITLER vas podpira s preverjenimi silirnimi dodatki za pridelavo travne in koruzne sila\u017ee.\",\"breadcrumb\":{\"@id\":\"https:\/\/fritzjeitler.com\/sl\/prezvekovalci\/izdelki-2\/dodatek-za-silazo\/#breadcrumb\"},\"inLanguage\":\"sl-SI\",\"potentialAction\":[{\"@type\":\"ReadAction\",\"target\":[\"https:\/\/fritzjeitler.com\/sl\/prezvekovalci\/izdelki-2\/dodatek-za-silazo\/\"]}]},{\"@type\":\"ImageObject\",\"inLanguage\":\"sl-SI\",\"@id\":\"https:\/\/fritzjeitler.com\/sl\/prezvekovalci\/izdelki-2\/dodatek-za-silazo\/#primaryimage\",\"url\":\"https:\/\/fritzjeitler.com\/wp-content\/uploads\/2026\/03\/BPR56961-1-scaled.jpg\",\"contentUrl\":\"https:\/\/fritzjeitler.com\/wp-content\/uploads\/2026\/03\/BPR56961-1-scaled.jpg\",\"width\":2560,\"height\":1708},{\"@type\":\"BreadcrumbList\",\"@id\":\"https:\/\/fritzjeitler.com\/sl\/prezvekovalci\/izdelki-2\/dodatek-za-silazo\/#breadcrumb\",\"itemListElement\":[{\"@type\":\"ListItem\",\"position\":1,\"name\":\"Home\",\"item\":\"https:\/\/fritzjeitler.com\/sl\/\"},{\"@type\":\"ListItem\",\"position\":2,\"name\":\"Pre\u017evekovalci\",\"item\":\"https:\/\/fritzjeitler.com\/sl\/prezvekovalci\/\"},{\"@type\":\"ListItem\",\"position\":3,\"name\":\"Izdelki\",\"item\":\"https:\/\/fritzjeitler.com\/sl\/prezvekovalci\/izdelki-2\/\"},{\"@type\":\"ListItem\",\"position\":4,\"name\":\"Dodatek za sila\u017eo\"}]},{\"@type\":\"WebSite\",\"@id\":\"https:\/\/fritzjeitler.com\/sl\/#website\",\"url\":\"https:\/\/fritzjeitler.com\/sl\/\",\"name\":\"Fritz Jeitler Futtermittel\",\"description\":\"\",\"potentialAction\":[{\"@type\":\"SearchAction\",\"target\":{\"@type\":\"EntryPoint\",\"urlTemplate\":\"https:\/\/fritzjeitler.com\/sl\/?s={search_term_string}\"},\"query-input\":{\"@type\":\"PropertyValueSpecification\",\"valueRequired\":true,\"valueName\":\"search_term_string\"}}],\"inLanguage\":\"sl-SI\"}]}<\/script>\n<!-- \/ Yoast SEO plugin. -->","yoast_head_json":{"title":"Dodatek za sila\u017eo - Fritz Jeitler Futtermittel","description":"Kakovostna krma je osnova za zdrave \u017eivali, visoko zmogljivost in gospodarno rejo pre\u017evekovalcev. JEITLER vas podpira s preverjenimi silirnimi dodatki za pridelavo travne in koruzne sila\u017ee.","robots":{"index":"index","follow":"follow","max-snippet":"max-snippet:-1","max-image-preview":"max-image-preview:large","max-video-preview":"max-video-preview:-1"},"canonical":"https:\/\/fritzjeitler.com\/sl\/prezvekovalci\/izdelki-2\/dodatek-za-silazo\/","og_locale":"sl_SI","og_type":"article","og_title":"Dodatek za sila\u017eo - Fritz Jeitler Futtermittel","og_description":"Kakovostna krma je osnova za zdrave \u017eivali, visoko zmogljivost in gospodarno rejo pre\u017evekovalcev. JEITLER vas podpira s preverjenimi silirnimi dodatki za pridelavo travne in koruzne sila\u017ee.","og_url":"https:\/\/fritzjeitler.com\/sl\/prezvekovalci\/izdelki-2\/dodatek-za-silazo\/","og_site_name":"Fritz Jeitler Futtermittel","article_modified_time":"2026-04-14T14:44:27+00:00","og_image":[{"width":2560,"height":1708,"url":"https:\/\/fritzjeitler.com\/wp-content\/uploads\/2026\/03\/BPR56961-1-scaled.jpg","type":"image\/jpeg"}],"twitter_card":"summary_large_image","twitter_misc":{"Est. reading time":"1 minuta"},"schema":{"@context":"https:\/\/schema.org","@graph":[{"@type":"WebPage","@id":"https:\/\/fritzjeitler.com\/sl\/prezvekovalci\/izdelki-2\/dodatek-za-silazo\/","url":"https:\/\/fritzjeitler.com\/sl\/prezvekovalci\/izdelki-2\/dodatek-za-silazo\/","name":"Dodatek za sila\u017eo - Fritz Jeitler Futtermittel","isPartOf":{"@id":"https:\/\/fritzjeitler.com\/sl\/#website"},"primaryImageOfPage":{"@id":"https:\/\/fritzjeitler.com\/sl\/prezvekovalci\/izdelki-2\/dodatek-za-silazo\/#primaryimage"},"image":{"@id":"https:\/\/fritzjeitler.com\/sl\/prezvekovalci\/izdelki-2\/dodatek-za-silazo\/#primaryimage"},"thumbnailUrl":"https:\/\/fritzjeitler.com\/wp-content\/uploads\/2026\/03\/BPR56961-1-scaled.jpg","datePublished":"2025-01-21T12:36:28+00:00","dateModified":"2026-04-14T14:44:27+00:00","description":"Kakovostna krma je osnova za zdrave \u017eivali, visoko zmogljivost in gospodarno rejo pre\u017evekovalcev. JEITLER vas podpira s preverjenimi silirnimi dodatki za pridelavo travne in koruzne sila\u017ee.","breadcrumb":{"@id":"https:\/\/fritzjeitler.com\/sl\/prezvekovalci\/izdelki-2\/dodatek-za-silazo\/#breadcrumb"},"inLanguage":"sl-SI","potentialAction":[{"@type":"ReadAction","target":["https:\/\/fritzjeitler.com\/sl\/prezvekovalci\/izdelki-2\/dodatek-za-silazo\/"]}]},{"@type":"ImageObject","inLanguage":"sl-SI","@id":"https:\/\/fritzjeitler.com\/sl\/prezvekovalci\/izdelki-2\/dodatek-za-silazo\/#primaryimage","url":"https:\/\/fritzjeitler.com\/wp-content\/uploads\/2026\/03\/BPR56961-1-scaled.jpg","contentUrl":"https:\/\/fritzjeitler.com\/wp-content\/uploads\/2026\/03\/BPR56961-1-scaled.jpg","width":2560,"height":1708},{"@type":"BreadcrumbList","@id":"https:\/\/fritzjeitler.com\/sl\/prezvekovalci\/izdelki-2\/dodatek-za-silazo\/#breadcrumb","itemListElement":[{"@type":"ListItem","position":1,"name":"Home","item":"https:\/\/fritzjeitler.com\/sl\/"},{"@type":"ListItem","position":2,"name":"Pre\u017evekovalci","item":"https:\/\/fritzjeitler.com\/sl\/prezvekovalci\/"},{"@type":"ListItem","position":3,"name":"Izdelki","item":"https:\/\/fritzjeitler.com\/sl\/prezvekovalci\/izdelki-2\/"},{"@type":"ListItem","position":4,"name":"Dodatek za sila\u017eo"}]},{"@type":"WebSite","@id":"https:\/\/fritzjeitler.com\/sl\/#website","url":"https:\/\/fritzjeitler.com\/sl\/","name":"Fritz Jeitler Futtermittel","description":"","potentialAction":[{"@type":"SearchAction","target":{"@type":"EntryPoint","urlTemplate":"https:\/\/fritzjeitler.com\/sl\/?s={search_term_string}"},"query-input":{"@type":"PropertyValueSpecification","valueRequired":true,"valueName":"search_term_string"}}],"inLanguage":"sl-SI"}]}},"_links":{"self":[{"href":"https:\/\/fritzjeitler.com\/sl\/wp-json\/wp\/v2\/pages\/5451","targetHints":{"allow":["GET"]}}],"collection":[{"href":"https:\/\/fritzjeitler.com\/sl\/wp-json\/wp\/v2\/pages"}],"about":[{"href":"https:\/\/fritzjeitler.com\/sl\/wp-json\/wp\/v2\/types\/page"}],"author":[{"embeddable":true,"href":"https:\/\/fritzjeitler.com\/sl\/wp-json\/wp\/v2\/users\/3"}],"replies":[{"embeddable":true,"href":"https:\/\/fritzjeitler.com\/sl\/wp-json\/wp\/v2\/comments?post=5451"}],"version-history":[{"count":1,"href":"https:\/\/fritzjeitler.com\/sl\/wp-json\/wp\/v2\/pages\/5451\/revisions"}],"predecessor-version":[{"id":5452,"href":"https:\/\/fritzjeitler.com\/sl\/wp-json\/wp\/v2\/pages\/5451\/revisions\/5452"}],"up":[{"embeddable":true,"href":"https:\/\/fritzjeitler.com\/sl\/wp-json\/wp\/v2\/pages\/4977"}],"wp:featuredmedia":[{"embeddable":true,"href":"https:\/\/fritzjeitler.com\/sl\/wp-json\/wp\/v2\/media\/4315"}],"wp:attachment":[{"href":"https:\/\/fritzjeitler.com\/sl\/wp-json\/wp\/v2\/media?parent=5451"}],"curies":[{"name":"wp","href":"https:\/\/api.w.org\/{rel}","templated":true}]}}