{"id":5445,"date":"2025-03-21T12:37:09","date_gmt":"2025-03-21T11:37:09","guid":{"rendered":"https:\/\/fritzjeitler.com\/perutnina\/izdelki\/pripravljena-krma-in-koncentrati-za-perutnino\/"},"modified":"2026-04-20T11:58:02","modified_gmt":"2026-04-20T09:58:02","slug":"pripravljena-krma-in-koncentrati-za-perutnino","status":"publish","type":"page","link":"https:\/\/fritzjeitler.com\/sl\/perutnina\/izdelki\/pripravljena-krma-in-koncentrati-za-perutnino\/","title":{"rendered":"Krma in koncentrati"},"content":{"rendered":"\n<h1 class=\"wp-block-heading\" style=\"margin-top:var(--wp--preset--spacing--70)\">Krma in koncentrati <\/h1>\n\n<p class=\"has-lora-font-family has-l-font-size\">JEITLER pomeni strokovno znanje, inovacije in celovite re\u0161itve na podro\u010dju krmljenja perutnine. Kot u\u010dinkovit ponudnik celovitih storitev vam v sodelovanju s podjetjem K\u00f6nigshofer zanesljivo zagotavljamo visokokakovostno pripravljeno krmo in koncentrate po meri. <\/p>\n\n<div class=\"wp-block-columns is-layout-flex wp-container-core-columns-is-layout-28f84493 wp-block-columns-is-layout-flex\">\n<div class=\"wp-block-column is-layout-flow wp-block-column-is-layout-flow\">\n<h2 class=\"wp-block-heading\">Na\u0161 portfelj vklju\u010duje re\u0161itve za:<\/h2>\n\n\n\n<div class=\"wp-block-columns is-layout-flex wp-container-core-columns-is-layout-28f84493 wp-block-columns-is-layout-flex\">\n<div class=\"wp-block-column is-layout-flow wp-block-column-is-layout-flow\" style=\"flex-basis:33.33%\"><\/div>\n\n\n\n<div class=\"wp-block-column is-layout-flow wp-block-column-is-layout-flow\" style=\"flex-basis:66.66%\">\n<ul class=\"wp-block-list\">\n<li><span>Koko\u0161i nesnice<\/span><\/li>\n\n\n\n<li><span>Vzreja koko\u0161i<\/span><\/li>\n\n\n\n<li><span>Pitna perutnina<\/span><\/li>\n\n\n\n<li><span>Purani<\/span><\/li>\n\n\n\n<li><span>Posebna perutnina<\/span><\/li>\n<\/ul>\n<\/div>\n<\/div>\n<\/div>\n\n\n\n<div class=\"wp-block-column is-layout-flow wp-block-column-is-layout-flow\">\n<div class=\"wp-block-columns has-green-lighter-background-color has-background is-layout-flex wp-container-core-columns-is-layout-28f84493 wp-block-columns-is-layout-flex\">\n<div class=\"wp-block-column is-layout-flow wp-block-column-is-layout-flow\" style=\"flex-basis:33.33%\">\n<div class=\"wp-block-outermost-icon-block\"><div class=\"icon-container\" style=\"width:380px;transform:rotate(0deg) scaleX(1) scaleY(1)\"><svg xmlns=\"http:\/\/www.w3.org\/2000\/svg\" height=\"83.305\" viewbox=\"0 0 80 83.305\" width=\"80\"><g fill=\"#a4d6a3\" transform=\"translate(8 8)\"><path d=\"m7864.089 17884.543 14.97-11.7 2.366 18.459zm-50.089-36.543a36 36 0 1 1 36 36 36 36 0 0 1 -36-36z\" transform=\"translate(-7818 -17816)\"><\/path><g stroke=\"#a4d6a3\" stroke-width=\"8\"><circle cx=\"32\" cy=\"32\" r=\"32\" stroke=\"none\"><\/circle><circle cx=\"32\" cy=\"32\" fill=\"none\" r=\"36\"><\/circle><\/g><\/g><path d=\"m12.034-13.442h-4.2v13.442h-3.412v-13.442h-4.202v-3.058h11.814zm2.024-3.058h3.432v16.5h-3.432zm13.772 0a4.83 4.83 0 0 1 2.475.66 4.806 4.806 0 0 1 1.782 1.793 4.893 4.893 0 0 1 .649 2.475 4.775 4.775 0 0 1 -.649 2.453 4.634 4.634 0 0 1 -1.771 1.738 5.009 5.009 0 0 1 -2.486.627h-3.454v6.754h-3.432v-16.5zm-.53 6.886a2.241 2.241 0 0 0 1.529-.528 1.751 1.751 0 0 0 .605-1.386 1.784 1.784 0 0 0 -.605-1.4 2.213 2.213 0 0 0 -1.529-.539h-2.924v3.85zm14.126-6.886a4.83 4.83 0 0 1 2.475.66 4.806 4.806 0 0 1 1.782 1.793 4.893 4.893 0 0 1 .649 2.475 4.775 4.775 0 0 1 -.649 2.453 4.634 4.634 0 0 1 -1.771 1.738 5.009 5.009 0 0 1 -2.486.627h-3.454v6.754h-3.432v-16.5zm-.526 6.886a2.241 2.241 0 0 0 1.529-.528 1.751 1.751 0 0 0 .6-1.386 1.784 1.784 0 0 0 -.6-1.4 2.213 2.213 0 0 0 -1.529-.539h-2.928v3.85zm7.59-6.886h3.3l-.4 10.89h-2.506zm1.648 16.72a1.775 1.775 0 0 1 -1.3-.55 1.775 1.775 0 0 1 -.55-1.3 1.819 1.819 0 0 1 .539-1.32 1.764 1.764 0 0 1 1.309-.55 1.8 1.8 0 0 1 1.32.55 1.8 1.8 0 0 1 .55 1.32 1.764 1.764 0 0 1 -.55 1.309 1.819 1.819 0 0 1 -1.318.541z\" fill=\"#008438\" transform=\"translate(13.501 48)\"><\/path><\/svg><\/div><\/div>\n<\/div>\n\n\n\n<div class=\"wp-block-column is-layout-flow wp-block-column-is-layout-flow\" style=\"flex-basis:66.66%\">\n<h2 class=\"wp-block-heading\">Krma za pi\u0161\u010dance v vre\u010dah je vedno na zalogi:<\/h2>\n\n\n\n<p>Pri podjetju JEITLER lahko dobite tudi visokokakovostno krmo za pi\u0161\u010dance v vre\u010dkah v 25-kilogramskih vre\u010dkah. Preprosto jih lahko prevzamete v Berndorfu ali jih priro\u010dno naro\u010dite ob naslednji dostavi krme. Idealna je za majhne \u010drede, samostojne rejce in zasebne rejce pi\u0161\u010dancev.  <\/p>\n<\/div>\n<\/div>\n<\/div>\n<\/div>\n\n<h3 class=\"wp-block-heading\">Kakovost, ki zagotavlja u\u010dinkovitost<\/h3>\n\n<p>Optimalna kombinacija visokokakovostnih surovin, natan\u010dno usklajena sestava hranil in prava struktura krme so klju\u010dnega pomena za gospodarno in uspe\u0161no proizvodnjo perutnine.<\/p>\n\n<p>Zaradi dolgoletnih izku\u0161enj na\u0161ih partnerjev in najsodobnej\u0161e proizvodne tehnologije na\u0161a krma izpolnjuje najvi\u0161je standarde kakovosti &#8211; za zdrave \u017eivali, stabilno zmogljivost in trajnostni proizvodni uspeh.<\/p>\n\n<h2 class=\"wp-block-heading has-green-color has-text-color has-link-color wp-elements-e6030ec803ee0adc0a2a85accbd493d9\"><strong>Na\u0161i osnovni izdelki<\/strong><\/h2>\n\n<div class=\"wp-block-group has-grey-lighter-background-color has-background is-layout-flow wp-block-group-is-layout-flow\">\n<h3 class=\"wp-block-heading has-black-color has-text-color has-link-color wp-elements-6d5a25bb5b6ba28af4c01ae23018267f\">Krma za koko\u0161i nesnice<\/h3>\n\n\n\n<p>Na\u0161i koncepti za koko\u0161i nesnice ponujajo popolno, v zmogljivost usmerjeno prehrano za optimalno izkori\u0161\u010danje genetskega potenciala va\u0161e jate.<\/p>\n\n\n\n<p>Poleg natan\u010dne oskrbe s hranili ima osrednjo vlogo tudi optimalna struktura krme. Z ve\u010dfaznim krmljenjem se oskrba s hranili natan\u010dno prilagodi zahtevam posamezne \u017eivljenjske faze. <\/p>\n\n\n\n<p>Vse napajalne linije so opremljene z izbranimi <strong>sredstvi JEITLER<sup>\u00ae<\/sup> Insides<\/strong>, na primer:<\/p>\n\n\n\n<ul class=\"wp-block-list\">\n<li><span><strong>BIOMIN<sup>\u00ae<\/sup> Top forte<\/strong> &#8211; Me\u0161anica organskih kislin<\/span><\/li>\n\n\n\n<li><span><strong>HepaProtect<\/strong> &#8211; edinstvena za\u0161\u010dita jeter<\/span><\/li>\n<\/ul>\n\n\n\n<p>Za stabilno nesnost, zdravje \u017eivali in donosnost.<\/p>\n<\/div>\n\n<div class=\"wp-block-group has-grey-lighter-background-color has-background is-layout-flow wp-block-group-is-layout-flow\">\n<h3 class=\"wp-block-heading has-black-color has-text-color has-link-color wp-elements-ba196e7040f17a6dd71be8d7045956ae\">Vzreja koko\u0161i<\/h3>\n\n\n\n<p>Optimalen razvoj pi\u0161\u010danca je osnova za kasnej\u0161o uspe\u0161nost koko\u0161i nesnic.<\/p>\n\n\n\n<p>Na\u0161i koncepti reje \u017ee od samega za\u010detka zagotavljajo oskrbo, ki temelji na potrebah, ter posebej spodbujajo zdravje \u010drevesja in krepitev odpornosti &#8211; dva odlo\u010dilna dejavnika za uspe\u0161en za\u010detek reje.<\/p>\n\n\n\n<p>S preizku\u0161enimi <strong>sredstvi JEITLER\u00ae Insides<\/strong>, kot so:<\/p>\n\n\n\n<ul class=\"wp-block-list\">\n<li><span><strong>Biotronic<sup>\u00ae<\/sup> Top 3<\/strong> &#8211; edinstveni pospe\u0161evalnik kislin<\/span><\/li>\n\n\n\n<li><span><strong>PoultryStar<sup>\u00ae<\/sup><\/strong> ve\u010dceli\u010dni pro- in prebiotik<\/span><\/li>\n<\/ul>\n\n\n\n<p>ustvarjamo osnovo za zdrave in zmogljive \u017eivali.<\/p>\n<\/div>\n\n<div class=\"wp-block-group has-grey-lighter-background-color has-background is-layout-flow wp-block-group-is-layout-flow\">\n<h3 class=\"wp-block-heading has-black-color has-text-color has-link-color wp-elements-f24c242a4f4e776b70182e8aef3ea2e7\">Krma za pitanje perutnine<\/h3>\n\n\n\n<p>Pri pitanju perutnine za\u010detek dolo\u010da celoten cikel pitanja. Zdravi in vitalni pi\u0161\u010danci so predpogoj za optimalen dnevni prirast telesne mase in najbolj\u0161o pretvorbo krme. <\/p>\n\n\n\n<p>Na\u0161a krma za pitanje je natan\u010dno prilagojena ustreznim zahtevam ter podpira stabilno zdravje \u010drevesja in u\u010dinkovito uporabo hranil.<\/p>\n\n\n\n<p>S preizku\u0161enimi <strong>sredstvi JEITLER<sup>\u00ae <\/sup>Insides<\/strong>, kot so:<\/p>\n\n\n\n<ul class=\"wp-block-list\">\n<li><span><strong>Digestarom<sup>\u00ae<\/sup><\/strong> &#8211; posebna me\u0161anica fitogenov za stabilizacijo \u010drevesja in izbolj\u0161anje predelave krme<\/span><\/li>\n<\/ul>\n\n\n\n<p>Za var\u010dno pitanje na najvi\u0161ji ravni.<\/p>\n<\/div>\n","protected":false},"excerpt":{"rendered":"<p>Krma in koncentrati JEITLER pomeni strokovno znanje, inovacije in celovite re\u0161itve na podro\u010dju krmljenja perutnine. Kot u\u010dinkovit ponudnik celovitih storitev vam v sodelovanju s podjetjem K\u00f6nigshofer zanesljivo zagotavljamo visokokakovostno pripravljeno krmo in koncentrate po meri. Na\u0161 portfelj vklju\u010duje re\u0161itve za: Krma za pi\u0161\u010dance v vre\u010dah je vedno na zalogi: Pri podjetju JEITLER lahko dobite tudi [&hellip;]<\/p>\n","protected":false},"author":6,"featured_media":3082,"parent":4990,"menu_order":2,"comment_status":"closed","ping_status":"closed","template":"wp-custom-template-seite-gefl-gel","meta":{"clicksgefuehlecore_hide_title":false,"theme\/reading-time":-1,"page-redirect-enabled":false,"page-redirect-target-id":0,"footnotes":""},"class_list":["post-5445","page","type-page","status-publish","has-post-thumbnail","hentry"],"yoast_head":"<!-- This site is optimized with the Yoast SEO plugin v26.7 - https:\/\/yoast.com\/wordpress\/plugins\/seo\/ -->\n<title>Krma in koncentrati - Fritz Jeitler Futtermittel<\/title>\n<meta name=\"description\" content=\"JEITLER pomeni strokovno znanje, inovacije in celovite re\u0161itve na podro\u010dju krmljenja perutnine. Kot u\u010dinkovit ponudnik celovitih storitev vam v sodelovanju s podjetjem K\u00f6nigshofer zanesljivo zagotavljamo visokokakovostno pripravljeno krmo in koncentrate po meri.\" \/>\n<meta name=\"robots\" content=\"index, follow, max-snippet:-1, max-image-preview:large, max-video-preview:-1\" \/>\n<link rel=\"canonical\" href=\"https:\/\/fritzjeitler.com\/sl\/perutnina\/izdelki\/pripravljena-krma-in-koncentrati-za-perutnino\/\" \/>\n<meta property=\"og:locale\" content=\"sl_SI\" \/>\n<meta property=\"og:type\" content=\"article\" \/>\n<meta property=\"og:title\" content=\"Krma in koncentrati - Fritz Jeitler Futtermittel\" \/>\n<meta property=\"og:description\" content=\"JEITLER pomeni strokovno znanje, inovacije in celovite re\u0161itve na podro\u010dju krmljenja perutnine. Kot u\u010dinkovit ponudnik celovitih storitev vam v sodelovanju s podjetjem K\u00f6nigshofer zanesljivo zagotavljamo visokokakovostno pripravljeno krmo in koncentrate po meri.\" \/>\n<meta property=\"og:url\" content=\"https:\/\/fritzjeitler.com\/sl\/perutnina\/izdelki\/pripravljena-krma-in-koncentrati-za-perutnino\/\" \/>\n<meta property=\"og:site_name\" content=\"Fritz Jeitler Futtermittel\" \/>\n<meta property=\"article:modified_time\" content=\"2026-04-20T09:58:02+00:00\" \/>\n<meta property=\"og:image\" content=\"https:\/\/fritzjeitler.com\/wp-content\/uploads\/2026\/02\/MTR61631-scaled.jpg\" \/>\n\t<meta property=\"og:image:width\" content=\"2560\" \/>\n\t<meta property=\"og:image:height\" content=\"1707\" \/>\n\t<meta property=\"og:image:type\" content=\"image\/jpeg\" \/>\n<meta name=\"twitter:card\" content=\"summary_large_image\" \/>\n<meta name=\"twitter:label1\" content=\"Est. reading time\" \/>\n\t<meta name=\"twitter:data1\" content=\"2 minuti\" \/>\n<script type=\"application\/ld+json\" class=\"yoast-schema-graph\">{\"@context\":\"https:\/\/schema.org\",\"@graph\":[{\"@type\":\"WebPage\",\"@id\":\"https:\/\/fritzjeitler.com\/sl\/perutnina\/izdelki\/pripravljena-krma-in-koncentrati-za-perutnino\/\",\"url\":\"https:\/\/fritzjeitler.com\/sl\/perutnina\/izdelki\/pripravljena-krma-in-koncentrati-za-perutnino\/\",\"name\":\"Krma in koncentrati - Fritz Jeitler Futtermittel\",\"isPartOf\":{\"@id\":\"https:\/\/fritzjeitler.com\/sl\/#website\"},\"primaryImageOfPage\":{\"@id\":\"https:\/\/fritzjeitler.com\/sl\/perutnina\/izdelki\/pripravljena-krma-in-koncentrati-za-perutnino\/#primaryimage\"},\"image\":{\"@id\":\"https:\/\/fritzjeitler.com\/sl\/perutnina\/izdelki\/pripravljena-krma-in-koncentrati-za-perutnino\/#primaryimage\"},\"thumbnailUrl\":\"https:\/\/fritzjeitler.com\/wp-content\/uploads\/2026\/02\/MTR61631-scaled.jpg\",\"datePublished\":\"2025-03-21T11:37:09+00:00\",\"dateModified\":\"2026-04-20T09:58:02+00:00\",\"description\":\"JEITLER pomeni strokovno znanje, inovacije in celovite re\u0161itve na podro\u010dju krmljenja perutnine. Kot u\u010dinkovit ponudnik celovitih storitev vam v sodelovanju s podjetjem K\u00f6nigshofer zanesljivo zagotavljamo visokokakovostno pripravljeno krmo in koncentrate po meri.\",\"breadcrumb\":{\"@id\":\"https:\/\/fritzjeitler.com\/sl\/perutnina\/izdelki\/pripravljena-krma-in-koncentrati-za-perutnino\/#breadcrumb\"},\"inLanguage\":\"sl-SI\",\"potentialAction\":[{\"@type\":\"ReadAction\",\"target\":[\"https:\/\/fritzjeitler.com\/sl\/perutnina\/izdelki\/pripravljena-krma-in-koncentrati-za-perutnino\/\"]}]},{\"@type\":\"ImageObject\",\"inLanguage\":\"sl-SI\",\"@id\":\"https:\/\/fritzjeitler.com\/sl\/perutnina\/izdelki\/pripravljena-krma-in-koncentrati-za-perutnino\/#primaryimage\",\"url\":\"https:\/\/fritzjeitler.com\/wp-content\/uploads\/2026\/02\/MTR61631-scaled.jpg\",\"contentUrl\":\"https:\/\/fritzjeitler.com\/wp-content\/uploads\/2026\/02\/MTR61631-scaled.jpg\",\"width\":2560,\"height\":1707,\"caption\":\"H\u00fchnerfutter in einer Hand\"},{\"@type\":\"BreadcrumbList\",\"@id\":\"https:\/\/fritzjeitler.com\/sl\/perutnina\/izdelki\/pripravljena-krma-in-koncentrati-za-perutnino\/#breadcrumb\",\"itemListElement\":[{\"@type\":\"ListItem\",\"position\":1,\"name\":\"Home\",\"item\":\"https:\/\/fritzjeitler.com\/sl\/\"},{\"@type\":\"ListItem\",\"position\":2,\"name\":\"Perutnina\",\"item\":\"https:\/\/fritzjeitler.com\/sl\/perutnina\/\"},{\"@type\":\"ListItem\",\"position\":3,\"name\":\"Izdelki\",\"item\":\"https:\/\/fritzjeitler.com\/sl\/perutnina\/izdelki\/\"},{\"@type\":\"ListItem\",\"position\":4,\"name\":\"Krma in koncentrati\"}]},{\"@type\":\"WebSite\",\"@id\":\"https:\/\/fritzjeitler.com\/sl\/#website\",\"url\":\"https:\/\/fritzjeitler.com\/sl\/\",\"name\":\"Fritz Jeitler Futtermittel\",\"description\":\"\",\"potentialAction\":[{\"@type\":\"SearchAction\",\"target\":{\"@type\":\"EntryPoint\",\"urlTemplate\":\"https:\/\/fritzjeitler.com\/sl\/?s={search_term_string}\"},\"query-input\":{\"@type\":\"PropertyValueSpecification\",\"valueRequired\":true,\"valueName\":\"search_term_string\"}}],\"inLanguage\":\"sl-SI\"}]}<\/script>\n<!-- \/ Yoast SEO plugin. -->","yoast_head_json":{"title":"Krma in koncentrati - Fritz Jeitler Futtermittel","description":"JEITLER pomeni strokovno znanje, inovacije in celovite re\u0161itve na podro\u010dju krmljenja perutnine. Kot u\u010dinkovit ponudnik celovitih storitev vam v sodelovanju s podjetjem K\u00f6nigshofer zanesljivo zagotavljamo visokokakovostno pripravljeno krmo in koncentrate po meri.","robots":{"index":"index","follow":"follow","max-snippet":"max-snippet:-1","max-image-preview":"max-image-preview:large","max-video-preview":"max-video-preview:-1"},"canonical":"https:\/\/fritzjeitler.com\/sl\/perutnina\/izdelki\/pripravljena-krma-in-koncentrati-za-perutnino\/","og_locale":"sl_SI","og_type":"article","og_title":"Krma in koncentrati - Fritz Jeitler Futtermittel","og_description":"JEITLER pomeni strokovno znanje, inovacije in celovite re\u0161itve na podro\u010dju krmljenja perutnine. Kot u\u010dinkovit ponudnik celovitih storitev vam v sodelovanju s podjetjem K\u00f6nigshofer zanesljivo zagotavljamo visokokakovostno pripravljeno krmo in koncentrate po meri.","og_url":"https:\/\/fritzjeitler.com\/sl\/perutnina\/izdelki\/pripravljena-krma-in-koncentrati-za-perutnino\/","og_site_name":"Fritz Jeitler Futtermittel","article_modified_time":"2026-04-20T09:58:02+00:00","og_image":[{"width":2560,"height":1707,"url":"https:\/\/fritzjeitler.com\/wp-content\/uploads\/2026\/02\/MTR61631-scaled.jpg","type":"image\/jpeg"}],"twitter_card":"summary_large_image","twitter_misc":{"Est. reading time":"2 minuti"},"schema":{"@context":"https:\/\/schema.org","@graph":[{"@type":"WebPage","@id":"https:\/\/fritzjeitler.com\/sl\/perutnina\/izdelki\/pripravljena-krma-in-koncentrati-za-perutnino\/","url":"https:\/\/fritzjeitler.com\/sl\/perutnina\/izdelki\/pripravljena-krma-in-koncentrati-za-perutnino\/","name":"Krma in koncentrati - Fritz Jeitler Futtermittel","isPartOf":{"@id":"https:\/\/fritzjeitler.com\/sl\/#website"},"primaryImageOfPage":{"@id":"https:\/\/fritzjeitler.com\/sl\/perutnina\/izdelki\/pripravljena-krma-in-koncentrati-za-perutnino\/#primaryimage"},"image":{"@id":"https:\/\/fritzjeitler.com\/sl\/perutnina\/izdelki\/pripravljena-krma-in-koncentrati-za-perutnino\/#primaryimage"},"thumbnailUrl":"https:\/\/fritzjeitler.com\/wp-content\/uploads\/2026\/02\/MTR61631-scaled.jpg","datePublished":"2025-03-21T11:37:09+00:00","dateModified":"2026-04-20T09:58:02+00:00","description":"JEITLER pomeni strokovno znanje, inovacije in celovite re\u0161itve na podro\u010dju krmljenja perutnine. Kot u\u010dinkovit ponudnik celovitih storitev vam v sodelovanju s podjetjem K\u00f6nigshofer zanesljivo zagotavljamo visokokakovostno pripravljeno krmo in koncentrate po meri.","breadcrumb":{"@id":"https:\/\/fritzjeitler.com\/sl\/perutnina\/izdelki\/pripravljena-krma-in-koncentrati-za-perutnino\/#breadcrumb"},"inLanguage":"sl-SI","potentialAction":[{"@type":"ReadAction","target":["https:\/\/fritzjeitler.com\/sl\/perutnina\/izdelki\/pripravljena-krma-in-koncentrati-za-perutnino\/"]}]},{"@type":"ImageObject","inLanguage":"sl-SI","@id":"https:\/\/fritzjeitler.com\/sl\/perutnina\/izdelki\/pripravljena-krma-in-koncentrati-za-perutnino\/#primaryimage","url":"https:\/\/fritzjeitler.com\/wp-content\/uploads\/2026\/02\/MTR61631-scaled.jpg","contentUrl":"https:\/\/fritzjeitler.com\/wp-content\/uploads\/2026\/02\/MTR61631-scaled.jpg","width":2560,"height":1707,"caption":"H\u00fchnerfutter in einer Hand"},{"@type":"BreadcrumbList","@id":"https:\/\/fritzjeitler.com\/sl\/perutnina\/izdelki\/pripravljena-krma-in-koncentrati-za-perutnino\/#breadcrumb","itemListElement":[{"@type":"ListItem","position":1,"name":"Home","item":"https:\/\/fritzjeitler.com\/sl\/"},{"@type":"ListItem","position":2,"name":"Perutnina","item":"https:\/\/fritzjeitler.com\/sl\/perutnina\/"},{"@type":"ListItem","position":3,"name":"Izdelki","item":"https:\/\/fritzjeitler.com\/sl\/perutnina\/izdelki\/"},{"@type":"ListItem","position":4,"name":"Krma in koncentrati"}]},{"@type":"WebSite","@id":"https:\/\/fritzjeitler.com\/sl\/#website","url":"https:\/\/fritzjeitler.com\/sl\/","name":"Fritz Jeitler Futtermittel","description":"","potentialAction":[{"@type":"SearchAction","target":{"@type":"EntryPoint","urlTemplate":"https:\/\/fritzjeitler.com\/sl\/?s={search_term_string}"},"query-input":{"@type":"PropertyValueSpecification","valueRequired":true,"valueName":"search_term_string"}}],"inLanguage":"sl-SI"}]}},"_links":{"self":[{"href":"https:\/\/fritzjeitler.com\/sl\/wp-json\/wp\/v2\/pages\/5445","targetHints":{"allow":["GET"]}}],"collection":[{"href":"https:\/\/fritzjeitler.com\/sl\/wp-json\/wp\/v2\/pages"}],"about":[{"href":"https:\/\/fritzjeitler.com\/sl\/wp-json\/wp\/v2\/types\/page"}],"author":[{"embeddable":true,"href":"https:\/\/fritzjeitler.com\/sl\/wp-json\/wp\/v2\/users\/6"}],"replies":[{"embeddable":true,"href":"https:\/\/fritzjeitler.com\/sl\/wp-json\/wp\/v2\/comments?post=5445"}],"version-history":[{"count":5,"href":"https:\/\/fritzjeitler.com\/sl\/wp-json\/wp\/v2\/pages\/5445\/revisions"}],"predecessor-version":[{"id":5619,"href":"https:\/\/fritzjeitler.com\/sl\/wp-json\/wp\/v2\/pages\/5445\/revisions\/5619"}],"up":[{"embeddable":true,"href":"https:\/\/fritzjeitler.com\/sl\/wp-json\/wp\/v2\/pages\/4990"}],"wp:featuredmedia":[{"embeddable":true,"href":"https:\/\/fritzjeitler.com\/sl\/wp-json\/wp\/v2\/media\/3082"}],"wp:attachment":[{"href":"https:\/\/fritzjeitler.com\/sl\/wp-json\/wp\/v2\/media?parent=5445"}],"curies":[{"name":"wp","href":"https:\/\/api.w.org\/{rel}","templated":true}]}}