{"id":5442,"date":"2025-01-21T13:34:58","date_gmt":"2025-01-21T12:34:58","guid":{"rendered":"https:\/\/fritzjeitler.com\/prezvekovalci\/izdelki-2\/pripravljena-hrana\/"},"modified":"2026-04-16T17:04:35","modified_gmt":"2026-04-16T15:04:35","slug":"pripravljena-hrana","status":"publish","type":"page","link":"https:\/\/fritzjeitler.com\/sl\/prezvekovalci\/izdelki-2\/pripravljena-hrana\/","title":{"rendered":"Pripravljena hrana"},"content":{"rendered":"\n<h1 class=\"wp-block-heading\" style=\"margin-top:var(--wp--preset--spacing--70)\">Pripravljena krma za pre\u017evekovalce<\/h1>\n\n<p class=\"has-lora-font-family has-l-font-size\">Smo va\u0161 u\u010dinkovit in inovativen dobavitelj celotnega asortimana! V sodelovanju s podjetjem K\u00d6NIGSHOFER vam lahko zagotovimo popolno krmno me\u0161anico za mle\u010dne \u017eivali, beljakovinske koncentrate in koncentrate za pitanje govedi za konvencionalne kmetije in kmetije brez GSO. Optimalna kombinacija in me\u0161anica surovin ter kakovost krme so odlo\u010dilni za pravo dopolnilo osnovni krmi na kmetiji za velik vnos krme in visoko zmogljivost. Dolgoletne izku\u0161nje in najsodobnej\u0161a tehnologija v proizvodnih obratih na\u0161ih partnerjev zagotavljajo te zahteve in zagotavljajo va\u0161 uspeh v govedoreji!   <\/p>\n\n<h2 class=\"wp-block-heading\"><span class=\"is-shy-character\">Krma za mle\u010dne \u017eivali<\/span><span class=\"is-shy-character\">, <\/span><span class=\"is-shy-character\">beljakovinski <\/span>koncentrati in koncentrati za <span class=\"is-shy-character\">pitanje <\/span>govedi <\/h2>\n\n<h3 class=\"wp-block-heading\">Krmilo za pove\u010danje mle\u010dnosti<br\/><\/h3>\n\n<p>Prava sestava koruze, \u017eit in stranskih proizvodov ter visokokakovostnih beljakovinskih nosilcev glede na osnovno stanje krme na kmetiji so osnova za na\u0161 celovit izbor krmil za mle\u010dno \u017eivino. Zaradi velike raznolikosti surovin in njihove optimalne predelave ponujamo paleto krmil za mle\u010dno \u017eivino z optimalno kakovostjo in najbolj\u0161im okusom. <\/p>\n\n<p>Glede na zahteve mle\u010dne kmetije so na voljo tudi sorte proizvodov z zelo visoko vsebnostjo energije, popolno mineralizacijo ali na primer posebej za kmetije s senom. S posebno zasnovo recepture dose\u017eemo zelo dobro kakovost peletov, zato lahko optimalno oskrbujemo tudi kmetije z avtomatiziranimi sistemi mol\u017ee. <\/p>\n\n<h3 class=\"wp-block-heading\"><strong>Beljakovinski koncentrati<\/strong><\/h3>\n\n<p>Prava me\u0161anica visokokakovostne beljakovinske krme, prilagojena osnovnim krmnim razmeram na kmetiji, zagotavlja visoko raven zdravja \u017eivali. Tako lahko va\u0161e krave molznice v celoti izkoristijo svoj genetski potencial v smislu mle\u010dnosti in dnevnega prirasta telesne mase pri pitanju govedi. Zdravje \u017eivali gre z roko v roki z zdravjem \u017eelodca in oskrbo z visoko razpolo\u017eljivimi viri beljakovin!  <\/p>\n\n<h3 class=\"wp-block-heading\"><strong>Koncentrati za pitanje goveda<\/strong><\/h3>\n\n<p>Glede na osnovno stanje krme na kmetiji so na voljo razli\u010dni beljakovinski koncentrati in popolne krmne me\u0161anice za ciljno krmljenje pitanega goveda. Za vsako kmetijo je na voljo kompaktna paleta izdelkov, od me\u0161anic iz sojine ogr\u0161\u010dice do popolnoma mineraliziranih me\u0161anic. Sorte izdelkov, ki zahtevajo posebno visoko natan\u010dnost me\u0161anja, npr. zaradi dodajanja krmne se\u010dnine, so na voljo tudi v obliki zdroba in peletov.  <\/p>\n","protected":false},"excerpt":{"rendered":"<p>Pripravljena krma za pre\u017evekovalce Smo va\u0161 u\u010dinkovit in inovativen dobavitelj celotnega asortimana! V sodelovanju s podjetjem K\u00d6NIGSHOFER vam lahko zagotovimo popolno krmno me\u0161anico za mle\u010dne \u017eivali, beljakovinske koncentrate in koncentrate za pitanje govedi za konvencionalne kmetije in kmetije brez GSO. Optimalna kombinacija in me\u0161anica surovin ter kakovost krme so odlo\u010dilni za pravo dopolnilo osnovni krmi [&hellip;]<\/p>\n","protected":false},"author":3,"featured_media":4186,"parent":4977,"menu_order":0,"comment_status":"closed","ping_status":"closed","template":"wp-custom-template-seite-rind","meta":{"clicksgefuehlecore_hide_title":false,"theme\/reading-time":-1,"page-redirect-enabled":false,"page-redirect-target-id":0,"footnotes":""},"class_list":["post-5442","page","type-page","status-publish","has-post-thumbnail","hentry"],"yoast_head":"<!-- This site is optimized with the Yoast SEO plugin v26.7 - https:\/\/yoast.com\/wordpress\/plugins\/seo\/ -->\n<title>Pripravljena hrana - Fritz Jeitler Futtermittel<\/title>\n<meta name=\"description\" content=\"V sodelovanju s podjetjem K\u00d6NIGSHOFER vam lahko ponudimo celotno paleto mle\u010dne krme, beljakovinskih koncentratov in koncentratov za pitanje govedi za konvencionalne kmetije in kmetije brez GSO.\" \/>\n<meta name=\"robots\" content=\"index, follow, max-snippet:-1, max-image-preview:large, max-video-preview:-1\" \/>\n<link rel=\"canonical\" href=\"https:\/\/fritzjeitler.com\/sl\/prezvekovalci\/izdelki-2\/pripravljena-hrana\/\" \/>\n<meta property=\"og:locale\" content=\"sl_SI\" \/>\n<meta property=\"og:type\" content=\"article\" \/>\n<meta property=\"og:title\" content=\"Pripravljena hrana - Fritz Jeitler Futtermittel\" \/>\n<meta property=\"og:description\" content=\"V sodelovanju s podjetjem K\u00d6NIGSHOFER vam lahko ponudimo celotno paleto mle\u010dne krme, beljakovinskih koncentratov in koncentratov za pitanje govedi za konvencionalne kmetije in kmetije brez GSO.\" \/>\n<meta property=\"og:url\" content=\"https:\/\/fritzjeitler.com\/sl\/prezvekovalci\/izdelki-2\/pripravljena-hrana\/\" \/>\n<meta property=\"og:site_name\" content=\"Fritz Jeitler Futtermittel\" \/>\n<meta property=\"article:modified_time\" content=\"2026-04-16T15:04:35+00:00\" \/>\n<meta property=\"og:image\" content=\"https:\/\/fritzjeitler.com\/wp-content\/uploads\/2026\/03\/Headerbild-Fertigfutterfrei.png\" \/>\n\t<meta property=\"og:image:width\" content=\"1440\" \/>\n\t<meta property=\"og:image:height\" content=\"552\" \/>\n\t<meta property=\"og:image:type\" content=\"image\/png\" \/>\n<meta name=\"twitter:card\" content=\"summary_large_image\" \/>\n<meta name=\"twitter:label1\" content=\"Est. reading time\" \/>\n\t<meta name=\"twitter:data1\" content=\"2 minuti\" \/>\n<script type=\"application\/ld+json\" class=\"yoast-schema-graph\">{\"@context\":\"https:\/\/schema.org\",\"@graph\":[{\"@type\":\"WebPage\",\"@id\":\"https:\/\/fritzjeitler.com\/sl\/prezvekovalci\/izdelki-2\/pripravljena-hrana\/\",\"url\":\"https:\/\/fritzjeitler.com\/sl\/prezvekovalci\/izdelki-2\/pripravljena-hrana\/\",\"name\":\"Pripravljena hrana - Fritz Jeitler Futtermittel\",\"isPartOf\":{\"@id\":\"https:\/\/fritzjeitler.com\/sl\/#website\"},\"primaryImageOfPage\":{\"@id\":\"https:\/\/fritzjeitler.com\/sl\/prezvekovalci\/izdelki-2\/pripravljena-hrana\/#primaryimage\"},\"image\":{\"@id\":\"https:\/\/fritzjeitler.com\/sl\/prezvekovalci\/izdelki-2\/pripravljena-hrana\/#primaryimage\"},\"thumbnailUrl\":\"https:\/\/fritzjeitler.com\/wp-content\/uploads\/2026\/03\/Headerbild-Fertigfutterfrei.png\",\"datePublished\":\"2025-01-21T12:34:58+00:00\",\"dateModified\":\"2026-04-16T15:04:35+00:00\",\"description\":\"V sodelovanju s podjetjem K\u00d6NIGSHOFER vam lahko ponudimo celotno paleto mle\u010dne krme, beljakovinskih koncentratov in koncentratov za pitanje govedi za konvencionalne kmetije in kmetije brez GSO.\",\"breadcrumb\":{\"@id\":\"https:\/\/fritzjeitler.com\/sl\/prezvekovalci\/izdelki-2\/pripravljena-hrana\/#breadcrumb\"},\"inLanguage\":\"sl-SI\",\"potentialAction\":[{\"@type\":\"ReadAction\",\"target\":[\"https:\/\/fritzjeitler.com\/sl\/prezvekovalci\/izdelki-2\/pripravljena-hrana\/\"]}]},{\"@type\":\"ImageObject\",\"inLanguage\":\"sl-SI\",\"@id\":\"https:\/\/fritzjeitler.com\/sl\/prezvekovalci\/izdelki-2\/pripravljena-hrana\/#primaryimage\",\"url\":\"https:\/\/fritzjeitler.com\/wp-content\/uploads\/2026\/03\/Headerbild-Fertigfutterfrei.png\",\"contentUrl\":\"https:\/\/fritzjeitler.com\/wp-content\/uploads\/2026\/03\/Headerbild-Fertigfutterfrei.png\",\"width\":1440,\"height\":552},{\"@type\":\"BreadcrumbList\",\"@id\":\"https:\/\/fritzjeitler.com\/sl\/prezvekovalci\/izdelki-2\/pripravljena-hrana\/#breadcrumb\",\"itemListElement\":[{\"@type\":\"ListItem\",\"position\":1,\"name\":\"Home\",\"item\":\"https:\/\/fritzjeitler.com\/sl\/\"},{\"@type\":\"ListItem\",\"position\":2,\"name\":\"Pre\u017evekovalci\",\"item\":\"https:\/\/fritzjeitler.com\/sl\/prezvekovalci\/\"},{\"@type\":\"ListItem\",\"position\":3,\"name\":\"Izdelki\",\"item\":\"https:\/\/fritzjeitler.com\/sl\/prezvekovalci\/izdelki-2\/\"},{\"@type\":\"ListItem\",\"position\":4,\"name\":\"Pripravljena hrana\"}]},{\"@type\":\"WebSite\",\"@id\":\"https:\/\/fritzjeitler.com\/sl\/#website\",\"url\":\"https:\/\/fritzjeitler.com\/sl\/\",\"name\":\"Fritz Jeitler Futtermittel\",\"description\":\"\",\"potentialAction\":[{\"@type\":\"SearchAction\",\"target\":{\"@type\":\"EntryPoint\",\"urlTemplate\":\"https:\/\/fritzjeitler.com\/sl\/?s={search_term_string}\"},\"query-input\":{\"@type\":\"PropertyValueSpecification\",\"valueRequired\":true,\"valueName\":\"search_term_string\"}}],\"inLanguage\":\"sl-SI\"}]}<\/script>\n<!-- \/ Yoast SEO plugin. -->","yoast_head_json":{"title":"Pripravljena hrana - Fritz Jeitler Futtermittel","description":"V sodelovanju s podjetjem K\u00d6NIGSHOFER vam lahko ponudimo celotno paleto mle\u010dne krme, beljakovinskih koncentratov in koncentratov za pitanje govedi za konvencionalne kmetije in kmetije brez GSO.","robots":{"index":"index","follow":"follow","max-snippet":"max-snippet:-1","max-image-preview":"max-image-preview:large","max-video-preview":"max-video-preview:-1"},"canonical":"https:\/\/fritzjeitler.com\/sl\/prezvekovalci\/izdelki-2\/pripravljena-hrana\/","og_locale":"sl_SI","og_type":"article","og_title":"Pripravljena hrana - Fritz Jeitler Futtermittel","og_description":"V sodelovanju s podjetjem K\u00d6NIGSHOFER vam lahko ponudimo celotno paleto mle\u010dne krme, beljakovinskih koncentratov in koncentratov za pitanje govedi za konvencionalne kmetije in kmetije brez GSO.","og_url":"https:\/\/fritzjeitler.com\/sl\/prezvekovalci\/izdelki-2\/pripravljena-hrana\/","og_site_name":"Fritz Jeitler Futtermittel","article_modified_time":"2026-04-16T15:04:35+00:00","og_image":[{"width":1440,"height":552,"url":"https:\/\/fritzjeitler.com\/wp-content\/uploads\/2026\/03\/Headerbild-Fertigfutterfrei.png","type":"image\/png"}],"twitter_card":"summary_large_image","twitter_misc":{"Est. reading time":"2 minuti"},"schema":{"@context":"https:\/\/schema.org","@graph":[{"@type":"WebPage","@id":"https:\/\/fritzjeitler.com\/sl\/prezvekovalci\/izdelki-2\/pripravljena-hrana\/","url":"https:\/\/fritzjeitler.com\/sl\/prezvekovalci\/izdelki-2\/pripravljena-hrana\/","name":"Pripravljena hrana - Fritz Jeitler Futtermittel","isPartOf":{"@id":"https:\/\/fritzjeitler.com\/sl\/#website"},"primaryImageOfPage":{"@id":"https:\/\/fritzjeitler.com\/sl\/prezvekovalci\/izdelki-2\/pripravljena-hrana\/#primaryimage"},"image":{"@id":"https:\/\/fritzjeitler.com\/sl\/prezvekovalci\/izdelki-2\/pripravljena-hrana\/#primaryimage"},"thumbnailUrl":"https:\/\/fritzjeitler.com\/wp-content\/uploads\/2026\/03\/Headerbild-Fertigfutterfrei.png","datePublished":"2025-01-21T12:34:58+00:00","dateModified":"2026-04-16T15:04:35+00:00","description":"V sodelovanju s podjetjem K\u00d6NIGSHOFER vam lahko ponudimo celotno paleto mle\u010dne krme, beljakovinskih koncentratov in koncentratov za pitanje govedi za konvencionalne kmetije in kmetije brez GSO.","breadcrumb":{"@id":"https:\/\/fritzjeitler.com\/sl\/prezvekovalci\/izdelki-2\/pripravljena-hrana\/#breadcrumb"},"inLanguage":"sl-SI","potentialAction":[{"@type":"ReadAction","target":["https:\/\/fritzjeitler.com\/sl\/prezvekovalci\/izdelki-2\/pripravljena-hrana\/"]}]},{"@type":"ImageObject","inLanguage":"sl-SI","@id":"https:\/\/fritzjeitler.com\/sl\/prezvekovalci\/izdelki-2\/pripravljena-hrana\/#primaryimage","url":"https:\/\/fritzjeitler.com\/wp-content\/uploads\/2026\/03\/Headerbild-Fertigfutterfrei.png","contentUrl":"https:\/\/fritzjeitler.com\/wp-content\/uploads\/2026\/03\/Headerbild-Fertigfutterfrei.png","width":1440,"height":552},{"@type":"BreadcrumbList","@id":"https:\/\/fritzjeitler.com\/sl\/prezvekovalci\/izdelki-2\/pripravljena-hrana\/#breadcrumb","itemListElement":[{"@type":"ListItem","position":1,"name":"Home","item":"https:\/\/fritzjeitler.com\/sl\/"},{"@type":"ListItem","position":2,"name":"Pre\u017evekovalci","item":"https:\/\/fritzjeitler.com\/sl\/prezvekovalci\/"},{"@type":"ListItem","position":3,"name":"Izdelki","item":"https:\/\/fritzjeitler.com\/sl\/prezvekovalci\/izdelki-2\/"},{"@type":"ListItem","position":4,"name":"Pripravljena hrana"}]},{"@type":"WebSite","@id":"https:\/\/fritzjeitler.com\/sl\/#website","url":"https:\/\/fritzjeitler.com\/sl\/","name":"Fritz Jeitler Futtermittel","description":"","potentialAction":[{"@type":"SearchAction","target":{"@type":"EntryPoint","urlTemplate":"https:\/\/fritzjeitler.com\/sl\/?s={search_term_string}"},"query-input":{"@type":"PropertyValueSpecification","valueRequired":true,"valueName":"search_term_string"}}],"inLanguage":"sl-SI"}]}},"_links":{"self":[{"href":"https:\/\/fritzjeitler.com\/sl\/wp-json\/wp\/v2\/pages\/5442","targetHints":{"allow":["GET"]}}],"collection":[{"href":"https:\/\/fritzjeitler.com\/sl\/wp-json\/wp\/v2\/pages"}],"about":[{"href":"https:\/\/fritzjeitler.com\/sl\/wp-json\/wp\/v2\/types\/page"}],"author":[{"embeddable":true,"href":"https:\/\/fritzjeitler.com\/sl\/wp-json\/wp\/v2\/users\/3"}],"replies":[{"embeddable":true,"href":"https:\/\/fritzjeitler.com\/sl\/wp-json\/wp\/v2\/comments?post=5442"}],"version-history":[{"count":3,"href":"https:\/\/fritzjeitler.com\/sl\/wp-json\/wp\/v2\/pages\/5442\/revisions"}],"predecessor-version":[{"id":5548,"href":"https:\/\/fritzjeitler.com\/sl\/wp-json\/wp\/v2\/pages\/5442\/revisions\/5548"}],"up":[{"embeddable":true,"href":"https:\/\/fritzjeitler.com\/sl\/wp-json\/wp\/v2\/pages\/4977"}],"wp:featuredmedia":[{"embeddable":true,"href":"https:\/\/fritzjeitler.com\/sl\/wp-json\/wp\/v2\/media\/4186"}],"wp:attachment":[{"href":"https:\/\/fritzjeitler.com\/sl\/wp-json\/wp\/v2\/media?parent=5442"}],"curies":[{"name":"wp","href":"https:\/\/api.w.org\/{rel}","templated":true}]}}