{"id":5433,"date":"2025-03-21T12:37:09","date_gmt":"2025-03-21T11:37:09","guid":{"rendered":"https:\/\/fritzjeitler.com\/perutnina\/izdelki\/posebnosti\/"},"modified":"2026-04-20T12:05:11","modified_gmt":"2026-04-20T10:05:11","slug":"posebnosti","status":"publish","type":"page","link":"https:\/\/fritzjeitler.com\/sl\/perutnina\/izdelki\/posebnosti\/","title":{"rendered":"Posebnosti"},"content":{"rendered":"\n<h1 class=\"wp-block-heading\" style=\"margin-top:var(--wp--preset--spacing--70)\">Posebnosti za perutnino<\/h1>\n\n<p class=\"has-lora-font-family has-l-font-size\">Na\u0161im perutninskim farmam ponujamo edinstvene re\u0161itve za izbolj\u0161anje zdravja \u017eivali, uspe\u0161nosti nesenja ali pitanja. Portfelj izdelkov specialitet na podro\u010dju krmljenja perutnine je raznolik. Pripravljenost na uspe\u0161nost je zelo visoka, kar pomeni, da na\u0161a perutnina danes pogosto potrebuje dodatno podporo prek krme ali pitne vode. Z na\u0161imi specialitetami lahko va\u0161e \u017eivali podpremo z natan\u010dno natan\u010dnostjo in pomagamo na naraven na\u010din obnoviti vitalnost in odpornost ali ju, \u010de ju uporabljamo preventivno, ohraniti.   <\/p>\n\n<h3 class=\"wp-block-heading\">Zaupajte na\u0161emu strokovnemu znanju in odkrijte, kako lahko na\u0161e specialitete trajnostno spodbujajo zdravje in u\u010dinkovitost va\u0161ih \u017eivali.<\/h3>\n\n<div class=\"wp-block-columns is-layout-flex wp-container-core-columns-is-layout-28f84493 wp-block-columns-is-layout-flex\">\n<div class=\"wp-block-column has-green-color has-grey-lighter-background-color has-text-color has-background has-link-color wp-elements-22a6da163723a19e390728e57b469f91 is-layout-flow wp-block-column-is-layout-flow\" style=\"flex-basis:25%\">\n<h2 class=\"wp-block-heading\" id=\"&#xDC;bersicht-Spezialit&#xE4;ten\"><strong>Pregled <\/strong><\/h2>\n\n\n\n<div class=\"wp-block-outermost-icon-block\"><div class=\"icon-container\" style=\"width:123px;transform:rotate(0deg) scaleX(1) scaleY(1)\"><svg xmlns=\"http:\/\/www.w3.org\/2000\/svg\" height=\"17.236\" viewbox=\"0 0 14.804 17.236\" width=\"14.804\"><path d=\"m108.108 13.425c.18-.212.658.477.764.339a1.771 1.771 0 0 1 -.127-1.22c.742 0 .774-.445 1.167-.764.594 0 1.061-.562 1.135.286.8 2.121.806 3.967 4.158 3.246 2.588-.562 1.411-3.967 4.964-4.985-.255 0-.35-.18-.318-.477s.371-.148.562-.361c.233.318.223-.064.573-.17.18 0 .35.233.636.233s.074.552.35.583.35.286.276.6c-.138.636.52.658.308 1.061-.509-.085-.371-.255-.806-.117 0 .552.1 1-.361 1.061s-.541-.17-.679-.233c0 1.729.764 3.023.955 4.572a3.861 3.861 0 0 1 -1.58 3.182c-1.941 1.3-1.909 1.655-3 2.249-.191.456-.658.658-.87 1.114.117.53.276 1.061.4 1.538.424.615 2.546 0 2.3.689-.233-.2-.88.138-1.389-.064a.424.424 0 0 1 -.074.276c-.308-.223-.774-.3-1.061-.562-.318.244-.785 0-1.061.074.074-.35.583-.064.764-.414a5.549 5.549 0 0 0 -.339-1.549 1.347 1.347 0 0 1 -.986-.223 1.167 1.167 0 0 0 -.265.18 15.774 15.774 0 0 0 -.138 1.793.18.18 0 0 1 .064.138c.435.456 1.665.1 1.941.7-.35 0-.8-.159-1.379-.138.159.18 0 .382-.138.488a1.633 1.633 0 0 0 -1.888-.976c0-.339.477-.265.838-.276.276-.382.2-1.061.276-1.676a4.316 4.316 0 0 1 -1.061-.711c-2.238.414-2.036-3.065-3.733-3.468a9.949 9.949 0 0 0 -1.273-2.853 5.166 5.166 0 0 1 .064-3.182\" transform=\"translate(-107.792 -9.32)\"><\/path><\/svg><\/div><\/div>\n<\/div>\n\n\n\n<div class=\"wp-block-column is-layout-flow wp-block-column-is-layout-flow\" style=\"flex-basis:45%\">\n<h2 class=\"wp-block-heading has-green-color has-text-color has-link-color wp-elements-479594fa8b259ffaa44fbf63427f2cf8\"><strong>Posebnosti<\/strong><\/h2>\n\n\n\n<p><strong><a href=\"#dodatkizapitnovodo\">Dodatki za pitno vodo<\/a><\/strong><\/p>\n\n\n\n<p><a href=\"#Mykotoxin-Risiko-Management\"><strong>Upravljanje tveganja mikotoksinov<\/strong><\/a><\/p>\n\n\n\n<p><strong><a href=\"#kakovostjaj&#x10D;nihlupin\">Kakovost jaj\u010dne lupine<\/a><\/strong><\/p>\n\n\n\n<p><strong><a href=\"#higienakislininkrme\">Kisline in higiena krme<\/a><\/strong> <\/p>\n\n\n\n<p><a href=\"#Unruhe-im-Stall\"><strong>Nemir v hlevu<\/strong><\/a><\/p>\n\n\n\n<p><strong><a href=\"#zdravjejeter\">Zdravje jeter<\/a><\/strong><\/p>\n\n\n\n<p><strong><a href=\"#podporaimunskegasistemaindihal\">Podpora imunskega sistema in dihal<\/a><\/strong> <\/p>\n\n\n\n<p><a href=\"#Synbiotika-&amp;-Probiotika\"><strong>Sinbiotiki in probiotiki<\/strong><\/a><\/p>\n<\/div>\n\n\n\n<div class=\"wp-block-column is-layout-flow wp-block-column-is-layout-flow\" style=\"flex-basis:5%\"><\/div>\n\n\n\n<div class=\"wp-block-column is-layout-flow wp-block-column-is-layout-flow\" style=\"border-radius:0px;flex-basis:25%\">\n<div class=\"wp-block-group has-grey-lighter-background-color has-background has-global-padding is-layout-constrained wp-container-core-group-is-layout-72c0370f wp-block-group-is-layout-constrained\" style=\"border-top-left-radius:0px;border-top-right-radius:0px;border-bottom-left-radius:0px;border-bottom-right-radius:0px;padding-top:var(--wp--preset--spacing--110);padding-right:var(--wp--preset--spacing--110);padding-bottom:var(--wp--preset--spacing--110);padding-left:var(--wp--preset--spacing--110)\">\n<div class=\"wp-block-outermost-icon-block\"><div class=\"icon-container\" style=\"width:123px;transform:rotate(0deg) scaleX(1) scaleY(1)\"><svg xmlns=\"http:\/\/www.w3.org\/2000\/svg\" height=\"83.305\" viewbox=\"0 0 80 83.305\" width=\"80\"><g fill=\"#a4d6a3\" transform=\"translate(8 8)\"><path d=\"m7864.089 17884.543 14.97-11.7 2.366 18.459zm-50.089-36.543a36 36 0 1 1 36 36 36 36 0 0 1 -36-36z\" transform=\"translate(-7818 -17816)\"><\/path><g stroke=\"#a4d6a3\" stroke-width=\"8\"><circle cx=\"32\" cy=\"32\" r=\"32\" stroke=\"none\"><\/circle><circle cx=\"32\" cy=\"32\" fill=\"none\" r=\"36\"><\/circle><\/g><\/g><path d=\"m12.034-13.442h-4.2v13.442h-3.412v-13.442h-4.202v-3.058h11.814zm2.024-3.058h3.432v16.5h-3.432zm13.772 0a4.83 4.83 0 0 1 2.475.66 4.806 4.806 0 0 1 1.782 1.793 4.893 4.893 0 0 1 .649 2.475 4.775 4.775 0 0 1 -.649 2.453 4.634 4.634 0 0 1 -1.771 1.738 5.009 5.009 0 0 1 -2.486.627h-3.454v6.754h-3.432v-16.5zm-.53 6.886a2.241 2.241 0 0 0 1.529-.528 1.751 1.751 0 0 0 .605-1.386 1.784 1.784 0 0 0 -.605-1.4 2.213 2.213 0 0 0 -1.529-.539h-2.924v3.85zm14.126-6.886a4.83 4.83 0 0 1 2.475.66 4.806 4.806 0 0 1 1.782 1.793 4.893 4.893 0 0 1 .649 2.475 4.775 4.775 0 0 1 -.649 2.453 4.634 4.634 0 0 1 -1.771 1.738 5.009 5.009 0 0 1 -2.486.627h-3.454v6.754h-3.432v-16.5zm-.526 6.886a2.241 2.241 0 0 0 1.529-.528 1.751 1.751 0 0 0 .6-1.386 1.784 1.784 0 0 0 -.6-1.4 2.213 2.213 0 0 0 -1.529-.539h-2.928v3.85zm7.59-6.886h3.3l-.4 10.89h-2.506zm1.648 16.72a1.775 1.775 0 0 1 -1.3-.55 1.775 1.775 0 0 1 -.55-1.3 1.819 1.819 0 0 1 .539-1.32 1.764 1.764 0 0 1 1.309-.55 1.8 1.8 0 0 1 1.32.55 1.8 1.8 0 0 1 .55 1.32 1.764 1.764 0 0 1 -.55 1.309 1.819 1.819 0 0 1 -1.318.541z\" fill=\"#008438\" transform=\"translate(13.501 48)\"><\/path><\/svg><\/div><\/div>\n\n\n\n<h4 class=\"wp-block-heading has-black-color has-text-color has-link-color wp-elements-609f6b32220c0d696024507a0fa6bda4\">Za koko\u0161i nesnice, brojlerje, gosi in purane<\/h4>\n\n\n\n<h3 class=\"wp-block-heading has-green-color has-text-color has-link-color wp-elements-11a2a2f2b9d3290513fff6fdd8a0cc87\" style=\"margin-top:var(--wp--preset--spacing--70)\">Material za zaposlovanje in dodatna oskrba<\/h3>\n\n\n\n<div class=\"wp-block-buttons is-layout-flex wp-block-buttons-is-layout-flex\">\n<div class=\"wp-block-button\"><a class=\"wp-block-button__link wp-element-button\" href=\"https:\/\/fritzjeitler.com\/sl\/perutnina\/izdelki\/minerali\/#Pickschalen-f%C3%BCr-Gefl%C3%BCgel\" target=\"_blank\" rel=\"noreferrer noopener\">Pladnji za pobiranje JEITLER<sup>\u00ae<\/sup><\/a><\/div>\n<\/div>\n<\/div>\n<\/div>\n<\/div>\n\n<div class=\"wp-block-group alignwide has-grey-lighter-background-color has-background is-layout-flow wp-block-group-is-layout-flow\" style=\"border-top-left-radius:0px;border-top-right-radius:0px;border-bottom-left-radius:0px;border-bottom-right-radius:0px;margin-top:var(--wp--preset--spacing--160);margin-bottom:var(--wp--preset--spacing--160);padding-top:var(--wp--preset--spacing--fluid-57-130);padding-bottom:var(--wp--preset--spacing--fluid-57-130)\">\n<div class=\"wp-block-group has-global-padding is-layout-constrained wp-block-group-is-layout-constrained\">\n<h2 class=\"wp-block-heading\" id=\"Spezialit&#xE4;ten-f&#xFC;r-Zuchtsauen\"><strong>Posebnosti za perutnino<\/strong> <\/h2>\n<\/div>\n\n\n\n<div class=\"wp-block-group has-global-padding is-layout-constrained wp-container-core-group-is-layout-11bde397 wp-block-group-is-layout-constrained\">\n<h3 class=\"wp-block-heading\" id=\"Trinkwasserzus&#xE4;tze\" style=\"margin-top:var(--wp--preset--spacing--70)\"><strong>Dodatki za pitno vodo<\/strong><\/h3>\n\n\n\n<div class=\"wp-block-query is-layout-flow wp-block-query-is-layout-flow\"><\/div>\n<\/div>\n\n\n\n<div class=\"wp-block-group has-global-padding is-layout-constrained wp-block-group-is-layout-constrained\">\n<h3 class=\"wp-block-heading\" id=\"Mykotoxin-Risiko-Management\" style=\"margin-top:var(--wp--preset--spacing--70)\"><strong>Upravljanje tveganja mikotoksinov<\/strong><\/h3>\n\n\n\n<div class=\"wp-block-query is-layout-flow wp-block-query-is-layout-flow\"><\/div>\n\n\n\n<p><\/p>\n\n\n\n<h3 class=\"wp-block-heading\" id=\"Eischalenqualit&#xE4;t\" style=\"margin-top:var(--wp--preset--spacing--70)\"><strong><strong>Kakovost jaj\u010dne lupine<\/strong><\/strong> <\/h3>\n\n\n\n<div class=\"wp-block-query is-layout-flow wp-block-query-is-layout-flow\"><\/div>\n\n\n\n<p><\/p>\n\n\n\n<h3 class=\"wp-block-heading\" id=\"S&#xE4;uren-&amp;-Futterhygiene\" style=\"margin-top:var(--wp--preset--spacing--70)\"><strong>Kisline in higiena krme<\/strong> <\/h3>\n\n\n\n<div class=\"wp-block-query is-layout-flow wp-block-query-is-layout-flow\"><\/div>\n\n\n\n<p><\/p>\n\n\n\n<h3 class=\"wp-block-heading\" id=\"Unruhe-im-Stall\" style=\"margin-top:var(--wp--preset--spacing--70)\"><strong><strong>Nemir v hlevu<\/strong> <\/strong> <\/h3>\n\n\n\n<h4 class=\"wp-block-heading has-m-font-size\">Kljunjenje perja in kanibalizem<\/h4>\n\n\n\n<div class=\"wp-block-query is-layout-flow wp-block-query-is-layout-flow\"><\/div>\n\n\n\n<p><\/p>\n\n\n\n<h3 class=\"wp-block-heading\" id=\"Lebergesundheit\" style=\"margin-top:var(--wp--preset--spacing--70)\"><strong><strong>Zdravje jeter<\/strong><\/strong> <\/h3>\n\n\n\n<div class=\"wp-block-query is-layout-flow wp-block-query-is-layout-flow\"><\/div>\n\n\n\n<p><\/p>\n\n\n\n<h3 class=\"wp-block-heading\" id=\"Immunsystem-&amp;-Atemwegsunterst&#xFC;tzung\" style=\"margin-top:var(--wp--preset--spacing--70)\"><strong><strong>Podpora imunskega sistema in dihal<\/strong> <\/strong> <\/h3>\n\n\n\n<div class=\"wp-block-query is-layout-flow wp-block-query-is-layout-flow\"><\/div>\n\n\n\n<p><\/p>\n\n\n\n<h3 class=\"wp-block-heading\" id=\"Synbiotika-&amp;-Probiotika\" style=\"margin-top:var(--wp--preset--spacing--70)\"><strong>Sinbiotiki in probiotiki<\/strong> <\/h3>\n\n\n\n<div class=\"wp-block-query is-layout-flow wp-block-query-is-layout-flow\"><\/div>\n<\/div>\n<\/div>\n","protected":false},"excerpt":{"rendered":"<p>Posebnosti za perutnino Na\u0161im perutninskim farmam ponujamo edinstvene re\u0161itve za izbolj\u0161anje zdravja \u017eivali, uspe\u0161nosti nesenja ali pitanja. Portfelj izdelkov specialitet na podro\u010dju krmljenja perutnine je raznolik. Pripravljenost na uspe\u0161nost je zelo visoka, kar pomeni, da na\u0161a perutnina danes pogosto potrebuje dodatno podporo prek krme ali pitne vode. Z na\u0161imi specialitetami lahko va\u0161e \u017eivali podpremo z [&hellip;]<\/p>\n","protected":false},"author":6,"featured_media":2181,"parent":4990,"menu_order":1,"comment_status":"closed","ping_status":"closed","template":"wp-custom-template-seite-gefl-gel","meta":{"clicksgefuehlecore_hide_title":false,"theme\/reading-time":-1,"page-redirect-enabled":false,"page-redirect-target-id":0,"footnotes":""},"class_list":["post-5433","page","type-page","status-publish","has-post-thumbnail","hentry"],"yoast_head":"<!-- This site is optimized with the Yoast SEO plugin v26.7 - https:\/\/yoast.com\/wordpress\/plugins\/seo\/ -->\n<title>Posebnosti - Fritz Jeitler Futtermittel<\/title>\n<meta name=\"description\" content=\"Na\u0161im perutninskim farmam ponujamo edinstvene re\u0161itve za izbolj\u0161anje zdravja \u017eivali, uspe\u0161nosti nesenja ali pitanja. Portfelj izdelkov specialitet na podro\u010dju krmljenja perutnine je raznolik. Pripravljenost na uspe\u0161nost je zelo visoka, kar pomeni, da na\u0161a perutnina danes pogosto potrebuje dodatno podporo prek krme ali pitne vode. Z na\u0161imi specialitetami lahko va\u0161e \u017eivali podpremo z natan\u010dno natan\u010dnostjo in pomagamo na naraven na\u010din obnoviti vitalnost in odpornost ali ju, \u010de ju uporabljamo preventivno, ohraniti.\" \/>\n<meta name=\"robots\" content=\"index, follow, max-snippet:-1, max-image-preview:large, max-video-preview:-1\" \/>\n<link rel=\"canonical\" href=\"https:\/\/fritzjeitler.com\/sl\/perutnina\/izdelki\/posebnosti\/\" \/>\n<meta property=\"og:locale\" content=\"sl_SI\" \/>\n<meta property=\"og:type\" content=\"article\" \/>\n<meta property=\"og:title\" content=\"Posebnosti - Fritz Jeitler Futtermittel\" \/>\n<meta property=\"og:description\" content=\"Na\u0161im perutninskim farmam ponujamo edinstvene re\u0161itve za izbolj\u0161anje zdravja \u017eivali, uspe\u0161nosti nesenja ali pitanja. Portfelj izdelkov specialitet na podro\u010dju krmljenja perutnine je raznolik. Pripravljenost na uspe\u0161nost je zelo visoka, kar pomeni, da na\u0161a perutnina danes pogosto potrebuje dodatno podporo prek krme ali pitne vode. Z na\u0161imi specialitetami lahko va\u0161e \u017eivali podpremo z natan\u010dno natan\u010dnostjo in pomagamo na naraven na\u010din obnoviti vitalnost in odpornost ali ju, \u010de ju uporabljamo preventivno, ohraniti.\" \/>\n<meta property=\"og:url\" content=\"https:\/\/fritzjeitler.com\/sl\/perutnina\/izdelki\/posebnosti\/\" \/>\n<meta property=\"og:site_name\" content=\"Fritz Jeitler Futtermittel\" \/>\n<meta property=\"article:modified_time\" content=\"2026-04-20T10:05:11+00:00\" \/>\n<meta property=\"og:image\" content=\"https:\/\/fritzjeitler.com\/wp-content\/uploads\/2026\/01\/MTR61124-scaled.jpg\" \/>\n\t<meta property=\"og:image:width\" content=\"2560\" \/>\n\t<meta property=\"og:image:height\" content=\"1707\" \/>\n\t<meta property=\"og:image:type\" content=\"image\/jpeg\" \/>\n<meta name=\"twitter:card\" content=\"summary_large_image\" \/>\n<meta name=\"twitter:label1\" content=\"Est. reading time\" \/>\n\t<meta name=\"twitter:data1\" content=\"1 minuta\" \/>\n<script type=\"application\/ld+json\" class=\"yoast-schema-graph\">{\"@context\":\"https:\/\/schema.org\",\"@graph\":[{\"@type\":\"WebPage\",\"@id\":\"https:\/\/fritzjeitler.com\/sl\/perutnina\/izdelki\/posebnosti\/\",\"url\":\"https:\/\/fritzjeitler.com\/sl\/perutnina\/izdelki\/posebnosti\/\",\"name\":\"Posebnosti - Fritz Jeitler Futtermittel\",\"isPartOf\":{\"@id\":\"https:\/\/fritzjeitler.com\/sl\/#website\"},\"primaryImageOfPage\":{\"@id\":\"https:\/\/fritzjeitler.com\/sl\/perutnina\/izdelki\/posebnosti\/#primaryimage\"},\"image\":{\"@id\":\"https:\/\/fritzjeitler.com\/sl\/perutnina\/izdelki\/posebnosti\/#primaryimage\"},\"thumbnailUrl\":\"https:\/\/fritzjeitler.com\/wp-content\/uploads\/2026\/01\/MTR61124-scaled.jpg\",\"datePublished\":\"2025-03-21T11:37:09+00:00\",\"dateModified\":\"2026-04-20T10:05:11+00:00\",\"description\":\"Na\u0161im perutninskim farmam ponujamo edinstvene re\u0161itve za izbolj\u0161anje zdravja \u017eivali, uspe\u0161nosti nesenja ali pitanja. Portfelj izdelkov specialitet na podro\u010dju krmljenja perutnine je raznolik. Pripravljenost na uspe\u0161nost je zelo visoka, kar pomeni, da na\u0161a perutnina danes pogosto potrebuje dodatno podporo prek krme ali pitne vode. Z na\u0161imi specialitetami lahko va\u0161e \u017eivali podpremo z natan\u010dno natan\u010dnostjo in pomagamo na naraven na\u010din obnoviti vitalnost in odpornost ali ju, \u010de ju uporabljamo preventivno, ohraniti.\",\"breadcrumb\":{\"@id\":\"https:\/\/fritzjeitler.com\/sl\/perutnina\/izdelki\/posebnosti\/#breadcrumb\"},\"inLanguage\":\"sl-SI\",\"potentialAction\":[{\"@type\":\"ReadAction\",\"target\":[\"https:\/\/fritzjeitler.com\/sl\/perutnina\/izdelki\/posebnosti\/\"]}]},{\"@type\":\"ImageObject\",\"inLanguage\":\"sl-SI\",\"@id\":\"https:\/\/fritzjeitler.com\/sl\/perutnina\/izdelki\/posebnosti\/#primaryimage\",\"url\":\"https:\/\/fritzjeitler.com\/wp-content\/uploads\/2026\/01\/MTR61124-scaled.jpg\",\"contentUrl\":\"https:\/\/fritzjeitler.com\/wp-content\/uploads\/2026\/01\/MTR61124-scaled.jpg\",\"width\":2560,\"height\":1707,\"caption\":\"Eine Frau in gr\u00fcner Arbeitskleidung h\u00e4lt ein Huhn, w\u00e4hrend ein Mann neben ihr einen Beh\u00e4lter h\u00e4lt; sie stehen im Freien neben einem Baum\"},{\"@type\":\"BreadcrumbList\",\"@id\":\"https:\/\/fritzjeitler.com\/sl\/perutnina\/izdelki\/posebnosti\/#breadcrumb\",\"itemListElement\":[{\"@type\":\"ListItem\",\"position\":1,\"name\":\"Home\",\"item\":\"https:\/\/fritzjeitler.com\/sl\/\"},{\"@type\":\"ListItem\",\"position\":2,\"name\":\"Perutnina\",\"item\":\"https:\/\/fritzjeitler.com\/sl\/perutnina\/\"},{\"@type\":\"ListItem\",\"position\":3,\"name\":\"Izdelki\",\"item\":\"https:\/\/fritzjeitler.com\/sl\/perutnina\/izdelki\/\"},{\"@type\":\"ListItem\",\"position\":4,\"name\":\"Posebnosti\"}]},{\"@type\":\"WebSite\",\"@id\":\"https:\/\/fritzjeitler.com\/sl\/#website\",\"url\":\"https:\/\/fritzjeitler.com\/sl\/\",\"name\":\"Fritz Jeitler Futtermittel\",\"description\":\"\",\"potentialAction\":[{\"@type\":\"SearchAction\",\"target\":{\"@type\":\"EntryPoint\",\"urlTemplate\":\"https:\/\/fritzjeitler.com\/sl\/?s={search_term_string}\"},\"query-input\":{\"@type\":\"PropertyValueSpecification\",\"valueRequired\":true,\"valueName\":\"search_term_string\"}}],\"inLanguage\":\"sl-SI\"}]}<\/script>\n<!-- \/ Yoast SEO plugin. -->","yoast_head_json":{"title":"Posebnosti - Fritz Jeitler Futtermittel","description":"Na\u0161im perutninskim farmam ponujamo edinstvene re\u0161itve za izbolj\u0161anje zdravja \u017eivali, uspe\u0161nosti nesenja ali pitanja. Portfelj izdelkov specialitet na podro\u010dju krmljenja perutnine je raznolik. Pripravljenost na uspe\u0161nost je zelo visoka, kar pomeni, da na\u0161a perutnina danes pogosto potrebuje dodatno podporo prek krme ali pitne vode. Z na\u0161imi specialitetami lahko va\u0161e \u017eivali podpremo z natan\u010dno natan\u010dnostjo in pomagamo na naraven na\u010din obnoviti vitalnost in odpornost ali ju, \u010de ju uporabljamo preventivno, ohraniti.","robots":{"index":"index","follow":"follow","max-snippet":"max-snippet:-1","max-image-preview":"max-image-preview:large","max-video-preview":"max-video-preview:-1"},"canonical":"https:\/\/fritzjeitler.com\/sl\/perutnina\/izdelki\/posebnosti\/","og_locale":"sl_SI","og_type":"article","og_title":"Posebnosti - Fritz Jeitler Futtermittel","og_description":"Na\u0161im perutninskim farmam ponujamo edinstvene re\u0161itve za izbolj\u0161anje zdravja \u017eivali, uspe\u0161nosti nesenja ali pitanja. Portfelj izdelkov specialitet na podro\u010dju krmljenja perutnine je raznolik. Pripravljenost na uspe\u0161nost je zelo visoka, kar pomeni, da na\u0161a perutnina danes pogosto potrebuje dodatno podporo prek krme ali pitne vode. Z na\u0161imi specialitetami lahko va\u0161e \u017eivali podpremo z natan\u010dno natan\u010dnostjo in pomagamo na naraven na\u010din obnoviti vitalnost in odpornost ali ju, \u010de ju uporabljamo preventivno, ohraniti.","og_url":"https:\/\/fritzjeitler.com\/sl\/perutnina\/izdelki\/posebnosti\/","og_site_name":"Fritz Jeitler Futtermittel","article_modified_time":"2026-04-20T10:05:11+00:00","og_image":[{"width":2560,"height":1707,"url":"https:\/\/fritzjeitler.com\/wp-content\/uploads\/2026\/01\/MTR61124-scaled.jpg","type":"image\/jpeg"}],"twitter_card":"summary_large_image","twitter_misc":{"Est. reading time":"1 minuta"},"schema":{"@context":"https:\/\/schema.org","@graph":[{"@type":"WebPage","@id":"https:\/\/fritzjeitler.com\/sl\/perutnina\/izdelki\/posebnosti\/","url":"https:\/\/fritzjeitler.com\/sl\/perutnina\/izdelki\/posebnosti\/","name":"Posebnosti - Fritz Jeitler Futtermittel","isPartOf":{"@id":"https:\/\/fritzjeitler.com\/sl\/#website"},"primaryImageOfPage":{"@id":"https:\/\/fritzjeitler.com\/sl\/perutnina\/izdelki\/posebnosti\/#primaryimage"},"image":{"@id":"https:\/\/fritzjeitler.com\/sl\/perutnina\/izdelki\/posebnosti\/#primaryimage"},"thumbnailUrl":"https:\/\/fritzjeitler.com\/wp-content\/uploads\/2026\/01\/MTR61124-scaled.jpg","datePublished":"2025-03-21T11:37:09+00:00","dateModified":"2026-04-20T10:05:11+00:00","description":"Na\u0161im perutninskim farmam ponujamo edinstvene re\u0161itve za izbolj\u0161anje zdravja \u017eivali, uspe\u0161nosti nesenja ali pitanja. Portfelj izdelkov specialitet na podro\u010dju krmljenja perutnine je raznolik. Pripravljenost na uspe\u0161nost je zelo visoka, kar pomeni, da na\u0161a perutnina danes pogosto potrebuje dodatno podporo prek krme ali pitne vode. Z na\u0161imi specialitetami lahko va\u0161e \u017eivali podpremo z natan\u010dno natan\u010dnostjo in pomagamo na naraven na\u010din obnoviti vitalnost in odpornost ali ju, \u010de ju uporabljamo preventivno, ohraniti.","breadcrumb":{"@id":"https:\/\/fritzjeitler.com\/sl\/perutnina\/izdelki\/posebnosti\/#breadcrumb"},"inLanguage":"sl-SI","potentialAction":[{"@type":"ReadAction","target":["https:\/\/fritzjeitler.com\/sl\/perutnina\/izdelki\/posebnosti\/"]}]},{"@type":"ImageObject","inLanguage":"sl-SI","@id":"https:\/\/fritzjeitler.com\/sl\/perutnina\/izdelki\/posebnosti\/#primaryimage","url":"https:\/\/fritzjeitler.com\/wp-content\/uploads\/2026\/01\/MTR61124-scaled.jpg","contentUrl":"https:\/\/fritzjeitler.com\/wp-content\/uploads\/2026\/01\/MTR61124-scaled.jpg","width":2560,"height":1707,"caption":"Eine Frau in gr\u00fcner Arbeitskleidung h\u00e4lt ein Huhn, w\u00e4hrend ein Mann neben ihr einen Beh\u00e4lter h\u00e4lt; sie stehen im Freien neben einem Baum"},{"@type":"BreadcrumbList","@id":"https:\/\/fritzjeitler.com\/sl\/perutnina\/izdelki\/posebnosti\/#breadcrumb","itemListElement":[{"@type":"ListItem","position":1,"name":"Home","item":"https:\/\/fritzjeitler.com\/sl\/"},{"@type":"ListItem","position":2,"name":"Perutnina","item":"https:\/\/fritzjeitler.com\/sl\/perutnina\/"},{"@type":"ListItem","position":3,"name":"Izdelki","item":"https:\/\/fritzjeitler.com\/sl\/perutnina\/izdelki\/"},{"@type":"ListItem","position":4,"name":"Posebnosti"}]},{"@type":"WebSite","@id":"https:\/\/fritzjeitler.com\/sl\/#website","url":"https:\/\/fritzjeitler.com\/sl\/","name":"Fritz Jeitler Futtermittel","description":"","potentialAction":[{"@type":"SearchAction","target":{"@type":"EntryPoint","urlTemplate":"https:\/\/fritzjeitler.com\/sl\/?s={search_term_string}"},"query-input":{"@type":"PropertyValueSpecification","valueRequired":true,"valueName":"search_term_string"}}],"inLanguage":"sl-SI"}]}},"_links":{"self":[{"href":"https:\/\/fritzjeitler.com\/sl\/wp-json\/wp\/v2\/pages\/5433","targetHints":{"allow":["GET"]}}],"collection":[{"href":"https:\/\/fritzjeitler.com\/sl\/wp-json\/wp\/v2\/pages"}],"about":[{"href":"https:\/\/fritzjeitler.com\/sl\/wp-json\/wp\/v2\/types\/page"}],"author":[{"embeddable":true,"href":"https:\/\/fritzjeitler.com\/sl\/wp-json\/wp\/v2\/users\/6"}],"replies":[{"embeddable":true,"href":"https:\/\/fritzjeitler.com\/sl\/wp-json\/wp\/v2\/comments?post=5433"}],"version-history":[{"count":4,"href":"https:\/\/fritzjeitler.com\/sl\/wp-json\/wp\/v2\/pages\/5433\/revisions"}],"predecessor-version":[{"id":5622,"href":"https:\/\/fritzjeitler.com\/sl\/wp-json\/wp\/v2\/pages\/5433\/revisions\/5622"}],"up":[{"embeddable":true,"href":"https:\/\/fritzjeitler.com\/sl\/wp-json\/wp\/v2\/pages\/4990"}],"wp:featuredmedia":[{"embeddable":true,"href":"https:\/\/fritzjeitler.com\/sl\/wp-json\/wp\/v2\/media\/2181"}],"wp:attachment":[{"href":"https:\/\/fritzjeitler.com\/sl\/wp-json\/wp\/v2\/media?parent=5433"}],"curies":[{"name":"wp","href":"https:\/\/api.w.org\/{rel}","templated":true}]}}