{"id":5408,"date":"2025-01-30T11:52:52","date_gmt":"2025-01-30T10:52:52","guid":{"rendered":"https:\/\/fritzjeitler.com\/glasilo\/"},"modified":"2026-04-14T15:55:20","modified_gmt":"2026-04-14T13:55:20","slug":"glasilo","status":"publish","type":"page","link":"https:\/\/fritzjeitler.com\/sl\/glasilo\/","title":{"rendered":"Glasilo"},"content":{"rendered":"\n<h1 class=\"wp-block-heading\">Posredujemo vam vse pomembne novice!<\/h1>\n\n<p><strong>Ostanite dobro obve\u0161\u010deni s FJF Hofpostom<\/strong>.<\/p>\n\n<p>Vse je odvisno od prave me\u0161anice. In to je navsezadnje na\u0161a posebnost, saj smo strokovnjaki za krmo.<br \/>Zato vam zdaj zagotavljamo tudi popolno me\u0161anico promocij, novic in strokovnega znanja neposredno v va\u0161 po\u0161tni nabiralnik. Preprosto se registrirajte in ne zamudite nobene novice ve\u010d.  <\/p>\n\n<div class=\"wp-block-group alignwide has-green-light-background-color has-background has-global-padding is-layout-constrained wp-container-core-group-is-layout-265ee484 wp-block-group-is-layout-constrained\" style=\"padding-top:var(--wp--preset--spacing--100);padding-right:var(--wp--preset--spacing--130);padding-bottom:var(--wp--preset--spacing--100);padding-left:var(--wp--preset--spacing--130)\">\n<div style=\"height:30px\" aria-hidden=\"true\" class=\"wp-block-spacer\"><\/div>\n\n\n\n\n\t<div class=\"newsletter-form__inner cr_body cr_page cr_font formbox\">\n\n<div class=\"choices-container\">\n\t\t<div id=\"4908559\" class=\"cr_form-component cr_form-component--group cr_form-component--checkbox cr_ipe_item ui-sortable musthave\">\n    <p class=\"label cr_form-component--header\"><strong>Zanima me &#8230;*<\/strong><\/p>\n\n    <div class=\"choices cr_form-component--group\">\n    \n        <span class=\"cr_form-inputgroup cr_form-inputgroup--typecheckbox\">\n            \n            <label class=\"no-label\" for=\"Rind4908559\">Govedina<\/label>\n        <\/span>\n    \n        <span class=\"cr_form-inputgroup cr_form-inputgroup--typecheckbox\">\n            \n            <label class=\"no-label\" for=\"Schwein4908559\">Pra\u0161i\u010d<\/label>\n        <\/span>\n    \n        <span class=\"cr_form-inputgroup cr_form-inputgroup--typecheckbox\">\n            \n            <label class=\"no-label\" for=\"Gefl\u00fcgel4908559\">Perutnina<\/label>\n        <\/span>\n    \n        <span class=\"cr_form-inputgroup cr_form-inputgroup--typecheckbox\">\n            \n            <label class=\"no-label\" for=\"Ziege4908559\">Koza<\/label>\n        <\/span>\n    \n        <span class=\"cr_form-inputgroup cr_form-inputgroup--typecheckbox\">\n            \n            <label class=\"no-label\" for=\"Sojapreis4908559\">Cena soje<\/label>\n        <\/span>\n    \n    <\/div>\n<\/div>\n<\/div>\n<div class=\"email-submit-container\">\n\n<div id=\"4908555\" class=\"email-submit-container cr_form-component cr_form-component--email cr_ipe_item ui-sortable musthave\">\n    <div class=\"field\">\n        <label for=\"text4908555\"><strong>E-po\u0161tni naslov*<\/strong><\/label>\n        \n    <\/div>\n<\/div>\n\n<div id=\"4908557\" class=\"submit-bar cr_form-component cr_form-component--submit cr_ipe_item ui-sortable submit_container\">\n    <button type=\"submit\" class=\"wp-element-button\">Prijavite se<\/button>\n<\/div>\n\n        <\/div>\n        \n\t\n<\/div>\n\t<div class=\"feedback\">\n<h3>Zahvaljujemo se vam za prijavo<\/h3>\n\t\t<p>\u010ce \u017eelite dokon\u010dati prijavo, <strong>kliknite povezavo v e-po\u0161tnem sporo\u010dilu<\/strong>, ki smo vam <strong>ga<\/strong> pravkar poslali.<\/p>\n\t<\/div>\n\n\n\n\n\n<div style=\"height:30px\" aria-hidden=\"true\" class=\"wp-block-spacer\"><\/div>\n<\/div>\n","protected":false},"excerpt":{"rendered":"<p>Posredujemo vam vse pomembne novice! Ostanite dobro obve\u0161\u010deni s FJF Hofpostom. Vse je odvisno od prave me\u0161anice. In to je navsezadnje na\u0161a posebnost, saj smo strokovnjaki za krmo.Zato vam zdaj zagotavljamo tudi popolno me\u0161anico promocij, novic in strokovnega znanja neposredno v va\u0161 po\u0161tni nabiralnik. Preprosto se registrirajte in ne zamudite nobene novice ve\u010d. Zanima me [&hellip;]<\/p>\n","protected":false},"author":3,"featured_media":0,"parent":0,"menu_order":3,"comment_status":"closed","ping_status":"closed","template":"page-no-title","meta":{"clicksgefuehlecore_hide_title":false,"theme\/reading-time":-1,"page-redirect-enabled":false,"page-redirect-target-id":0,"footnotes":""},"class_list":["post-5408","page","type-page","status-publish","hentry"],"yoast_head":"<!-- This site is optimized with the Yoast SEO plugin v26.7 - https:\/\/yoast.com\/wordpress\/plugins\/seo\/ -->\n<title>Glasilo - Fritz Jeitler Futtermittel<\/title>\n<meta name=\"robots\" content=\"index, follow, max-snippet:-1, max-image-preview:large, max-video-preview:-1\" \/>\n<link rel=\"canonical\" href=\"https:\/\/fritzjeitler.com\/sl\/glasilo\/\" \/>\n<meta property=\"og:locale\" content=\"sl_SI\" \/>\n<meta property=\"og:type\" content=\"article\" \/>\n<meta property=\"og:title\" content=\"Glasilo - Fritz Jeitler Futtermittel\" \/>\n<meta property=\"og:description\" content=\"Posredujemo vam vse pomembne novice! Ostanite dobro obve\u0161\u010deni s FJF Hofpostom. Vse je odvisno od prave me\u0161anice. In to je navsezadnje na\u0161a posebnost, saj smo strokovnjaki za krmo.Zato vam zdaj zagotavljamo tudi popolno me\u0161anico promocij, novic in strokovnega znanja neposredno v va\u0161 po\u0161tni nabiralnik. Preprosto se registrirajte in ne zamudite nobene novice ve\u010d. Zanima me [&hellip;]\" \/>\n<meta property=\"og:url\" content=\"https:\/\/fritzjeitler.com\/sl\/glasilo\/\" \/>\n<meta property=\"og:site_name\" content=\"Fritz Jeitler Futtermittel\" \/>\n<meta property=\"article:modified_time\" content=\"2026-04-14T13:55:20+00:00\" \/>\n<meta name=\"twitter:card\" content=\"summary_large_image\" \/>\n<script type=\"application\/ld+json\" class=\"yoast-schema-graph\">{\"@context\":\"https:\/\/schema.org\",\"@graph\":[{\"@type\":\"WebPage\",\"@id\":\"https:\/\/fritzjeitler.com\/sl\/glasilo\/\",\"url\":\"https:\/\/fritzjeitler.com\/sl\/glasilo\/\",\"name\":\"Glasilo - Fritz Jeitler Futtermittel\",\"isPartOf\":{\"@id\":\"https:\/\/fritzjeitler.com\/sl\/#website\"},\"datePublished\":\"2025-01-30T10:52:52+00:00\",\"dateModified\":\"2026-04-14T13:55:20+00:00\",\"breadcrumb\":{\"@id\":\"https:\/\/fritzjeitler.com\/sl\/glasilo\/#breadcrumb\"},\"inLanguage\":\"sl-SI\",\"potentialAction\":[{\"@type\":\"ReadAction\",\"target\":[\"https:\/\/fritzjeitler.com\/sl\/glasilo\/\"]}]},{\"@type\":\"BreadcrumbList\",\"@id\":\"https:\/\/fritzjeitler.com\/sl\/glasilo\/#breadcrumb\",\"itemListElement\":[{\"@type\":\"ListItem\",\"position\":1,\"name\":\"Home\",\"item\":\"https:\/\/fritzjeitler.com\/sl\/\"},{\"@type\":\"ListItem\",\"position\":2,\"name\":\"Glasilo\"}]},{\"@type\":\"WebSite\",\"@id\":\"https:\/\/fritzjeitler.com\/sl\/#website\",\"url\":\"https:\/\/fritzjeitler.com\/sl\/\",\"name\":\"Fritz Jeitler Futtermittel\",\"description\":\"\",\"potentialAction\":[{\"@type\":\"SearchAction\",\"target\":{\"@type\":\"EntryPoint\",\"urlTemplate\":\"https:\/\/fritzjeitler.com\/sl\/?s={search_term_string}\"},\"query-input\":{\"@type\":\"PropertyValueSpecification\",\"valueRequired\":true,\"valueName\":\"search_term_string\"}}],\"inLanguage\":\"sl-SI\"}]}<\/script>\n<!-- \/ Yoast SEO plugin. -->","yoast_head_json":{"title":"Glasilo - Fritz Jeitler Futtermittel","robots":{"index":"index","follow":"follow","max-snippet":"max-snippet:-1","max-image-preview":"max-image-preview:large","max-video-preview":"max-video-preview:-1"},"canonical":"https:\/\/fritzjeitler.com\/sl\/glasilo\/","og_locale":"sl_SI","og_type":"article","og_title":"Glasilo - Fritz Jeitler Futtermittel","og_description":"Posredujemo vam vse pomembne novice! Ostanite dobro obve\u0161\u010deni s FJF Hofpostom. Vse je odvisno od prave me\u0161anice. In to je navsezadnje na\u0161a posebnost, saj smo strokovnjaki za krmo.Zato vam zdaj zagotavljamo tudi popolno me\u0161anico promocij, novic in strokovnega znanja neposredno v va\u0161 po\u0161tni nabiralnik. Preprosto se registrirajte in ne zamudite nobene novice ve\u010d. Zanima me [&hellip;]","og_url":"https:\/\/fritzjeitler.com\/sl\/glasilo\/","og_site_name":"Fritz Jeitler Futtermittel","article_modified_time":"2026-04-14T13:55:20+00:00","twitter_card":"summary_large_image","schema":{"@context":"https:\/\/schema.org","@graph":[{"@type":"WebPage","@id":"https:\/\/fritzjeitler.com\/sl\/glasilo\/","url":"https:\/\/fritzjeitler.com\/sl\/glasilo\/","name":"Glasilo - Fritz Jeitler Futtermittel","isPartOf":{"@id":"https:\/\/fritzjeitler.com\/sl\/#website"},"datePublished":"2025-01-30T10:52:52+00:00","dateModified":"2026-04-14T13:55:20+00:00","breadcrumb":{"@id":"https:\/\/fritzjeitler.com\/sl\/glasilo\/#breadcrumb"},"inLanguage":"sl-SI","potentialAction":[{"@type":"ReadAction","target":["https:\/\/fritzjeitler.com\/sl\/glasilo\/"]}]},{"@type":"BreadcrumbList","@id":"https:\/\/fritzjeitler.com\/sl\/glasilo\/#breadcrumb","itemListElement":[{"@type":"ListItem","position":1,"name":"Home","item":"https:\/\/fritzjeitler.com\/sl\/"},{"@type":"ListItem","position":2,"name":"Glasilo"}]},{"@type":"WebSite","@id":"https:\/\/fritzjeitler.com\/sl\/#website","url":"https:\/\/fritzjeitler.com\/sl\/","name":"Fritz Jeitler Futtermittel","description":"","potentialAction":[{"@type":"SearchAction","target":{"@type":"EntryPoint","urlTemplate":"https:\/\/fritzjeitler.com\/sl\/?s={search_term_string}"},"query-input":{"@type":"PropertyValueSpecification","valueRequired":true,"valueName":"search_term_string"}}],"inLanguage":"sl-SI"}]}},"_links":{"self":[{"href":"https:\/\/fritzjeitler.com\/sl\/wp-json\/wp\/v2\/pages\/5408","targetHints":{"allow":["GET"]}}],"collection":[{"href":"https:\/\/fritzjeitler.com\/sl\/wp-json\/wp\/v2\/pages"}],"about":[{"href":"https:\/\/fritzjeitler.com\/sl\/wp-json\/wp\/v2\/types\/page"}],"author":[{"embeddable":true,"href":"https:\/\/fritzjeitler.com\/sl\/wp-json\/wp\/v2\/users\/3"}],"replies":[{"embeddable":true,"href":"https:\/\/fritzjeitler.com\/sl\/wp-json\/wp\/v2\/comments?post=5408"}],"version-history":[{"count":2,"href":"https:\/\/fritzjeitler.com\/sl\/wp-json\/wp\/v2\/pages\/5408\/revisions"}],"predecessor-version":[{"id":5410,"href":"https:\/\/fritzjeitler.com\/sl\/wp-json\/wp\/v2\/pages\/5408\/revisions\/5410"}],"wp:attachment":[{"href":"https:\/\/fritzjeitler.com\/sl\/wp-json\/wp\/v2\/media?parent=5408"}],"curies":[{"name":"wp","href":"https:\/\/api.w.org\/{rel}","templated":true}]}}