{"id":5322,"date":"2025-03-21T12:49:28","date_gmt":"2025-03-21T11:49:28","guid":{"rendered":"https:\/\/fritzjeitler.com\/prasic\/izdelki\/minerali\/"},"modified":"2026-04-20T12:00:33","modified_gmt":"2026-04-20T10:00:33","slug":"minerali","status":"publish","type":"page","link":"https:\/\/fritzjeitler.com\/sl\/prasic\/izdelki\/minerali\/","title":{"rendered":"Minerali"},"content":{"rendered":"\n<h1 class=\"wp-block-heading\" style=\"margin-top:var(--wp--preset--spacing--70)\">Minerali za pra\u0161i\u010de<\/h1>\n\n<p class=\"has-lora-font-family has-l-font-size\">Zdravi in vitalni pra\u0161i\u010di zagotavljajo gospodarski uspeh v pra\u0161i\u010dereji. Z na\u0161o mineralno krmo za plemenske svinje, pujske in pra\u0161i\u010de za pitanje lahko zagotovite optimalno oskrbo svoje \u010drede. <strong><em> <\/em><\/strong>&#8211; od samega za\u010detka. \u017de od leta 1967 se kmetje po vsej Avstriji zana\u0161ajo na prilagojene re\u0161itve podjetja JEITLER, ki skrbijo za zdravje njihove \u017eivine in pove\u010dujejo donosnost. Ponudba izdelkov BIOMIN zdru\u017euje dolgoletno raziskovalno delo z inovacijami in prakti\u010dnimi izku\u0161njami.   <\/p>\n\n<div class=\"wp-block-group alignwide is-style-toc has-green-light-background-color has-background has-global-padding is-layout-constrained wp-block-group-is-layout-constrained wp-container-1 is-position-sticky\" style=\"border-top-left-radius:0px;border-top-right-radius:0px;border-bottom-left-radius:0px;border-bottom-right-radius:0px\">\n<div class=\"wp-block-group alignwide is-horizontal is-content-justification-left is-nowrap is-layout-flex wp-container-core-group-is-layout-9032b91b wp-block-group-is-layout-flex\" style=\"padding-right:var(--wp--preset--spacing--100);padding-left:var(--wp--preset--spacing--100)\">\n<div class=\"wp-block-outermost-icon-block\"><div class=\"icon-container has-icon-color has-green-color\" style=\"color:#008438;width:30px;transform:rotate(0deg) scaleX(1) scaleY(1)\"><svg xmlns=\"http:\/\/www.w3.org\/2000\/svg\" height=\"18.822\" viewbox=\"0 0 31.727 18.822\" width=\"31.727\"><path d=\"m72.379 11.16a2.308 2.308 0 0 0 .208-.894c-.125-.613-1.04-1.175-.977-2.079a1.04 1.04 0 0 1 1.913-.343c.125.374.146 1.154-.416 1.164-.062-.437.2-1.383-.634-1.164-.468.437.125 1.455.447 1.539a2.079 2.079 0 0 0 .852-.1 11.631 11.631 0 0 1 1.487-.78 14.158 14.158 0 0 1 4.907-.239.811.811 0 0 1 .343 0c.645.114 5.416.582 5.78.613.676 0 2.911.229 3.389.3a24.157 24.157 0 0 0 3.722.437c1.04 0 3.41 0 3.825-.572s.613-1.435 1.04-2.079a6.6 6.6 0 0 1 .468 1.923 1.882 1.882 0 0 1 .956-.489 7.279 7.279 0 0 0 -.3 2.017 6.237 6.237 0 0 0 3 .7 1.039 1.039 0 0 0 .5-.229 1.04 1.04 0 0 1 .177 1.549c-.374.333-1.455.509-1.757.749a6.019 6.019 0 0 0 1.487-.343c-1.476 2.485-10.749 6.57-11.029 6.872a5.5 5.5 0 0 0 -.842 3.763c.062.832.249 1.559.343 2.225a.936.936 0 0 1 -1.331-.769.173.173 0 0 1 -.187.094 12.621 12.621 0 0 0 -.676-2.994c-.166-.457-.312-.925-.437-1.393a2.942 2.942 0 0 0 -.489-1.362c-2.744.083-5.686 0-8.316-.187a15.114 15.114 0 0 1 -1.882-.312 3.566 3.566 0 0 0 -1.778 2.505 12.767 12.767 0 0 0 .634 4.439 3.919 3.919 0 0 1 -.925 0c-.322-.281-.416-.78-.676-1.112-.083 0-.1.26-.218.187a5.634 5.634 0 0 1 -.062-1.331c-.083-.79-.416-1.632-.551-2.4a5.375 5.375 0 0 1 -.156-.821c0-.374.229-.665.27-1.04a2.817 2.817 0 0 0 -.229-1.674 1.04 1.04 0 0 0 -.291-.489 6.882 6.882 0 0 1 -1.684-5.572 2.211 2.211 0 0 1 .073-.281\" transform=\"translate(-71.607 -6.96)\"><\/path><\/svg><\/div><\/div>\n\n\n\n<p class=\"has-green-color has-text-color has-link-color wp-elements-5551ad57b93a5a8d3d439f55d8c03d64\" style=\"font-style:normal;font-weight:600;text-transform:uppercase\">Minerali<\/p>\n\n\n\n<div class=\"wp-block-buttons is-layout-flex wp-container-core-buttons-is-layout-2f98dd80 wp-block-buttons-is-layout-flex\">\n<div class=\"wp-block-button has-custom-width wp-block-button__width-50\"><a class=\"wp-block-button__link has-text-align-center wp-element-button\" href=\"#plemennesvinje\">Plemenske svinje<\/a><\/div>\n\n\n\n<div class=\"wp-block-button has-custom-width wp-block-button__width-50\"><a class=\"wp-block-button__link wp-element-button\" href=\"#mineralnakrmapra&#x161;i&#x10D;ek\">Pra\u0161i\u010dek<\/a><\/div>\n\n\n\n<div class=\"wp-block-button has-custom-width wp-block-button__width-50\"><a class=\"wp-block-button__link wp-element-button\" href=\"#mineralnakrmapra&#x161;i&#x10D;izapitanje\">Pra\u0161i\u010di za pitanje<\/a><\/div>\n<\/div>\n<\/div>\n<\/div>\n\n<div id=\"Zuchtsauen\" class=\"wp-block-group has-global-padding is-layout-constrained wp-block-group-is-layout-constrained\">\n<h3 class=\"wp-block-heading has-text-align-right\">Spodbuja zdravje, podpira prebavo &#8211; vlaknine naredijo svoje! <\/h3>\n\n\n\n<div class=\"wp-block-buttons is-content-justification-right is-layout-flex wp-container-core-buttons-is-layout-d445cf74 wp-block-buttons-is-layout-flex\">\n<div class=\"wp-block-button\"><a class=\"wp-block-button__link wp-element-button\" href=\"https:\/\/fritzjeitler.com\/schwein\/produkte\/rohfaserprodukte\/\"><strong>Izdelki iz surovih vlaken JEITLER<sup>\u00ae<\/sup><\/strong><\/a><\/div>\n<\/div>\n\n\n\n<h2 class=\"wp-block-heading\">Minerali za plemenske svinje<\/h2>\n\n\n\n<div class=\"wp-block-columns is-layout-flex wp-container-core-columns-is-layout-28f84493 wp-block-columns-is-layout-flex\">\n<div class=\"wp-block-column is-layout-flow wp-block-column-is-layout-flow\">\n<figure class=\"wp-block-image size-large is-resized\"><img loading=\"lazy\" decoding=\"async\" width=\"1024\" height=\"683\" src=\"https:\/\/fritzjeitler.com\/wp-content\/uploads\/2025\/04\/KSR39571-1-1024x683.jpg\" alt=\"Test\" class=\"wp-image-1471\" style=\"object-fit:cover;width:650px;height:350px\" srcset=\"https:\/\/fritzjeitler.com\/wp-content\/uploads\/2025\/04\/KSR39571-1-1024x683.jpg 1024w, https:\/\/fritzjeitler.com\/wp-content\/uploads\/2025\/04\/KSR39571-1-300x200.jpg 300w, https:\/\/fritzjeitler.com\/wp-content\/uploads\/2025\/04\/KSR39571-1-768x512.jpg 768w, https:\/\/fritzjeitler.com\/wp-content\/uploads\/2025\/04\/KSR39571-1-1536x1024.jpg 1536w, https:\/\/fritzjeitler.com\/wp-content\/uploads\/2025\/04\/KSR39571-1-2048x1365.jpg 2048w\" sizes=\"auto, (max-width: 1024px) 100vw, 1024px\" \/><\/figure>\n<\/div>\n\n\n\n<div class=\"wp-block-column is-layout-flow wp-block-column-is-layout-flow\">\n<p>Uspe\u0161nost dana\u0161nje genetike plemenskih svinj glede plodnosti in uspe\u0161nosti vzreje je ogromna. <\/p>\n\n\n\n<p>Ekonomski uspeh pri reji pujskov se odra\u017ea v \u0161tevilu in te\u017ei odstavljenih pujskov ter mle\u010dnosti svinj. Za zdrave plemenske svinje, nemoten porod in visoko plodnost poskrbijo specializirane mineralne re\u0161itve JEITLER<strong><sup>\u00ae<\/sup><\/strong> so prava izbira.  <\/p>\n\n\n\n<p><strong>Glede na cilje kmetije lahko izbirate med \u0161tirimi linijami izdelkov &#8211; za optimalno oskrbo plemenskih svinj z JEITLER<strong><sup>\u00ae<\/sup><\/strong> minerali.<\/strong> <\/p>\n<\/div>\n<\/div>\n\n\n\n<div class=\"wp-block-query is-layout-flow wp-block-query-is-layout-flow\"><\/div>\n<\/div>\n\n<div id=\"MineralfutterFerkel\" class=\"wp-block-group has-global-padding is-layout-constrained wp-block-group-is-layout-constrained\">\n<h2 class=\"wp-block-heading\">Minerali za pujske<\/h2>\n\n\n\n<div class=\"wp-block-columns is-layout-flex wp-container-core-columns-is-layout-28f84493 wp-block-columns-is-layout-flex\">\n<div class=\"wp-block-column is-layout-flow wp-block-column-is-layout-flow\">\n<figure class=\"wp-block-image size-large\"><img loading=\"lazy\" decoding=\"async\" width=\"1024\" height=\"683\" src=\"https:\/\/fritzjeitler.com\/wp-content\/uploads\/2025\/04\/KSR30192-1024x683.jpg\" alt=\"\" class=\"wp-image-1473\" style=\"object-fit:cover\" srcset=\"https:\/\/fritzjeitler.com\/wp-content\/uploads\/2025\/04\/KSR30192-1024x683.jpg 1024w, https:\/\/fritzjeitler.com\/wp-content\/uploads\/2025\/04\/KSR30192-300x200.jpg 300w, https:\/\/fritzjeitler.com\/wp-content\/uploads\/2025\/04\/KSR30192-768x512.jpg 768w, https:\/\/fritzjeitler.com\/wp-content\/uploads\/2025\/04\/KSR30192-1536x1024.jpg 1536w, https:\/\/fritzjeitler.com\/wp-content\/uploads\/2025\/04\/KSR30192-2048x1365.jpg 2048w\" sizes=\"auto, (max-width: 1024px) 100vw, 1024px\" \/><\/figure>\n<\/div>\n\n\n\n<div class=\"wp-block-column is-layout-flow wp-block-column-is-layout-flow\">\n<p><strong>Uspeh mojstra se za\u010dne pri pujsku!<\/strong><br\/>Sodobna pra\u0161i\u010dereja zahteva najve\u010djo zmogljivost &#8211; od svinje do pra\u0161i\u010da za pitanje. Samo tisti, ki optimizirajo krmljenje in upravljanje, lahko v celoti izkoristijo genetski potencial.  <\/p>\n\n\n\n<p>Na\u0161i izdelki za pujske JEITLER<sup>\u00ae<\/sup> ne spodbujajo le vitalnih pujskov, temve\u010d tudi razbremenjujejo svinjo. Mladi pujski postavljajo najvi\u0161je zahteve glede reje, higiene in hranjenja. Krma mora biti \u010dim bolj podobna svinjskemu mleku &#8211; lahko prebavljiva, privla\u010dna in varna. BIOMIN<sup>\u00ae<\/sup> NURIline vam zagotavlja \u0161iroko paleto mleka za pujske in razli\u010dne pred\u017eelodce &#8211; za mo\u010dan za\u010detek \u017eivljenja.    <\/p>\n<\/div>\n<\/div>\n\n\n\n<div class=\"wp-block-columns is-layout-flex wp-container-core-columns-is-layout-28f84493 wp-block-columns-is-layout-flex\">\n<div class=\"wp-block-column is-layout-flow wp-block-column-is-layout-flow\">\n<h3 class=\"wp-block-heading\"><strong>CILJI: <\/strong><\/h3>\n\n\n\n<ul class=\"wp-block-list\">\n<li><span>Ciljno usmerjena podpora za velike legla: Izkori\u0161\u010danje potenciala vseh \u017eivo rojenih pujskov<\/span><\/li>\n\n\n\n<li><span>Zmanj\u0161ajte obremenitev prebavnega trakta: Odporni pujski s stalnim vnosom krme in stabilno rastjo<\/span><\/li>\n\n\n\n<li><span>Optimalno izkori\u0161\u010danje potenciala rasti: visoka rastna zmogljivost v reji je klju\u010d do visokih prirastkov telesne mase in vsebnosti pustega mesa pri pitanju<\/span><\/li>\n<\/ul>\n<\/div>\n\n\n\n<div class=\"wp-block-column is-layout-flow wp-block-column-is-layout-flow\">\n<h3 class=\"wp-block-heading\">RE\u0160ITVE:<\/h3>\n\n\n\n<ol class=\"wp-block-list\">\n<li><span><strong>Sistemati\u010dno dopolnjevanje mleka in krme:<\/strong> Podprite razvoj pujskov, zlasti majhnih pujskov, z mlekom za pujske in<br\/>visokokakovostnimi prestarterji kot dodatkom k mleku svinje.<\/span><\/li>\n\n\n\n<li><span><strong>Nau\u010dite se jesti &#8211; nau\u010dite se prebavljati &#8211; stabilizirajte \u010drevesje: <\/strong>Spodbujajte u\u017eivanje trdne hrane z okusnimi in<br\/>dobro prebavljivimi predjedmi. Postopoma uvajajte nove sestavine, da spodbudite tvorbo potrebnih prebavnih encimov<br\/>. Stabilizirajte \u010drevesno floro v obdobju odstavljanja.  <\/span><\/li>\n\n\n\n<li><span><strong>Oskrba s hranili, optimizirana glede na povpra\u0161evanje:<\/strong> Optimalna preskrba z bistvenimi hranili in u\u010dinkovito spodbujanje u\u010dinkovitosti prebave<\/span><\/li>\n<\/ol>\n<\/div>\n<\/div>\n\n\n\n<figure class=\"wp-block-image size-large is-resized\"><img loading=\"lazy\" decoding=\"async\" width=\"1024\" height=\"341\" src=\"https:\/\/fritzjeitler.com\/wp-content\/uploads\/2025\/09\/Ferkel-Startphase-1024x341.png\" alt=\"\" class=\"wp-image-1797\" style=\"width:1230px;height:auto\" srcset=\"https:\/\/fritzjeitler.com\/wp-content\/uploads\/2025\/09\/Ferkel-Startphase-1024x341.png 1024w, https:\/\/fritzjeitler.com\/wp-content\/uploads\/2025\/09\/Ferkel-Startphase-300x100.png 300w, https:\/\/fritzjeitler.com\/wp-content\/uploads\/2025\/09\/Ferkel-Startphase-768x256.png 768w, https:\/\/fritzjeitler.com\/wp-content\/uploads\/2025\/09\/Ferkel-Startphase-1536x512.png 1536w, https:\/\/fritzjeitler.com\/wp-content\/uploads\/2025\/09\/Ferkel-Startphase-2048x683.png 2048w\" sizes=\"auto, (max-width: 1024px) 100vw, 1024px\" \/><\/figure>\n\n\n\n<div class=\"wp-block-group has-global-padding is-layout-constrained wp-block-group-is-layout-constrained\">\n<div class=\"wp-block-group has-global-padding is-layout-constrained wp-block-group-is-layout-constrained\">\n<div class=\"wp-block-query is-layout-flow wp-block-query-is-layout-flow\"><\/div>\n<\/div>\n<\/div>\n<\/div>\n\n<div id=\"MineralfutterMastschweine\" class=\"wp-block-group has-global-padding is-layout-constrained wp-block-group-is-layout-constrained\">\n<h2 class=\"wp-block-heading\">Minerali za pra\u0161i\u010de za pitanje<\/h2>\n\n\n\n<div class=\"wp-block-columns is-layout-flex wp-container-core-columns-is-layout-28f84493 wp-block-columns-is-layout-flex\">\n<div class=\"wp-block-column is-layout-flow wp-block-column-is-layout-flow\">\n<figure class=\"wp-block-image size-large\"><img loading=\"lazy\" decoding=\"async\" width=\"1024\" height=\"683\" src=\"https:\/\/fritzjeitler.com\/wp-content\/uploads\/2025\/04\/MTR63319-1024x683.jpg\" alt=\"\" class=\"wp-image-1505\" style=\"object-fit:cover\" srcset=\"https:\/\/fritzjeitler.com\/wp-content\/uploads\/2025\/04\/MTR63319-1024x683.jpg 1024w, https:\/\/fritzjeitler.com\/wp-content\/uploads\/2025\/04\/MTR63319-300x200.jpg 300w, https:\/\/fritzjeitler.com\/wp-content\/uploads\/2025\/04\/MTR63319-768x512.jpg 768w, https:\/\/fritzjeitler.com\/wp-content\/uploads\/2025\/04\/MTR63319-1536x1024.jpg 1536w, https:\/\/fritzjeitler.com\/wp-content\/uploads\/2025\/04\/MTR63319-2048x1365.jpg 2048w\" sizes=\"auto, (max-width: 1024px) 100vw, 1024px\" \/><\/figure>\n<\/div>\n\n\n\n<div class=\"wp-block-column is-layout-flow wp-block-column-is-layout-flow\">\n<p><strong>Pravilno upravljanje stojnic je predpogoj za kasnej\u0161i uspeh mojstra!<\/strong><\/p>\n\n\n\n<p>Da bi pra\u0161i\u010di v celoti izkoristili svoje zmogljivosti, jim je treba ob nastanitvi in v prvih tednih pitanja zagotoviti dovolj energije, beljakovin in aminokislin, saj se na za\u010detku pitanja oblikujejo temelji za vsebnost pustega mesa. Tega, kar je zanemarjeno v tem obdobju, ni mogo\u010de nadoknaditi v poznej\u0161ih fazah pitanja. <\/p>\n\n\n\n<p>Do 30 kg \u017eive te\u017eee <a href=\"#MineralfutterFerkel\">BIOMIN<sup>\u00ae<\/sup> mineralna krma za vzrejo<\/a> nudi optimalne pogoje za visoko u\u010dinkovitost pri kasnej\u0161em pitanju.<\/p>\n\n\n\n<p>Ponujamo re\u0161itve za mineralno krmo za vsakega pra\u0161i\u010derejca. Glede na zahteve so na voljo izdelki iz ve\u010d proizvodnih linij. <\/p>\n<\/div>\n<\/div>\n\n\n\n<div class=\"wp-block-group has-global-padding is-layout-constrained wp-block-group-is-layout-constrained\">\n<div class=\"wp-block-group has-global-padding is-layout-constrained wp-block-group-is-layout-constrained\">\n<div class=\"wp-block-query is-layout-flow wp-block-query-is-layout-flow\"><\/div>\n<\/div>\n<\/div>\n<\/div>\n","protected":false},"excerpt":{"rendered":"<p>Minerali za pra\u0161i\u010de Zdravi in vitalni pra\u0161i\u010di zagotavljajo gospodarski uspeh v pra\u0161i\u010dereji. Z na\u0161o mineralno krmo za plemenske svinje, pujske in pra\u0161i\u010de za pitanje lahko zagotovite optimalno oskrbo svoje \u010drede. &#8211; od samega za\u010detka. \u017de od leta 1967 se kmetje po vsej Avstriji zana\u0161ajo na prilagojene re\u0161itve podjetja JEITLER, ki skrbijo za zdravje njihove \u017eivine [&hellip;]<\/p>\n","protected":false},"author":6,"featured_media":1531,"parent":4963,"menu_order":0,"comment_status":"closed","ping_status":"closed","template":"wp-custom-template-seite-schwein","meta":{"clicksgefuehlecore_hide_title":false,"theme\/reading-time":-1,"page-redirect-enabled":false,"page-redirect-target-id":0,"footnotes":""},"class_list":["post-5322","page","type-page","status-publish","has-post-thumbnail","hentry"],"yoast_head":"<!-- This site is optimized with the Yoast SEO plugin v26.7 - https:\/\/yoast.com\/wordpress\/plugins\/seo\/ -->\n<title>Minerali - Fritz Jeitler Futtermittel<\/title>\n<meta name=\"description\" content=\"Zdravi in vitalni pra\u0161i\u010di zagotavljajo gospodarski uspeh v pra\u0161i\u010dereji. Ponudba izdelkov BIOMIN zdru\u017euje dolgoletno raziskovalno delo, inovacije in prakti\u010dne izku\u0161nje.\" \/>\n<meta name=\"robots\" content=\"index, follow, max-snippet:-1, max-image-preview:large, max-video-preview:-1\" \/>\n<link rel=\"canonical\" href=\"https:\/\/fritzjeitler.com\/sl\/prasic\/izdelki\/minerali\/\" \/>\n<meta property=\"og:locale\" content=\"sl_SI\" \/>\n<meta property=\"og:type\" content=\"article\" \/>\n<meta property=\"og:title\" content=\"Minerali - Fritz Jeitler Futtermittel\" \/>\n<meta property=\"og:description\" content=\"Zdravi in vitalni pra\u0161i\u010di zagotavljajo gospodarski uspeh v pra\u0161i\u010dereji. Ponudba izdelkov BIOMIN zdru\u017euje dolgoletno raziskovalno delo, inovacije in prakti\u010dne izku\u0161nje.\" \/>\n<meta property=\"og:url\" content=\"https:\/\/fritzjeitler.com\/sl\/prasic\/izdelki\/minerali\/\" \/>\n<meta property=\"og:site_name\" content=\"Fritz Jeitler Futtermittel\" \/>\n<meta property=\"article:modified_time\" content=\"2026-04-20T10:00:33+00:00\" \/>\n<meta property=\"og:image\" content=\"https:\/\/fritzjeitler.com\/wp-content\/uploads\/2025\/04\/MTR61793-2-scaled.jpg\" \/>\n\t<meta property=\"og:image:width\" content=\"2560\" \/>\n\t<meta property=\"og:image:height\" content=\"1707\" \/>\n\t<meta property=\"og:image:type\" content=\"image\/jpeg\" \/>\n<meta name=\"twitter:card\" content=\"summary_large_image\" \/>\n<meta name=\"twitter:label1\" content=\"Est. reading time\" \/>\n\t<meta name=\"twitter:data1\" content=\"3 minute\" \/>\n<script type=\"application\/ld+json\" class=\"yoast-schema-graph\">{\"@context\":\"https:\/\/schema.org\",\"@graph\":[{\"@type\":\"WebPage\",\"@id\":\"https:\/\/fritzjeitler.com\/sl\/prasic\/izdelki\/minerali\/\",\"url\":\"https:\/\/fritzjeitler.com\/sl\/prasic\/izdelki\/minerali\/\",\"name\":\"Minerali - Fritz Jeitler Futtermittel\",\"isPartOf\":{\"@id\":\"https:\/\/fritzjeitler.com\/sl\/#website\"},\"primaryImageOfPage\":{\"@id\":\"https:\/\/fritzjeitler.com\/sl\/prasic\/izdelki\/minerali\/#primaryimage\"},\"image\":{\"@id\":\"https:\/\/fritzjeitler.com\/sl\/prasic\/izdelki\/minerali\/#primaryimage\"},\"thumbnailUrl\":\"https:\/\/fritzjeitler.com\/wp-content\/uploads\/2025\/04\/MTR61793-2-scaled.jpg\",\"datePublished\":\"2025-03-21T11:49:28+00:00\",\"dateModified\":\"2026-04-20T10:00:33+00:00\",\"description\":\"Zdravi in vitalni pra\u0161i\u010di zagotavljajo gospodarski uspeh v pra\u0161i\u010dereji. Ponudba izdelkov BIOMIN zdru\u017euje dolgoletno raziskovalno delo, inovacije in prakti\u010dne izku\u0161nje.\",\"breadcrumb\":{\"@id\":\"https:\/\/fritzjeitler.com\/sl\/prasic\/izdelki\/minerali\/#breadcrumb\"},\"inLanguage\":\"sl-SI\",\"potentialAction\":[{\"@type\":\"ReadAction\",\"target\":[\"https:\/\/fritzjeitler.com\/sl\/prasic\/izdelki\/minerali\/\"]}]},{\"@type\":\"ImageObject\",\"inLanguage\":\"sl-SI\",\"@id\":\"https:\/\/fritzjeitler.com\/sl\/prasic\/izdelki\/minerali\/#primaryimage\",\"url\":\"https:\/\/fritzjeitler.com\/wp-content\/uploads\/2025\/04\/MTR61793-2-scaled.jpg\",\"contentUrl\":\"https:\/\/fritzjeitler.com\/wp-content\/uploads\/2025\/04\/MTR61793-2-scaled.jpg\",\"width\":2560,\"height\":1707},{\"@type\":\"BreadcrumbList\",\"@id\":\"https:\/\/fritzjeitler.com\/sl\/prasic\/izdelki\/minerali\/#breadcrumb\",\"itemListElement\":[{\"@type\":\"ListItem\",\"position\":1,\"name\":\"Home\",\"item\":\"https:\/\/fritzjeitler.com\/sl\/\"},{\"@type\":\"ListItem\",\"position\":2,\"name\":\"Pra\u0161i\u010d\",\"item\":\"https:\/\/fritzjeitler.com\/sl\/prasic\/\"},{\"@type\":\"ListItem\",\"position\":3,\"name\":\"Izdelki\",\"item\":\"https:\/\/fritzjeitler.com\/sl\/prasic\/izdelki\/\"},{\"@type\":\"ListItem\",\"position\":4,\"name\":\"Minerali\"}]},{\"@type\":\"WebSite\",\"@id\":\"https:\/\/fritzjeitler.com\/sl\/#website\",\"url\":\"https:\/\/fritzjeitler.com\/sl\/\",\"name\":\"Fritz Jeitler Futtermittel\",\"description\":\"\",\"potentialAction\":[{\"@type\":\"SearchAction\",\"target\":{\"@type\":\"EntryPoint\",\"urlTemplate\":\"https:\/\/fritzjeitler.com\/sl\/?s={search_term_string}\"},\"query-input\":{\"@type\":\"PropertyValueSpecification\",\"valueRequired\":true,\"valueName\":\"search_term_string\"}}],\"inLanguage\":\"sl-SI\"}]}<\/script>\n<!-- \/ Yoast SEO plugin. -->","yoast_head_json":{"title":"Minerali - Fritz Jeitler Futtermittel","description":"Zdravi in vitalni pra\u0161i\u010di zagotavljajo gospodarski uspeh v pra\u0161i\u010dereji. Ponudba izdelkov BIOMIN zdru\u017euje dolgoletno raziskovalno delo, inovacije in prakti\u010dne izku\u0161nje.","robots":{"index":"index","follow":"follow","max-snippet":"max-snippet:-1","max-image-preview":"max-image-preview:large","max-video-preview":"max-video-preview:-1"},"canonical":"https:\/\/fritzjeitler.com\/sl\/prasic\/izdelki\/minerali\/","og_locale":"sl_SI","og_type":"article","og_title":"Minerali - Fritz Jeitler Futtermittel","og_description":"Zdravi in vitalni pra\u0161i\u010di zagotavljajo gospodarski uspeh v pra\u0161i\u010dereji. Ponudba izdelkov BIOMIN zdru\u017euje dolgoletno raziskovalno delo, inovacije in prakti\u010dne izku\u0161nje.","og_url":"https:\/\/fritzjeitler.com\/sl\/prasic\/izdelki\/minerali\/","og_site_name":"Fritz Jeitler Futtermittel","article_modified_time":"2026-04-20T10:00:33+00:00","og_image":[{"width":2560,"height":1707,"url":"https:\/\/fritzjeitler.com\/wp-content\/uploads\/2025\/04\/MTR61793-2-scaled.jpg","type":"image\/jpeg"}],"twitter_card":"summary_large_image","twitter_misc":{"Est. reading time":"3 minute"},"schema":{"@context":"https:\/\/schema.org","@graph":[{"@type":"WebPage","@id":"https:\/\/fritzjeitler.com\/sl\/prasic\/izdelki\/minerali\/","url":"https:\/\/fritzjeitler.com\/sl\/prasic\/izdelki\/minerali\/","name":"Minerali - Fritz Jeitler Futtermittel","isPartOf":{"@id":"https:\/\/fritzjeitler.com\/sl\/#website"},"primaryImageOfPage":{"@id":"https:\/\/fritzjeitler.com\/sl\/prasic\/izdelki\/minerali\/#primaryimage"},"image":{"@id":"https:\/\/fritzjeitler.com\/sl\/prasic\/izdelki\/minerali\/#primaryimage"},"thumbnailUrl":"https:\/\/fritzjeitler.com\/wp-content\/uploads\/2025\/04\/MTR61793-2-scaled.jpg","datePublished":"2025-03-21T11:49:28+00:00","dateModified":"2026-04-20T10:00:33+00:00","description":"Zdravi in vitalni pra\u0161i\u010di zagotavljajo gospodarski uspeh v pra\u0161i\u010dereji. Ponudba izdelkov BIOMIN zdru\u017euje dolgoletno raziskovalno delo, inovacije in prakti\u010dne izku\u0161nje.","breadcrumb":{"@id":"https:\/\/fritzjeitler.com\/sl\/prasic\/izdelki\/minerali\/#breadcrumb"},"inLanguage":"sl-SI","potentialAction":[{"@type":"ReadAction","target":["https:\/\/fritzjeitler.com\/sl\/prasic\/izdelki\/minerali\/"]}]},{"@type":"ImageObject","inLanguage":"sl-SI","@id":"https:\/\/fritzjeitler.com\/sl\/prasic\/izdelki\/minerali\/#primaryimage","url":"https:\/\/fritzjeitler.com\/wp-content\/uploads\/2025\/04\/MTR61793-2-scaled.jpg","contentUrl":"https:\/\/fritzjeitler.com\/wp-content\/uploads\/2025\/04\/MTR61793-2-scaled.jpg","width":2560,"height":1707},{"@type":"BreadcrumbList","@id":"https:\/\/fritzjeitler.com\/sl\/prasic\/izdelki\/minerali\/#breadcrumb","itemListElement":[{"@type":"ListItem","position":1,"name":"Home","item":"https:\/\/fritzjeitler.com\/sl\/"},{"@type":"ListItem","position":2,"name":"Pra\u0161i\u010d","item":"https:\/\/fritzjeitler.com\/sl\/prasic\/"},{"@type":"ListItem","position":3,"name":"Izdelki","item":"https:\/\/fritzjeitler.com\/sl\/prasic\/izdelki\/"},{"@type":"ListItem","position":4,"name":"Minerali"}]},{"@type":"WebSite","@id":"https:\/\/fritzjeitler.com\/sl\/#website","url":"https:\/\/fritzjeitler.com\/sl\/","name":"Fritz Jeitler Futtermittel","description":"","potentialAction":[{"@type":"SearchAction","target":{"@type":"EntryPoint","urlTemplate":"https:\/\/fritzjeitler.com\/sl\/?s={search_term_string}"},"query-input":{"@type":"PropertyValueSpecification","valueRequired":true,"valueName":"search_term_string"}}],"inLanguage":"sl-SI"}]}},"_links":{"self":[{"href":"https:\/\/fritzjeitler.com\/sl\/wp-json\/wp\/v2\/pages\/5322","targetHints":{"allow":["GET"]}}],"collection":[{"href":"https:\/\/fritzjeitler.com\/sl\/wp-json\/wp\/v2\/pages"}],"about":[{"href":"https:\/\/fritzjeitler.com\/sl\/wp-json\/wp\/v2\/types\/page"}],"author":[{"embeddable":true,"href":"https:\/\/fritzjeitler.com\/sl\/wp-json\/wp\/v2\/users\/6"}],"replies":[{"embeddable":true,"href":"https:\/\/fritzjeitler.com\/sl\/wp-json\/wp\/v2\/comments?post=5322"}],"version-history":[{"count":10,"href":"https:\/\/fritzjeitler.com\/sl\/wp-json\/wp\/v2\/pages\/5322\/revisions"}],"predecessor-version":[{"id":5621,"href":"https:\/\/fritzjeitler.com\/sl\/wp-json\/wp\/v2\/pages\/5322\/revisions\/5621"}],"up":[{"embeddable":true,"href":"https:\/\/fritzjeitler.com\/sl\/wp-json\/wp\/v2\/pages\/4963"}],"wp:featuredmedia":[{"embeddable":true,"href":"https:\/\/fritzjeitler.com\/sl\/wp-json\/wp\/v2\/media\/1531"}],"wp:attachment":[{"href":"https:\/\/fritzjeitler.com\/sl\/wp-json\/wp\/v2\/media?parent=5322"}],"curies":[{"name":"wp","href":"https:\/\/api.w.org\/{rel}","templated":true}]}}