{"id":5319,"date":"2025-01-21T13:35:33","date_gmt":"2025-01-21T12:35:33","guid":{"rendered":"https:\/\/fritzjeitler.com\/prezvekovalci\/izdelki-2\/minerali-za-prezvekovalce\/"},"modified":"2026-04-16T17:07:01","modified_gmt":"2026-04-16T15:07:01","slug":"minerali-za-prezvekovalce","status":"publish","type":"page","link":"https:\/\/fritzjeitler.com\/sl\/prezvekovalci\/izdelki-2\/minerali-za-prezvekovalce\/","title":{"rendered":"Minerali"},"content":{"rendered":"\n<h1 class=\"wp-block-heading\" style=\"margin-top:var(--wp--preset--spacing--70)\">Minerali<\/h1>\n\n<p class=\"has-lora-font-family has-l-font-size\">Blagovna znamka BIOMIN pomeni kakovost, inovativnost in zanesljivost pri razvoju in proizvodnji mineralov in premiksov. \u0160irok portfelj izdelkov in prilagojene, individualne re\u0161itve na\u0161im kmetom zagotavljajo osnovo za uspe\u0161no proizvodnjo. <\/p>\n\n<p class=\"has-lora-font-family has-l-font-size\">Ponujamo edinstvene minerale za izbolj\u0161anje zdravja, plodnosti in u\u010dinkovitosti \u017eivali na vseh podro\u010djih krmljenja pre\u017evekovalcev, od telet in krav molznic do govedi, ovac in koz. Za vsako kmetijo imamo pravo re\u0161itev. <\/p>\n\n<div class=\"wp-block-columns is-layout-flex wp-container-core-columns-is-layout-28f84493 wp-block-columns-is-layout-flex\">\n<div class=\"wp-block-column is-layout-flow wp-block-column-is-layout-flow\"><\/div>\n\n\n\n<div class=\"wp-block-column is-layout-flow wp-block-column-is-layout-flow\"><\/div>\n<\/div>\n\n<div class=\"wp-block-group alignwide is-style-toc has-green-light-background-color has-background has-global-padding is-layout-constrained wp-block-group-is-layout-constrained wp-container-1 is-position-sticky\" style=\"border-top-left-radius:0px;border-top-right-radius:0px;border-bottom-left-radius:0px;border-bottom-right-radius:0px\">\n<div class=\"wp-block-group alignwide is-horizontal is-content-justification-left is-nowrap is-layout-flex wp-container-core-group-is-layout-9032b91b wp-block-group-is-layout-flex\" style=\"padding-right:var(--wp--preset--spacing--100);padding-left:var(--wp--preset--spacing--100)\">\n<div class=\"wp-block-outermost-icon-block\"><div class=\"icon-container has-icon-color has-green-color\" style=\"color:#008438;width:30px;transform:rotate(0deg) scaleX(1) scaleY(1)\"><svg xmlns=\"http:\/\/www.w3.org\/2000\/svg\" height=\"22.916\" viewbox=\"0 0 35.91 22.916\" width=\"35.91\"><path d=\"m28.188 13.368c.2-.921 1.326-.921 1.584-2s-.11-2.919-.055-4.364a14.308 14.308 0 0 1 .368-2.928c.12-.921.368-1.685.921-1.933l.193-.074a1.685 1.685 0 0 1 .644-.138c.5-.092 1.068-.147 1.574-.295a7.9 7.9 0 0 1 2.762-.678c1.28.064 2.642.4 4.051.534a29.653 29.653 0 0 0 5.524.267c2.044-.166 3.683-1.1 5.993-1 1.068.046 3.683 1.28 5.653.617 0-.055-.249-1.372.129-1.372a1.639 1.639 0 0 1 1.188.783c.488-.11.516-.562.985-.534 1.031 0 1.574 1.51.81 1.289-.064 0 0 .129 0 .258a36.709 36.709 0 0 0 2.762 3.683c.442.543 1.1 1.059.635 1.841-.12.175-.322.184-.433.331s-.064.313-.175.414c-.644.562-1.27-.221-1.62-.276-.2 0-.46.083-.7.074-.451 0-1.593-.746-2.062-.4a74.681 74.681 0 0 1 -8.019 5.662c-1.271.7-1.565 4.806-1.547 6.85 0 1.492.737 2.026 1.455 2.827a9.271 9.271 0 0 1 -2.008.094c-.341-.285-.3-.847-.819-.737.433-3.388-.672-5.892-1.123-8.71v-.092c-1.409.138-4 .921-4.833.921s-2.872-1.188-3.959-1.712c-2.329 1.952-4.99 6.3-3.784 8.949.221.479.672.718.737 1.28a5.367 5.367 0 0 1 -2.1 0c-.092-.368-.414-.81-.663-.81.295-2.3-.267-4.438-.157-6.445a14.638 14.638 0 0 1 .313-1.989h-.064a15.938 15.938 0 0 0 -.865-3.112 19.759 19.759 0 0 1 -.709-4.5 18.046 18.046 0 0 0 -.405 3.453c-.046 1.225.423 2.127.322 3.011s-.921 1.381-1.1 2.09c-.295 1.022 0 2.44-1.2 2.4a3.517 3.517 0 0 0 -.23-2.9z\" transform=\"translate(-28.16)\"><\/path><\/svg><\/div><\/div>\n\n\n\n<p class=\"has-green-color has-text-color has-link-color wp-elements-5551ad57b93a5a8d3d439f55d8c03d64\" style=\"font-style:normal;font-weight:600;text-transform:uppercase\">Minerali<\/p>\n\n\n\n<div class=\"wp-block-buttons is-content-justification-left is-layout-flex wp-container-core-buttons-is-layout-ba2f943b wp-block-buttons-is-layout-flex\">\n<div class=\"wp-block-button\"><a class=\"wp-block-button__link has-text-align-center wp-element-button\" href=\"&lt;!--[CDATA[#MineralfutterMilchrinder]]--&gt;\">Mle\u010dno govedo<\/a><\/div>\n\n\n\n<div class=\"wp-block-button\"><a class=\"wp-block-button__link wp-element-button\" href=\"#K&#xE4;lberaufzucht\">Teleta<\/a><\/div>\n\n\n\n<div class=\"wp-block-button\"><a class=\"wp-block-button__link wp-element-button\" href=\"#MineralfutterMastrinder\">Pitanje goveda<\/a><\/div>\n\n\n\n<div class=\"wp-block-button\"><a class=\"wp-block-button__link wp-element-button\" href=\"#MineralfutterSchafeZiegen\">Ovce in koze<\/a><\/div>\n<\/div>\n<\/div>\n<\/div>\n\n<div id=\"MineralfutterMilchrinder\" class=\"wp-block-group has-global-padding is-layout-constrained wp-block-group-is-layout-constrained\">\n<h2 class=\"wp-block-heading\">Minerali za mle\u010dno \u017eivino<\/h2>\n\n\n\n<div class=\"wp-block-columns is-layout-flex wp-container-core-columns-is-layout-28f84493 wp-block-columns-is-layout-flex\">\n<div class=\"wp-block-column is-layout-flow wp-block-column-is-layout-flow\">\n<figure class=\"wp-block-image size-large\"><img loading=\"lazy\" decoding=\"async\" width=\"1024\" height=\"683\" src=\"https:\/\/fritzjeitler.com\/wp-content\/uploads\/2025\/04\/KSR35656-1024x683.jpg\" alt=\"\" class=\"wp-image-1626\" style=\"object-fit:cover\" srcset=\"https:\/\/fritzjeitler.com\/wp-content\/uploads\/2025\/04\/KSR35656-1024x683.jpg 1024w, https:\/\/fritzjeitler.com\/wp-content\/uploads\/2025\/04\/KSR35656-300x200.jpg 300w, https:\/\/fritzjeitler.com\/wp-content\/uploads\/2025\/04\/KSR35656-768x512.jpg 768w, https:\/\/fritzjeitler.com\/wp-content\/uploads\/2025\/04\/KSR35656-1536x1024.jpg 1536w, https:\/\/fritzjeitler.com\/wp-content\/uploads\/2025\/04\/KSR35656-2048x1365.jpg 2048w\" sizes=\"auto, (max-width: 1024px) 100vw, 1024px\" \/><\/figure>\n<\/div>\n\n\n\n<div class=\"wp-block-column is-layout-flow wp-block-column-is-layout-flow\">\n<p>Z dnevno mineralno krmo se osnovni obrok dopolni z minerali, elementi v sledovih in vitamini, da se nadomestijo morebitna pomanjkanja. Krava molznica izgubi pribli\u017eno 8 g surovega pepela na liter mleka, kar je treba nadomestiti z dodatkom za pokritje potreb.  <\/p>\n\n\n\n<p>\u010ce se pojavijo antagonizmi (npr. voda, bogata z apnom in \u017eelezom, visoka vsebnost surovega pepela) in pri zelo visokih koli\u010dinah, se lahko za prepre\u010devanje pomanjkanja uporabijo tudi organsko vezani elementi v sledovih.<\/p>\n\n\n\n<p><br\/><\/p>\n<\/div>\n<\/div>\n\n\n\n<div class=\"wp-block-query is-layout-flow wp-block-query-is-layout-flow\"><\/div>\n<\/div>\n\n<div id=\"K\u00e4lberaufzucht\" class=\"wp-block-group has-global-padding is-layout-constrained wp-block-group-is-layout-constrained\">\n<h2 class=\"wp-block-heading\">Vzreja telet<\/h2>\n\n\n\n<div class=\"wp-block-columns is-layout-flex wp-container-core-columns-is-layout-28f84493 wp-block-columns-is-layout-flex\">\n<div class=\"wp-block-column is-layout-flow wp-block-column-is-layout-flow\">\n<figure class=\"wp-block-image size-large\"><img loading=\"lazy\" decoding=\"async\" width=\"1024\" height=\"683\" src=\"https:\/\/fritzjeitler.com\/wp-content\/uploads\/2025\/04\/MTR63658-1024x683.jpg\" alt=\"\" class=\"wp-image-1640\" style=\"object-fit:cover\" srcset=\"https:\/\/fritzjeitler.com\/wp-content\/uploads\/2025\/04\/MTR63658-1024x683.jpg 1024w, https:\/\/fritzjeitler.com\/wp-content\/uploads\/2025\/04\/MTR63658-300x200.jpg 300w, https:\/\/fritzjeitler.com\/wp-content\/uploads\/2025\/04\/MTR63658-768x512.jpg 768w, https:\/\/fritzjeitler.com\/wp-content\/uploads\/2025\/04\/MTR63658-1536x1024.jpg 1536w, https:\/\/fritzjeitler.com\/wp-content\/uploads\/2025\/04\/MTR63658-2048x1365.jpg 2048w\" sizes=\"auto, (max-width: 1024px) 100vw, 1024px\" \/><\/figure>\n<\/div>\n\n\n\n<div class=\"wp-block-column is-layout-flow wp-block-column-is-layout-flow\">\n<p>Koncept JEITLER<sup>\u00ae<\/sup> za teleta je celovit koncept krmljenja, ki temelji na desetletjih izku\u0161enj in znanstvenih raziskav na podro\u010dju prehrane telet. <\/p>\n\n\n\n<p>Ta koncept hranjenja vklju\u010duje <\/p>\n\n\n\n<ul class=\"wp-block-list\">\n<li><span>Mle\u010dni nadomestek za teleta <\/span><\/li>\n\n\n\n<li><span>Mineralna krma, za\u010detna krma in dodatki za teleta <\/span><\/li>\n<\/ul>\n\n\n\n<p>Koncepti re\u0161itve vsebujejo vsa hranila, potrebna za optimalno rast telet, zdravje \u010drevesja in zmogljivost. <br\/><\/p>\n<\/div>\n<\/div>\n\n\n\n<div class=\"wp-block-query is-layout-flow wp-block-query-is-layout-flow\"><\/div>\n<\/div>\n\n<div id=\"MineralfutterMastrinder\" class=\"wp-block-group has-global-padding is-layout-constrained wp-block-group-is-layout-constrained\">\n<h2 class=\"wp-block-heading\">Minerali za govedo<\/h2>\n\n\n\n<div class=\"wp-block-columns is-layout-flex wp-container-core-columns-is-layout-28f84493 wp-block-columns-is-layout-flex\">\n<div class=\"wp-block-column is-layout-flow wp-block-column-is-layout-flow\">\n<figure class=\"wp-block-image size-large\"><img loading=\"lazy\" decoding=\"async\" width=\"1024\" height=\"683\" src=\"https:\/\/fritzjeitler.com\/wp-content\/uploads\/2025\/04\/MTR65036-1024x683.jpg\" alt=\"\" class=\"wp-image-1638\" style=\"object-fit:cover\" srcset=\"https:\/\/fritzjeitler.com\/wp-content\/uploads\/2025\/04\/MTR65036-1024x683.jpg 1024w, https:\/\/fritzjeitler.com\/wp-content\/uploads\/2025\/04\/MTR65036-300x200.jpg 300w, https:\/\/fritzjeitler.com\/wp-content\/uploads\/2025\/04\/MTR65036-768x512.jpg 768w, https:\/\/fritzjeitler.com\/wp-content\/uploads\/2025\/04\/MTR65036-1536x1024.jpg 1536w, https:\/\/fritzjeitler.com\/wp-content\/uploads\/2025\/04\/MTR65036-2048x1365.jpg 2048w\" sizes=\"auto, (max-width: 1024px) 100vw, 1024px\" \/><\/figure>\n<\/div>\n\n\n\n<div class=\"wp-block-column is-layout-flow wp-block-column-is-layout-flow\">\n<p>Za doseganje visoke kon\u010dne mase za pitanje z visokimi dnevnimi prirastki te\u017ee morajo biti \u017eivali zdrave in izpolnjevati ustrezne zahteve.<\/p>\n\n\n\n<p>To zahteva osnovno krmno me\u0161anico z mineralno krmo. Mineralna krma je pomembna za ustrezno oskrbo z minerali, elementi v sledovih in vitamini.  <\/p>\n\n\n\n<p>Mineralna krma je pogosto podcenjena, zlasti v fazi od teleta do pitanca in pri mladem pitanem govedu v fazi pred pitanjem. Tu poteka zelo mo\u010dna rast kosti in okostja, zato je treba posebno pozornost nameniti usmerjenemu dodajanju mineralne krme.  <\/p>\n\n\n\n<p><br\/><\/p>\n<\/div>\n<\/div>\n\n\n\n<div class=\"wp-block-query is-layout-flow wp-block-query-is-layout-flow\"><\/div>\n<\/div>\n\n<div id=\"MineralfutterSchafeZiegen\" class=\"wp-block-group has-global-padding is-layout-constrained wp-block-group-is-layout-constrained\">\n<h2 class=\"wp-block-heading\">Minerali za ovce in koze<\/h2>\n\n\n\n<div class=\"wp-block-columns is-layout-flex wp-container-core-columns-is-layout-28f84493 wp-block-columns-is-layout-flex\">\n<div class=\"wp-block-column is-layout-flow wp-block-column-is-layout-flow\">\n<figure class=\"wp-block-image size-large\"><img loading=\"lazy\" decoding=\"async\" width=\"1024\" height=\"683\" src=\"https:\/\/fritzjeitler.com\/wp-content\/uploads\/2025\/04\/sheep-1335485_1920-1024x683.jpg\" alt=\"\" class=\"wp-image-1657\" style=\"object-fit:cover\" srcset=\"https:\/\/fritzjeitler.com\/wp-content\/uploads\/2025\/04\/sheep-1335485_1920-1024x683.jpg 1024w, https:\/\/fritzjeitler.com\/wp-content\/uploads\/2025\/04\/sheep-1335485_1920-300x200.jpg 300w, https:\/\/fritzjeitler.com\/wp-content\/uploads\/2025\/04\/sheep-1335485_1920-768x512.jpg 768w, https:\/\/fritzjeitler.com\/wp-content\/uploads\/2025\/04\/sheep-1335485_1920-1536x1024.jpg 1536w, https:\/\/fritzjeitler.com\/wp-content\/uploads\/2025\/04\/sheep-1335485_1920.jpg 1920w\" sizes=\"auto, (max-width: 1024px) 100vw, 1024px\" \/><\/figure>\n<\/div>\n\n\n\n<div class=\"wp-block-column is-layout-flow wp-block-column-is-layout-flow\">\n<p>Uravnote\u017eena oskrba z minerali je osnova za plodnost in u\u010dinkovitost va\u0161ih ovc in koz. Na\u0161a visokokakovostna mineralna krma je posebej prilagojena potrebam ovc in koz. <br\/><\/p>\n<\/div>\n<\/div>\n<\/div>\n\n<div class=\"wp-block-query is-layout-flow wp-block-query-is-layout-flow\"><\/div>\n\n<p><\/p>\n","protected":false},"excerpt":{"rendered":"<p>Minerali Blagovna znamka BIOMIN pomeni kakovost, inovativnost in zanesljivost pri razvoju in proizvodnji mineralov in premiksov. \u0160irok portfelj izdelkov in prilagojene, individualne re\u0161itve na\u0161im kmetom zagotavljajo osnovo za uspe\u0161no proizvodnjo. Ponujamo edinstvene minerale za izbolj\u0161anje zdravja, plodnosti in u\u010dinkovitosti \u017eivali na vseh podro\u010djih krmljenja pre\u017evekovalcev, od telet in krav molznic do govedi, ovac in koz. [&hellip;]<\/p>\n","protected":false},"author":3,"featured_media":2090,"parent":4977,"menu_order":1,"comment_status":"closed","ping_status":"closed","template":"wp-custom-template-seite-rind","meta":{"clicksgefuehlecore_hide_title":false,"theme\/reading-time":-1,"page-redirect-enabled":false,"page-redirect-target-id":0,"footnotes":""},"class_list":["post-5319","page","type-page","status-publish","has-post-thumbnail","hentry"],"yoast_head":"<!-- This site is optimized with the Yoast SEO plugin v26.7 - https:\/\/yoast.com\/wordpress\/plugins\/seo\/ -->\n<title>Minerali - Fritz Jeitler Futtermittel<\/title>\n<meta name=\"description\" content=\"Ponujamo edinstvene minerale za izbolj\u0161anje zdravja, plodnosti in u\u010dinkovitosti \u017eivali na vseh podro\u010djih krmljenja pre\u017evekovalcev, od telet in krav molznic do govedi, ovac in koz.\" \/>\n<meta name=\"robots\" content=\"index, follow, max-snippet:-1, max-image-preview:large, max-video-preview:-1\" \/>\n<link rel=\"canonical\" href=\"https:\/\/fritzjeitler.com\/sl\/prezvekovalci\/izdelki-2\/minerali-za-prezvekovalce\/\" \/>\n<meta property=\"og:locale\" content=\"sl_SI\" \/>\n<meta property=\"og:type\" content=\"article\" \/>\n<meta property=\"og:title\" content=\"Minerali - Fritz Jeitler Futtermittel\" \/>\n<meta property=\"og:description\" content=\"Ponujamo edinstvene minerale za izbolj\u0161anje zdravja, plodnosti in u\u010dinkovitosti \u017eivali na vseh podro\u010djih krmljenja pre\u017evekovalcev, od telet in krav molznic do govedi, ovac in koz.\" \/>\n<meta property=\"og:url\" content=\"https:\/\/fritzjeitler.com\/sl\/prezvekovalci\/izdelki-2\/minerali-za-prezvekovalce\/\" \/>\n<meta property=\"og:site_name\" content=\"Fritz Jeitler Futtermittel\" \/>\n<meta property=\"article:modified_time\" content=\"2026-04-16T15:07:01+00:00\" \/>\n<meta property=\"og:image\" content=\"https:\/\/fritzjeitler.com\/wp-content\/uploads\/2025\/02\/KSR36116-scaled.jpg\" \/>\n\t<meta property=\"og:image:width\" content=\"2560\" \/>\n\t<meta property=\"og:image:height\" content=\"1707\" \/>\n\t<meta property=\"og:image:type\" content=\"image\/jpeg\" \/>\n<meta name=\"twitter:card\" content=\"summary_large_image\" \/>\n<meta name=\"twitter:label1\" content=\"Est. reading time\" \/>\n\t<meta name=\"twitter:data1\" content=\"2 minuti\" \/>\n<script type=\"application\/ld+json\" class=\"yoast-schema-graph\">{\"@context\":\"https:\/\/schema.org\",\"@graph\":[{\"@type\":\"WebPage\",\"@id\":\"https:\/\/fritzjeitler.com\/sl\/prezvekovalci\/izdelki-2\/minerali-za-prezvekovalce\/\",\"url\":\"https:\/\/fritzjeitler.com\/sl\/prezvekovalci\/izdelki-2\/minerali-za-prezvekovalce\/\",\"name\":\"Minerali - Fritz Jeitler Futtermittel\",\"isPartOf\":{\"@id\":\"https:\/\/fritzjeitler.com\/sl\/#website\"},\"primaryImageOfPage\":{\"@id\":\"https:\/\/fritzjeitler.com\/sl\/prezvekovalci\/izdelki-2\/minerali-za-prezvekovalce\/#primaryimage\"},\"image\":{\"@id\":\"https:\/\/fritzjeitler.com\/sl\/prezvekovalci\/izdelki-2\/minerali-za-prezvekovalce\/#primaryimage\"},\"thumbnailUrl\":\"https:\/\/fritzjeitler.com\/wp-content\/uploads\/2025\/02\/KSR36116-scaled.jpg\",\"datePublished\":\"2025-01-21T12:35:33+00:00\",\"dateModified\":\"2026-04-16T15:07:01+00:00\",\"description\":\"Ponujamo edinstvene minerale za izbolj\u0161anje zdravja, plodnosti in u\u010dinkovitosti \u017eivali na vseh podro\u010djih krmljenja pre\u017evekovalcev, od telet in krav molznic do govedi, ovac in koz.\",\"breadcrumb\":{\"@id\":\"https:\/\/fritzjeitler.com\/sl\/prezvekovalci\/izdelki-2\/minerali-za-prezvekovalce\/#breadcrumb\"},\"inLanguage\":\"sl-SI\",\"potentialAction\":[{\"@type\":\"ReadAction\",\"target\":[\"https:\/\/fritzjeitler.com\/sl\/prezvekovalci\/izdelki-2\/minerali-za-prezvekovalce\/\"]}]},{\"@type\":\"ImageObject\",\"inLanguage\":\"sl-SI\",\"@id\":\"https:\/\/fritzjeitler.com\/sl\/prezvekovalci\/izdelki-2\/minerali-za-prezvekovalce\/#primaryimage\",\"url\":\"https:\/\/fritzjeitler.com\/wp-content\/uploads\/2025\/02\/KSR36116-scaled.jpg\",\"contentUrl\":\"https:\/\/fritzjeitler.com\/wp-content\/uploads\/2025\/02\/KSR36116-scaled.jpg\",\"width\":2560,\"height\":1707},{\"@type\":\"BreadcrumbList\",\"@id\":\"https:\/\/fritzjeitler.com\/sl\/prezvekovalci\/izdelki-2\/minerali-za-prezvekovalce\/#breadcrumb\",\"itemListElement\":[{\"@type\":\"ListItem\",\"position\":1,\"name\":\"Home\",\"item\":\"https:\/\/fritzjeitler.com\/sl\/\"},{\"@type\":\"ListItem\",\"position\":2,\"name\":\"Pre\u017evekovalci\",\"item\":\"https:\/\/fritzjeitler.com\/sl\/prezvekovalci\/\"},{\"@type\":\"ListItem\",\"position\":3,\"name\":\"Izdelki\",\"item\":\"https:\/\/fritzjeitler.com\/sl\/prezvekovalci\/izdelki-2\/\"},{\"@type\":\"ListItem\",\"position\":4,\"name\":\"Minerali\"}]},{\"@type\":\"WebSite\",\"@id\":\"https:\/\/fritzjeitler.com\/sl\/#website\",\"url\":\"https:\/\/fritzjeitler.com\/sl\/\",\"name\":\"Fritz Jeitler Futtermittel\",\"description\":\"\",\"potentialAction\":[{\"@type\":\"SearchAction\",\"target\":{\"@type\":\"EntryPoint\",\"urlTemplate\":\"https:\/\/fritzjeitler.com\/sl\/?s={search_term_string}\"},\"query-input\":{\"@type\":\"PropertyValueSpecification\",\"valueRequired\":true,\"valueName\":\"search_term_string\"}}],\"inLanguage\":\"sl-SI\"}]}<\/script>\n<!-- \/ Yoast SEO plugin. -->","yoast_head_json":{"title":"Minerali - Fritz Jeitler Futtermittel","description":"Ponujamo edinstvene minerale za izbolj\u0161anje zdravja, plodnosti in u\u010dinkovitosti \u017eivali na vseh podro\u010djih krmljenja pre\u017evekovalcev, od telet in krav molznic do govedi, ovac in koz.","robots":{"index":"index","follow":"follow","max-snippet":"max-snippet:-1","max-image-preview":"max-image-preview:large","max-video-preview":"max-video-preview:-1"},"canonical":"https:\/\/fritzjeitler.com\/sl\/prezvekovalci\/izdelki-2\/minerali-za-prezvekovalce\/","og_locale":"sl_SI","og_type":"article","og_title":"Minerali - Fritz Jeitler Futtermittel","og_description":"Ponujamo edinstvene minerale za izbolj\u0161anje zdravja, plodnosti in u\u010dinkovitosti \u017eivali na vseh podro\u010djih krmljenja pre\u017evekovalcev, od telet in krav molznic do govedi, ovac in koz.","og_url":"https:\/\/fritzjeitler.com\/sl\/prezvekovalci\/izdelki-2\/minerali-za-prezvekovalce\/","og_site_name":"Fritz Jeitler Futtermittel","article_modified_time":"2026-04-16T15:07:01+00:00","og_image":[{"width":2560,"height":1707,"url":"https:\/\/fritzjeitler.com\/wp-content\/uploads\/2025\/02\/KSR36116-scaled.jpg","type":"image\/jpeg"}],"twitter_card":"summary_large_image","twitter_misc":{"Est. reading time":"2 minuti"},"schema":{"@context":"https:\/\/schema.org","@graph":[{"@type":"WebPage","@id":"https:\/\/fritzjeitler.com\/sl\/prezvekovalci\/izdelki-2\/minerali-za-prezvekovalce\/","url":"https:\/\/fritzjeitler.com\/sl\/prezvekovalci\/izdelki-2\/minerali-za-prezvekovalce\/","name":"Minerali - Fritz Jeitler Futtermittel","isPartOf":{"@id":"https:\/\/fritzjeitler.com\/sl\/#website"},"primaryImageOfPage":{"@id":"https:\/\/fritzjeitler.com\/sl\/prezvekovalci\/izdelki-2\/minerali-za-prezvekovalce\/#primaryimage"},"image":{"@id":"https:\/\/fritzjeitler.com\/sl\/prezvekovalci\/izdelki-2\/minerali-za-prezvekovalce\/#primaryimage"},"thumbnailUrl":"https:\/\/fritzjeitler.com\/wp-content\/uploads\/2025\/02\/KSR36116-scaled.jpg","datePublished":"2025-01-21T12:35:33+00:00","dateModified":"2026-04-16T15:07:01+00:00","description":"Ponujamo edinstvene minerale za izbolj\u0161anje zdravja, plodnosti in u\u010dinkovitosti \u017eivali na vseh podro\u010djih krmljenja pre\u017evekovalcev, od telet in krav molznic do govedi, ovac in koz.","breadcrumb":{"@id":"https:\/\/fritzjeitler.com\/sl\/prezvekovalci\/izdelki-2\/minerali-za-prezvekovalce\/#breadcrumb"},"inLanguage":"sl-SI","potentialAction":[{"@type":"ReadAction","target":["https:\/\/fritzjeitler.com\/sl\/prezvekovalci\/izdelki-2\/minerali-za-prezvekovalce\/"]}]},{"@type":"ImageObject","inLanguage":"sl-SI","@id":"https:\/\/fritzjeitler.com\/sl\/prezvekovalci\/izdelki-2\/minerali-za-prezvekovalce\/#primaryimage","url":"https:\/\/fritzjeitler.com\/wp-content\/uploads\/2025\/02\/KSR36116-scaled.jpg","contentUrl":"https:\/\/fritzjeitler.com\/wp-content\/uploads\/2025\/02\/KSR36116-scaled.jpg","width":2560,"height":1707},{"@type":"BreadcrumbList","@id":"https:\/\/fritzjeitler.com\/sl\/prezvekovalci\/izdelki-2\/minerali-za-prezvekovalce\/#breadcrumb","itemListElement":[{"@type":"ListItem","position":1,"name":"Home","item":"https:\/\/fritzjeitler.com\/sl\/"},{"@type":"ListItem","position":2,"name":"Pre\u017evekovalci","item":"https:\/\/fritzjeitler.com\/sl\/prezvekovalci\/"},{"@type":"ListItem","position":3,"name":"Izdelki","item":"https:\/\/fritzjeitler.com\/sl\/prezvekovalci\/izdelki-2\/"},{"@type":"ListItem","position":4,"name":"Minerali"}]},{"@type":"WebSite","@id":"https:\/\/fritzjeitler.com\/sl\/#website","url":"https:\/\/fritzjeitler.com\/sl\/","name":"Fritz Jeitler Futtermittel","description":"","potentialAction":[{"@type":"SearchAction","target":{"@type":"EntryPoint","urlTemplate":"https:\/\/fritzjeitler.com\/sl\/?s={search_term_string}"},"query-input":{"@type":"PropertyValueSpecification","valueRequired":true,"valueName":"search_term_string"}}],"inLanguage":"sl-SI"}]}},"_links":{"self":[{"href":"https:\/\/fritzjeitler.com\/sl\/wp-json\/wp\/v2\/pages\/5319","targetHints":{"allow":["GET"]}}],"collection":[{"href":"https:\/\/fritzjeitler.com\/sl\/wp-json\/wp\/v2\/pages"}],"about":[{"href":"https:\/\/fritzjeitler.com\/sl\/wp-json\/wp\/v2\/types\/page"}],"author":[{"embeddable":true,"href":"https:\/\/fritzjeitler.com\/sl\/wp-json\/wp\/v2\/users\/3"}],"replies":[{"embeddable":true,"href":"https:\/\/fritzjeitler.com\/sl\/wp-json\/wp\/v2\/comments?post=5319"}],"version-history":[{"count":6,"href":"https:\/\/fritzjeitler.com\/sl\/wp-json\/wp\/v2\/pages\/5319\/revisions"}],"predecessor-version":[{"id":5550,"href":"https:\/\/fritzjeitler.com\/sl\/wp-json\/wp\/v2\/pages\/5319\/revisions\/5550"}],"up":[{"embeddable":true,"href":"https:\/\/fritzjeitler.com\/sl\/wp-json\/wp\/v2\/pages\/4977"}],"wp:featuredmedia":[{"embeddable":true,"href":"https:\/\/fritzjeitler.com\/sl\/wp-json\/wp\/v2\/media\/2090"}],"wp:attachment":[{"href":"https:\/\/fritzjeitler.com\/sl\/wp-json\/wp\/v2\/media?parent=5319"}],"curies":[{"name":"wp","href":"https:\/\/api.w.org\/{rel}","templated":true}]}}