{"id":5291,"date":"2026-02-17T10:37:57","date_gmt":"2026-02-17T09:37:57","guid":{"rendered":"https:\/\/fritzjeitler.com\/prodajni-zastopnik-za-prodajo-krme-za-prasice-v-zgornji-avstriji\/"},"modified":"2026-04-20T09:23:34","modified_gmt":"2026-04-20T07:23:34","slug":"prodajni-zastopnik-za-prodajo-krme-za-prasice-v-zgornji-avstriji","status":"publish","type":"page","link":"https:\/\/fritzjeitler.com\/sl\/o-nas\/delovna-mesta\/prodajni-zastopnik-za-prodajo-krme-za-prasice-v-zgornji-avstriji\/","title":{"rendered":"Prodajni zastopnik za prodajo krme za pra\u0161i\u010de v Zgornji Avstriji"},"content":{"rendered":"\n<h3 class=\"wp-block-heading\" id=\"h3-cras-justo-odio-dapibus-ac-facilisis-in-egestas-eget-quam\">Ste navdu\u0161eni nad kmetijstvom in \u017eivinorejo? Prijavite se zdaj! <\/h3>\n\n<h1 class=\"wp-block-heading\">Prodajni <span class=\"is-shy-character\">predstavnik za <\/span>prodajo <span class=\"is-shy-character\">krme za <\/span><span class=\"is-shy-character\">pra\u0161i\u010de <\/span>v Zgornji Avstriji (f\/m\/d)<\/h1>\n\n<div class=\"wp-block-group has-global-padding is-layout-constrained wp-container-core-group-is-layout-00189ab9 wp-block-group-is-layout-constrained\">\n<div class=\"wp-block-columns is-layout-flex wp-container-core-columns-is-layout-7fa1f2b3 wp-block-columns-is-layout-flex\" style=\"margin-top:var(--wp--preset--spacing--160);margin-bottom:var(--wp--preset--spacing--160)\">\n<div class=\"wp-block-column is-layout-flow wp-block-column-is-layout-flow\" style=\"flex-basis:50%\">\n<figure class=\"wp-block-image size-full --full-width\"><img loading=\"lazy\" decoding=\"async\" width=\"2560\" height=\"1920\" src=\"https:\/\/fritzjeitler.com\/wp-content\/uploads\/2026\/02\/KSR38469-edited-scaled.jpg\" alt=\"Zwei Frauen der Firma Jeitler bei einer Besprechung im Au\u00dfendienst\" class=\"wp-image-2694\" style=\"aspect-ratio:1;object-fit:cover\" srcset=\"https:\/\/fritzjeitler.com\/wp-content\/uploads\/2026\/02\/KSR38469-edited-scaled.jpg 2560w, https:\/\/fritzjeitler.com\/wp-content\/uploads\/2026\/02\/KSR38469-edited-300x225.jpg 300w, https:\/\/fritzjeitler.com\/wp-content\/uploads\/2026\/02\/KSR38469-edited-1024x768.jpg 1024w, https:\/\/fritzjeitler.com\/wp-content\/uploads\/2026\/02\/KSR38469-edited-768x576.jpg 768w, https:\/\/fritzjeitler.com\/wp-content\/uploads\/2026\/02\/KSR38469-edited-1536x1152.jpg 1536w, https:\/\/fritzjeitler.com\/wp-content\/uploads\/2026\/02\/KSR38469-edited-2048x1536.jpg 2048w\" sizes=\"auto, (max-width: 2560px) 100vw, 2560px\" \/><\/figure>\n<\/div>\n\n\n\n<div class=\"wp-block-column is-vertically-aligned-center is-layout-flow wp-block-column-is-layout-flow\">\n<p class=\"has-lora-font-family has-m-font-size\"><strong>\u017delite delati v dinami\u010dni ekipi, imate talent za prodajo in vas zanima kmetijstvo?<\/strong><\/p>\n\n\n\n<p>I\u0161\u010demo prodajnega <span class=\"is-shy-character\">predstavnika za <\/span>prodajo <span class=\"is-shy-character\">krme za <\/span><span class=\"is-shy-character\">pra\u0161i\u010de <\/span>v <span class=\"is-shy-character\">osrednji regiji <\/span>Zgornje Avstrije, ki bo za\u010del delati takoj.<\/p>\n\n\n\n<p>JEITLER pomeni navdu\u0161enje, <span class=\"is-shy-character\">odgovornost <\/span>in <span class=\"is-shy-character\">kakovost <\/span><span class=\"is-shy-character\">stiskanja rok<\/span>. Smo <span class=\"is-shy-character\">dru\u017einsko podjetje, <\/span>ki s srcem in <span class=\"is-shy-character\">strastjo <\/span>stoji za svojimi strankami in zaposlenimi. Na\u0161 cilj je ustvariti okolje za vsakega zaposlenega, v katerem lahko \u017eivijo uspe\u0161nost, <span class=\"is-shy-character\">spo\u0161tovanje <\/span>in <span class=\"is-shy-character\">\u010dlove\u010dnost <\/span>ter se lahko vsakdo individualno razvija.  <\/p>\n<\/div>\n<\/div>\n\n\n\n<div class=\"wp-block-columns is-layout-flex wp-container-core-columns-is-layout-380be700 wp-block-columns-is-layout-flex\" style=\"margin-top:var(--wp--preset--spacing--160);margin-bottom:var(--wp--preset--spacing--160)\">\n<div class=\"wp-block-column is-layout-flow wp-block-column-is-layout-flow\" style=\"flex-basis:25%\">\n<h3 class=\"wp-block-heading\">Va\u0161e naloge:<\/h3>\n<\/div>\n\n\n\n<div class=\"wp-block-column is-layout-flow wp-block-column-is-layout-flow\">\n<ul class=\"wp-block-list\">\n<li><span>ohranjanje obstoje\u010de baze strank in samostojno pridobivanje novih strank<\/span><\/li>\n\n\n\n<li><span>Odgovornost za prodajno obmo\u010dje in njegov nadaljnji razvoj<\/span><\/li>\n\n\n\n<li><span>Strokovna podpora in nasveti za poizvedbe strank<\/span><\/li>\n\n\n\n<li><span>Oblikovanje prilagojenih konceptov delovanja in re\u0161itev v sodelovanju z vodstvom prodaje in vodstvom izdelkov<\/span><\/li>\n\n\n\n<li><span>Neodvisno in u\u010dinkovito na\u010drtovanje poti<\/span><\/li>\n<\/ul>\n<\/div>\n<\/div>\n\n\n\n<div class=\"wp-block-columns is-layout-flex wp-container-core-columns-is-layout-380be700 wp-block-columns-is-layout-flex\" style=\"margin-top:var(--wp--preset--spacing--160);margin-bottom:var(--wp--preset--spacing--160)\">\n<div class=\"wp-block-column is-layout-flow wp-block-column-is-layout-flow\" style=\"flex-basis:25%\">\n<h3 class=\"wp-block-heading\">S seboj prinesete:<\/h3>\n<\/div>\n\n\n\n<div class=\"wp-block-column is-layout-flow wp-block-column-is-layout-flow\">\n<ul class=\"wp-block-list\">\n<li><span>U\u017eivate v delu z ljudmi in prodaji<\/span><\/li>\n\n\n\n<li><span>Govorite jezik kmetov in ste navdu\u0161eni nad kmetijstvom.<\/span><\/li>\n\n\n\n<li><span>Ste odprtega duha, komunikativni, zanesljivi, ambiciozni, prizemljeni in dobro znate ra\u010dunati.<\/span><\/li>\n\n\n\n<li><span>delate samostojno, ciljno usmerjeno, strokovno in organizirano.<\/span><\/li>\n\n\n\n<li><span>Bolj kot va\u0161a izobrazba in predhodne izku\u0161nje so za nas pomembni va\u0161a pripravljenost za u\u010denje novih stvari, motivacija, vztrajnost in predanost.<\/span><\/li>\n<\/ul>\n<\/div>\n<\/div>\n\n\n\n<div class=\"wp-block-columns is-layout-flex wp-container-core-columns-is-layout-380be700 wp-block-columns-is-layout-flex\" style=\"margin-top:var(--wp--preset--spacing--160);margin-bottom:var(--wp--preset--spacing--160)\">\n<div class=\"wp-block-column is-layout-flow wp-block-column-is-layout-flow\" style=\"flex-basis:25%\">\n<h3 class=\"wp-block-heading\">Prejeli boste:<\/h3>\n<\/div>\n\n\n\n<div class=\"wp-block-column is-layout-flow wp-block-column-is-layout-flow\">\n<ul class=\"wp-block-list\">\n<li><span>Odli\u010dno delovno vzdu\u0161je v stalno rasto\u010dem dru\u017einskem podjetju z enotno hierarhijo<\/span><\/li>\n\n\n\n<li><span>Ekipni duh, dogodki, spodbude in prijazno vzdu\u0161je so zna\u010dilni za JEITLER<\/span><\/li>\n\n\n\n<li><span>Celovit program usposabljanja<\/span><\/li>\n\n\n\n<li><span>Jasna opredelitev ciljev ter podpora in motivacija pri njihovem doseganju.<\/span><\/li>\n\n\n\n<li><span>Raznoliko delo zaradi \u0161irokega portfelja izdelkov<\/span><\/li>\n\n\n\n<li><span>Slu\u017ebeni avtomobil, mobilni telefon, prenosni ra\u010dunalnik, tudi za zasebno uporabo<\/span><\/li>\n<\/ul>\n<\/div>\n<\/div>\n\n\n\n<p><strong>Najni\u017eja letna bruto pla\u010da za za\u010detnike brez ustreznih delovnih izku\u0161enj zna\u0161a 33.000 EUR<\/strong> in dodatke. <strong>Vendar bo va\u0161a dejanska pla\u010da odvisna od va\u0161ih izku\u0161enj in kvalifikacij ter bo ustrezno prilagojena.<\/strong> Pla\u010da je sestavljena iz fiksne osnovne pla\u010de in \u010dasovno neomejenega dodatka, vezanega na uspe\u0161nost.<\/p>\n\n\n\n<p>Sprejmite izziv in z veseljem pri\u010dakujemo va\u0161o podrobno prijavo!<\/p>\n\n\n\n<p><a href=\"https:\/\/fritzjeitler.com\/wp-content\/uploads\/2026\/02\/AD-OOe-03_2025-1.pdf\" target=\"_blank\" rel=\"noreferrer noopener\">Prenesi oglas za delovno mesto prodajnega predstavnika<\/a><\/p>\n\n\n\n<div class=\"wp-block-group has-global-padding is-layout-constrained wp-container-core-group-is-layout-f8ab5f39 wp-block-group-is-layout-constrained\" style=\"margin-top:var(--wp--preset--spacing--160);margin-bottom:var(--wp--preset--spacing--160)\">\n<div class=\"wp-block-group has-global-padding is-layout-constrained wp-container-core-group-is-layout-c5bbea69 wp-block-group-is-layout-constrained\">\n<h4 class=\"wp-block-heading\">Vas zanima?<\/h4>\n\n\n\n<h3 class=\"wp-block-heading has-lora-font-family has-xl-font-size\" style=\"font-style:normal;font-weight:400\">&#8220;Va\u0161e srce bije za kmetijstvo?<br\/>Veselimo se va\u0161ega sporo\u010dila!&#8221;<\/h3>\n<\/div>\n\n\n\n<div class=\"wp-block-group is-nowrap is-layout-flex wp-container-core-group-is-layout-33acd84a wp-block-group-is-layout-flex\" style=\"margin-top:var(--wp--preset--spacing--150)\">\n<figure class=\"wp-block-image size-full is-resized is-style-circle\"><img loading=\"lazy\" decoding=\"async\" width=\"300\" height=\"300\" src=\"https:\/\/fritzjeitler.com\/wp-content\/uploads\/2025\/02\/Katharina-Jeitler-TEAM-edited-300x300-1.jpg\" alt=\"Katharina Jeitler\" class=\"wp-image-747\" style=\"aspect-ratio:1;object-fit:cover;width:150px\" srcset=\"https:\/\/fritzjeitler.com\/wp-content\/uploads\/2025\/02\/Katharina-Jeitler-TEAM-edited-300x300-1.jpg 300w, https:\/\/fritzjeitler.com\/wp-content\/uploads\/2025\/02\/Katharina-Jeitler-TEAM-edited-300x300-1-150x150.jpg 150w\" sizes=\"auto, (max-width: 300px) 100vw, 300px\" \/><\/figure>\n\n\n\n<div class=\"wp-block-group has-global-padding is-layout-constrained wp-container-core-group-is-layout-19e250f3 wp-block-group-is-layout-constrained\">\n<p><strong>Katharina Jeitler<\/strong><\/p>\n\n\n\n<p>\u010clove\u0161ki viri<\/p>\n\n\n\n<div class=\"wp-block-group is-nowrap is-layout-flex wp-container-core-group-is-layout-d7104b08 wp-block-group-is-layout-flex\">\n<div class=\"wp-block-outermost-icon-block\"><div class=\"icon-container has-icon-color has-green-color\" style=\"color:#008438;width:15px;transform:rotate(0deg) scaleX(1) scaleY(1)\"><svg xmlns=\"http:\/\/www.w3.org\/2000\/svg\" height=\"15\" viewbox=\"0 0 15 15\" width=\"15\"><path d=\"m6.085-9.228.935.539a10.351 10.351 0 0 1 3.8 3.8l.539.935-.762.762-.973.973 1.1 2.76 2.867-.525a11.715 11.715 0 0 0 -11.479-11.482l-.521 2.866 2.76 1.1.973-.973zm-1.4 3.384-4.685-1.875.938-5.156h.938a13.126 13.126 0 0 1 13.124 13.125v.938l-5.156.938-1.875-4.688 1.631-1.629a8.947 8.947 0 0 0 -3.284-3.282z\" transform=\"matrix(-1 0 -0 -1 15 2.125)\"><\/path><\/svg><\/div><\/div>\n\n\n\n<p><a href=\"tel:004331152892916\">+43-3115-28 929 16<\/a><\/p>\n<\/div>\n\n\n\n<div class=\"wp-block-group is-nowrap is-layout-flex wp-container-core-group-is-layout-d7104b08 wp-block-group-is-layout-flex\">\n<div class=\"wp-block-outermost-icon-block\"><div class=\"icon-container has-icon-color has-green-color\" style=\"color:#008438;width:15px;transform:rotate(0deg) scaleX(1) scaleY(1)\"><svg xmlns=\"http:\/\/www.w3.org\/2000\/svg\" height=\"16.481\" viewbox=\"0 0 20.102 16.481\" width=\"20.102\"><g transform=\"translate(-2 -5)\"><path d=\"m4.81 5h14.481a2.813 2.813 0 0 1 2.809 2.81v10.861a2.813 2.813 0 0 1 -2.81 2.81h-14.48a2.813 2.813 0 0 1 -2.81-2.81v-10.861a2.813 2.813 0 0 1 2.81-2.81zm14.481 14.481a.811.811 0 0 0 .81-.81v-10.861a.811.811 0 0 0 -.81-.81h-14.481a.811.811 0 0 0 -.81.81v10.861a.811.811 0 0 0 .81.81z\"><\/path><path d=\"m12.051 16.336a1 1 0 0 1 -.573-.181l-9.051-6.336a1 1 0 0 1 1.146-1.638l8.477 5.934 8.477-5.934a1 1 0 0 1 1.147 1.638l-9.051 6.336a1 1 0 0 1 -.572.181z\" transform=\"translate(0 -1.189)\"><\/path><\/g><\/svg><\/div><\/div>\n\n\n\n<p><a href=\"mailto:karriere@fritzjeitler.com\">karriere@fritzjeitler.com<\/a><\/p>\n<\/div>\n\n\n\n<div class=\"wp-block-buttons is-layout-flex wp-block-buttons-is-layout-flex\" style=\"margin-top:var(--wp--preset--spacing--110)\">\n<div class=\"wp-block-button\"><a class=\"wp-block-button__link wp-element-button\" href=\"mailto:karriere@fritzjeitler.com\">Stopite v stik z nami!<\/a><\/div>\n<\/div>\n<\/div>\n<\/div>\n<\/div>\n<\/div>\n","protected":false},"excerpt":{"rendered":"<p>Ste navdu\u0161eni nad kmetijstvom in \u017eivinorejo? Prijavite se zdaj! Prodajni predstavnik za prodajo krme za pra\u0161i\u010de v Zgornji Avstriji (f\/m\/d) \u017delite delati v dinami\u010dni ekipi, imate talent za prodajo in vas zanima kmetijstvo? I\u0161\u010demo prodajnega predstavnika za prodajo krme za pra\u0161i\u010de v osrednji regiji Zgornje Avstrije, ki bo za\u010del delati takoj. JEITLER pomeni navdu\u0161enje, odgovornost [&hellip;]<\/p>\n","protected":false},"author":3,"featured_media":0,"parent":5471,"menu_order":3,"comment_status":"closed","ping_status":"closed","template":"seite-ber-uns","meta":{"clicksgefuehlecore_hide_title":false,"theme\/reading-time":-1,"page-redirect-enabled":false,"page-redirect-target-id":0,"footnotes":""},"class_list":["post-5291","page","type-page","status-publish","hentry"],"yoast_head":"<!-- This site is optimized with the Yoast SEO plugin v26.7 - https:\/\/yoast.com\/wordpress\/plugins\/seo\/ -->\n<title>Prodajni zastopnik v Zgornji Avstriji -% Fritz Jeitler Futtermittel%<\/title>\n<meta name=\"description\" content=\"Delo na podro\u010dju prodaje na terenu v Zgornji Avstriji pri podjetju JEITLER\u00ae: Prijavite se za delo na podro\u010dju prodaje krme za pra\u0161i\u010de - s slu\u017ebenim avtomobilom, bonusi in ugodnostmi.\" \/>\n<meta name=\"robots\" content=\"index, follow, max-snippet:-1, max-image-preview:large, max-video-preview:-1\" \/>\n<link rel=\"canonical\" href=\"https:\/\/fritzjeitler.com\/sl\/o-nas\/delovna-mesta\/prodajni-zastopnik-za-prodajo-krme-za-prasice-v-zgornji-avstriji\/\" \/>\n<meta property=\"og:locale\" content=\"sl_SI\" \/>\n<meta property=\"og:type\" content=\"article\" \/>\n<meta property=\"og:title\" content=\"Prodajni zastopnik v Zgornji Avstriji -% Fritz Jeitler Futtermittel%\" \/>\n<meta property=\"og:description\" content=\"Delo na podro\u010dju prodaje na terenu v Zgornji Avstriji pri podjetju JEITLER\u00ae: Prijavite se za delo na podro\u010dju prodaje krme za pra\u0161i\u010de - s slu\u017ebenim avtomobilom, bonusi in ugodnostmi.\" \/>\n<meta property=\"og:url\" content=\"https:\/\/fritzjeitler.com\/sl\/o-nas\/delovna-mesta\/prodajni-zastopnik-za-prodajo-krme-za-prasice-v-zgornji-avstriji\/\" \/>\n<meta property=\"og:site_name\" content=\"Fritz Jeitler Futtermittel\" \/>\n<meta property=\"article:modified_time\" content=\"2026-04-20T07:23:34+00:00\" \/>\n<meta property=\"og:image\" content=\"https:\/\/fritzjeitler.com\/wp-content\/uploads\/2026\/02\/KSR38469-edited-scaled.jpg\" \/>\n\t<meta property=\"og:image:width\" content=\"2560\" \/>\n\t<meta property=\"og:image:height\" content=\"1920\" \/>\n\t<meta property=\"og:image:type\" content=\"image\/jpeg\" \/>\n<meta name=\"twitter:card\" content=\"summary_large_image\" \/>\n<meta name=\"twitter:label1\" content=\"Est. reading time\" \/>\n\t<meta name=\"twitter:data1\" content=\"2 minuti\" \/>\n<script type=\"application\/ld+json\" class=\"yoast-schema-graph\">{\"@context\":\"https:\/\/schema.org\",\"@graph\":[{\"@type\":\"WebPage\",\"@id\":\"https:\/\/fritzjeitler.com\/sl\/o-nas\/delovna-mesta\/prodajni-zastopnik-za-prodajo-krme-za-prasice-v-zgornji-avstriji\/\",\"url\":\"https:\/\/fritzjeitler.com\/sl\/o-nas\/delovna-mesta\/prodajni-zastopnik-za-prodajo-krme-za-prasice-v-zgornji-avstriji\/\",\"name\":\"Prodajni zastopnik v Zgornji Avstriji -% Fritz Jeitler Futtermittel%\",\"isPartOf\":{\"@id\":\"https:\/\/fritzjeitler.com\/sl\/#website\"},\"primaryImageOfPage\":{\"@id\":\"https:\/\/fritzjeitler.com\/sl\/o-nas\/delovna-mesta\/prodajni-zastopnik-za-prodajo-krme-za-prasice-v-zgornji-avstriji\/#primaryimage\"},\"image\":{\"@id\":\"https:\/\/fritzjeitler.com\/sl\/o-nas\/delovna-mesta\/prodajni-zastopnik-za-prodajo-krme-za-prasice-v-zgornji-avstriji\/#primaryimage\"},\"thumbnailUrl\":\"https:\/\/fritzjeitler.com\/wp-content\/uploads\/2026\/02\/KSR38469-edited-scaled.jpg\",\"datePublished\":\"2026-02-17T09:37:57+00:00\",\"dateModified\":\"2026-04-20T07:23:34+00:00\",\"description\":\"Delo na podro\u010dju prodaje na terenu v Zgornji Avstriji pri podjetju JEITLER\u00ae: Prijavite se za delo na podro\u010dju prodaje krme za pra\u0161i\u010de - s slu\u017ebenim avtomobilom, bonusi in ugodnostmi.\",\"breadcrumb\":{\"@id\":\"https:\/\/fritzjeitler.com\/sl\/o-nas\/delovna-mesta\/prodajni-zastopnik-za-prodajo-krme-za-prasice-v-zgornji-avstriji\/#breadcrumb\"},\"inLanguage\":\"sl-SI\",\"potentialAction\":[{\"@type\":\"ReadAction\",\"target\":[\"https:\/\/fritzjeitler.com\/sl\/o-nas\/delovna-mesta\/prodajni-zastopnik-za-prodajo-krme-za-prasice-v-zgornji-avstriji\/\"]}]},{\"@type\":\"ImageObject\",\"inLanguage\":\"sl-SI\",\"@id\":\"https:\/\/fritzjeitler.com\/sl\/o-nas\/delovna-mesta\/prodajni-zastopnik-za-prodajo-krme-za-prasice-v-zgornji-avstriji\/#primaryimage\",\"url\":\"https:\/\/fritzjeitler.com\/wp-content\/uploads\/2026\/02\/KSR38469-edited-scaled.jpg\",\"contentUrl\":\"https:\/\/fritzjeitler.com\/wp-content\/uploads\/2026\/02\/KSR38469-edited-scaled.jpg\"},{\"@type\":\"BreadcrumbList\",\"@id\":\"https:\/\/fritzjeitler.com\/sl\/o-nas\/delovna-mesta\/prodajni-zastopnik-za-prodajo-krme-za-prasice-v-zgornji-avstriji\/#breadcrumb\",\"itemListElement\":[{\"@type\":\"ListItem\",\"position\":1,\"name\":\"Home\",\"item\":\"https:\/\/fritzjeitler.com\/sl\/\"},{\"@type\":\"ListItem\",\"position\":2,\"name\":\"O nas\",\"item\":\"https:\/\/fritzjeitler.com\/sl\/o-nas\/\"},{\"@type\":\"ListItem\",\"position\":3,\"name\":\"Delovna mesta\",\"item\":\"https:\/\/fritzjeitler.com\/sl\/o-nas\/delovna-mesta\/\"},{\"@type\":\"ListItem\",\"position\":4,\"name\":\"Prodajni zastopnik za prodajo krme za pra\u0161i\u010de v Zgornji Avstriji\"}]},{\"@type\":\"WebSite\",\"@id\":\"https:\/\/fritzjeitler.com\/sl\/#website\",\"url\":\"https:\/\/fritzjeitler.com\/sl\/\",\"name\":\"Fritz Jeitler Futtermittel\",\"description\":\"\",\"potentialAction\":[{\"@type\":\"SearchAction\",\"target\":{\"@type\":\"EntryPoint\",\"urlTemplate\":\"https:\/\/fritzjeitler.com\/sl\/?s={search_term_string}\"},\"query-input\":{\"@type\":\"PropertyValueSpecification\",\"valueRequired\":true,\"valueName\":\"search_term_string\"}}],\"inLanguage\":\"sl-SI\"}]}<\/script>\n<!-- \/ Yoast SEO plugin. -->","yoast_head_json":{"title":"Prodajni zastopnik v Zgornji Avstriji -% Fritz Jeitler Futtermittel%","description":"Delo na podro\u010dju prodaje na terenu v Zgornji Avstriji pri podjetju JEITLER\u00ae: Prijavite se za delo na podro\u010dju prodaje krme za pra\u0161i\u010de - s slu\u017ebenim avtomobilom, bonusi in ugodnostmi.","robots":{"index":"index","follow":"follow","max-snippet":"max-snippet:-1","max-image-preview":"max-image-preview:large","max-video-preview":"max-video-preview:-1"},"canonical":"https:\/\/fritzjeitler.com\/sl\/o-nas\/delovna-mesta\/prodajni-zastopnik-za-prodajo-krme-za-prasice-v-zgornji-avstriji\/","og_locale":"sl_SI","og_type":"article","og_title":"Prodajni zastopnik v Zgornji Avstriji -% Fritz Jeitler Futtermittel%","og_description":"Delo na podro\u010dju prodaje na terenu v Zgornji Avstriji pri podjetju JEITLER\u00ae: Prijavite se za delo na podro\u010dju prodaje krme za pra\u0161i\u010de - s slu\u017ebenim avtomobilom, bonusi in ugodnostmi.","og_url":"https:\/\/fritzjeitler.com\/sl\/o-nas\/delovna-mesta\/prodajni-zastopnik-za-prodajo-krme-za-prasice-v-zgornji-avstriji\/","og_site_name":"Fritz Jeitler Futtermittel","article_modified_time":"2026-04-20T07:23:34+00:00","og_image":[{"width":2560,"height":1920,"url":"https:\/\/fritzjeitler.com\/wp-content\/uploads\/2026\/02\/KSR38469-edited-scaled.jpg","type":"image\/jpeg"}],"twitter_card":"summary_large_image","twitter_misc":{"Est. reading time":"2 minuti"},"schema":{"@context":"https:\/\/schema.org","@graph":[{"@type":"WebPage","@id":"https:\/\/fritzjeitler.com\/sl\/o-nas\/delovna-mesta\/prodajni-zastopnik-za-prodajo-krme-za-prasice-v-zgornji-avstriji\/","url":"https:\/\/fritzjeitler.com\/sl\/o-nas\/delovna-mesta\/prodajni-zastopnik-za-prodajo-krme-za-prasice-v-zgornji-avstriji\/","name":"Prodajni zastopnik v Zgornji Avstriji -% Fritz Jeitler Futtermittel%","isPartOf":{"@id":"https:\/\/fritzjeitler.com\/sl\/#website"},"primaryImageOfPage":{"@id":"https:\/\/fritzjeitler.com\/sl\/o-nas\/delovna-mesta\/prodajni-zastopnik-za-prodajo-krme-za-prasice-v-zgornji-avstriji\/#primaryimage"},"image":{"@id":"https:\/\/fritzjeitler.com\/sl\/o-nas\/delovna-mesta\/prodajni-zastopnik-za-prodajo-krme-za-prasice-v-zgornji-avstriji\/#primaryimage"},"thumbnailUrl":"https:\/\/fritzjeitler.com\/wp-content\/uploads\/2026\/02\/KSR38469-edited-scaled.jpg","datePublished":"2026-02-17T09:37:57+00:00","dateModified":"2026-04-20T07:23:34+00:00","description":"Delo na podro\u010dju prodaje na terenu v Zgornji Avstriji pri podjetju JEITLER\u00ae: Prijavite se za delo na podro\u010dju prodaje krme za pra\u0161i\u010de - s slu\u017ebenim avtomobilom, bonusi in ugodnostmi.","breadcrumb":{"@id":"https:\/\/fritzjeitler.com\/sl\/o-nas\/delovna-mesta\/prodajni-zastopnik-za-prodajo-krme-za-prasice-v-zgornji-avstriji\/#breadcrumb"},"inLanguage":"sl-SI","potentialAction":[{"@type":"ReadAction","target":["https:\/\/fritzjeitler.com\/sl\/o-nas\/delovna-mesta\/prodajni-zastopnik-za-prodajo-krme-za-prasice-v-zgornji-avstriji\/"]}]},{"@type":"ImageObject","inLanguage":"sl-SI","@id":"https:\/\/fritzjeitler.com\/sl\/o-nas\/delovna-mesta\/prodajni-zastopnik-za-prodajo-krme-za-prasice-v-zgornji-avstriji\/#primaryimage","url":"https:\/\/fritzjeitler.com\/wp-content\/uploads\/2026\/02\/KSR38469-edited-scaled.jpg","contentUrl":"https:\/\/fritzjeitler.com\/wp-content\/uploads\/2026\/02\/KSR38469-edited-scaled.jpg"},{"@type":"BreadcrumbList","@id":"https:\/\/fritzjeitler.com\/sl\/o-nas\/delovna-mesta\/prodajni-zastopnik-za-prodajo-krme-za-prasice-v-zgornji-avstriji\/#breadcrumb","itemListElement":[{"@type":"ListItem","position":1,"name":"Home","item":"https:\/\/fritzjeitler.com\/sl\/"},{"@type":"ListItem","position":2,"name":"O nas","item":"https:\/\/fritzjeitler.com\/sl\/o-nas\/"},{"@type":"ListItem","position":3,"name":"Delovna mesta","item":"https:\/\/fritzjeitler.com\/sl\/o-nas\/delovna-mesta\/"},{"@type":"ListItem","position":4,"name":"Prodajni zastopnik za prodajo krme za pra\u0161i\u010de v Zgornji Avstriji"}]},{"@type":"WebSite","@id":"https:\/\/fritzjeitler.com\/sl\/#website","url":"https:\/\/fritzjeitler.com\/sl\/","name":"Fritz Jeitler Futtermittel","description":"","potentialAction":[{"@type":"SearchAction","target":{"@type":"EntryPoint","urlTemplate":"https:\/\/fritzjeitler.com\/sl\/?s={search_term_string}"},"query-input":{"@type":"PropertyValueSpecification","valueRequired":true,"valueName":"search_term_string"}}],"inLanguage":"sl-SI"}]}},"_links":{"self":[{"href":"https:\/\/fritzjeitler.com\/sl\/wp-json\/wp\/v2\/pages\/5291","targetHints":{"allow":["GET"]}}],"collection":[{"href":"https:\/\/fritzjeitler.com\/sl\/wp-json\/wp\/v2\/pages"}],"about":[{"href":"https:\/\/fritzjeitler.com\/sl\/wp-json\/wp\/v2\/types\/page"}],"author":[{"embeddable":true,"href":"https:\/\/fritzjeitler.com\/sl\/wp-json\/wp\/v2\/users\/3"}],"replies":[{"embeddable":true,"href":"https:\/\/fritzjeitler.com\/sl\/wp-json\/wp\/v2\/comments?post=5291"}],"version-history":[{"count":3,"href":"https:\/\/fritzjeitler.com\/sl\/wp-json\/wp\/v2\/pages\/5291\/revisions"}],"predecessor-version":[{"id":5600,"href":"https:\/\/fritzjeitler.com\/sl\/wp-json\/wp\/v2\/pages\/5291\/revisions\/5600"}],"up":[{"embeddable":true,"href":"https:\/\/fritzjeitler.com\/sl\/wp-json\/wp\/v2\/pages\/5471"}],"wp:attachment":[{"href":"https:\/\/fritzjeitler.com\/sl\/wp-json\/wp\/v2\/media?parent=5291"}],"curies":[{"name":"wp","href":"https:\/\/api.w.org\/{rel}","templated":true}]}}