{"id":5260,"date":"2025-01-23T10:15:17","date_gmt":"2025-01-23T09:15:17","guid":{"rendered":"https:\/\/fritzjeitler.com\/o-nas\/ekipa\/"},"modified":"2026-04-20T11:37:36","modified_gmt":"2026-04-20T09:37:36","slug":"ekipa","status":"publish","type":"page","link":"https:\/\/fritzjeitler.com\/sl\/o-nas\/ekipa\/","title":{"rendered":"Ekipa"},"content":{"rendered":"\n<p class=\"has-l-font-size\"><strong>Tam za vas<\/strong><\/p>\n\n<h1 class=\"wp-block-heading\">Ekipa<\/h1>\n\n<p class=\"has-green-color has-text-color has-link-color has-l-font-size wp-elements-e5cb2f69ea1947d0f958fdcde3108676\">&#8220;Predstaviti na\u0161o uspe\u0161no ekipo je lahka naloga, saj bi s svojo predanostjo, izku\u0161njami in strokovnim znanjem &#8211; v pravem pomenu besede &#8211; napolnili celoten zvezek.&#8221;<\/p>\n\n<div class=\"wp-block-columns is-layout-flex wp-container-core-columns-is-layout-28f84493 wp-block-columns-is-layout-flex\">\n<div class=\"wp-block-column has-grey-lighter-background-color has-background is-layout-flow wp-block-column-is-layout-flow\" style=\"flex-basis:25%\">\n<figure class=\"wp-block-image size-full\"><img loading=\"lazy\" decoding=\"async\" width=\"2560\" height=\"1707\" src=\"https:\/\/fritzjeitler.com\/wp-content\/uploads\/2026\/03\/Fritz-Jeitler-1-scaled.jpg\" alt=\"Fritz Jeitler\" class=\"wp-image-4107\" style=\"aspect-ratio:1;object-fit:cover\" srcset=\"https:\/\/fritzjeitler.com\/wp-content\/uploads\/2026\/03\/Fritz-Jeitler-1-scaled.jpg 2560w, https:\/\/fritzjeitler.com\/wp-content\/uploads\/2026\/03\/Fritz-Jeitler-1-300x200.jpg 300w, https:\/\/fritzjeitler.com\/wp-content\/uploads\/2026\/03\/Fritz-Jeitler-1-1024x683.jpg 1024w, https:\/\/fritzjeitler.com\/wp-content\/uploads\/2026\/03\/Fritz-Jeitler-1-768x512.jpg 768w, https:\/\/fritzjeitler.com\/wp-content\/uploads\/2026\/03\/Fritz-Jeitler-1-1536x1024.jpg 1536w, https:\/\/fritzjeitler.com\/wp-content\/uploads\/2026\/03\/Fritz-Jeitler-1-2048x1365.jpg 2048w\" sizes=\"auto, (max-width: 2560px) 100vw, 2560px\" \/><\/figure>\n\n\n\n<p class=\"has-xl-font-size\"><strong>In\u017eenir Fritz <\/strong><br\/><strong>Jeitler<\/strong><\/p>\n\n\n\n<p>Upravljanje<\/p>\n\n\n\n<div class=\"wp-block-buttons is-layout-flex wp-block-buttons-is-layout-flex\">\n<div class=\"wp-block-button\"><a class=\"wp-block-button__link wp-element-button\" href=\"mailto:fritz.jeitler@fritzjeitler.com\">Pi\u0161ite nam<\/a><\/div>\n<\/div>\n<\/div>\n\n\n\n<div class=\"wp-block-column has-grey-lighter-background-color has-background is-layout-flow wp-block-column-is-layout-flow\" style=\"flex-basis:25%\">\n<figure class=\"wp-block-image size-full\"><img loading=\"lazy\" decoding=\"async\" width=\"2560\" height=\"1707\" src=\"https:\/\/fritzjeitler.com\/wp-content\/uploads\/2026\/03\/Katharina-Jeitler-scaled.jpg\" alt=\"Katharina Jeitler\" class=\"wp-image-4101\" style=\"aspect-ratio:1;object-fit:cover\" srcset=\"https:\/\/fritzjeitler.com\/wp-content\/uploads\/2026\/03\/Katharina-Jeitler-scaled.jpg 2560w, https:\/\/fritzjeitler.com\/wp-content\/uploads\/2026\/03\/Katharina-Jeitler-300x200.jpg 300w, https:\/\/fritzjeitler.com\/wp-content\/uploads\/2026\/03\/Katharina-Jeitler-1024x683.jpg 1024w, https:\/\/fritzjeitler.com\/wp-content\/uploads\/2026\/03\/Katharina-Jeitler-768x512.jpg 768w, https:\/\/fritzjeitler.com\/wp-content\/uploads\/2026\/03\/Katharina-Jeitler-1536x1024.jpg 1536w, https:\/\/fritzjeitler.com\/wp-content\/uploads\/2026\/03\/Katharina-Jeitler-2048x1365.jpg 2048w\" sizes=\"auto, (max-width: 2560px) 100vw, 2560px\" \/><\/figure>\n\n\n\n<p class=\"has-xl-font-size\"><strong>Katharina<\/strong><br\/><strong>Jeitler<\/strong><\/p>\n\n\n\n<p>Poobla\u0161\u010deni podpisnik<\/p>\n\n\n\n<div class=\"wp-block-buttons is-layout-flex wp-block-buttons-is-layout-flex\">\n<div class=\"wp-block-button\"><a class=\"wp-block-button__link wp-element-button\" href=\"mailto:katharina.jeitler@fritzjeitler.com\">Pi\u0161ite nam<\/a><\/div>\n<\/div>\n<\/div>\n\n\n\n<div class=\"wp-block-column has-grey-lighter-background-color has-background is-layout-flow wp-block-column-is-layout-flow\" style=\"flex-basis:25%\">\n<figure class=\"wp-block-image size-full\"><img loading=\"lazy\" decoding=\"async\" width=\"2560\" height=\"1707\" src=\"https:\/\/fritzjeitler.com\/wp-content\/uploads\/2026\/03\/Johannes-Hoeller-2-scaled.jpg\" alt=\"Johannes Ho\u0308ller\" class=\"wp-image-4103\" style=\"aspect-ratio:1;object-fit:cover\" srcset=\"https:\/\/fritzjeitler.com\/wp-content\/uploads\/2026\/03\/Johannes-Hoeller-2-scaled.jpg 2560w, https:\/\/fritzjeitler.com\/wp-content\/uploads\/2026\/03\/Johannes-Hoeller-2-300x200.jpg 300w, https:\/\/fritzjeitler.com\/wp-content\/uploads\/2026\/03\/Johannes-Hoeller-2-1024x683.jpg 1024w, https:\/\/fritzjeitler.com\/wp-content\/uploads\/2026\/03\/Johannes-Hoeller-2-768x512.jpg 768w, https:\/\/fritzjeitler.com\/wp-content\/uploads\/2026\/03\/Johannes-Hoeller-2-1536x1024.jpg 1536w, https:\/\/fritzjeitler.com\/wp-content\/uploads\/2026\/03\/Johannes-Hoeller-2-2048x1365.jpg 2048w\" sizes=\"auto, (max-width: 2560px) 100vw, 2560px\" \/><\/figure>\n\n\n\n<p class=\"has-xl-font-size\"><strong>In\u017eenir Johannes <\/strong> <strong>H\u00f6ller<\/strong><\/p>\n\n\n\n<p>Vodenje prodaje Avstrija<\/p>\n\n\n\n<div class=\"wp-block-buttons is-layout-flex wp-block-buttons-is-layout-flex\">\n<div class=\"wp-block-button\"><a class=\"wp-block-button__link wp-element-button\" href=\"mailto:johannes.hoeller@fritzjeitler.com\">Pi\u0161ite nam<\/a><\/div>\n<\/div>\n<\/div>\n\n\n\n<div class=\"wp-block-column has-grey-lighter-background-color has-background is-layout-flow wp-block-column-is-layout-flow\" style=\"flex-basis:25%\">\n<figure class=\"wp-block-image size-full\"><img loading=\"lazy\" decoding=\"async\" width=\"1707\" height=\"2278\" src=\"https:\/\/fritzjeitler.com\/wp-content\/uploads\/2026\/03\/Thomas-Mandl-scaled-e1773326709566.jpg\" alt=\"Thomas Mandl\" class=\"wp-image-4097\" style=\"aspect-ratio:1;object-fit:cover\" srcset=\"https:\/\/fritzjeitler.com\/wp-content\/uploads\/2026\/03\/Thomas-Mandl-scaled-e1773326709566.jpg 1707w, https:\/\/fritzjeitler.com\/wp-content\/uploads\/2026\/03\/Thomas-Mandl-scaled-e1773326709566-225x300.jpg 225w, https:\/\/fritzjeitler.com\/wp-content\/uploads\/2026\/03\/Thomas-Mandl-scaled-e1773326709566-767x1024.jpg 767w, https:\/\/fritzjeitler.com\/wp-content\/uploads\/2026\/03\/Thomas-Mandl-scaled-e1773326709566-768x1025.jpg 768w, https:\/\/fritzjeitler.com\/wp-content\/uploads\/2026\/03\/Thomas-Mandl-scaled-e1773326709566-1151x1536.jpg 1151w, https:\/\/fritzjeitler.com\/wp-content\/uploads\/2026\/03\/Thomas-Mandl-scaled-e1773326709566-1535x2048.jpg 1535w\" sizes=\"auto, (max-width: 1707px) 100vw, 1707px\" \/><\/figure>\n\n\n\n<p class=\"has-xl-font-size\"><strong>Thomas <\/strong><br\/><strong>Mandl, MSc<\/strong><\/p>\n\n\n\n<p>Vodja nabave, upravljanja izdelkov in kakovosti<\/p>\n\n\n\n<div class=\"wp-block-buttons is-layout-flex wp-block-buttons-is-layout-flex\">\n<div class=\"wp-block-button\"><a class=\"wp-block-button__link wp-element-button\" href=\"mailto:thomas.mandl@fritzjeitler.com\">Pi\u0161ite nam<\/a><\/div>\n<\/div>\n<\/div>\n<\/div>\n\n<div class=\"wp-block-columns is-layout-flex wp-container-core-columns-is-layout-28f84493 wp-block-columns-is-layout-flex\">\n<div class=\"wp-block-column has-grey-lighter-background-color has-background is-layout-flow wp-block-column-is-layout-flow\" style=\"flex-basis:25%\">\n<figure class=\"wp-block-image size-full\"><img loading=\"lazy\" decoding=\"async\" width=\"2560\" height=\"1707\" src=\"https:\/\/fritzjeitler.com\/wp-content\/uploads\/2026\/03\/Tobias-Gunacker-1-scaled.jpg\" alt=\"Tobias Gunacker\" class=\"wp-image-4095\" style=\"aspect-ratio:1;object-fit:cover\" srcset=\"https:\/\/fritzjeitler.com\/wp-content\/uploads\/2026\/03\/Tobias-Gunacker-1-scaled.jpg 2560w, https:\/\/fritzjeitler.com\/wp-content\/uploads\/2026\/03\/Tobias-Gunacker-1-300x200.jpg 300w, https:\/\/fritzjeitler.com\/wp-content\/uploads\/2026\/03\/Tobias-Gunacker-1-1024x683.jpg 1024w, https:\/\/fritzjeitler.com\/wp-content\/uploads\/2026\/03\/Tobias-Gunacker-1-768x512.jpg 768w, https:\/\/fritzjeitler.com\/wp-content\/uploads\/2026\/03\/Tobias-Gunacker-1-1536x1024.jpg 1536w, https:\/\/fritzjeitler.com\/wp-content\/uploads\/2026\/03\/Tobias-Gunacker-1-2048x1365.jpg 2048w\" sizes=\"auto, (max-width: 2560px) 100vw, 2560px\" \/><\/figure>\n\n\n\n<p class=\"has-xl-font-size\"><strong>In\u017eenir Tobias Gunacker <\/strong><\/p>\n\n\n\n<p>Vodenje prodaje North<\/p>\n\n\n\n<div class=\"wp-block-buttons is-layout-flex wp-block-buttons-is-layout-flex\">\n<div class=\"wp-block-button\"><a class=\"wp-block-button__link wp-element-button\" href=\"mailto:tobias.gunacker@fritzjeitler.com\">Pi\u0161ite nam<\/a><\/div>\n<\/div>\n<\/div>\n\n\n\n<div class=\"wp-block-column has-grey-lighter-background-color has-background is-layout-flow wp-block-column-is-layout-flow\" style=\"flex-basis:25%\">\n<figure class=\"wp-block-image size-full\"><img loading=\"lazy\" decoding=\"async\" width=\"2560\" height=\"1707\" src=\"https:\/\/fritzjeitler.com\/wp-content\/uploads\/2026\/03\/Stephanie-Friedl-scaled.jpg\" alt=\"Stephanie Friedl\" class=\"wp-image-4099\" style=\"aspect-ratio:1;object-fit:cover\" srcset=\"https:\/\/fritzjeitler.com\/wp-content\/uploads\/2026\/03\/Stephanie-Friedl-scaled.jpg 2560w, https:\/\/fritzjeitler.com\/wp-content\/uploads\/2026\/03\/Stephanie-Friedl-300x200.jpg 300w, https:\/\/fritzjeitler.com\/wp-content\/uploads\/2026\/03\/Stephanie-Friedl-1024x683.jpg 1024w, https:\/\/fritzjeitler.com\/wp-content\/uploads\/2026\/03\/Stephanie-Friedl-768x512.jpg 768w, https:\/\/fritzjeitler.com\/wp-content\/uploads\/2026\/03\/Stephanie-Friedl-1536x1024.jpg 1536w, https:\/\/fritzjeitler.com\/wp-content\/uploads\/2026\/03\/Stephanie-Friedl-2048x1365.jpg 2048w\" sizes=\"auto, (max-width: 2560px) 100vw, 2560px\" \/><\/figure>\n\n\n\n<p class=\"has-xl-font-size\"><strong>Stephanie<\/strong><br\/><strong>Friedl<\/strong><\/p>\n\n\n\n<p>Vodja notranje slu\u017ebe in logistike<\/p>\n\n\n\n<div class=\"wp-block-buttons is-layout-flex wp-block-buttons-is-layout-flex\">\n<div class=\"wp-block-button\"><a class=\"wp-block-button__link wp-element-button\" href=\"mailto:stephanie.friedl@fritzjeitler.com\">Pi\u0161ite nam<\/a><\/div>\n<\/div>\n<\/div>\n\n\n\n<div class=\"wp-block-column has-grey-lighter-background-color has-background is-layout-flow wp-block-column-is-layout-flow\" style=\"flex-basis:25%\">\n<figure class=\"wp-block-image size-full\"><img loading=\"lazy\" decoding=\"async\" width=\"1706\" height=\"1824\" src=\"https:\/\/fritzjeitler.com\/wp-content\/uploads\/2026\/03\/Christian-Punz-scaled-e1773326845607.jpg\" alt=\"Christian Punz\" class=\"wp-image-4109\" style=\"aspect-ratio:1;object-fit:cover\" srcset=\"https:\/\/fritzjeitler.com\/wp-content\/uploads\/2026\/03\/Christian-Punz-scaled-e1773326845607.jpg 1706w, https:\/\/fritzjeitler.com\/wp-content\/uploads\/2026\/03\/Christian-Punz-scaled-e1773326845607-281x300.jpg 281w, https:\/\/fritzjeitler.com\/wp-content\/uploads\/2026\/03\/Christian-Punz-scaled-e1773326845607-958x1024.jpg 958w, https:\/\/fritzjeitler.com\/wp-content\/uploads\/2026\/03\/Christian-Punz-scaled-e1773326845607-768x821.jpg 768w, https:\/\/fritzjeitler.com\/wp-content\/uploads\/2026\/03\/Christian-Punz-scaled-e1773326845607-1437x1536.jpg 1437w\" sizes=\"auto, (max-width: 1706px) 100vw, 1706px\" \/><\/figure>\n\n\n\n<p class=\"has-xl-font-size\"><strong>DI Christian Punz<\/strong><\/p>\n\n\n\n<p>Upravljanje proizvodov pre\u017evekovalci<\/p>\n\n\n\n<div class=\"wp-block-buttons is-layout-flex wp-block-buttons-is-layout-flex\">\n<div class=\"wp-block-button\"><a class=\"wp-block-button__link wp-element-button\" href=\"mailto:christian.punz@fritzjeitler.com\">Pi\u0161ite nam<\/a><\/div>\n<\/div>\n<\/div>\n\n\n\n<div class=\"wp-block-column has-grey-lighter-background-color has-background is-layout-flow wp-block-column-is-layout-flow\" style=\"flex-basis:25%\">\n<figure class=\"wp-block-image size-full\"><img loading=\"lazy\" decoding=\"async\" width=\"1706\" height=\"2013\" src=\"https:\/\/fritzjeitler.com\/wp-content\/uploads\/2026\/03\/Christian-Hieger-scaled-e1773326943776.jpg\" alt=\"Christian Hieger\" class=\"wp-image-4112\" style=\"aspect-ratio:1;object-fit:cover\" srcset=\"https:\/\/fritzjeitler.com\/wp-content\/uploads\/2026\/03\/Christian-Hieger-scaled-e1773326943776.jpg 1706w, https:\/\/fritzjeitler.com\/wp-content\/uploads\/2026\/03\/Christian-Hieger-scaled-e1773326943776-254x300.jpg 254w, https:\/\/fritzjeitler.com\/wp-content\/uploads\/2026\/03\/Christian-Hieger-scaled-e1773326943776-868x1024.jpg 868w, https:\/\/fritzjeitler.com\/wp-content\/uploads\/2026\/03\/Christian-Hieger-scaled-e1773326943776-768x906.jpg 768w, https:\/\/fritzjeitler.com\/wp-content\/uploads\/2026\/03\/Christian-Hieger-scaled-e1773326943776-1302x1536.jpg 1302w\" sizes=\"auto, (max-width: 1706px) 100vw, 1706px\" \/><\/figure>\n\n\n\n<p class=\"has-xl-font-size\"><strong>In\u017eenir Christian Hieger <\/strong><\/p>\n\n\n\n<p>Pra\u0161i\u010d za upravljanje izdelkov<\/p>\n\n\n\n<div class=\"wp-block-buttons is-layout-flex wp-block-buttons-is-layout-flex\">\n<div class=\"wp-block-button\"><a class=\"wp-block-button__link wp-element-button\" href=\"mailto:christian.hieger@fritzjeitler.com\">Pi\u0161ite nam<\/a><\/div>\n<\/div>\n<\/div>\n<\/div>\n\n<div class=\"wp-block-group has-global-padding is-layout-constrained wp-block-group-is-layout-constrained\" style=\"margin-top:var(--wp--preset--spacing--160);margin-bottom:var(--wp--preset--spacing--160)\">\n<div class=\"wp-block-columns is-layout-flex wp-container-core-columns-is-layout-28f84493 wp-block-columns-is-layout-flex\">\n<div class=\"wp-block-column is-vertically-aligned-center is-layout-flow wp-block-column-is-layout-flow\" style=\"flex-basis:33.33%\">\n<h2 class=\"wp-block-heading\">Kak\u0161no vpra\u0161anje?<\/h2>\n\n\n\n<p>\u010ce imate vpra\u0161anja o na\u0161ih izdelkih in storitvah, stopite v stik z enim od na\u0161ih strokovnjakov za krmo.<\/p>\n\n\n\n<div class=\"wp-block-buttons is-layout-flex wp-block-buttons-is-layout-flex\">\n<div class=\"wp-block-button\"><a class=\"wp-block-button__link wp-element-button\" href=\"https:\/\/fritzjeitler.com\/sl\/kontaktna-oseba\/\">Kontaktirajte strokovnjake za krmo<\/a><\/div>\n<\/div>\n<\/div>\n\n\n\n<div class=\"wp-block-column is-vertically-aligned-center is-layout-flow wp-block-column-is-layout-flow\" style=\"flex-basis:66.66%\">\n<figure class=\"wp-block-image aligncenter size-full\"><img loading=\"lazy\" decoding=\"async\" width=\"655\" height=\"337\" src=\"https:\/\/fritzjeitler.com\/wp-content\/uploads\/2026\/03\/oesterreich.png\" alt=\"\u00d6sterreich Karte mit Experten STandorten\" class=\"wp-image-3255\" srcset=\"https:\/\/fritzjeitler.com\/wp-content\/uploads\/2026\/03\/oesterreich.png 655w, https:\/\/fritzjeitler.com\/wp-content\/uploads\/2026\/03\/oesterreich-300x154.png 300w\" sizes=\"auto, (max-width: 655px) 100vw, 655px\" \/><\/figure>\n<\/div>\n<\/div>\n<\/div>\n","protected":false},"excerpt":{"rendered":"<p>Tam za vas Ekipa &#8220;Predstaviti na\u0161o uspe\u0161no ekipo je lahka naloga, saj bi s svojo predanostjo, izku\u0161njami in strokovnim znanjem &#8211; v pravem pomenu besede &#8211; napolnili celoten zvezek.&#8221; In\u017eenir Fritz Jeitler Upravljanje KatharinaJeitler Poobla\u0161\u010deni podpisnik In\u017eenir Johannes H\u00f6ller Vodenje prodaje Avstrija Thomas Mandl, MSc Vodja nabave, upravljanja izdelkov in kakovosti In\u017eenir Tobias Gunacker Vodenje [&hellip;]<\/p>\n","protected":false},"author":3,"featured_media":4122,"parent":5004,"menu_order":1,"comment_status":"closed","ping_status":"closed","template":"seite-ber-uns","meta":{"clicksgefuehlecore_hide_title":false,"theme\/reading-time":-1,"page-redirect-enabled":false,"page-redirect-target-id":0,"footnotes":""},"class_list":["post-5260","page","type-page","status-publish","has-post-thumbnail","hentry"],"yoast_head":"<!-- This site is optimized with the Yoast SEO plugin v26.7 - https:\/\/yoast.com\/wordpress\/plugins\/seo\/ -->\n<title>Ekipa: Va\u0161 kontakt za najbolj\u0161e storitve -% Fritz Jeitler Futtermittel%<\/title>\n<meta name=\"description\" content=\"Spoznajte ekipo JEITLER\u00ae: Strokovnjaki za krmo z izku\u0161njami, strokovnim znanjem in prilagojenimi nasveti za kmetijstvo.\" \/>\n<meta name=\"robots\" content=\"index, follow, max-snippet:-1, max-image-preview:large, max-video-preview:-1\" \/>\n<link rel=\"canonical\" href=\"https:\/\/fritzjeitler.com\/sl\/o-nas\/ekipa\/\" \/>\n<meta property=\"og:locale\" content=\"sl_SI\" \/>\n<meta property=\"og:type\" content=\"article\" \/>\n<meta property=\"og:title\" content=\"Ekipa: Va\u0161 kontakt za najbolj\u0161e storitve -% Fritz Jeitler Futtermittel%\" \/>\n<meta property=\"og:description\" content=\"Spoznajte ekipo JEITLER\u00ae: Strokovnjaki za krmo z izku\u0161njami, strokovnim znanjem in prilagojenimi nasveti za kmetijstvo.\" \/>\n<meta property=\"og:url\" content=\"https:\/\/fritzjeitler.com\/sl\/o-nas\/ekipa\/\" \/>\n<meta property=\"og:site_name\" content=\"Fritz Jeitler Futtermittel\" \/>\n<meta property=\"article:modified_time\" content=\"2026-04-20T09:37:36+00:00\" \/>\n<meta property=\"og:image\" content=\"https:\/\/fritzjeitler.com\/wp-content\/uploads\/2026\/03\/Headerbild-1-scaled-e1773326514528.jpg\" \/>\n\t<meta property=\"og:image:width\" content=\"2560\" \/>\n\t<meta property=\"og:image:height\" content=\"1707\" \/>\n\t<meta property=\"og:image:type\" content=\"image\/jpeg\" \/>\n<meta name=\"twitter:card\" content=\"summary_large_image\" \/>\n<meta name=\"twitter:label1\" content=\"Est. reading time\" \/>\n\t<meta name=\"twitter:data1\" content=\"1 minuta\" \/>\n<script type=\"application\/ld+json\" class=\"yoast-schema-graph\">{\"@context\":\"https:\/\/schema.org\",\"@graph\":[{\"@type\":\"WebPage\",\"@id\":\"https:\/\/fritzjeitler.com\/sl\/o-nas\/ekipa\/\",\"url\":\"https:\/\/fritzjeitler.com\/sl\/o-nas\/ekipa\/\",\"name\":\"Ekipa: Va\u0161 kontakt za najbolj\u0161e storitve -% Fritz Jeitler Futtermittel%\",\"isPartOf\":{\"@id\":\"https:\/\/fritzjeitler.com\/sl\/#website\"},\"primaryImageOfPage\":{\"@id\":\"https:\/\/fritzjeitler.com\/sl\/o-nas\/ekipa\/#primaryimage\"},\"image\":{\"@id\":\"https:\/\/fritzjeitler.com\/sl\/o-nas\/ekipa\/#primaryimage\"},\"thumbnailUrl\":\"https:\/\/fritzjeitler.com\/wp-content\/uploads\/2026\/03\/Headerbild-1-scaled-e1773326514528.jpg\",\"datePublished\":\"2025-01-23T09:15:17+00:00\",\"dateModified\":\"2026-04-20T09:37:36+00:00\",\"description\":\"Spoznajte ekipo JEITLER\u00ae: Strokovnjaki za krmo z izku\u0161njami, strokovnim znanjem in prilagojenimi nasveti za kmetijstvo.\",\"breadcrumb\":{\"@id\":\"https:\/\/fritzjeitler.com\/sl\/o-nas\/ekipa\/#breadcrumb\"},\"inLanguage\":\"sl-SI\",\"potentialAction\":[{\"@type\":\"ReadAction\",\"target\":[\"https:\/\/fritzjeitler.com\/sl\/o-nas\/ekipa\/\"]}]},{\"@type\":\"ImageObject\",\"inLanguage\":\"sl-SI\",\"@id\":\"https:\/\/fritzjeitler.com\/sl\/o-nas\/ekipa\/#primaryimage\",\"url\":\"https:\/\/fritzjeitler.com\/wp-content\/uploads\/2026\/03\/Headerbild-1-scaled-e1773326514528.jpg\",\"contentUrl\":\"https:\/\/fritzjeitler.com\/wp-content\/uploads\/2026\/03\/Headerbild-1-scaled-e1773326514528.jpg\",\"width\":2560,\"height\":1707,\"caption\":\"Teamfoto\"},{\"@type\":\"BreadcrumbList\",\"@id\":\"https:\/\/fritzjeitler.com\/sl\/o-nas\/ekipa\/#breadcrumb\",\"itemListElement\":[{\"@type\":\"ListItem\",\"position\":1,\"name\":\"Home\",\"item\":\"https:\/\/fritzjeitler.com\/sl\/\"},{\"@type\":\"ListItem\",\"position\":2,\"name\":\"O nas\",\"item\":\"https:\/\/fritzjeitler.com\/sl\/o-nas\/\"},{\"@type\":\"ListItem\",\"position\":3,\"name\":\"Ekipa\"}]},{\"@type\":\"WebSite\",\"@id\":\"https:\/\/fritzjeitler.com\/sl\/#website\",\"url\":\"https:\/\/fritzjeitler.com\/sl\/\",\"name\":\"Fritz Jeitler Futtermittel\",\"description\":\"\",\"potentialAction\":[{\"@type\":\"SearchAction\",\"target\":{\"@type\":\"EntryPoint\",\"urlTemplate\":\"https:\/\/fritzjeitler.com\/sl\/?s={search_term_string}\"},\"query-input\":{\"@type\":\"PropertyValueSpecification\",\"valueRequired\":true,\"valueName\":\"search_term_string\"}}],\"inLanguage\":\"sl-SI\"}]}<\/script>\n<!-- \/ Yoast SEO plugin. -->","yoast_head_json":{"title":"Ekipa: Va\u0161 kontakt za najbolj\u0161e storitve -% Fritz Jeitler Futtermittel%","description":"Spoznajte ekipo JEITLER\u00ae: Strokovnjaki za krmo z izku\u0161njami, strokovnim znanjem in prilagojenimi nasveti za kmetijstvo.","robots":{"index":"index","follow":"follow","max-snippet":"max-snippet:-1","max-image-preview":"max-image-preview:large","max-video-preview":"max-video-preview:-1"},"canonical":"https:\/\/fritzjeitler.com\/sl\/o-nas\/ekipa\/","og_locale":"sl_SI","og_type":"article","og_title":"Ekipa: Va\u0161 kontakt za najbolj\u0161e storitve -% Fritz Jeitler Futtermittel%","og_description":"Spoznajte ekipo JEITLER\u00ae: Strokovnjaki za krmo z izku\u0161njami, strokovnim znanjem in prilagojenimi nasveti za kmetijstvo.","og_url":"https:\/\/fritzjeitler.com\/sl\/o-nas\/ekipa\/","og_site_name":"Fritz Jeitler Futtermittel","article_modified_time":"2026-04-20T09:37:36+00:00","og_image":[{"width":2560,"height":1707,"url":"https:\/\/fritzjeitler.com\/wp-content\/uploads\/2026\/03\/Headerbild-1-scaled-e1773326514528.jpg","type":"image\/jpeg"}],"twitter_card":"summary_large_image","twitter_misc":{"Est. reading time":"1 minuta"},"schema":{"@context":"https:\/\/schema.org","@graph":[{"@type":"WebPage","@id":"https:\/\/fritzjeitler.com\/sl\/o-nas\/ekipa\/","url":"https:\/\/fritzjeitler.com\/sl\/o-nas\/ekipa\/","name":"Ekipa: Va\u0161 kontakt za najbolj\u0161e storitve -% Fritz Jeitler Futtermittel%","isPartOf":{"@id":"https:\/\/fritzjeitler.com\/sl\/#website"},"primaryImageOfPage":{"@id":"https:\/\/fritzjeitler.com\/sl\/o-nas\/ekipa\/#primaryimage"},"image":{"@id":"https:\/\/fritzjeitler.com\/sl\/o-nas\/ekipa\/#primaryimage"},"thumbnailUrl":"https:\/\/fritzjeitler.com\/wp-content\/uploads\/2026\/03\/Headerbild-1-scaled-e1773326514528.jpg","datePublished":"2025-01-23T09:15:17+00:00","dateModified":"2026-04-20T09:37:36+00:00","description":"Spoznajte ekipo JEITLER\u00ae: Strokovnjaki za krmo z izku\u0161njami, strokovnim znanjem in prilagojenimi nasveti za kmetijstvo.","breadcrumb":{"@id":"https:\/\/fritzjeitler.com\/sl\/o-nas\/ekipa\/#breadcrumb"},"inLanguage":"sl-SI","potentialAction":[{"@type":"ReadAction","target":["https:\/\/fritzjeitler.com\/sl\/o-nas\/ekipa\/"]}]},{"@type":"ImageObject","inLanguage":"sl-SI","@id":"https:\/\/fritzjeitler.com\/sl\/o-nas\/ekipa\/#primaryimage","url":"https:\/\/fritzjeitler.com\/wp-content\/uploads\/2026\/03\/Headerbild-1-scaled-e1773326514528.jpg","contentUrl":"https:\/\/fritzjeitler.com\/wp-content\/uploads\/2026\/03\/Headerbild-1-scaled-e1773326514528.jpg","width":2560,"height":1707,"caption":"Teamfoto"},{"@type":"BreadcrumbList","@id":"https:\/\/fritzjeitler.com\/sl\/o-nas\/ekipa\/#breadcrumb","itemListElement":[{"@type":"ListItem","position":1,"name":"Home","item":"https:\/\/fritzjeitler.com\/sl\/"},{"@type":"ListItem","position":2,"name":"O nas","item":"https:\/\/fritzjeitler.com\/sl\/o-nas\/"},{"@type":"ListItem","position":3,"name":"Ekipa"}]},{"@type":"WebSite","@id":"https:\/\/fritzjeitler.com\/sl\/#website","url":"https:\/\/fritzjeitler.com\/sl\/","name":"Fritz Jeitler Futtermittel","description":"","potentialAction":[{"@type":"SearchAction","target":{"@type":"EntryPoint","urlTemplate":"https:\/\/fritzjeitler.com\/sl\/?s={search_term_string}"},"query-input":{"@type":"PropertyValueSpecification","valueRequired":true,"valueName":"search_term_string"}}],"inLanguage":"sl-SI"}]}},"_links":{"self":[{"href":"https:\/\/fritzjeitler.com\/sl\/wp-json\/wp\/v2\/pages\/5260","targetHints":{"allow":["GET"]}}],"collection":[{"href":"https:\/\/fritzjeitler.com\/sl\/wp-json\/wp\/v2\/pages"}],"about":[{"href":"https:\/\/fritzjeitler.com\/sl\/wp-json\/wp\/v2\/types\/page"}],"author":[{"embeddable":true,"href":"https:\/\/fritzjeitler.com\/sl\/wp-json\/wp\/v2\/users\/3"}],"replies":[{"embeddable":true,"href":"https:\/\/fritzjeitler.com\/sl\/wp-json\/wp\/v2\/comments?post=5260"}],"version-history":[{"count":6,"href":"https:\/\/fritzjeitler.com\/sl\/wp-json\/wp\/v2\/pages\/5260\/revisions"}],"predecessor-version":[{"id":5611,"href":"https:\/\/fritzjeitler.com\/sl\/wp-json\/wp\/v2\/pages\/5260\/revisions\/5611"}],"up":[{"embeddable":true,"href":"https:\/\/fritzjeitler.com\/sl\/wp-json\/wp\/v2\/pages\/5004"}],"wp:featuredmedia":[{"embeddable":true,"href":"https:\/\/fritzjeitler.com\/sl\/wp-json\/wp\/v2\/media\/4122"}],"wp:attachment":[{"href":"https:\/\/fritzjeitler.com\/sl\/wp-json\/wp\/v2\/media?parent=5260"}],"curies":[{"name":"wp","href":"https:\/\/api.w.org\/{rel}","templated":true}]}}