{"id":5251,"date":"2025-01-23T10:16:45","date_gmt":"2025-01-23T09:16:45","guid":{"rendered":"https:\/\/fritzjeitler.com\/o-nas\/raziskave-in-razvoj\/"},"modified":"2026-04-20T08:59:52","modified_gmt":"2026-04-20T06:59:52","slug":"raziskave-in-razvoj","status":"publish","type":"page","link":"https:\/\/fritzjeitler.com\/sl\/o-nas\/raziskave-in-razvoj\/","title":{"rendered":"Raziskave in razvoj"},"content":{"rendered":"\n<p class=\"has-l-font-size\"><strong>Delujo\u010de raziskave &#8211; neposredno v podjetju<\/strong><\/p>\n\n<h1 class=\"wp-block-heading\" style=\"margin-top:var(--wp--preset--spacing--60)\">Raziskave in razvoj krme za mo\u010dne kmetije prihodnosti<\/h1>\n\n<p class=\"has-l-font-size\">Inovativna krma za \u017eivali za trajnostno kmetijstvo je rezultat intenzivnih raziskav, znanstvenega sodelovanja in prakti\u010dnih izku\u0161enj. Pri JEITLER<sup>\u00ae<\/sup> se pri razvoju izdelkov, ki resni\u010dno koristijo na\u0161im kmetom, zana\u0161amo na mo\u010dno mre\u017eo in poglobljeno strokovno znanje. Za zdrave \u017eivali. Za stabilne kmetije. Za varno prihodnost.    <\/p>\n\n<p class=\"has-l-font-size\">Naj gre za mikotoksine, prebavo, imunsko za\u0161\u010dito ali predelavo krme: na\u0161e re\u0161itve za izdelke nastajajo tam, kjer so potrebne &#8211; na sti\u010di\u0161\u010du med raziskavami in prakso. Na\u0161 cilj je podpirati va\u0161e vsakodnevne izzive s premi\u0161ljenimi in u\u010dinkovitimi izdelki. Ker ima vsaka \u017eival, vsaka kmetija in vsaka regija svoje zahteve, mi pa razvijamo re\u0161itve zanje.  <\/p>\n\n<div class=\"wp-block-group has-grey-lighter-background-color has-background has-global-padding is-layout-constrained wp-container-core-group-is-layout-318f2caf wp-block-group-is-layout-constrained\" style=\"padding-top:var(--wp--preset--spacing--130);padding-right:var(--wp--preset--spacing--130);padding-bottom:var(--wp--preset--spacing--130);padding-left:var(--wp--preset--spacing--130)\">\n<div class=\"wp-block-columns is-layout-flex wp-container-core-columns-is-layout-28f84493 wp-block-columns-is-layout-flex\">\n<div class=\"wp-block-column is-layout-flow wp-block-column-is-layout-flow\" style=\"flex-basis:33.33%\">\n<h4 class=\"wp-block-heading\">Strokovno znanje<\/h4>\n\n\n\n<h2 class=\"wp-block-heading\" style=\"padding-right:var(--wp--preset--spacing--100)\">Globalne raziskave, ki se uporabljajo na regionalni ravni<\/h2>\n<\/div>\n\n\n\n<div class=\"wp-block-column is-layout-flow wp-block-column-is-layout-flow\" style=\"flex-basis:66.66%\">\n<p>V kampusu Tulln, enem od vodilnih avstrijskih bioznanstvenih sredi\u0161\u010d, se mednarodne ekipe strokovnjakov med drugim ukvarjajo z naslednjimi klju\u010dnimi temami na podro\u010dju prehrane \u017eivali:<\/p>\n\n\n\n<ul class=\"wp-block-list\">\n<li><span>Encimologija in razvoj bioprocesov<\/span><\/li>\n\n\n\n<li><span>Instrumentalna analitika in celi\u010dna biologija<\/span><\/li>\n\n\n\n<li><span>Formulacija bioaktivnih sestavin<\/span><\/li>\n\n\n\n<li><span>Odkrivanje in skavtstvo<\/span><\/li>\n<\/ul>\n\n\n\n<p>Ta osredoto\u010dena raziskovalna prizadevanja se neposredno prena\u0161ajo v razvoj na\u0161ih izdelkov. Sodelujemo tudi z avstrijskimi univerzami in raziskovalnimi in\u0161tituti. Tako zagotavljamo, da so na\u0161i izdelki znanstveno utemeljeni in primerni za prakti\u010dno uporabo. JEITLER\u00ae aktivno sodeluje tudi v letni globalni raziskavi o mikotoksinih dru\u017ebe dsm-firmenich in zagotavlja pomembne podatke o pojavu mikotoksinov v Avstriji.   <\/p>\n<\/div>\n<\/div>\n<\/div>\n\n<div class=\"wp-block-columns is-layout-flex wp-container-core-columns-is-layout-aaa5c44e wp-block-columns-is-layout-flex\" style=\"padding-top:var(--wp--preset--spacing--100);padding-bottom:var(--wp--preset--spacing--100)\">\n<div class=\"wp-block-column is-layout-flow wp-block-column-is-layout-flow\">\n<figure class=\"wp-block-image size-large is-style-default\"><img loading=\"lazy\" decoding=\"async\" width=\"2560\" height=\"1919\" src=\"https:\/\/fritzjeitler.com\/wp-content\/uploads\/2026\/02\/MTR61793-edited-1-scaled.jpg\" alt=\"Ein Mitarbeiter in gr\u00fcner Arbeitskleidung leert einen Futtersack in eine Maschine\" class=\"wp-image-2475\" srcset=\"https:\/\/fritzjeitler.com\/wp-content\/uploads\/2026\/02\/MTR61793-edited-1-scaled.jpg 2560w, https:\/\/fritzjeitler.com\/wp-content\/uploads\/2026\/02\/MTR61793-edited-1-300x225.jpg 300w, https:\/\/fritzjeitler.com\/wp-content\/uploads\/2026\/02\/MTR61793-edited-1-1024x768.jpg 1024w, https:\/\/fritzjeitler.com\/wp-content\/uploads\/2026\/02\/MTR61793-edited-1-768x576.jpg 768w, https:\/\/fritzjeitler.com\/wp-content\/uploads\/2026\/02\/MTR61793-edited-1-1536x1151.jpg 1536w, https:\/\/fritzjeitler.com\/wp-content\/uploads\/2026\/02\/MTR61793-edited-1-2048x1535.jpg 2048w\" sizes=\"auto, (max-width: 2560px) 100vw, 2560px\" \/><\/figure>\n<\/div>\n\n\n\n<div class=\"wp-block-column is-vertically-aligned-center is-layout-flow wp-block-column-is-layout-flow\">\n<h3 class=\"wp-block-heading\">Sistemati\u010dni razvoj izdelkov: od raziskav do posode za hrano<\/h3>\n\n\n\n<p>Na\u0161a ekipa v Herzogenburgu je sestavljena iz strokovnjakov za prehrano \u017eivali. Njihov cilj: izsledke raziskav izvajati tako, da bodo va\u0161emu poslovanju prinesli resni\u010dno dodano vrednost.<br\/>Vsaka nova u\u010dinkovina in vsaka formulacija gre skozi jasno opredeljen razvojni proces: <\/p>\n\n\n\n<ul class=\"wp-block-list\">\n<li><span>Razvoj novih izdelkov na podlagi trenutnih raziskav<\/span><\/li>\n\n\n\n<li><span>Prilagoditev regionalnim razmeram in posebnim \u017eivalskim vrstam<\/span><\/li>\n\n\n\n<li><span>Prakti\u010dni preizkusi na kmetijah<\/span><\/li>\n\n\n\n<li><span>V prodaji so samo preizku\u0161eni izdelki<\/span><\/li>\n<\/ul>\n<\/div>\n<\/div>\n\n<div class=\"wp-block-group has-green-lighter-background-color has-background has-global-padding is-layout-constrained wp-container-core-group-is-layout-318f2caf wp-block-group-is-layout-constrained\" style=\"padding-top:var(--wp--preset--spacing--130);padding-right:var(--wp--preset--spacing--130);padding-bottom:var(--wp--preset--spacing--130);padding-left:var(--wp--preset--spacing--130)\">\n<div class=\"wp-block-columns is-layout-flex wp-container-core-columns-is-layout-28f84493 wp-block-columns-is-layout-flex\">\n<div class=\"wp-block-column is-layout-flow wp-block-column-is-layout-flow\" style=\"flex-basis:33.33%\">\n<h4 class=\"wp-block-heading has-text-align-left\">Raziskave<\/h4>\n\n\n\n<h2 class=\"wp-block-heading has-text-align-left\">Zakaj so na\u0161e raziskave pomembne za vas<\/h2>\n<\/div>\n\n\n\n<div class=\"wp-block-column is-layout-flow wp-block-column-is-layout-flow\" style=\"flex-basis:66.66%\">\n<p>Kot kmet potrebujete re\u0161itve, ki dokazano delujejo. Na\u0161a krma za \u017eivali temelji na temeljitih raziskavah, intenzivnem razvoju in tesnem sodelovanju v praksi. <\/p>\n\n\n\n<ul class=\"wp-block-list\">\n<li><span>Visoka kakovost izdelkov in stalen nadaljnji razvoj<\/span><\/li>\n\n\n\n<li><span>Jasen u\u010dinek na zdravje in u\u010dinkovitost \u017eivali<\/span><\/li>\n\n\n\n<li><span>Varnost na podlagi znanstvene baze podatkov<\/span><\/li>\n<\/ul>\n<\/div>\n<\/div>\n<\/div>\n\n<div style=\"height:35px\" aria-hidden=\"true\" class=\"wp-block-spacer\"><\/div>\n\n<h2 class=\"wp-block-heading has-green-color has-text-color has-link-color wp-elements-a956cf518b5eaa828971032e95b2a57d\">Upravljanje izdelkov &#8211; od ideje do korita<\/h2>\n\n<div class=\"wp-block-columns is-layout-flex wp-container-core-columns-is-layout-28f84493 wp-block-columns-is-layout-flex\">\n<div class=\"wp-block-column is-layout-flow wp-block-column-is-layout-flow\">\n<p>Dobra krma je rezultat izku\u0161enj, raziskav in intuicije. Na\u0161a ekipa za upravljanje izdelkov razvija prilagojene re\u0161itve za pra\u0161i\u010de, pre\u017evekovalce in perutnino. Vedno v dialogu s prakso in prodajo, z namenom zagotavljanja kakovosti, u\u010dinkovitosti in zdravja \u017eivali. Ker mora vsak izdelek obstati na kmetiji.   <\/p>\n\n\n\n<p>Standardni izdelki pogosto ne zado\u0161\u010dajo za izpolnjevanje razli\u010dnih zahtev sodobne \u017eivinoreje. Zato ima JEITLER<sup>\u00ae<\/sup> lastno ekipo za upravljanje izdelkov, ki se vsakodnevno ukvarja z osrednjim vpra\u0161anjem: Kaj \u017eivali in kmetije resni\u010dno potrebujejo?<br\/>V Herzogenburgu nastajajo zahtevni recepti za pra\u0161i\u010de, pre\u017evekovalce in perutnino. Ekipa analizira zahteve trga, razvija koncepte uporabe, oblikuje nove izdelke in podpira njihovo izvajanje do proizvodnje. Cilj: krma, ki je prakti\u010dna, ekonomi\u010dna in prijazna do \u017eivali.   <\/p>\n\n\n\n<p>V vsako me\u0161anico se ne vna\u0161ajo le \u0161tevilke in hranilne vrednosti, temve\u010d tudi povratne informacije prodajalcev, rezultati poskusov in zakonske zahteve. Vsak nov izdelek se preizkusi, preden prispe na kmetijo. <\/p>\n\n\n\n<p>Rezultat: krma, ki ni prepri\u010dljiva le na papirju, temve\u010d je u\u010dinkovita tudi v hlevu. In zadovoljni kmetje, ki se lahko zanesejo, da bodo njihove \u017eivali dobile to\u010dno to, kar potrebujejo. <\/p>\n\n\n\n<div class=\"wp-block-buttons is-layout-flex wp-block-buttons-is-layout-flex\">\n<div class=\"wp-block-button\"><a class=\"wp-block-button__link wp-element-button\" href=\"https:\/\/fritzjeitler.com\/sl\/o-nas\/pisite-nam\/\">Obrnite se na na\u0161o ekipo strokovnjakov<\/a><\/div>\n<\/div>\n<\/div>\n\n\n\n<div class=\"wp-block-column is-layout-flow wp-block-column-is-layout-flow\">\n<figure class=\"wp-block-image size-large is-style-default\"><img loading=\"lazy\" decoding=\"async\" width=\"1920\" height=\"2560\" src=\"https:\/\/fritzjeitler.com\/wp-content\/uploads\/2026\/02\/Produktmanagement-JEITLER-edited-scaled.jpg\" alt=\"Zwei M\u00e4nner testen den Geruch eines Produktes aus einem Glasbeh\u00e4lter\" class=\"wp-image-2497\" srcset=\"https:\/\/fritzjeitler.com\/wp-content\/uploads\/2026\/02\/Produktmanagement-JEITLER-edited-scaled.jpg 1920w, https:\/\/fritzjeitler.com\/wp-content\/uploads\/2026\/02\/Produktmanagement-JEITLER-edited-225x300.jpg 225w, https:\/\/fritzjeitler.com\/wp-content\/uploads\/2026\/02\/Produktmanagement-JEITLER-edited-768x1024.jpg 768w, https:\/\/fritzjeitler.com\/wp-content\/uploads\/2026\/02\/Produktmanagement-JEITLER-edited-1152x1536.jpg 1152w, https:\/\/fritzjeitler.com\/wp-content\/uploads\/2026\/02\/Produktmanagement-JEITLER-edited-1536x2048.jpg 1536w\" sizes=\"auto, (max-width: 1920px) 100vw, 1920px\" \/><\/figure>\n<\/div>\n<\/div>\n","protected":false},"excerpt":{"rendered":"<p>Delujo\u010de raziskave &#8211; neposredno v podjetju Raziskave in razvoj krme za mo\u010dne kmetije prihodnosti Inovativna krma za \u017eivali za trajnostno kmetijstvo je rezultat intenzivnih raziskav, znanstvenega sodelovanja in prakti\u010dnih izku\u0161enj. Pri JEITLER\u00ae se pri razvoju izdelkov, ki resni\u010dno koristijo na\u0161im kmetom, zana\u0161amo na mo\u010dno mre\u017eo in poglobljeno strokovno znanje. Za zdrave \u017eivali. Za stabilne kmetije. [&hellip;]<\/p>\n","protected":false},"author":3,"featured_media":2787,"parent":5004,"menu_order":3,"comment_status":"closed","ping_status":"closed","template":"seite-ber-uns","meta":{"clicksgefuehlecore_hide_title":false,"theme\/reading-time":-1,"page-redirect-enabled":false,"page-redirect-target-id":0,"footnotes":""},"class_list":["post-5251","page","type-page","status-publish","has-post-thumbnail","hentry"],"yoast_head":"<!-- This site is optimized with the Yoast SEO plugin v26.7 - https:\/\/yoast.com\/wordpress\/plugins\/seo\/ -->\n<title>Raziskave in razvoj - Fritz Jeitler Futtermittel<\/title>\n<meta name=\"description\" content=\"Raziskave za u\u010dinkovito krmo: znanost, praksa in inovacije za zdrave \u017eivali, u\u010dinkovite kmetije in trajnostno kmetijstvo.\" \/>\n<meta name=\"robots\" content=\"index, follow, max-snippet:-1, max-image-preview:large, max-video-preview:-1\" \/>\n<link rel=\"canonical\" href=\"https:\/\/fritzjeitler.com\/sl\/o-nas\/raziskave-in-razvoj\/\" \/>\n<meta property=\"og:locale\" content=\"sl_SI\" \/>\n<meta property=\"og:type\" content=\"article\" \/>\n<meta property=\"og:title\" content=\"Raziskave in razvoj - Fritz Jeitler Futtermittel\" \/>\n<meta property=\"og:description\" content=\"Raziskave za u\u010dinkovito krmo: znanost, praksa in inovacije za zdrave \u017eivali, u\u010dinkovite kmetije in trajnostno kmetijstvo.\" \/>\n<meta property=\"og:url\" content=\"https:\/\/fritzjeitler.com\/sl\/o-nas\/raziskave-in-razvoj\/\" \/>\n<meta property=\"og:site_name\" content=\"Fritz Jeitler Futtermittel\" \/>\n<meta property=\"article:modified_time\" content=\"2026-04-20T06:59:52+00:00\" \/>\n<meta property=\"og:image\" content=\"https:\/\/fritzjeitler.com\/wp-content\/uploads\/2026\/02\/JEITLER-Forschung-und-Entwicklung-1024x683.png\" \/>\n\t<meta property=\"og:image:width\" content=\"1024\" \/>\n\t<meta property=\"og:image:height\" content=\"683\" \/>\n\t<meta property=\"og:image:type\" content=\"image\/png\" \/>\n<meta name=\"twitter:card\" content=\"summary_large_image\" \/>\n<meta name=\"twitter:label1\" content=\"Est. reading time\" \/>\n\t<meta name=\"twitter:data1\" content=\"3 minute\" \/>\n<script type=\"application\/ld+json\" class=\"yoast-schema-graph\">{\"@context\":\"https:\/\/schema.org\",\"@graph\":[{\"@type\":\"WebPage\",\"@id\":\"https:\/\/fritzjeitler.com\/sl\/o-nas\/raziskave-in-razvoj\/\",\"url\":\"https:\/\/fritzjeitler.com\/sl\/o-nas\/raziskave-in-razvoj\/\",\"name\":\"Raziskave in razvoj - Fritz Jeitler Futtermittel\",\"isPartOf\":{\"@id\":\"https:\/\/fritzjeitler.com\/sl\/#website\"},\"primaryImageOfPage\":{\"@id\":\"https:\/\/fritzjeitler.com\/sl\/o-nas\/raziskave-in-razvoj\/#primaryimage\"},\"image\":{\"@id\":\"https:\/\/fritzjeitler.com\/sl\/o-nas\/raziskave-in-razvoj\/#primaryimage\"},\"thumbnailUrl\":\"https:\/\/fritzjeitler.com\/wp-content\/uploads\/2026\/02\/JEITLER-Forschung-und-Entwicklung-scaled.png\",\"datePublished\":\"2025-01-23T09:16:45+00:00\",\"dateModified\":\"2026-04-20T06:59:52+00:00\",\"description\":\"Raziskave za u\u010dinkovito krmo: znanost, praksa in inovacije za zdrave \u017eivali, u\u010dinkovite kmetije in trajnostno kmetijstvo.\",\"breadcrumb\":{\"@id\":\"https:\/\/fritzjeitler.com\/sl\/o-nas\/raziskave-in-razvoj\/#breadcrumb\"},\"inLanguage\":\"sl-SI\",\"potentialAction\":[{\"@type\":\"ReadAction\",\"target\":[\"https:\/\/fritzjeitler.com\/sl\/o-nas\/raziskave-in-razvoj\/\"]}]},{\"@type\":\"ImageObject\",\"inLanguage\":\"sl-SI\",\"@id\":\"https:\/\/fritzjeitler.com\/sl\/o-nas\/raziskave-in-razvoj\/#primaryimage\",\"url\":\"https:\/\/fritzjeitler.com\/wp-content\/uploads\/2026\/02\/JEITLER-Forschung-und-Entwicklung-scaled.png\",\"contentUrl\":\"https:\/\/fritzjeitler.com\/wp-content\/uploads\/2026\/02\/JEITLER-Forschung-und-Entwicklung-scaled.png\",\"width\":2560,\"height\":1707,\"caption\":\"Ein Mann h\u00e4lt eine Pr\u00e4sentation vor Kolleginnen und Kollegen in einem Besprechungsraum\"},{\"@type\":\"BreadcrumbList\",\"@id\":\"https:\/\/fritzjeitler.com\/sl\/o-nas\/raziskave-in-razvoj\/#breadcrumb\",\"itemListElement\":[{\"@type\":\"ListItem\",\"position\":1,\"name\":\"Home\",\"item\":\"https:\/\/fritzjeitler.com\/sl\/\"},{\"@type\":\"ListItem\",\"position\":2,\"name\":\"O nas\",\"item\":\"https:\/\/fritzjeitler.com\/sl\/o-nas\/\"},{\"@type\":\"ListItem\",\"position\":3,\"name\":\"Raziskave in razvoj\"}]},{\"@type\":\"WebSite\",\"@id\":\"https:\/\/fritzjeitler.com\/sl\/#website\",\"url\":\"https:\/\/fritzjeitler.com\/sl\/\",\"name\":\"Fritz Jeitler Futtermittel\",\"description\":\"\",\"potentialAction\":[{\"@type\":\"SearchAction\",\"target\":{\"@type\":\"EntryPoint\",\"urlTemplate\":\"https:\/\/fritzjeitler.com\/sl\/?s={search_term_string}\"},\"query-input\":{\"@type\":\"PropertyValueSpecification\",\"valueRequired\":true,\"valueName\":\"search_term_string\"}}],\"inLanguage\":\"sl-SI\"}]}<\/script>\n<!-- \/ Yoast SEO plugin. -->","yoast_head_json":{"title":"Raziskave in razvoj - Fritz Jeitler Futtermittel","description":"Raziskave za u\u010dinkovito krmo: znanost, praksa in inovacije za zdrave \u017eivali, u\u010dinkovite kmetije in trajnostno kmetijstvo.","robots":{"index":"index","follow":"follow","max-snippet":"max-snippet:-1","max-image-preview":"max-image-preview:large","max-video-preview":"max-video-preview:-1"},"canonical":"https:\/\/fritzjeitler.com\/sl\/o-nas\/raziskave-in-razvoj\/","og_locale":"sl_SI","og_type":"article","og_title":"Raziskave in razvoj - Fritz Jeitler Futtermittel","og_description":"Raziskave za u\u010dinkovito krmo: znanost, praksa in inovacije za zdrave \u017eivali, u\u010dinkovite kmetije in trajnostno kmetijstvo.","og_url":"https:\/\/fritzjeitler.com\/sl\/o-nas\/raziskave-in-razvoj\/","og_site_name":"Fritz Jeitler Futtermittel","article_modified_time":"2026-04-20T06:59:52+00:00","og_image":[{"width":1024,"height":683,"url":"https:\/\/fritzjeitler.com\/wp-content\/uploads\/2026\/02\/JEITLER-Forschung-und-Entwicklung-1024x683.png","type":"image\/png"}],"twitter_card":"summary_large_image","twitter_misc":{"Est. reading time":"3 minute"},"schema":{"@context":"https:\/\/schema.org","@graph":[{"@type":"WebPage","@id":"https:\/\/fritzjeitler.com\/sl\/o-nas\/raziskave-in-razvoj\/","url":"https:\/\/fritzjeitler.com\/sl\/o-nas\/raziskave-in-razvoj\/","name":"Raziskave in razvoj - Fritz Jeitler Futtermittel","isPartOf":{"@id":"https:\/\/fritzjeitler.com\/sl\/#website"},"primaryImageOfPage":{"@id":"https:\/\/fritzjeitler.com\/sl\/o-nas\/raziskave-in-razvoj\/#primaryimage"},"image":{"@id":"https:\/\/fritzjeitler.com\/sl\/o-nas\/raziskave-in-razvoj\/#primaryimage"},"thumbnailUrl":"https:\/\/fritzjeitler.com\/wp-content\/uploads\/2026\/02\/JEITLER-Forschung-und-Entwicklung-scaled.png","datePublished":"2025-01-23T09:16:45+00:00","dateModified":"2026-04-20T06:59:52+00:00","description":"Raziskave za u\u010dinkovito krmo: znanost, praksa in inovacije za zdrave \u017eivali, u\u010dinkovite kmetije in trajnostno kmetijstvo.","breadcrumb":{"@id":"https:\/\/fritzjeitler.com\/sl\/o-nas\/raziskave-in-razvoj\/#breadcrumb"},"inLanguage":"sl-SI","potentialAction":[{"@type":"ReadAction","target":["https:\/\/fritzjeitler.com\/sl\/o-nas\/raziskave-in-razvoj\/"]}]},{"@type":"ImageObject","inLanguage":"sl-SI","@id":"https:\/\/fritzjeitler.com\/sl\/o-nas\/raziskave-in-razvoj\/#primaryimage","url":"https:\/\/fritzjeitler.com\/wp-content\/uploads\/2026\/02\/JEITLER-Forschung-und-Entwicklung-scaled.png","contentUrl":"https:\/\/fritzjeitler.com\/wp-content\/uploads\/2026\/02\/JEITLER-Forschung-und-Entwicklung-scaled.png","width":2560,"height":1707,"caption":"Ein Mann h\u00e4lt eine Pr\u00e4sentation vor Kolleginnen und Kollegen in einem Besprechungsraum"},{"@type":"BreadcrumbList","@id":"https:\/\/fritzjeitler.com\/sl\/o-nas\/raziskave-in-razvoj\/#breadcrumb","itemListElement":[{"@type":"ListItem","position":1,"name":"Home","item":"https:\/\/fritzjeitler.com\/sl\/"},{"@type":"ListItem","position":2,"name":"O nas","item":"https:\/\/fritzjeitler.com\/sl\/o-nas\/"},{"@type":"ListItem","position":3,"name":"Raziskave in razvoj"}]},{"@type":"WebSite","@id":"https:\/\/fritzjeitler.com\/sl\/#website","url":"https:\/\/fritzjeitler.com\/sl\/","name":"Fritz Jeitler Futtermittel","description":"","potentialAction":[{"@type":"SearchAction","target":{"@type":"EntryPoint","urlTemplate":"https:\/\/fritzjeitler.com\/sl\/?s={search_term_string}"},"query-input":{"@type":"PropertyValueSpecification","valueRequired":true,"valueName":"search_term_string"}}],"inLanguage":"sl-SI"}]}},"_links":{"self":[{"href":"https:\/\/fritzjeitler.com\/sl\/wp-json\/wp\/v2\/pages\/5251","targetHints":{"allow":["GET"]}}],"collection":[{"href":"https:\/\/fritzjeitler.com\/sl\/wp-json\/wp\/v2\/pages"}],"about":[{"href":"https:\/\/fritzjeitler.com\/sl\/wp-json\/wp\/v2\/types\/page"}],"author":[{"embeddable":true,"href":"https:\/\/fritzjeitler.com\/sl\/wp-json\/wp\/v2\/users\/3"}],"replies":[{"embeddable":true,"href":"https:\/\/fritzjeitler.com\/sl\/wp-json\/wp\/v2\/comments?post=5251"}],"version-history":[{"count":4,"href":"https:\/\/fritzjeitler.com\/sl\/wp-json\/wp\/v2\/pages\/5251\/revisions"}],"predecessor-version":[{"id":5586,"href":"https:\/\/fritzjeitler.com\/sl\/wp-json\/wp\/v2\/pages\/5251\/revisions\/5586"}],"up":[{"embeddable":true,"href":"https:\/\/fritzjeitler.com\/sl\/wp-json\/wp\/v2\/pages\/5004"}],"wp:featuredmedia":[{"embeddable":true,"href":"https:\/\/fritzjeitler.com\/sl\/wp-json\/wp\/v2\/media\/2787"}],"wp:attachment":[{"href":"https:\/\/fritzjeitler.com\/sl\/wp-json\/wp\/v2\/media?parent=5251"}],"curies":[{"name":"wp","href":"https:\/\/api.w.org\/{rel}","templated":true}]}}