{"id":5247,"date":"2025-01-29T14:01:14","date_gmt":"2025-01-29T13:01:14","guid":{"rendered":"https:\/\/fritzjeitler.com\/odtis\/"},"modified":"2026-04-13T12:55:04","modified_gmt":"2026-04-13T10:55:04","slug":"odtis","status":"publish","type":"page","link":"https:\/\/fritzjeitler.com\/sl\/odtis\/","title":{"rendered":"Odtis"},"content":{"rendered":"\n<h1 class=\"wp-block-heading\">Odtis<\/h1>\n\n<p>Obveznost obve\u0161\u010danja v skladu s 5. \u010dlenom Zakona o elektronskem poslovanju, 14. \u010dlenom Poslovnega zakonika, 63. \u010dlenom Zakona o trgovini in obveznost razkritja v skladu s 25. \u010dlenom Zakona o medijih<\/p>\n\n<p>Podjetje <strong>Fritz Jeitler Futtermittel GmbH<\/strong><br\/>Naslov: Berndorf 162, A-8324 Kirchberg\/Raab<br\/>Register podjetij: FN 350423 d, sodi\u0161\u010de za registracijo podjetij Landesgericht f\u00fcr ZRS Graz<br\/>Faks: +43-3115-28929-111<\/p>\n\n<div class=\"wp-block-group is-layout-flow wp-container-core-group-is-layout-7d298d2f wp-block-group-is-layout-flow\" style=\"margin-top:0\">\n<div class=\"wp-block-group is-nowrap is-layout-flex wp-container-core-group-is-layout-6c531013 wp-block-group-is-layout-flex\">\n<div class=\"wp-block-outermost-icon-block items-justified-center wp-container-content-16d1eb73\"><div class=\"icon-container has-icon-color has-grey-darker-color\" style=\"color:#2C2C2C;width:20px;transform:rotate(0deg) scaleX(1) scaleY(1)\"><svg xmlns=\"http:\/\/www.w3.org\/2000\/svg\" height=\"15\" viewbox=\"0 0 15 15\" width=\"15\"><path d=\"m6.085-9.228.935.539a10.351 10.351 0 0 1 3.8 3.8l.539.935-.762.762-.973.973 1.1 2.76 2.867-.525a11.715 11.715 0 0 0 -11.479-11.482l-.521 2.866 2.76 1.1.973-.973zm-1.4 3.384-4.685-1.875.938-5.156h.938a13.126 13.126 0 0 1 13.124 13.125v.938l-5.156.938-1.875-4.688 1.631-1.629a8.947 8.947 0 0 0 -3.284-3.282z\" transform=\"matrix(-1 0 -0 -1 15 2.125)\"><\/path><\/svg><\/div><\/div>\n\n\n\n<p><a href=\"tel:0043311528929\">+43-3115-28929<\/a><\/p>\n<\/div>\n\n\n\n<div class=\"wp-block-group is-nowrap is-layout-flex wp-container-core-group-is-layout-6c531013 wp-block-group-is-layout-flex\">\n<div class=\"wp-block-outermost-icon-block items-justified-center wp-container-content-16d1eb73\"><div class=\"icon-container has-icon-color has-grey-darker-color\" style=\"color:#2C2C2C;width:20px;transform:rotate(0deg) scaleX(1) scaleY(1)\"><svg xmlns=\"http:\/\/www.w3.org\/2000\/svg\" height=\"16.481\" viewbox=\"0 0 20.102 16.481\" width=\"20.102\"><g transform=\"translate(-2 -5)\"><path d=\"m4.81 5h14.481a2.813 2.813 0 0 1 2.809 2.81v10.861a2.813 2.813 0 0 1 -2.81 2.81h-14.48a2.813 2.813 0 0 1 -2.81-2.81v-10.861a2.813 2.813 0 0 1 2.81-2.81zm14.481 14.481a.811.811 0 0 0 .81-.81v-10.861a.811.811 0 0 0 -.81-.81h-14.481a.811.811 0 0 0 -.81.81v10.861a.811.811 0 0 0 .81.81z\"><\/path><path d=\"m12.051 16.336a1 1 0 0 1 -.573-.181l-9.051-6.336a1 1 0 0 1 1.146-1.638l8.477 5.934 8.477-5.934a1 1 0 0 1 1.147 1.638l-9.051 6.336a1 1 0 0 1 -.572.181z\" transform=\"translate(0 -1.189)\"><\/path><\/g><\/svg><\/div><\/div>\n\n\n\n<p><a href=\"mailto:office@fritzjeitler.com\">office@fritzjeitler.com<\/a><\/p>\n<\/div>\n<\/div>\n\n<p>Poslovni namen: trgovina z gnojili, trgovina s krmo za \u017eivali, trgovina z \u017eitom in izdelki iz \u017eitnih plev, trgovina s semeni in semenjem, trgovina z drugimi kmetijskimi proizvodi, trgovina s strupi<br\/>\u0160tevilka UID: ATU ATU65922308<br\/>\u010dlan: WK Steiermark, FG Agrarhandel<br\/>Strokovno pravo: trgovinski predpisi www.ris.bka.gv.at<br\/>Trgovinski organ: Okro\u017eni organ S\u00fcdoststeiermark<\/p>\n\n<p>Podjetje <strong>JEITLER Produktentwicklung &amp; Vertriebs GmbH<\/strong><br\/>Naslov: Berndorf 162, A-8324 Kirchberg\/Raab<br\/>Poslovni register: FN 615625 g, registrsko sodi\u0161\u010de Landesgericht f\u00fcr ZRS Graz<br\/>Telefon: +43-3115-28929<br\/>Faks: +43-3115-28929-111<br\/>E-naslov: <a href=\"email:%20office@fritzjeitler.com\">office@fritzjeitler.com<\/a><\/p>\n\n<p>Poslovni namen: trgovina z gnojili, trgovina s krmo za \u017eivali, trgovina z \u017eitom in izdelki iz \u017eitnih plev, trgovina s semeni in semenjem, trgovina z drugimi kmetijskimi proizvodi, trgovina s strupi<br\/>\u0160tevilka UID: ATU ATU80166026<br\/>\u010dlan: WK Steiermark, FG Agrarhandel<br\/>Strokovno pravo: trgovinski predpisi www.ris.bka.gv.at<br\/>Trgovinski organ: Okro\u017eni organ S\u00fcdoststeiermark<\/p>\n\n<p><strong>Podru\u017enica Slovenija<br\/><\/strong>Fritz Jeitler Futtermittel GmbH Berndorf podru\u017enica Lutverci<br\/>Lutverci 20, 9253 Apa\u010de<br\/>Identifikacijska \u0161tevilka za DDV: SI19185111<\/p>\n\n<h3 class=\"wp-block-heading\">Pravne informacije<\/h3>\n\n<p><strong>Avtorske pravice, blagovne znamke in pravice industrijske lastnine<\/strong><br\/>Vsa vsebina na tem spletnem mestu je za\u0161\u010ditena z avtorskimi pravicami. Besedila, slike, grafike, zvok, animacije in videoposnetki so za\u0161\u010diteni z avtorskimi pravicami in drugimi za\u0161\u010ditnimi zakoni. Vsebine ni dovoljeno kopirati, raz\u0161irjati, spreminjati ali omogo\u010dati dostopa tretjim osebam v komercialne namene. Brez soglasja upravljavca ali avtorja je prepovedana vsakr\u0161na uporaba, zlasti shranjevanje v zbirkah podatkov, razmno\u017eevanje, distribucija, urejanje in kakr\u0161na koli oblika komercialne uporabe ter razkritje tretjim osebam &#8211; tudi delno ali v spremenjeni obliki.   <\/p>\n\n<p><strong>Uporaba, razpolo\u017eljivost, izjava o omejitvi odgovornosti<\/strong><br\/>To spletno mesto uporabljate na lastno odgovornost. Ne prevzemamo nobene odgovornosti za stalno razpolo\u017eljivost ali za objavljene prispevke, ponudbe, storitve in servise glede pravilnosti, popolnosti in funkcionalnosti. Izklju\u010dena je vsakr\u0161na odgovornost za \u0161kodo, ki neposredno ali posredno izhaja iz uporabe tega spletnega mesta<br\/>. To spletno mesto in z njim povezane storitve se upravljajo z najve\u010djo mo\u017eno skrbnostjo, zanesljivostjo in razpolo\u017eljivostjo. Zaradi tehni\u010dnih razlogov pa ni mogo\u010de, da bi bile te storitve dostopne brez prekinitev, da bi se vedno vzpostavile \u017eelene povezave ali da bi se shranjeni podatki ohranili v vseh okoli\u0161\u010dinah. Stalne razpolo\u017eljivosti ni mogo\u010de zagotoviti.     <\/p>\n\n<p><strong>Povezave<\/strong><br\/>V primeru povezav na druge spletne ponudbe ne prevzemamo odgovornosti za vsebino, funkcionalnost in razpolo\u017eljivost povezanih spletnih strani. To velja tudi za vse druge neposredne ali posredne sklice ali povezave na zunanja spletna mesta. Povezave na to spletno mesto so dobrodo\u0161le, \u010de so oblikovane kot zunanje povezave v lo\u010denem oknu brskalnika. Prenos glavnega okna v okvir postavljavca povezave ni dovoljen. \u010ce spletna stran, na katero smo vzpostavili povezavo, vsebuje nezakonito vsebino, nas o tem obvestite in povezava bo nemudoma odstranjena.    <\/p>\n\n<p><strong>Viri slik<\/strong><br\/>Slike, fotografije in grafike na tem spletnem mestu so za\u0161\u010ditene z avtorskimi pravicami.<br\/>Pravice za slike imajo naslednji fotografi in podjetja:<\/p>\n\n<ul class=\"wp-block-list\">\n<li><span>Foto studio Karl Schrotter<\/span><\/li>\n\n\n\n<li><span>MT Studio &#8211; Thomas Urbanic<\/span><\/li>\n\n\n\n<li><span>Georg Kippes<\/span><\/li>\n\n\n\n<li><span>Pixabay<\/span><\/li>\n\n\n\n<li><span>Biomin<\/span><\/li>\n<\/ul>\n","protected":false},"excerpt":{"rendered":"<p>Odtis Obveznost obve\u0161\u010danja v skladu s 5. \u010dlenom Zakona o elektronskem poslovanju, 14. \u010dlenom Poslovnega zakonika, 63. \u010dlenom Zakona o trgovini in obveznost razkritja v skladu s 25. \u010dlenom Zakona o medijih Podjetje Fritz Jeitler Futtermittel GmbHNaslov: Berndorf 162, A-8324 Kirchberg\/RaabRegister podjetij: FN 350423 d, sodi\u0161\u010de za registracijo podjetij Landesgericht f\u00fcr ZRS GrazFaks: +43-3115-28929-111 +43-3115-28929 [&hellip;]<\/p>\n","protected":false},"author":3,"featured_media":0,"parent":0,"menu_order":15,"comment_status":"closed","ping_status":"closed","template":"page-no-title","meta":{"clicksgefuehlecore_hide_title":false,"theme\/reading-time":-1,"page-redirect-enabled":false,"page-redirect-target-id":0,"footnotes":""},"class_list":["post-5247","page","type-page","status-publish","hentry"],"yoast_head":"<!-- This site is optimized with the Yoast SEO plugin v26.7 - https:\/\/yoast.com\/wordpress\/plugins\/seo\/ -->\n<title>Odtis - Fritz Jeitler Futtermittel<\/title>\n<meta name=\"robots\" content=\"index, follow, max-snippet:-1, max-image-preview:large, max-video-preview:-1\" \/>\n<link rel=\"canonical\" href=\"https:\/\/fritzjeitler.com\/sl\/odtis\/\" \/>\n<meta property=\"og:locale\" content=\"sl_SI\" \/>\n<meta property=\"og:type\" content=\"article\" \/>\n<meta property=\"og:title\" content=\"Odtis - Fritz Jeitler Futtermittel\" \/>\n<meta property=\"og:description\" content=\"Odtis Obveznost obve\u0161\u010danja v skladu s 5. \u010dlenom Zakona o elektronskem poslovanju, 14. \u010dlenom Poslovnega zakonika, 63. \u010dlenom Zakona o trgovini in obveznost razkritja v skladu s 25. \u010dlenom Zakona o medijih Podjetje Fritz Jeitler Futtermittel GmbHNaslov: Berndorf 162, A-8324 Kirchberg\/RaabRegister podjetij: FN 350423 d, sodi\u0161\u010de za registracijo podjetij Landesgericht f\u00fcr ZRS GrazFaks: +43-3115-28929-111 +43-3115-28929 [&hellip;]\" \/>\n<meta property=\"og:url\" content=\"https:\/\/fritzjeitler.com\/sl\/odtis\/\" \/>\n<meta property=\"og:site_name\" content=\"Fritz Jeitler Futtermittel\" \/>\n<meta property=\"article:modified_time\" content=\"2026-04-13T10:55:04+00:00\" \/>\n<meta name=\"twitter:card\" content=\"summary_large_image\" \/>\n<meta name=\"twitter:label1\" content=\"Est. reading time\" \/>\n\t<meta name=\"twitter:data1\" content=\"3 minute\" \/>\n<script type=\"application\/ld+json\" class=\"yoast-schema-graph\">{\"@context\":\"https:\/\/schema.org\",\"@graph\":[{\"@type\":\"WebPage\",\"@id\":\"https:\/\/fritzjeitler.com\/sl\/odtis\/\",\"url\":\"https:\/\/fritzjeitler.com\/sl\/odtis\/\",\"name\":\"Odtis - Fritz Jeitler Futtermittel\",\"isPartOf\":{\"@id\":\"https:\/\/fritzjeitler.com\/sl\/#website\"},\"datePublished\":\"2025-01-29T13:01:14+00:00\",\"dateModified\":\"2026-04-13T10:55:04+00:00\",\"breadcrumb\":{\"@id\":\"https:\/\/fritzjeitler.com\/sl\/odtis\/#breadcrumb\"},\"inLanguage\":\"sl-SI\",\"potentialAction\":[{\"@type\":\"ReadAction\",\"target\":[\"https:\/\/fritzjeitler.com\/sl\/odtis\/\"]}]},{\"@type\":\"BreadcrumbList\",\"@id\":\"https:\/\/fritzjeitler.com\/sl\/odtis\/#breadcrumb\",\"itemListElement\":[{\"@type\":\"ListItem\",\"position\":1,\"name\":\"Home\",\"item\":\"https:\/\/fritzjeitler.com\/sl\/\"},{\"@type\":\"ListItem\",\"position\":2,\"name\":\"Odtis\"}]},{\"@type\":\"WebSite\",\"@id\":\"https:\/\/fritzjeitler.com\/sl\/#website\",\"url\":\"https:\/\/fritzjeitler.com\/sl\/\",\"name\":\"Fritz Jeitler Futtermittel\",\"description\":\"\",\"potentialAction\":[{\"@type\":\"SearchAction\",\"target\":{\"@type\":\"EntryPoint\",\"urlTemplate\":\"https:\/\/fritzjeitler.com\/sl\/?s={search_term_string}\"},\"query-input\":{\"@type\":\"PropertyValueSpecification\",\"valueRequired\":true,\"valueName\":\"search_term_string\"}}],\"inLanguage\":\"sl-SI\"}]}<\/script>\n<!-- \/ Yoast SEO plugin. -->","yoast_head_json":{"title":"Odtis - Fritz Jeitler Futtermittel","robots":{"index":"index","follow":"follow","max-snippet":"max-snippet:-1","max-image-preview":"max-image-preview:large","max-video-preview":"max-video-preview:-1"},"canonical":"https:\/\/fritzjeitler.com\/sl\/odtis\/","og_locale":"sl_SI","og_type":"article","og_title":"Odtis - Fritz Jeitler Futtermittel","og_description":"Odtis Obveznost obve\u0161\u010danja v skladu s 5. \u010dlenom Zakona o elektronskem poslovanju, 14. \u010dlenom Poslovnega zakonika, 63. \u010dlenom Zakona o trgovini in obveznost razkritja v skladu s 25. \u010dlenom Zakona o medijih Podjetje Fritz Jeitler Futtermittel GmbHNaslov: Berndorf 162, A-8324 Kirchberg\/RaabRegister podjetij: FN 350423 d, sodi\u0161\u010de za registracijo podjetij Landesgericht f\u00fcr ZRS GrazFaks: +43-3115-28929-111 +43-3115-28929 [&hellip;]","og_url":"https:\/\/fritzjeitler.com\/sl\/odtis\/","og_site_name":"Fritz Jeitler Futtermittel","article_modified_time":"2026-04-13T10:55:04+00:00","twitter_card":"summary_large_image","twitter_misc":{"Est. reading time":"3 minute"},"schema":{"@context":"https:\/\/schema.org","@graph":[{"@type":"WebPage","@id":"https:\/\/fritzjeitler.com\/sl\/odtis\/","url":"https:\/\/fritzjeitler.com\/sl\/odtis\/","name":"Odtis - Fritz Jeitler Futtermittel","isPartOf":{"@id":"https:\/\/fritzjeitler.com\/sl\/#website"},"datePublished":"2025-01-29T13:01:14+00:00","dateModified":"2026-04-13T10:55:04+00:00","breadcrumb":{"@id":"https:\/\/fritzjeitler.com\/sl\/odtis\/#breadcrumb"},"inLanguage":"sl-SI","potentialAction":[{"@type":"ReadAction","target":["https:\/\/fritzjeitler.com\/sl\/odtis\/"]}]},{"@type":"BreadcrumbList","@id":"https:\/\/fritzjeitler.com\/sl\/odtis\/#breadcrumb","itemListElement":[{"@type":"ListItem","position":1,"name":"Home","item":"https:\/\/fritzjeitler.com\/sl\/"},{"@type":"ListItem","position":2,"name":"Odtis"}]},{"@type":"WebSite","@id":"https:\/\/fritzjeitler.com\/sl\/#website","url":"https:\/\/fritzjeitler.com\/sl\/","name":"Fritz Jeitler Futtermittel","description":"","potentialAction":[{"@type":"SearchAction","target":{"@type":"EntryPoint","urlTemplate":"https:\/\/fritzjeitler.com\/sl\/?s={search_term_string}"},"query-input":{"@type":"PropertyValueSpecification","valueRequired":true,"valueName":"search_term_string"}}],"inLanguage":"sl-SI"}]}},"_links":{"self":[{"href":"https:\/\/fritzjeitler.com\/sl\/wp-json\/wp\/v2\/pages\/5247","targetHints":{"allow":["GET"]}}],"collection":[{"href":"https:\/\/fritzjeitler.com\/sl\/wp-json\/wp\/v2\/pages"}],"about":[{"href":"https:\/\/fritzjeitler.com\/sl\/wp-json\/wp\/v2\/types\/page"}],"author":[{"embeddable":true,"href":"https:\/\/fritzjeitler.com\/sl\/wp-json\/wp\/v2\/users\/3"}],"replies":[{"embeddable":true,"href":"https:\/\/fritzjeitler.com\/sl\/wp-json\/wp\/v2\/comments?post=5247"}],"version-history":[{"count":1,"href":"https:\/\/fritzjeitler.com\/sl\/wp-json\/wp\/v2\/pages\/5247\/revisions"}],"predecessor-version":[{"id":5248,"href":"https:\/\/fritzjeitler.com\/sl\/wp-json\/wp\/v2\/pages\/5247\/revisions\/5248"}],"wp:attachment":[{"href":"https:\/\/fritzjeitler.com\/sl\/wp-json\/wp\/v2\/media?parent=5247"}],"curies":[{"name":"wp","href":"https:\/\/api.w.org\/{rel}","templated":true}]}}