{"id":5245,"date":"2026-01-15T14:01:01","date_gmt":"2026-01-15T13:01:01","guid":{"rendered":"https:\/\/fritzjeitler.com\/o-nas\/o-podjetju-jeitler\/"},"modified":"2026-04-16T17:55:02","modified_gmt":"2026-04-16T15:55:02","slug":"o-podjetju-jeitler","status":"publish","type":"page","link":"https:\/\/fritzjeitler.com\/sl\/o-nas\/o-podjetju-jeitler\/","title":{"rendered":"O podjetju Jeitler"},"content":{"rendered":"\n<p class=\"has-l-font-size\"><strong>Uspe\u0161no skupaj<\/strong><\/p>\n\n<h1 class=\"wp-block-heading\" style=\"margin-top:var(--wp--preset--spacing--60)\">Smo strokovnjaki za krmo<\/h1>\n\n<p class=\"has-l-font-size\">JEITLER<sup>\u00ae<\/sup> Futtermittel je \u017ee od nekdaj zanesljiv partner kmetij v Avstriji in sosednjih regijah. Na\u0161e dru\u017einsko podjetje, ki temelji na kakovosti s stiskom roke in je podprto z inovativno mo\u010djo, izku\u0161njami in regionalnimi koreninami, se nenehno razvija &#8211; od prodajnega partnerja do vodilne kontaktne to\u010dke blagovne znamke za visokokakovostno krmo za \u017eivali. <\/p>\n\n<div class=\"wp-block-columns is-layout-flex wp-container-core-columns-is-layout-28f84493 wp-block-columns-is-layout-flex\">\n<div class=\"wp-block-column is-layout-flow wp-block-column-is-layout-flow\">\n<p>Smo dru\u017einsko podjetje s srcem in du\u0161o, kar je na\u0161a najve\u010dja prednost. Svoje tradicije in na\u010dela ne le \u017eivimo, temve\u010d jih tudi nadgrajujemo. Za kmetijstvo to pomeni, da razmi\u0161ljamo, na\u010drtujemo in delujemo <span class=\"is-shy-character\">dolgoro\u010dno<\/span>, kar vam zagotavlja varnost <span class=\"is-shy-character\">trajnostnega <\/span>in zanesljivega partnerstva. Vsi v na\u0161em podjetju &#8211; od <span class=\"is-shy-character\">skladi\u0161\u010dnikov <\/span>do \u0161efa &#8211; vsak dan dajo vse od sebe. Ta uspe\u0161nost je na\u0161 najbolj iskren znak <span class=\"is-shy-character\">hvale\u017enosti <\/span>in zagotovilo, da se lahko zanesete na vrhunsko kakovost na\u0161ih izdelkov.    <\/p>\n<\/div>\n\n\n\n<div class=\"wp-block-column is-layout-flow wp-block-column-is-layout-flow\">\n<p>Za nas so najpomembnej\u0161i ljudje. Vzemimo si potreben \u010das, da razumemo va\u0161e skrbi in jih obravnavamo na najbolj\u0161i mo\u017eni na\u010din, saj se zavedamo, da je va\u0161 uspeh trden temelj na\u0161ega dela. Na\u0161e sodelovanje temelji na zaupanju in spo\u0161tljivem sodelovanju na ravni o\u010di. Ker smo trdno prepri\u010dani, da lahko skupaj oblikujemo prihodnost kmetijstva.   <\/p>\n<\/div>\n<\/div>\n\n<div class=\"wp-block-group alignwide has-green-lighter-background-color has-background has-global-padding is-layout-constrained wp-block-group-is-layout-constrained\" style=\"margin-top:var(--wp--preset--spacing--140);margin-bottom:var(--wp--preset--spacing--140);padding-top:var(--wp--preset--spacing--fluid-41-94);padding-bottom:var(--wp--preset--spacing--fluid-41-94)\">\n<div class=\"wp-block-columns is-layout-flex wp-container-core-columns-is-layout-28f84493 wp-block-columns-is-layout-flex\">\n<div class=\"wp-block-column is-layout-flow wp-block-column-is-layout-flow\" style=\"padding-right:var(--wp--preset--spacing--100);padding-left:var(--wp--preset--spacing--100)\">\n<figure class=\"wp-block-image size-large\"><img loading=\"lazy\" decoding=\"async\" width=\"2560\" height=\"1440\" src=\"https:\/\/fritzjeitler.com\/wp-content\/uploads\/2026\/02\/JEITLER-Fuehrungsteam-edited-4-scaled.jpg\" alt=\"Vier Personen des F\u00fchrungsteams posieren in einem hellen Raum\" class=\"wp-image-2366\" srcset=\"https:\/\/fritzjeitler.com\/wp-content\/uploads\/2026\/02\/JEITLER-Fuehrungsteam-edited-4-scaled.jpg 2560w, https:\/\/fritzjeitler.com\/wp-content\/uploads\/2026\/02\/JEITLER-Fuehrungsteam-edited-4-300x169.jpg 300w, https:\/\/fritzjeitler.com\/wp-content\/uploads\/2026\/02\/JEITLER-Fuehrungsteam-edited-4-1024x576.jpg 1024w, https:\/\/fritzjeitler.com\/wp-content\/uploads\/2026\/02\/JEITLER-Fuehrungsteam-edited-4-768x432.jpg 768w, https:\/\/fritzjeitler.com\/wp-content\/uploads\/2026\/02\/JEITLER-Fuehrungsteam-edited-4-1536x864.jpg 1536w, https:\/\/fritzjeitler.com\/wp-content\/uploads\/2026\/02\/JEITLER-Fuehrungsteam-edited-4-2048x1152.jpg 2048w\" sizes=\"auto, (max-width: 2560px) 100vw, 2560px\" \/><\/figure>\n<\/div>\n\n\n\n<div class=\"wp-block-column is-vertically-aligned-center is-layout-flow wp-block-column-is-layout-flow\" style=\"padding-right:var(--wp--preset--spacing--110);padding-left:var(--wp--preset--spacing--110)\">\n<h2 class=\"wp-block-heading\">Dru\u017einsko podjetje. Od leta 1967. <\/h2>\n\n\n\n<p>Zato se zaupanje v JEITLER<sup>\u00ae<\/sup> izpla\u010da: kot odgovorno dru\u017einsko podjetje se opiramo na tri na\u010dela, ki zaznamujejo na\u0161e vsakodnevno delovanje: Navdu\u0161enje, odgovornost in kakovost stiska roke. S predanostjo in strokovnim znanjem si prizadevamo, da bi bile na\u0161e stranke \u0161e uspe\u0161nej\u0161e, saj njihov uspeh dolo\u010da tudi na\u0161ega. <\/p>\n<\/div>\n<\/div>\n<\/div>\n\n<div class=\"wp-block-columns is-layout-flex wp-container-core-columns-is-layout-28f84493 wp-block-columns-is-layout-flex\">\n<div class=\"wp-block-column is-layout-flow wp-block-column-is-layout-flow\">\n<figure class=\"wp-block-image aligncenter size-full is-resized\"><img decoding=\"async\" src=\"https:\/\/fritzjeitler.com\/wp-content\/uploads\/2026\/02\/icon-begeisterung-1.svg\" alt=\"Gr\u00fcnes Icon eines Herzens\" class=\"wp-image-2421\" style=\"width:120px\"\/><\/figure>\n\n\n\n<p class=\"has-text-align-center has-green-color has-text-color has-link-color has-l-font-size wp-elements-ef501fd74955acd5c80bd2906c04a4c5\"><strong>Navdu\u0161enje<\/strong><\/p>\n\n\n\n<p class=\"has-text-align-center\">Navdu\u0161enje je za nas motor, ki poganja vse. Ka\u017ee se v aktivnem poslu\u0161anju, strokovnem razmi\u0161ljanju in nenehnem prizadevanju, da bi bile stvari \u0161e bolj\u0161e &#8211; od izdelka do <span class=\"is-shy-character\">storitev za <\/span><span class=\"is-shy-character\">stranke<\/span>. Na\u0161 <span class=\"is-shy-character\">cilj je <\/span>poiskati re\u0161itve, ki ne delujejo le tehni\u010dno, temve\u010d <span class=\"is-shy-character\">kmetom <\/span>tudi resni\u010dno pomagajo pri njihovem vsakdanjem delu. Kajti le tisti, ki so sami navdu\u0161eni, lahko navdihujejo druge.   <\/p>\n<\/div>\n\n\n\n<div class=\"wp-block-column is-layout-flow wp-block-column-is-layout-flow\">\n<figure class=\"wp-block-image aligncenter size-full is-resized\"><img decoding=\"async\" src=\"https:\/\/fritzjeitler.com\/wp-content\/uploads\/2026\/02\/icon-verantwortung-1.svg\" alt=\"Gr\u00fcnes Icon eines Keimlings mit zwei Bl\u00e4ttern\" class=\"wp-image-2423\" style=\"width:120px\"\/><\/figure>\n\n\n\n<p class=\"has-text-align-center has-green-color has-text-color has-link-color has-l-font-size wp-elements-1e53cddda60fdc84c8517167bbcaafc2\"><strong>Odgovornost<\/strong><\/p>\n\n\n\n<p class=\"has-text-align-center\">Odgovornost za nas pomeni, da smo daljnovidni do ljudi, \u017eivali in okolja. Pozorni smo na izvor na\u0161ih surovin,<span class=\"is-shy-character\">vlagamo v <\/span>usposabljanje in nadaljnje izobra\u017eevanje na\u0161e ekipe, zagotavljamo kakovost z rednim testiranjem in prevzemamo <span class=\"is-shy-character\">odgovornost za <\/span>u\u010dinke na\u0161ih izdelkov. To ustvarja zaupanje in prina\u0161a jasnost na trgu, ki postaja vse bolj zapleten.  <\/p>\n<\/div>\n\n\n\n<div class=\"wp-block-column is-layout-flow wp-block-column-is-layout-flow\">\n<figure class=\"wp-block-image aligncenter size-full is-resized\"><img decoding=\"async\" src=\"https:\/\/fritzjeitler.com\/wp-content\/uploads\/2026\/02\/icon-handschlag-1.svg\" alt=\"Gr\u00fcnes Icon eines H\u00e4ndedrucks\" class=\"wp-image-2425\" style=\"width:120px\"\/><\/figure>\n\n\n\n<p class=\"has-text-align-center has-green-color has-text-color has-link-color has-l-font-size wp-elements-d10d70cf01024620f11ad810d8c62443\"><strong>Kakovost tresenja rok<\/strong><\/p>\n\n\n\n<p class=\"has-text-align-center\">Morda je to pretirano uporabljen izraz, vendar za nas pomeni: zanesljivo delovanje, po\u0161teno komuniciranje in zavzeto delovanje. Na\u0161i standardi kakovosti se ne odra\u017eajo le v na\u0161ih izdelkih, temve\u010d tudi v <span class=\"is-shy-character\">kakovosti \u017eivljenja <\/span>ljudi, za katere delamo. Vemo, kako <span class=\"is-shy-character\">naporno <\/span>je lahko vsakdanje \u017eivljenje na<span class=\"is-shy-character\">kmetiji<\/span>&#8211; z <span class=\"is-shy-character\">obveznostmi <\/span>v hlevu, na polju, v pisarni in v <span class=\"is-shy-character\">dru\u017einskem \u017eivljenju<\/span>. Zato poskrbimo, da krmljenje poteka nemoteno.   <\/p>\n<\/div>\n<\/div>\n","protected":false},"excerpt":{"rendered":"<p>Uspe\u0161no skupaj Smo strokovnjaki za krmo JEITLER\u00ae Futtermittel je \u017ee od nekdaj zanesljiv partner kmetij v Avstriji in sosednjih regijah. Na\u0161e dru\u017einsko podjetje, ki temelji na kakovosti s stiskom roke in je podprto z inovativno mo\u010djo, izku\u0161njami in regionalnimi koreninami, se nenehno razvija &#8211; od prodajnega partnerja do vodilne kontaktne to\u010dke blagovne znamke za visokokakovostno [&hellip;]<\/p>\n","protected":false},"author":3,"featured_media":2732,"parent":5004,"menu_order":0,"comment_status":"closed","ping_status":"closed","template":"seite-ber-uns","meta":{"clicksgefuehlecore_hide_title":false,"theme\/reading-time":-1,"page-redirect-enabled":false,"page-redirect-target-id":0,"footnotes":""},"class_list":["post-5245","page","type-page","status-publish","has-post-thumbnail","hentry"],"yoast_head":"<!-- This site is optimized with the Yoast SEO plugin v26.7 - https:\/\/yoast.com\/wordpress\/plugins\/seo\/ -->\n<title>O podjetju Jeitler - Fritz Jeitler Futtermittel<\/title>\n<meta name=\"description\" content=\"Krma za \u017eivali JEITLER\u00ae: dru\u017einsko podjetje od leta 1967 - kakovost, inovativnost in kakovost s stiskom roke za uspe\u0161no kmetijstvo.\" \/>\n<meta name=\"robots\" content=\"index, follow, max-snippet:-1, max-image-preview:large, max-video-preview:-1\" \/>\n<link rel=\"canonical\" href=\"https:\/\/fritzjeitler.com\/sl\/o-nas\/o-podjetju-jeitler\/\" \/>\n<meta property=\"og:locale\" content=\"sl_SI\" \/>\n<meta property=\"og:type\" content=\"article\" \/>\n<meta property=\"og:title\" content=\"O podjetju Jeitler - Fritz Jeitler Futtermittel\" \/>\n<meta property=\"og:description\" content=\"Krma za \u017eivali JEITLER\u00ae: dru\u017einsko podjetje od leta 1967 - kakovost, inovativnost in kakovost s stiskom roke za uspe\u0161no kmetijstvo.\" \/>\n<meta property=\"og:url\" content=\"https:\/\/fritzjeitler.com\/sl\/o-nas\/o-podjetju-jeitler\/\" \/>\n<meta property=\"og:site_name\" content=\"Fritz Jeitler Futtermittel\" \/>\n<meta property=\"article:modified_time\" content=\"2026-04-16T15:55:02+00:00\" \/>\n<meta property=\"og:image\" content=\"https:\/\/fritzjeitler.com\/wp-content\/uploads\/2026\/02\/Bild-Berndorf-1-neu-1024x768.png\" \/>\n\t<meta property=\"og:image:width\" content=\"1024\" \/>\n\t<meta property=\"og:image:height\" content=\"768\" \/>\n\t<meta property=\"og:image:type\" content=\"image\/png\" \/>\n<meta name=\"twitter:card\" content=\"summary_large_image\" \/>\n<meta name=\"twitter:label1\" content=\"Est. reading time\" \/>\n\t<meta name=\"twitter:data1\" content=\"2 minuti\" \/>\n<script type=\"application\/ld+json\" class=\"yoast-schema-graph\">{\"@context\":\"https:\/\/schema.org\",\"@graph\":[{\"@type\":\"WebPage\",\"@id\":\"https:\/\/fritzjeitler.com\/sl\/o-nas\/o-podjetju-jeitler\/\",\"url\":\"https:\/\/fritzjeitler.com\/sl\/o-nas\/o-podjetju-jeitler\/\",\"name\":\"O podjetju Jeitler - Fritz Jeitler Futtermittel\",\"isPartOf\":{\"@id\":\"https:\/\/fritzjeitler.com\/sl\/#website\"},\"primaryImageOfPage\":{\"@id\":\"https:\/\/fritzjeitler.com\/sl\/o-nas\/o-podjetju-jeitler\/#primaryimage\"},\"image\":{\"@id\":\"https:\/\/fritzjeitler.com\/sl\/o-nas\/o-podjetju-jeitler\/#primaryimage\"},\"thumbnailUrl\":\"https:\/\/fritzjeitler.com\/wp-content\/uploads\/2026\/02\/Bild-Berndorf-1-neu.png\",\"datePublished\":\"2026-01-15T13:01:01+00:00\",\"dateModified\":\"2026-04-16T15:55:02+00:00\",\"description\":\"Krma za \u017eivali JEITLER\u00ae: dru\u017einsko podjetje od leta 1967 - kakovost, inovativnost in kakovost s stiskom roke za uspe\u0161no kmetijstvo.\",\"breadcrumb\":{\"@id\":\"https:\/\/fritzjeitler.com\/sl\/o-nas\/o-podjetju-jeitler\/#breadcrumb\"},\"inLanguage\":\"sl-SI\",\"potentialAction\":[{\"@type\":\"ReadAction\",\"target\":[\"https:\/\/fritzjeitler.com\/sl\/o-nas\/o-podjetju-jeitler\/\"]}]},{\"@type\":\"ImageObject\",\"inLanguage\":\"sl-SI\",\"@id\":\"https:\/\/fritzjeitler.com\/sl\/o-nas\/o-podjetju-jeitler\/#primaryimage\",\"url\":\"https:\/\/fritzjeitler.com\/wp-content\/uploads\/2026\/02\/Bild-Berndorf-1-neu.png\",\"contentUrl\":\"https:\/\/fritzjeitler.com\/wp-content\/uploads\/2026\/02\/Bild-Berndorf-1-neu.png\",\"width\":2048,\"height\":1536,\"caption\":\"Aufnahme des Au\u00dfengel\u00e4ndes der Firma Jeitler\"},{\"@type\":\"BreadcrumbList\",\"@id\":\"https:\/\/fritzjeitler.com\/sl\/o-nas\/o-podjetju-jeitler\/#breadcrumb\",\"itemListElement\":[{\"@type\":\"ListItem\",\"position\":1,\"name\":\"Home\",\"item\":\"https:\/\/fritzjeitler.com\/sl\/\"},{\"@type\":\"ListItem\",\"position\":2,\"name\":\"O nas\",\"item\":\"https:\/\/fritzjeitler.com\/sl\/o-nas\/\"},{\"@type\":\"ListItem\",\"position\":3,\"name\":\"O podjetju Jeitler\"}]},{\"@type\":\"WebSite\",\"@id\":\"https:\/\/fritzjeitler.com\/sl\/#website\",\"url\":\"https:\/\/fritzjeitler.com\/sl\/\",\"name\":\"Fritz Jeitler Futtermittel\",\"description\":\"\",\"potentialAction\":[{\"@type\":\"SearchAction\",\"target\":{\"@type\":\"EntryPoint\",\"urlTemplate\":\"https:\/\/fritzjeitler.com\/sl\/?s={search_term_string}\"},\"query-input\":{\"@type\":\"PropertyValueSpecification\",\"valueRequired\":true,\"valueName\":\"search_term_string\"}}],\"inLanguage\":\"sl-SI\"}]}<\/script>\n<!-- \/ Yoast SEO plugin. -->","yoast_head_json":{"title":"O podjetju Jeitler - Fritz Jeitler Futtermittel","description":"Krma za \u017eivali JEITLER\u00ae: dru\u017einsko podjetje od leta 1967 - kakovost, inovativnost in kakovost s stiskom roke za uspe\u0161no kmetijstvo.","robots":{"index":"index","follow":"follow","max-snippet":"max-snippet:-1","max-image-preview":"max-image-preview:large","max-video-preview":"max-video-preview:-1"},"canonical":"https:\/\/fritzjeitler.com\/sl\/o-nas\/o-podjetju-jeitler\/","og_locale":"sl_SI","og_type":"article","og_title":"O podjetju Jeitler - Fritz Jeitler Futtermittel","og_description":"Krma za \u017eivali JEITLER\u00ae: dru\u017einsko podjetje od leta 1967 - kakovost, inovativnost in kakovost s stiskom roke za uspe\u0161no kmetijstvo.","og_url":"https:\/\/fritzjeitler.com\/sl\/o-nas\/o-podjetju-jeitler\/","og_site_name":"Fritz Jeitler Futtermittel","article_modified_time":"2026-04-16T15:55:02+00:00","og_image":[{"width":1024,"height":768,"url":"https:\/\/fritzjeitler.com\/wp-content\/uploads\/2026\/02\/Bild-Berndorf-1-neu-1024x768.png","type":"image\/png"}],"twitter_card":"summary_large_image","twitter_misc":{"Est. reading time":"2 minuti"},"schema":{"@context":"https:\/\/schema.org","@graph":[{"@type":"WebPage","@id":"https:\/\/fritzjeitler.com\/sl\/o-nas\/o-podjetju-jeitler\/","url":"https:\/\/fritzjeitler.com\/sl\/o-nas\/o-podjetju-jeitler\/","name":"O podjetju Jeitler - Fritz Jeitler Futtermittel","isPartOf":{"@id":"https:\/\/fritzjeitler.com\/sl\/#website"},"primaryImageOfPage":{"@id":"https:\/\/fritzjeitler.com\/sl\/o-nas\/o-podjetju-jeitler\/#primaryimage"},"image":{"@id":"https:\/\/fritzjeitler.com\/sl\/o-nas\/o-podjetju-jeitler\/#primaryimage"},"thumbnailUrl":"https:\/\/fritzjeitler.com\/wp-content\/uploads\/2026\/02\/Bild-Berndorf-1-neu.png","datePublished":"2026-01-15T13:01:01+00:00","dateModified":"2026-04-16T15:55:02+00:00","description":"Krma za \u017eivali JEITLER\u00ae: dru\u017einsko podjetje od leta 1967 - kakovost, inovativnost in kakovost s stiskom roke za uspe\u0161no kmetijstvo.","breadcrumb":{"@id":"https:\/\/fritzjeitler.com\/sl\/o-nas\/o-podjetju-jeitler\/#breadcrumb"},"inLanguage":"sl-SI","potentialAction":[{"@type":"ReadAction","target":["https:\/\/fritzjeitler.com\/sl\/o-nas\/o-podjetju-jeitler\/"]}]},{"@type":"ImageObject","inLanguage":"sl-SI","@id":"https:\/\/fritzjeitler.com\/sl\/o-nas\/o-podjetju-jeitler\/#primaryimage","url":"https:\/\/fritzjeitler.com\/wp-content\/uploads\/2026\/02\/Bild-Berndorf-1-neu.png","contentUrl":"https:\/\/fritzjeitler.com\/wp-content\/uploads\/2026\/02\/Bild-Berndorf-1-neu.png","width":2048,"height":1536,"caption":"Aufnahme des Au\u00dfengel\u00e4ndes der Firma Jeitler"},{"@type":"BreadcrumbList","@id":"https:\/\/fritzjeitler.com\/sl\/o-nas\/o-podjetju-jeitler\/#breadcrumb","itemListElement":[{"@type":"ListItem","position":1,"name":"Home","item":"https:\/\/fritzjeitler.com\/sl\/"},{"@type":"ListItem","position":2,"name":"O nas","item":"https:\/\/fritzjeitler.com\/sl\/o-nas\/"},{"@type":"ListItem","position":3,"name":"O podjetju Jeitler"}]},{"@type":"WebSite","@id":"https:\/\/fritzjeitler.com\/sl\/#website","url":"https:\/\/fritzjeitler.com\/sl\/","name":"Fritz Jeitler Futtermittel","description":"","potentialAction":[{"@type":"SearchAction","target":{"@type":"EntryPoint","urlTemplate":"https:\/\/fritzjeitler.com\/sl\/?s={search_term_string}"},"query-input":{"@type":"PropertyValueSpecification","valueRequired":true,"valueName":"search_term_string"}}],"inLanguage":"sl-SI"}]}},"_links":{"self":[{"href":"https:\/\/fritzjeitler.com\/sl\/wp-json\/wp\/v2\/pages\/5245","targetHints":{"allow":["GET"]}}],"collection":[{"href":"https:\/\/fritzjeitler.com\/sl\/wp-json\/wp\/v2\/pages"}],"about":[{"href":"https:\/\/fritzjeitler.com\/sl\/wp-json\/wp\/v2\/types\/page"}],"author":[{"embeddable":true,"href":"https:\/\/fritzjeitler.com\/sl\/wp-json\/wp\/v2\/users\/3"}],"replies":[{"embeddable":true,"href":"https:\/\/fritzjeitler.com\/sl\/wp-json\/wp\/v2\/comments?post=5245"}],"version-history":[{"count":3,"href":"https:\/\/fritzjeitler.com\/sl\/wp-json\/wp\/v2\/pages\/5245\/revisions"}],"predecessor-version":[{"id":5556,"href":"https:\/\/fritzjeitler.com\/sl\/wp-json\/wp\/v2\/pages\/5245\/revisions\/5556"}],"up":[{"embeddable":true,"href":"https:\/\/fritzjeitler.com\/sl\/wp-json\/wp\/v2\/pages\/5004"}],"wp:featuredmedia":[{"embeddable":true,"href":"https:\/\/fritzjeitler.com\/sl\/wp-json\/wp\/v2\/media\/2732"}],"wp:attachment":[{"href":"https:\/\/fritzjeitler.com\/sl\/wp-json\/wp\/v2\/media?parent=5245"}],"curies":[{"name":"wp","href":"https:\/\/api.w.org\/{rel}","templated":true}]}}