{"id":5240,"date":"2025-01-23T10:18:07","date_gmt":"2025-01-23T09:18:07","guid":{"rendered":"https:\/\/fritzjeitler.com\/o-nas\/potrdila-in-pecati-o-odobritvi\/"},"modified":"2026-04-20T11:37:14","modified_gmt":"2026-04-20T09:37:14","slug":"potrdila-in-pecati-o-odobritvi","status":"publish","type":"page","link":"https:\/\/fritzjeitler.com\/sl\/o-nas\/potrdila-in-pecati-o-odobritvi\/","title":{"rendered":"Potrdila in pe\u010dati o odobritvi"},"content":{"rendered":"\n<p class=\"has-l-font-size\"><strong>\u017divimo kakovostno<\/strong><\/p>\n\n<h1 class=\"wp-block-heading\" style=\"margin-top:var(--wp--preset--spacing--60)\">Potrdila in pe\u010dati o odobritvi<\/h1>\n\n<p class=\"has-l-font-size\">Zaupanje se gradi z dejanji. Na\u0161i certifikati in pe\u010dati kakovosti so vidni znaki prav tega zaupanja. Ozna\u010dujejo pregledne postopke, stroge standarde kakovosti in prizadevanje, da na\u0161im strankam dobavljamo le tisto, kar bi uporabljali sami.   <\/p>\n\n<p class=\"has-l-font-size\">V podjetju JEITLER kakovost ni le besedna zveza, temve\u010d odgovornost, ki jo \u017eivimo &#8211; od nakupa surovin do proizvodnje in dobave. Da bi bila ta trditev merljiva in sledljiva, nas redno pregledujejo in certificirajo neodvisni organi. <\/p>\n\n<h2 class=\"wp-block-heading has-green-color has-text-color has-link-color wp-elements-9858de913b6bb32cea97f62d25cd5fa9\"><strong>Na\u0161a trenutna potrdila so na voljo za prenos tukaj:<\/strong><\/h2>\n\n<div class=\"wp-block-columns is-layout-flex wp-container-core-columns-is-layout-28f84493 wp-block-columns-is-layout-flex\">\n<div class=\"wp-block-column has-grey-lighter-background-color has-background is-layout-flow wp-block-column-is-layout-flow\">\n<h3 class=\"wp-block-heading has-green-color has-text-color has-link-color wp-elements-d405aa29d6c25f173cd3f84652815c61\">pastus+<\/h3>\n\n\n\n<p><strong>Fritz Jeitler Futtermittel GmbH:<\/strong><\/p>\n\n\n\n<div class=\"wp-block-buttons is-layout-flex wp-block-buttons-is-layout-flex\">\n<div class=\"wp-block-button\"><a class=\"wp-block-button__link wp-element-button\" href=\"https:\/\/fritzjeitler.com\/wp-content\/uploads\/2026\/03\/FJF-Zertifikat-pastus.pdf\" target=\"_blank\" rel=\"noreferrer noopener\">certifikat pastus+<\/a><\/div>\n<\/div>\n\n\n\n<p><strong>JEITLER Product Development &amp; Sales GmbH:<\/strong><\/p>\n\n\n\n<div class=\"wp-block-buttons is-layout-flex wp-block-buttons-is-layout-flex\">\n<div class=\"wp-block-button\"><a class=\"wp-block-button__link wp-element-button\" href=\"https:\/\/fritzjeitler.com\/wp-content\/uploads\/2026\/03\/JPV-Zertifikat-pastus.pdf\" target=\"_blank\" rel=\"noreferrer noopener\">certifikat pastus+<\/a><\/div>\n<\/div>\n<\/div>\n\n\n\n<div class=\"wp-block-column has-grey-lighter-background-color has-background is-layout-flow wp-block-column-is-layout-flow\">\n<h3 class=\"wp-block-heading has-green-color has-text-color has-link-color wp-elements-11cb82f988f498c8fbae79ffdb0dd49b\">Proizvodnja brez GSO <\/h3>\n\n\n\n<p><strong>Fritz Jeitler Futtermittel GmbH:<\/strong><\/p>\n\n\n\n<div class=\"wp-block-buttons is-content-justification-left is-layout-flex wp-container-core-buttons-is-layout-fc4fd283 wp-block-buttons-is-layout-flex\">\n<div class=\"wp-block-button\"><a class=\"wp-block-button__link wp-element-button\" href=\"https:\/\/fritzjeitler.com\/wp-content\/uploads\/2026\/03\/FJF-Zertifikat-Gentechnikfrei.pdf\" target=\"_blank\" rel=\"noreferrer noopener\">Certifikat OGT<\/a><\/div>\n<\/div>\n\n\n\n<p><strong>JEITLER Product Development &amp; Sales GmbH:<\/strong><\/p>\n\n\n\n<div class=\"wp-block-buttons is-content-justification-left is-layout-flex wp-container-core-buttons-is-layout-fc4fd283 wp-block-buttons-is-layout-flex\">\n<div class=\"wp-block-button\"><a class=\"wp-block-button__link wp-element-button\" href=\"https:\/\/fritzjeitler.com\/wp-content\/uploads\/2026\/03\/JPV-Zertifikat-Gentechnikfrei.pdf\">Certifikat OGT<\/a><\/div>\n<\/div>\n<\/div>\n\n\n\n<div class=\"wp-block-column has-grey-lighter-background-color has-background is-layout-flow wp-block-column-is-layout-flow\">\n<h3 class=\"wp-block-heading has-green-color has-text-color has-link-color wp-elements-14ed046155ec611e5f07ff980d4b35b9\">Ekolo\u0161ki\/biolo\u0161ki<br\/>Proizvodnja <\/h3>\n\n\n\n<div class=\"wp-block-buttons is-layout-flex wp-block-buttons-is-layout-flex\">\n<div class=\"wp-block-button\"><a class=\"wp-block-button__link wp-element-button\" href=\"https:\/\/fritzjeitler.com\/wp-content\/uploads\/2026\/03\/BIO-Zertifikat-JPV_bis-01-2027.pdf\" target=\"_blank\" rel=\"noreferrer noopener\">certifikat BIO<\/a><\/div>\n<\/div>\n<\/div>\n<\/div>\n\n<p><\/p>\n","protected":false},"excerpt":{"rendered":"<p>\u017divimo kakovostno Potrdila in pe\u010dati o odobritvi Zaupanje se gradi z dejanji. Na\u0161i certifikati in pe\u010dati kakovosti so vidni znaki prav tega zaupanja. Ozna\u010dujejo pregledne postopke, stroge standarde kakovosti in prizadevanje, da na\u0161im strankam dobavljamo le tisto, kar bi uporabljali sami. V podjetju JEITLER kakovost ni le besedna zveza, temve\u010d odgovornost, ki jo \u017eivimo &#8211; [&hellip;]<\/p>\n","protected":false},"author":3,"featured_media":0,"parent":5004,"menu_order":5,"comment_status":"closed","ping_status":"closed","template":"seite-ber-uns","meta":{"clicksgefuehlecore_hide_title":false,"theme\/reading-time":-1,"page-redirect-enabled":false,"page-redirect-target-id":0,"footnotes":""},"class_list":["post-5240","page","type-page","status-publish","hentry"],"yoast_head":"<!-- This site is optimized with the Yoast SEO plugin v26.7 - https:\/\/yoast.com\/wordpress\/plugins\/seo\/ -->\n<title>Potrdila in pe\u010dati o odobritvi - Fritz Jeitler Futtermittel<\/title>\n<meta name=\"description\" content=\"JEITLER pomeni preizku\u0161eno kakovost: certifikati in pe\u010dati kakovosti za pregledne postopke, visoke standarde in zanesljivo oskrbo.\" \/>\n<meta name=\"robots\" content=\"index, follow, max-snippet:-1, max-image-preview:large, max-video-preview:-1\" \/>\n<link rel=\"canonical\" href=\"https:\/\/fritzjeitler.com\/sl\/o-nas\/potrdila-in-pecati-o-odobritvi\/\" \/>\n<meta property=\"og:locale\" content=\"sl_SI\" \/>\n<meta property=\"og:type\" content=\"article\" \/>\n<meta property=\"og:title\" content=\"Potrdila in pe\u010dati o odobritvi - Fritz Jeitler Futtermittel\" \/>\n<meta property=\"og:description\" content=\"JEITLER pomeni preizku\u0161eno kakovost: certifikati in pe\u010dati kakovosti za pregledne postopke, visoke standarde in zanesljivo oskrbo.\" \/>\n<meta property=\"og:url\" content=\"https:\/\/fritzjeitler.com\/sl\/o-nas\/potrdila-in-pecati-o-odobritvi\/\" \/>\n<meta property=\"og:site_name\" content=\"Fritz Jeitler Futtermittel\" \/>\n<meta property=\"article:modified_time\" content=\"2026-04-20T09:37:14+00:00\" \/>\n<meta name=\"twitter:card\" content=\"summary_large_image\" \/>\n<meta name=\"twitter:label1\" content=\"Est. reading time\" \/>\n\t<meta name=\"twitter:data1\" content=\"1 minuta\" \/>\n<script type=\"application\/ld+json\" class=\"yoast-schema-graph\">{\"@context\":\"https:\/\/schema.org\",\"@graph\":[{\"@type\":\"WebPage\",\"@id\":\"https:\/\/fritzjeitler.com\/sl\/o-nas\/potrdila-in-pecati-o-odobritvi\/\",\"url\":\"https:\/\/fritzjeitler.com\/sl\/o-nas\/potrdila-in-pecati-o-odobritvi\/\",\"name\":\"Potrdila in pe\u010dati o odobritvi - Fritz Jeitler Futtermittel\",\"isPartOf\":{\"@id\":\"https:\/\/fritzjeitler.com\/sl\/#website\"},\"datePublished\":\"2025-01-23T09:18:07+00:00\",\"dateModified\":\"2026-04-20T09:37:14+00:00\",\"description\":\"JEITLER pomeni preizku\u0161eno kakovost: certifikati in pe\u010dati kakovosti za pregledne postopke, visoke standarde in zanesljivo oskrbo.\",\"breadcrumb\":{\"@id\":\"https:\/\/fritzjeitler.com\/sl\/o-nas\/potrdila-in-pecati-o-odobritvi\/#breadcrumb\"},\"inLanguage\":\"sl-SI\",\"potentialAction\":[{\"@type\":\"ReadAction\",\"target\":[\"https:\/\/fritzjeitler.com\/sl\/o-nas\/potrdila-in-pecati-o-odobritvi\/\"]}]},{\"@type\":\"BreadcrumbList\",\"@id\":\"https:\/\/fritzjeitler.com\/sl\/o-nas\/potrdila-in-pecati-o-odobritvi\/#breadcrumb\",\"itemListElement\":[{\"@type\":\"ListItem\",\"position\":1,\"name\":\"Home\",\"item\":\"https:\/\/fritzjeitler.com\/sl\/\"},{\"@type\":\"ListItem\",\"position\":2,\"name\":\"O nas\",\"item\":\"https:\/\/fritzjeitler.com\/sl\/o-nas\/\"},{\"@type\":\"ListItem\",\"position\":3,\"name\":\"Potrdila in pe\u010dati o odobritvi\"}]},{\"@type\":\"WebSite\",\"@id\":\"https:\/\/fritzjeitler.com\/sl\/#website\",\"url\":\"https:\/\/fritzjeitler.com\/sl\/\",\"name\":\"Fritz Jeitler Futtermittel\",\"description\":\"\",\"potentialAction\":[{\"@type\":\"SearchAction\",\"target\":{\"@type\":\"EntryPoint\",\"urlTemplate\":\"https:\/\/fritzjeitler.com\/sl\/?s={search_term_string}\"},\"query-input\":{\"@type\":\"PropertyValueSpecification\",\"valueRequired\":true,\"valueName\":\"search_term_string\"}}],\"inLanguage\":\"sl-SI\"}]}<\/script>\n<!-- \/ Yoast SEO plugin. -->","yoast_head_json":{"title":"Potrdila in pe\u010dati o odobritvi - Fritz Jeitler Futtermittel","description":"JEITLER pomeni preizku\u0161eno kakovost: certifikati in pe\u010dati kakovosti za pregledne postopke, visoke standarde in zanesljivo oskrbo.","robots":{"index":"index","follow":"follow","max-snippet":"max-snippet:-1","max-image-preview":"max-image-preview:large","max-video-preview":"max-video-preview:-1"},"canonical":"https:\/\/fritzjeitler.com\/sl\/o-nas\/potrdila-in-pecati-o-odobritvi\/","og_locale":"sl_SI","og_type":"article","og_title":"Potrdila in pe\u010dati o odobritvi - Fritz Jeitler Futtermittel","og_description":"JEITLER pomeni preizku\u0161eno kakovost: certifikati in pe\u010dati kakovosti za pregledne postopke, visoke standarde in zanesljivo oskrbo.","og_url":"https:\/\/fritzjeitler.com\/sl\/o-nas\/potrdila-in-pecati-o-odobritvi\/","og_site_name":"Fritz Jeitler Futtermittel","article_modified_time":"2026-04-20T09:37:14+00:00","twitter_card":"summary_large_image","twitter_misc":{"Est. reading time":"1 minuta"},"schema":{"@context":"https:\/\/schema.org","@graph":[{"@type":"WebPage","@id":"https:\/\/fritzjeitler.com\/sl\/o-nas\/potrdila-in-pecati-o-odobritvi\/","url":"https:\/\/fritzjeitler.com\/sl\/o-nas\/potrdila-in-pecati-o-odobritvi\/","name":"Potrdila in pe\u010dati o odobritvi - Fritz Jeitler Futtermittel","isPartOf":{"@id":"https:\/\/fritzjeitler.com\/sl\/#website"},"datePublished":"2025-01-23T09:18:07+00:00","dateModified":"2026-04-20T09:37:14+00:00","description":"JEITLER pomeni preizku\u0161eno kakovost: certifikati in pe\u010dati kakovosti za pregledne postopke, visoke standarde in zanesljivo oskrbo.","breadcrumb":{"@id":"https:\/\/fritzjeitler.com\/sl\/o-nas\/potrdila-in-pecati-o-odobritvi\/#breadcrumb"},"inLanguage":"sl-SI","potentialAction":[{"@type":"ReadAction","target":["https:\/\/fritzjeitler.com\/sl\/o-nas\/potrdila-in-pecati-o-odobritvi\/"]}]},{"@type":"BreadcrumbList","@id":"https:\/\/fritzjeitler.com\/sl\/o-nas\/potrdila-in-pecati-o-odobritvi\/#breadcrumb","itemListElement":[{"@type":"ListItem","position":1,"name":"Home","item":"https:\/\/fritzjeitler.com\/sl\/"},{"@type":"ListItem","position":2,"name":"O nas","item":"https:\/\/fritzjeitler.com\/sl\/o-nas\/"},{"@type":"ListItem","position":3,"name":"Potrdila in pe\u010dati o odobritvi"}]},{"@type":"WebSite","@id":"https:\/\/fritzjeitler.com\/sl\/#website","url":"https:\/\/fritzjeitler.com\/sl\/","name":"Fritz Jeitler Futtermittel","description":"","potentialAction":[{"@type":"SearchAction","target":{"@type":"EntryPoint","urlTemplate":"https:\/\/fritzjeitler.com\/sl\/?s={search_term_string}"},"query-input":{"@type":"PropertyValueSpecification","valueRequired":true,"valueName":"search_term_string"}}],"inLanguage":"sl-SI"}]}},"_links":{"self":[{"href":"https:\/\/fritzjeitler.com\/sl\/wp-json\/wp\/v2\/pages\/5240","targetHints":{"allow":["GET"]}}],"collection":[{"href":"https:\/\/fritzjeitler.com\/sl\/wp-json\/wp\/v2\/pages"}],"about":[{"href":"https:\/\/fritzjeitler.com\/sl\/wp-json\/wp\/v2\/types\/page"}],"author":[{"embeddable":true,"href":"https:\/\/fritzjeitler.com\/sl\/wp-json\/wp\/v2\/users\/3"}],"replies":[{"embeddable":true,"href":"https:\/\/fritzjeitler.com\/sl\/wp-json\/wp\/v2\/comments?post=5240"}],"version-history":[{"count":3,"href":"https:\/\/fritzjeitler.com\/sl\/wp-json\/wp\/v2\/pages\/5240\/revisions"}],"predecessor-version":[{"id":5607,"href":"https:\/\/fritzjeitler.com\/sl\/wp-json\/wp\/v2\/pages\/5240\/revisions\/5607"}],"up":[{"embeddable":true,"href":"https:\/\/fritzjeitler.com\/sl\/wp-json\/wp\/v2\/pages\/5004"}],"wp:attachment":[{"href":"https:\/\/fritzjeitler.com\/sl\/wp-json\/wp\/v2\/media?parent=5240"}],"curies":[{"name":"wp","href":"https:\/\/api.w.org\/{rel}","templated":true}]}}