{"id":5239,"date":"2025-01-23T10:18:33","date_gmt":"2025-01-23T09:18:33","guid":{"rendered":"https:\/\/fritzjeitler.com\/o-nas\/logistika-in-dostava\/"},"modified":"2026-04-20T09:11:48","modified_gmt":"2026-04-20T07:11:48","slug":"logistika-in-dostava","status":"publish","type":"page","link":"https:\/\/fritzjeitler.com\/sl\/o-nas\/logistika-in-dostava\/","title":{"rendered":"Logistika in dostava"},"content":{"rendered":"\n<div class=\"wp-block-cover alignfull is-light\" style=\"min-height:75vh;aspect-ratio:unset;\"><video class=\"wp-block-cover__video-background intrinsic-ignore\" autoplay muted loop playsinline src=\"https:\/\/fritzjeitler.com\/wp-content\/uploads\/2026\/03\/Logistik-JEITLER.mp4\" data-object-fit=\"cover\"><\/video><span aria-hidden=\"true\" class=\"wp-block-cover__background has-background-dim-0 has-background-dim\" style=\"background-color:#FFF\"><\/span><div class=\"wp-block-cover__inner-container has-global-padding is-layout-constrained wp-block-cover-is-layout-constrained\">\n<p class=\"has-text-align-center has-large-font-size\"><\/p>\n<\/div><\/div>\n\n<div class=\"wp-block-group alignwide has-grey-dark-color has-text-color has-link-color has-xs-font-size wp-elements-66061b12bd0fa380fb9a3ec52a92649f is-nowrap is-layout-flex wp-container-core-group-is-layout-f6acb437 wp-block-group-is-layout-flex\">\n<div class=\"wp-block-group alignwide has-grey-dark-color has-text-color has-link-color has-xs-font-size wp-elements-f8c47f4d6712ad9220f24d18ce9ac383 is-nowrap is-layout-flex wp-container-core-group-is-layout-f6acb437 wp-block-group-is-layout-flex\">\n<div class=\"wp-block-group is-nowrap is-layout-flex wp-container-core-group-is-layout-6a3858a2 wp-block-group-is-layout-flex\">\n<div class=\"wp-block-outermost-icon-block\"><div class=\"icon-container has-icon-color has-green-color\" style=\"color:#008438;width:1.5em;transform:rotate(0deg) scaleX(1) scaleY(1)\"><svg xmlns=\"http:\/\/www.w3.org\/2000\/svg\" height=\"19.158\" viewbox=\"0 0 22.539 19.158\" width=\"22.539\"><path d=\"m10.249 6.027h2.041v2.042h-2.041zm1.021-6.027-7.07 3.831-4.2 6.312h2.175v9.016h5.635v-6.759h6.919v6.762h5.635v-9.019h2.175l-4.107-6.253z\"><\/path><\/svg><\/div><\/div>\n\n\n\n<p>O nas<\/p>\n<\/div>\n\n\n\n<p>|<\/p>\n\n\n\n<div class=\"cg-breadcrumbs alignwide wp-block-clicksgefuehlecore-breadcrumbs\">\n\t<div class=\"cg-breadcrumbs__inner\">\n\t\t<a href=\"https:\/\/fritzjeitler.com\/sl\/\" title=\"Fritz Jeitler Futtermittel\" rel=\"home\">Start<\/a>\n\t\t\t\t\t&rsaquo;\t\t\t<a href=\"https:\/\/fritzjeitler.com\/sl\/o-nas\/\">O nas<\/a>\n\t\t\t\t&rsaquo;\t\t<span class=\"current-page\">\n\t\t\tLogistika in dostava\t\t<\/span>\n\t<\/div>\n<\/div>\n<\/div>\n<\/div>\n\n<p class=\"has-l-font-size\"><strong>Hitro, kjer nas potrebujete<\/strong><\/p>\n\n<h1 class=\"wp-block-heading\" style=\"margin-top:var(--wp--preset--spacing--60)\">Logistika, ki razume kmetijstvo<\/h1>\n\n<p class=\"has-l-font-size\">V kmetijstvu ni mogo\u010de vsega na\u010drtovati. Zato se na\u0161e storitve ne kon\u010dajo pri kakovosti izdelkov, temve\u010d vklju\u010dujejo tudi zanesljivo in prilagodljivo dostavo neposredno na va\u0161o kmetijo. Tako bo va\u0161a krma na kmetiji, ko jo boste potrebovali.  <\/p>\n\n<div class=\"wp-block-columns is-layout-flex wp-container-core-columns-is-layout-28f84493 wp-block-columns-is-layout-flex\">\n<div class=\"wp-block-column is-vertically-aligned-center is-layout-flow wp-block-column-is-layout-flow\" style=\"flex-basis:66.66%\">\n<p>Ne glede na to, ali gre za na\u010drtovano ali kratkoro\u010dno ozko grlo: na\u0161a logistika je prilagojena va\u0161im zahtevam. Z lastnim voznim parkom in mo\u010dnimi prevoznimi partnerji zagotavljamo, da je va\u0161a hrana na kmetiji, ko jo potrebujete &#8211; brez obvozov in zamud. <\/p>\n\n\n\n<p>Va\u0161e najpomembnej\u0161e izdelke imamo na zalogi v na\u0161em glavnem skladi\u0161\u010du v Berndorfu. To pomeni, da imamo dovolj zalog tudi v primeru spontanih naro\u010dil ali ozkih grl na trgu. <\/p>\n\n\n\n<div class=\"wp-block-columns has-green-color has-text-color has-link-color wp-elements-c800e7ad564b19c449799ee3367d9c41 is-layout-flex wp-container-core-columns-is-layout-28f84493 wp-block-columns-is-layout-flex\" style=\"font-style:normal;font-weight:900\">\n<div class=\"wp-block-column is-layout-flow wp-block-column-is-layout-flow\">\n<p class=\"wp-block-theme-counter has-3-xl-font-size has-text-align-left\" data-ending-number=\"2700\">0<\/p>\n\n\n\n<p style=\"margin-top:0;margin-bottom:0\">m\u00b2 skladi\u0161\u010dnega prostora<\/p>\n<\/div>\n\n\n\n<div class=\"wp-block-column is-layout-flow wp-block-column-is-layout-flow\">\n<p class=\"wp-block-theme-counter has-3-xl-font-size has-text-align-left\" data-ending-number=\"1825\">0<\/p>\n\n\n\n<p style=\"margin-top:0;margin-bottom:0\">Odprtine za palete<\/p>\n<\/div>\n\n\n\n<div class=\"wp-block-column is-layout-flow wp-block-column-is-layout-flow\">\n<p class=\"has-3-xl-font-size\">6-8<\/p>\n\n\n\n<p style=\"margin-top:0;margin-bottom:0\">Tedni zaloge<\/p>\n<\/div>\n<\/div>\n<\/div>\n\n\n\n<div class=\"wp-block-column is-layout-flow wp-block-column-is-layout-flow\" style=\"flex-basis:33.33%\">\n<div class=\"wp-block-group has-grey-lighter-background-color has-background has-global-padding is-layout-constrained wp-container-core-group-is-layout-e42ea755 wp-block-group-is-layout-constrained\" style=\"padding-right:var(--wp--preset--spacing--100);padding-left:var(--wp--preset--spacing--100)\">\n<p><strong>Va\u0161e prednosti:<\/strong><\/p>\n\n\n\n<ul class=\"wp-block-list\">\n<li><span>Lasten tovornjak za prilagodljivo dostavo<\/span><\/li>\n\n\n\n<li><span>Zanesljivi \u0161pedicijski partnerji za predvidljiv prevoz<\/span><\/li>\n\n\n\n<li><span>zastopni\u0161ka skladi\u0161\u010da po vsej Avstriji, kadar je treba stvari premakniti \u0161e posebej hitro.<\/span><\/li>\n<\/ul>\n\n\n\n<div class=\"wp-block-buttons is-content-justification-center is-layout-flex wp-container-core-buttons-is-layout-a89b3969 wp-block-buttons-is-layout-flex\">\n<div class=\"wp-block-button\"><a class=\"wp-block-button__link wp-element-button\" href=\"https:\/\/fritzjeitler.com\/sl\/o-nas\/pisite-nam\/\">Zahtevajte svetovanje in dostavo zdaj<\/a><\/div>\n<\/div>\n<\/div>\n<\/div>\n<\/div>\n\n<p><\/p>\n","protected":false},"excerpt":{"rendered":"<p>O nas | Hitro, kjer nas potrebujete Logistika, ki razume kmetijstvo V kmetijstvu ni mogo\u010de vsega na\u010drtovati. Zato se na\u0161e storitve ne kon\u010dajo pri kakovosti izdelkov, temve\u010d vklju\u010dujejo tudi zanesljivo in prilagodljivo dostavo neposredno na va\u0161o kmetijo. Tako bo va\u0161a krma na kmetiji, ko jo boste potrebovali. Ne glede na to, ali gre za na\u010drtovano [&hellip;]<\/p>\n","protected":false},"author":3,"featured_media":2461,"parent":5004,"menu_order":6,"comment_status":"closed","ping_status":"closed","template":"page-no-page-header","meta":{"clicksgefuehlecore_hide_title":false,"theme\/reading-time":-1,"page-redirect-enabled":false,"page-redirect-target-id":0,"footnotes":""},"class_list":["post-5239","page","type-page","status-publish","has-post-thumbnail","hentry"],"yoast_head":"<!-- This site is optimized with the Yoast SEO plugin v26.7 - https:\/\/yoast.com\/wordpress\/plugins\/seo\/ -->\n<title>Logistika in dostava - Fritz Jeitler Futtermittel<\/title>\n<meta name=\"description\" content=\"Prilagodljiva logistika krme za kmetijstvo: hitra dostava, lastno skladi\u0161\u010de, tovornjaki in mo\u010dni partnerji za va\u0161e poslovanje.\" \/>\n<meta name=\"robots\" content=\"index, follow, max-snippet:-1, max-image-preview:large, max-video-preview:-1\" \/>\n<link rel=\"canonical\" href=\"https:\/\/fritzjeitler.com\/sl\/o-nas\/logistika-in-dostava\/\" \/>\n<meta property=\"og:locale\" content=\"sl_SI\" \/>\n<meta property=\"og:type\" content=\"article\" \/>\n<meta property=\"og:title\" content=\"Logistika in dostava - Fritz Jeitler Futtermittel\" \/>\n<meta property=\"og:description\" content=\"Prilagodljiva logistika krme za kmetijstvo: hitra dostava, lastno skladi\u0161\u010de, tovornjaki in mo\u010dni partnerji za va\u0161e poslovanje.\" \/>\n<meta property=\"og:url\" content=\"https:\/\/fritzjeitler.com\/sl\/o-nas\/logistika-in-dostava\/\" \/>\n<meta property=\"og:site_name\" content=\"Fritz Jeitler Futtermittel\" \/>\n<meta property=\"article:modified_time\" content=\"2026-04-20T07:11:48+00:00\" \/>\n<meta property=\"og:image\" content=\"https:\/\/fritzjeitler.com\/wp-content\/uploads\/2026\/02\/Lager-JEITLER-Berndorf-scaled.jpg\" \/>\n\t<meta property=\"og:image:width\" content=\"2560\" \/>\n\t<meta property=\"og:image:height\" content=\"1920\" \/>\n\t<meta property=\"og:image:type\" content=\"image\/jpeg\" \/>\n<meta name=\"twitter:card\" content=\"summary_large_image\" \/>\n<meta name=\"twitter:label1\" content=\"Est. reading time\" \/>\n\t<meta name=\"twitter:data1\" content=\"1 minuta\" \/>\n<script type=\"application\/ld+json\" class=\"yoast-schema-graph\">{\"@context\":\"https:\/\/schema.org\",\"@graph\":[{\"@type\":\"WebPage\",\"@id\":\"https:\/\/fritzjeitler.com\/sl\/o-nas\/logistika-in-dostava\/\",\"url\":\"https:\/\/fritzjeitler.com\/sl\/o-nas\/logistika-in-dostava\/\",\"name\":\"Logistika in dostava - Fritz Jeitler Futtermittel\",\"isPartOf\":{\"@id\":\"https:\/\/fritzjeitler.com\/sl\/#website\"},\"primaryImageOfPage\":{\"@id\":\"https:\/\/fritzjeitler.com\/sl\/o-nas\/logistika-in-dostava\/#primaryimage\"},\"image\":{\"@id\":\"https:\/\/fritzjeitler.com\/sl\/o-nas\/logistika-in-dostava\/#primaryimage\"},\"thumbnailUrl\":\"https:\/\/fritzjeitler.com\/wp-content\/uploads\/2026\/02\/Lager-JEITLER-Berndorf-scaled.jpg\",\"datePublished\":\"2025-01-23T09:18:33+00:00\",\"dateModified\":\"2026-04-20T07:11:48+00:00\",\"description\":\"Prilagodljiva logistika krme za kmetijstvo: hitra dostava, lastno skladi\u0161\u010de, tovornjaki in mo\u010dni partnerji za va\u0161e poslovanje.\",\"breadcrumb\":{\"@id\":\"https:\/\/fritzjeitler.com\/sl\/o-nas\/logistika-in-dostava\/#breadcrumb\"},\"inLanguage\":\"sl-SI\",\"potentialAction\":[{\"@type\":\"ReadAction\",\"target\":[\"https:\/\/fritzjeitler.com\/sl\/o-nas\/logistika-in-dostava\/\"]}]},{\"@type\":\"ImageObject\",\"inLanguage\":\"sl-SI\",\"@id\":\"https:\/\/fritzjeitler.com\/sl\/o-nas\/logistika-in-dostava\/#primaryimage\",\"url\":\"https:\/\/fritzjeitler.com\/wp-content\/uploads\/2026\/02\/Lager-JEITLER-Berndorf-scaled.jpg\",\"contentUrl\":\"https:\/\/fritzjeitler.com\/wp-content\/uploads\/2026\/02\/Lager-JEITLER-Berndorf-scaled.jpg\",\"width\":2560,\"height\":1920,\"caption\":\"Ein Lager mit gestapelten S\u00e4cken und einem Gabelstapler zwischen den Regalen\"},{\"@type\":\"BreadcrumbList\",\"@id\":\"https:\/\/fritzjeitler.com\/sl\/o-nas\/logistika-in-dostava\/#breadcrumb\",\"itemListElement\":[{\"@type\":\"ListItem\",\"position\":1,\"name\":\"Home\",\"item\":\"https:\/\/fritzjeitler.com\/sl\/\"},{\"@type\":\"ListItem\",\"position\":2,\"name\":\"O nas\",\"item\":\"https:\/\/fritzjeitler.com\/sl\/o-nas\/\"},{\"@type\":\"ListItem\",\"position\":3,\"name\":\"Logistika in dostava\"}]},{\"@type\":\"WebSite\",\"@id\":\"https:\/\/fritzjeitler.com\/sl\/#website\",\"url\":\"https:\/\/fritzjeitler.com\/sl\/\",\"name\":\"Fritz Jeitler Futtermittel\",\"description\":\"\",\"potentialAction\":[{\"@type\":\"SearchAction\",\"target\":{\"@type\":\"EntryPoint\",\"urlTemplate\":\"https:\/\/fritzjeitler.com\/sl\/?s={search_term_string}\"},\"query-input\":{\"@type\":\"PropertyValueSpecification\",\"valueRequired\":true,\"valueName\":\"search_term_string\"}}],\"inLanguage\":\"sl-SI\"}]}<\/script>\n<!-- \/ Yoast SEO plugin. -->","yoast_head_json":{"title":"Logistika in dostava - Fritz Jeitler Futtermittel","description":"Prilagodljiva logistika krme za kmetijstvo: hitra dostava, lastno skladi\u0161\u010de, tovornjaki in mo\u010dni partnerji za va\u0161e poslovanje.","robots":{"index":"index","follow":"follow","max-snippet":"max-snippet:-1","max-image-preview":"max-image-preview:large","max-video-preview":"max-video-preview:-1"},"canonical":"https:\/\/fritzjeitler.com\/sl\/o-nas\/logistika-in-dostava\/","og_locale":"sl_SI","og_type":"article","og_title":"Logistika in dostava - Fritz Jeitler Futtermittel","og_description":"Prilagodljiva logistika krme za kmetijstvo: hitra dostava, lastno skladi\u0161\u010de, tovornjaki in mo\u010dni partnerji za va\u0161e poslovanje.","og_url":"https:\/\/fritzjeitler.com\/sl\/o-nas\/logistika-in-dostava\/","og_site_name":"Fritz Jeitler Futtermittel","article_modified_time":"2026-04-20T07:11:48+00:00","og_image":[{"width":2560,"height":1920,"url":"https:\/\/fritzjeitler.com\/wp-content\/uploads\/2026\/02\/Lager-JEITLER-Berndorf-scaled.jpg","type":"image\/jpeg"}],"twitter_card":"summary_large_image","twitter_misc":{"Est. reading time":"1 minuta"},"schema":{"@context":"https:\/\/schema.org","@graph":[{"@type":"WebPage","@id":"https:\/\/fritzjeitler.com\/sl\/o-nas\/logistika-in-dostava\/","url":"https:\/\/fritzjeitler.com\/sl\/o-nas\/logistika-in-dostava\/","name":"Logistika in dostava - Fritz Jeitler Futtermittel","isPartOf":{"@id":"https:\/\/fritzjeitler.com\/sl\/#website"},"primaryImageOfPage":{"@id":"https:\/\/fritzjeitler.com\/sl\/o-nas\/logistika-in-dostava\/#primaryimage"},"image":{"@id":"https:\/\/fritzjeitler.com\/sl\/o-nas\/logistika-in-dostava\/#primaryimage"},"thumbnailUrl":"https:\/\/fritzjeitler.com\/wp-content\/uploads\/2026\/02\/Lager-JEITLER-Berndorf-scaled.jpg","datePublished":"2025-01-23T09:18:33+00:00","dateModified":"2026-04-20T07:11:48+00:00","description":"Prilagodljiva logistika krme za kmetijstvo: hitra dostava, lastno skladi\u0161\u010de, tovornjaki in mo\u010dni partnerji za va\u0161e poslovanje.","breadcrumb":{"@id":"https:\/\/fritzjeitler.com\/sl\/o-nas\/logistika-in-dostava\/#breadcrumb"},"inLanguage":"sl-SI","potentialAction":[{"@type":"ReadAction","target":["https:\/\/fritzjeitler.com\/sl\/o-nas\/logistika-in-dostava\/"]}]},{"@type":"ImageObject","inLanguage":"sl-SI","@id":"https:\/\/fritzjeitler.com\/sl\/o-nas\/logistika-in-dostava\/#primaryimage","url":"https:\/\/fritzjeitler.com\/wp-content\/uploads\/2026\/02\/Lager-JEITLER-Berndorf-scaled.jpg","contentUrl":"https:\/\/fritzjeitler.com\/wp-content\/uploads\/2026\/02\/Lager-JEITLER-Berndorf-scaled.jpg","width":2560,"height":1920,"caption":"Ein Lager mit gestapelten S\u00e4cken und einem Gabelstapler zwischen den Regalen"},{"@type":"BreadcrumbList","@id":"https:\/\/fritzjeitler.com\/sl\/o-nas\/logistika-in-dostava\/#breadcrumb","itemListElement":[{"@type":"ListItem","position":1,"name":"Home","item":"https:\/\/fritzjeitler.com\/sl\/"},{"@type":"ListItem","position":2,"name":"O nas","item":"https:\/\/fritzjeitler.com\/sl\/o-nas\/"},{"@type":"ListItem","position":3,"name":"Logistika in dostava"}]},{"@type":"WebSite","@id":"https:\/\/fritzjeitler.com\/sl\/#website","url":"https:\/\/fritzjeitler.com\/sl\/","name":"Fritz Jeitler Futtermittel","description":"","potentialAction":[{"@type":"SearchAction","target":{"@type":"EntryPoint","urlTemplate":"https:\/\/fritzjeitler.com\/sl\/?s={search_term_string}"},"query-input":{"@type":"PropertyValueSpecification","valueRequired":true,"valueName":"search_term_string"}}],"inLanguage":"sl-SI"}]}},"_links":{"self":[{"href":"https:\/\/fritzjeitler.com\/sl\/wp-json\/wp\/v2\/pages\/5239","targetHints":{"allow":["GET"]}}],"collection":[{"href":"https:\/\/fritzjeitler.com\/sl\/wp-json\/wp\/v2\/pages"}],"about":[{"href":"https:\/\/fritzjeitler.com\/sl\/wp-json\/wp\/v2\/types\/page"}],"author":[{"embeddable":true,"href":"https:\/\/fritzjeitler.com\/sl\/wp-json\/wp\/v2\/users\/3"}],"replies":[{"embeddable":true,"href":"https:\/\/fritzjeitler.com\/sl\/wp-json\/wp\/v2\/comments?post=5239"}],"version-history":[{"count":4,"href":"https:\/\/fritzjeitler.com\/sl\/wp-json\/wp\/v2\/pages\/5239\/revisions"}],"predecessor-version":[{"id":5592,"href":"https:\/\/fritzjeitler.com\/sl\/wp-json\/wp\/v2\/pages\/5239\/revisions\/5592"}],"up":[{"embeddable":true,"href":"https:\/\/fritzjeitler.com\/sl\/wp-json\/wp\/v2\/pages\/5004"}],"wp:featuredmedia":[{"embeddable":true,"href":"https:\/\/fritzjeitler.com\/sl\/wp-json\/wp\/v2\/media\/2461"}],"wp:attachment":[{"href":"https:\/\/fritzjeitler.com\/sl\/wp-json\/wp\/v2\/media?parent=5239"}],"curies":[{"name":"wp","href":"https:\/\/api.w.org\/{rel}","templated":true}]}}