{"id":5065,"date":"2025-03-21T12:37:09","date_gmt":"2025-03-21T11:37:09","guid":{"rendered":"https:\/\/fritzjeitler.com\/perutnina\/izdelki\/stabilna-higiena\/"},"modified":"2026-04-16T15:52:14","modified_gmt":"2026-04-16T13:52:14","slug":"stabilna-higiena","status":"publish","type":"page","link":"https:\/\/fritzjeitler.com\/sl\/perutnina\/izdelki\/stabilna-higiena\/","title":{"rendered":"Stabilna higiena"},"content":{"rendered":"\n<h1 class=\"wp-block-heading\" style=\"margin-top:var(--wp--preset--spacing--70)\">JEITLER<strong><sup>\u00ae<\/sup><\/strong> Stabilni higienski program<\/h1>\n\n<p class=\"has-lora-font-family has-l-font-size\">Z izdelki za \u010di\u0161\u010denje in steljo ter za zatiranje glodavcev in muh ustvarite podlago za zdravo in uspe\u0161no \u017eivinorejo. Imamo prave izdelke za ravnanje z gnojem in higieno v hlevu! Izbirate lahko med naravnimi izdelki za \u010di\u0161\u010denje hlevov, obdelavo gnoja, steljo in kemi\u010dnimi izdelki, kot so \u010distila in razku\u017eila, ter sredstvi za zatiranje glodavcev in muh.    <\/p>\n\n<div class=\"wp-block-group alignwide is-style-toc has-green-light-background-color has-background has-global-padding is-layout-constrained wp-block-group-is-layout-constrained wp-container-1 is-position-sticky\" style=\"border-top-left-radius:0px;border-top-right-radius:0px;border-bottom-left-radius:0px;border-bottom-right-radius:0px\">\n<div class=\"wp-block-group alignwide is-horizontal is-content-justification-left is-nowrap is-layout-flex wp-container-core-group-is-layout-9032b91b wp-block-group-is-layout-flex\" style=\"padding-right:var(--wp--preset--spacing--100);padding-left:var(--wp--preset--spacing--100)\">\n<p class=\"has-green-color has-text-color has-link-color wp-elements-9bc4488aab27cf1601013aa480029adb\" style=\"font-style:normal;font-weight:600;text-transform:uppercase\">Stabilna higiena<\/p>\n\n\n\n<div class=\"wp-block-buttons is-layout-flex wp-container-core-buttons-is-layout-2f98dd80 wp-block-buttons-is-layout-flex\">\n<div class=\"wp-block-button has-custom-width wp-block-button__width-50\"><a class=\"wp-block-button__link has-text-align-center wp-element-button\" href=\"#fliegenlarvenbekaempfung\">Nadzor muh in li\u010dink<\/a><\/div>\n\n\n\n<div class=\"wp-block-button has-custom-width wp-block-button__width-50\"><a class=\"wp-block-button__link wp-element-button\" href=\"#Rattenbekaempfung\">Nadzor podgan in mi\u0161i<\/a><\/div>\n\n\n\n<div class=\"wp-block-button has-custom-width wp-block-button__width-50\"><a class=\"wp-block-button__link wp-element-button\" href=\"#ReinigungDesinfektion\">Stabilno pranje in razku\u017eevanje<\/a><\/div>\n\n\n\n<div class=\"wp-block-button has-custom-width wp-block-button__width-50\"><a class=\"wp-block-button__link wp-element-button\" href=\"#einstreumittel\">Material za posteljnino<\/a><\/div>\n<\/div>\n<\/div>\n<\/div>\n\n<p class=\"has-l-font-size\"><strong>Biocidne izdelke uporabljajte previdno! Pred uporabo vedno preberite etiketo in informacije o izdelku.   <\/strong><\/p>\n\n<div class=\"wp-block-group alignwide has-grey-lighter-background-color has-background is-layout-flow wp-block-group-is-layout-flow\" id=\"fliegenlarvenbekaempfung\" style=\"border-top-left-radius:0px;border-top-right-radius:0px;border-bottom-left-radius:0px;border-bottom-right-radius:0px;margin-top:var(--wp--preset--spacing--160);margin-bottom:var(--wp--preset--spacing--160);padding-top:var(--wp--preset--spacing--fluid-57-130);padding-bottom:var(--wp--preset--spacing--fluid-57-130)\">\n<div class=\"wp-block-group has-global-padding is-layout-constrained wp-block-group-is-layout-constrained\">\n<h2 class=\"wp-block-heading\" id=\"milchrinderspezialitaeten\"><strong>Muhe in li\u010dinke<\/strong><span class=\"is-shy-character\"><strong>nadzor<\/strong><\/span><\/h2>\n<\/div>\n\n\n\n<div class=\"wp-block-group has-global-padding is-layout-constrained wp-container-core-group-is-layout-11bde397 wp-block-group-is-layout-constrained\">\n<h3 class=\"wp-block-heading\" style=\"margin-top:var(--wp--preset--spacing--70)\">&#8220;Kon\u010dno brez muh s programom <span class=\"is-shy-character\">lastne<\/span>blagovne znamke za trajno<span class=\"is-shy-character\">zatiranje muh<\/span><br\/>!&#8221;<\/h3>\n\n\n\n<p class=\"has-text-align-left\">Uspe\u0161no zatiranje muh vklju\u010duje predvsem zatiranje li\u010dink, pa tudi zatiranje li\u010dink in odraslih muh. V primeru mno\u017ei\u010dnega pojava je treba nadzirati tudi odrasle muhe. Vendar se s tem uni\u010di le majhen del populacije, saj je le pribli\u017eno 15 % celotne populacije muh vidnih kot odrasle muhe, pribli\u017eno 85 % pa je v fazi jaj\u010dec, li\u010dink ali li\u010dink. Usmerjeno zatiranje li\u010dink torej zdesetka ogromen &#8220;potencial za ponovno oskrbo&#8221;. Zato vedno priporo\u010damo hkratno zatiranje muh in li\u010dink, da zagotovite dolgoro\u010dni uspeh programa zatiranja muh.    <\/p>\n\n\n\n<div class=\"wp-block-columns is-layout-flex wp-container-core-columns-is-layout-28f84493 wp-block-columns-is-layout-flex\">\n<div class=\"wp-block-column is-layout-flow wp-block-column-is-layout-flow\" style=\"flex-basis:33.33%\">\n<figure class=\"wp-block-image size-large\"><img loading=\"lazy\" decoding=\"async\" width=\"1024\" height=\"801\" src=\"https:\/\/fritzjeitler.com\/wp-content\/uploads\/2025\/03\/fliegenfrei-freigestellt-1024x801.png\" alt=\"\" class=\"wp-image-1117\" srcset=\"https:\/\/fritzjeitler.com\/wp-content\/uploads\/2025\/03\/fliegenfrei-freigestellt-1024x801.png 1024w, https:\/\/fritzjeitler.com\/wp-content\/uploads\/2025\/03\/fliegenfrei-freigestellt-300x235.png 300w, https:\/\/fritzjeitler.com\/wp-content\/uploads\/2025\/03\/fliegenfrei-freigestellt-768x601.png 768w, https:\/\/fritzjeitler.com\/wp-content\/uploads\/2025\/03\/fliegenfrei-freigestellt.png 1243w\" sizes=\"auto, (max-width: 1024px) 100vw, 1024px\" \/><\/figure>\n<\/div>\n\n\n\n<div class=\"wp-block-column is-layout-flow wp-block-column-is-layout-flow\" style=\"flex-basis:66.66%\">\n<div class=\"wp-block-group has-global-padding is-layout-constrained wp-block-group-is-layout-constrained\">\n<h4 class=\"wp-block-heading\">Nadzor li\u010dink<\/h4>\n\n\n\n<ul class=\"wp-block-list\">\n<li><span><strong>Granule LarvaeFree 5 kg vedro za<\/strong> 200<sup>m2<\/sup> stabilne povr\u0161ine<\/span><\/li>\n\n\n\n<li><span><strong>Granule LarvaeFree 25 kg vedro za<\/strong> 1000<sup>m2<\/sup> povr\u0161ine hleva<\/span><\/li>\n<\/ul>\n\n\n\n<h4 class=\"wp-block-heading\">Nadzor muh<\/h4>\n\n\n\n<ul class=\"wp-block-list\">\n<li><span><strong>FlyFree 1 litrska plastenka za<\/strong> 500<sup>m2<\/sup> hlevskega prostora<\/span><\/li>\n\n\n\n<li><span><strong>Granule FlyFree Rumena<\/strong> 400 g plo\u010devinka za 200<sup>m2<\/sup> stabilne povr\u0161ine<\/span><\/li>\n<\/ul>\n<\/div>\n<\/div>\n<\/div>\n\n\n\n<div class=\"wp-block-columns is-layout-flex wp-container-core-columns-is-layout-28f84493 wp-block-columns-is-layout-flex\">\n<div class=\"wp-block-column is-layout-flow wp-block-column-is-layout-flow\">\n<h4 class=\"wp-block-heading\">Muharski kolut &#8211; klasika za vse hleve<\/h4>\n\n\n\n<ul class=\"wp-block-list\">\n<li><span><strong>10m * 30cm muha kolut<\/strong> <\/span><\/li>\n<\/ul>\n<\/div>\n<\/div>\n\n\n\n<p>Okolju prijazen in nestrupen lovilec lepila z zelo visoko zmogljivostjo lovljenja, ki je prakti\u010den za uporabo in se lahko uporablja kjer koli. FlyRoll obesite na \u017eebelj ali kavelj in ko je zvitek poln muh, preprosto odtrgajte nove trakove. Za optimalen u\u010dinek postavite rolo za lovljenje muh v bli\u017eino oken ali drugih virov svetlobe.  <\/p>\n\n\n\n<h4 class=\"wp-block-heading\">Blokator muh &#8211; re\u0161itev za pa\u0161o, pripravljena za uporabo<\/h4>\n\n\n\n<ul class=\"wp-block-list\">\n<li><span><strong>FlyBlocker 1 lt stekleni\u010dka za doziranje<\/strong><\/span><\/li>\n<\/ul>\n\n\n\n<p>Ciljno usmerjena uporaba u\u010dinkovito odpravlja muhe, konjske muhe, mu\u0161ice in \u0161e veliko ve\u010d. Za FliegenBlocker je zna\u010dilen visok donos, zelo u\u010dinkovit pa je tudi proti mu\u0161icam, ki lahko prena\u0161ajo virusa bolezni modrikastega jezika in Schmallenberg.  <\/p>\n<\/div>\n<\/div>\n\n<div class=\"wp-block-group alignwide has-grey-lighter-background-color has-background is-layout-flow wp-block-group-is-layout-flow\" id=\"Rattenbekaempfung\" style=\"border-top-left-radius:0px;border-top-right-radius:0px;border-bottom-left-radius:0px;border-bottom-right-radius:0px;margin-top:var(--wp--preset--spacing--160);margin-bottom:var(--wp--preset--spacing--160);padding-top:var(--wp--preset--spacing--fluid-57-130);padding-bottom:var(--wp--preset--spacing--fluid-57-130)\">\n<div class=\"wp-block-group has-global-padding is-layout-constrained wp-block-group-is-layout-constrained\">\n<h2 class=\"wp-block-heading\" id=\"milchrinderspezialitaeten\"><strong>Podgane in mi\u0161i<\/strong><span class=\"is-shy-character\"><strong>nadzor<\/strong><\/span><\/h2>\n<\/div>\n\n\n\n<div class=\"wp-block-group has-global-padding is-layout-constrained wp-container-core-group-is-layout-11bde397 wp-block-group-is-layout-constrained\">\n<p>Podgane lahko povzro\u010dijo veliko \u0161kodo. Vendar se teh \u0161kodljivcev lahko znebite le z usmerjenim nadzorom. Podgana, ki je vsejedka, lahko poje pribli\u017eno 1 kg \u017eita na mesec. Zato so velike izgube hrane neizogibne pri mo\u010dnem napadu podgan. Predvsem pa podgane pomembno prispevajo k prenosu bolezni. Nadzor podgan je zato \u0161e posebej pomemben z vidika zdravja \u017eivine.     <\/p>\n\n\n\n<div class=\"wp-block-columns is-layout-flex wp-container-core-columns-is-layout-28f84493 wp-block-columns-is-layout-flex\">\n<div class=\"wp-block-column is-layout-flow wp-block-column-is-layout-flow\" style=\"flex-basis:66.66%\">\n<div class=\"wp-block-group has-global-padding is-layout-constrained wp-block-group-is-layout-constrained\">\n<ul class=\"wp-block-list\">\n<li><span><strong>Pasta vaba RatFree 3 kg vedro<\/strong> &#8211; pripravljena za uporabo in odporna na vlago<\/span><\/li>\n\n\n\n<li><span><strong>RatFrei vaba v obliki kosmi\u010dev 3 kg vedro<\/strong> &#8211; vaba na osnovi ovsenih kosmi\u010dev, pripravljena za uporabo<\/span><\/li>\n\n\n\n<li><span><strong>Talon Soft 300g kartu\u0161a<\/strong> &#8211; pastozna vaba, pripravljena za uporabo, priro\u010dna kartu\u0161a za idealno uporabo v stavbah in okoli njih<\/span><\/li>\n\n\n\n<li><span><strong>\u0160katla za vabe za podgane<\/strong> &#8211; za popoln uspeh pri nadzoru<\/span><\/li>\n<\/ul>\n<\/div>\n<\/div>\n\n\n\n<div class=\"wp-block-column is-layout-flow wp-block-column-is-layout-flow\" style=\"flex-basis:33.33%\">\n<figure class=\"wp-block-image size-large is-resized\"><img loading=\"lazy\" decoding=\"async\" width=\"943\" height=\"1024\" src=\"https:\/\/fritzjeitler.com\/wp-content\/uploads\/2025\/03\/rattenfrei-943x1024.png\" alt=\"\" class=\"wp-image-1125\" style=\"width:304px;height:auto\" srcset=\"https:\/\/fritzjeitler.com\/wp-content\/uploads\/2025\/03\/rattenfrei-943x1024.png 943w, https:\/\/fritzjeitler.com\/wp-content\/uploads\/2025\/03\/rattenfrei-276x300.png 276w, https:\/\/fritzjeitler.com\/wp-content\/uploads\/2025\/03\/rattenfrei-768x834.png 768w, https:\/\/fritzjeitler.com\/wp-content\/uploads\/2025\/03\/rattenfrei.png 1018w\" sizes=\"auto, (max-width: 943px) 100vw, 943px\" \/><\/figure>\n<\/div>\n<\/div>\n<\/div>\n<\/div>\n\n<div class=\"wp-block-group alignwide has-grey-lighter-background-color has-background is-layout-flow wp-block-group-is-layout-flow\" id=\"ReinigungDesinfektion\" style=\"border-top-left-radius:0px;border-top-right-radius:0px;border-bottom-left-radius:0px;border-bottom-right-radius:0px;margin-top:var(--wp--preset--spacing--160);margin-bottom:var(--wp--preset--spacing--160);padding-top:var(--wp--preset--spacing--fluid-57-130);padding-bottom:var(--wp--preset--spacing--fluid-57-130)\">\n<div class=\"wp-block-group has-global-padding is-layout-constrained wp-block-group-is-layout-constrained\">\n<h2 class=\"wp-block-heading\" id=\"milchrinderspezialitaeten\"><strong>Stabilno pranje in razku\u017eevanje<\/strong><\/h2>\n<\/div>\n\n\n\n<div class=\"wp-block-group has-global-padding is-layout-constrained wp-container-core-group-is-layout-11bde397 wp-block-group-is-layout-constrained\">\n<p>Da bi bila razku\u017eila u\u010dinkovita, je treba hlev najprej temeljito o\u010distiti. Le s sredstvi za raztapljanje ma\u0161\u010dob, kot sta <strong>FettFrei <\/strong>ali <strong>G\u00dcLLEMAX <\/strong>, je mogo\u010de hlev o\u010distiti do zadnje pore ostankov ma\u0161\u010dob in beljakovin. Le tako lahko po potrebi uporabljena razku\u017eila pravilno delujejo, bakterije in virusi pa niso ve\u010d za\u0161\u010diteni s plastjo ma\u0161\u010dobe.  <\/p>\n\n\n\n<div class=\"wp-block-columns is-layout-flex wp-container-core-columns-is-layout-28f84493 wp-block-columns-is-layout-flex\">\n<div class=\"wp-block-column is-layout-flow wp-block-column-is-layout-flow\" style=\"flex-basis:33.33%\">\n<figure class=\"wp-block-image size-full\"><img loading=\"lazy\" decoding=\"async\" width=\"988\" height=\"973\" src=\"https:\/\/fritzjeitler.com\/wp-content\/uploads\/2025\/03\/bakterienvirenfrei-frei.png\" alt=\"\" class=\"wp-image-1129\" srcset=\"https:\/\/fritzjeitler.com\/wp-content\/uploads\/2025\/03\/bakterienvirenfrei-frei.png 988w, https:\/\/fritzjeitler.com\/wp-content\/uploads\/2025\/03\/bakterienvirenfrei-frei-300x295.png 300w, https:\/\/fritzjeitler.com\/wp-content\/uploads\/2025\/03\/bakterienvirenfrei-frei-768x756.png 768w\" sizes=\"auto, (max-width: 988px) 100vw, 988px\" \/><\/figure>\n<\/div>\n\n\n\n<div class=\"wp-block-column is-layout-flow wp-block-column-is-layout-flow\" style=\"flex-basis:66.66%\">\n<div class=\"wp-block-group has-global-padding is-layout-constrained wp-block-group-is-layout-constrained\">\n<h4 class=\"wp-block-heading\">Stabilno pranje<\/h4>\n\n\n\n<ul class=\"wp-block-list\">\n<li><span><strong>FettFrei 24 kg kanister<\/strong> &#8211; alkalno gelsko \u010distilo z visoko stopnjo penjenja<\/span><\/li>\n\n\n\n<li><span><strong>G\u00dcLLEMAX 10litrski kanistri, 25litrski kanistri in 200litrski sodi<\/strong> &#8211; naravna alternativa s Tirolske.  <\/span><\/li>\n\n\n\n<li><span><strong>\u010cistilo za vozila in kmetijske stroje 10litrski kanister<\/strong> &#8211; koncentrat za \u010di\u0161\u010denje z nevtralno peno<\/span><\/li>\n<\/ul>\n<\/div>\n\n\n\n<h4 class=\"wp-block-heading\">Razku\u017eevanje (na seznamu DVG)  <\/h4>\n\n\n\n<ul class=\"wp-block-list\">\n<li><span><strong>BacteriaFree &amp; VirusFree 10litrski kanister<\/strong> kot razku\u017eilo s \u0161irokim spektrom delovanja (proti cirkovirusom, PRRS, salmonelozi, E. coli, pra\u0161i\u010dji kugi, dizenteriji, klostridiji in \u0161tevilnim drugim)<\/span><\/li>\n\n\n\n<li><span><strong>KokFrei &amp; WurmFrei 10 lt kanister<\/strong> kot \u0161irokospektralno razku\u017eilo z dodatnim u\u010dinkom za<br\/>za boj proti kokcidijam in jaj\u010decem glist.<\/span><\/li>\n<\/ul>\n\n\n\n<h4 class=\"wp-block-heading\">Zatiranje rde\u010de pti\u010dje pr\u0161ice<\/h4>\n\n\n\n<ul class=\"wp-block-list\">\n<li><span><strong>MiteFree 1 litrska steklenica za<\/strong> 1500 m\u00b2 povr\u0161ine hleva kot koncentrat za razpr\u0161evanje za zatiranje rde\u010dih pr\u0161ic, lasnih in pernatih u\u0161i, klopov in travnih pr\u0161ic &#8211; zlasti v perutninskih hlevih.<\/span><\/li>\n<\/ul>\n<\/div>\n<\/div>\n<\/div>\n<\/div>\n\n<div class=\"wp-block-group alignwide has-grey-lighter-background-color has-background is-layout-flow wp-block-group-is-layout-flow\" id=\"einstreumittel\" style=\"border-top-left-radius:0px;border-top-right-radius:0px;border-bottom-left-radius:0px;border-bottom-right-radius:0px;margin-top:var(--wp--preset--spacing--160);margin-bottom:var(--wp--preset--spacing--160);padding-top:var(--wp--preset--spacing--fluid-57-130);padding-bottom:var(--wp--preset--spacing--fluid-57-130)\">\n<div class=\"wp-block-group has-global-padding is-layout-constrained wp-block-group-is-layout-constrained\">\n<h2 class=\"wp-block-heading\" id=\"milchrinderspezialitaeten\"><strong>Material za posteljnino<\/strong><\/h2>\n\n\n\n<div class=\"wp-block-columns is-layout-flex wp-container-core-columns-is-layout-28f84493 wp-block-columns-is-layout-flex\">\n<div class=\"wp-block-column is-layout-flow wp-block-column-is-layout-flow\" style=\"flex-basis:66.66%\">\n<div class=\"wp-block-group has-global-padding is-layout-constrained wp-block-group-is-layout-constrained\">\n<h4 class=\"wp-block-heading\">FEINSTREU &#8211; Higiensko apno iz Avstrije<\/h4>\n\n\n\n<p>Novo biolo\u0161ko zdru\u017eljivo higiensko apno FEINSTREU je idealno za vse vrste \u017eivine (govedo, pra\u0161i\u010de in perutnino) ter nase ve\u017ee ogromne koli\u010dine vlage in \u0161kodljivih snovi. FEINSTREU, ki ga nanesemo z na\u0161im razpr\u0161ilcem, iz vode dobesedno izkoplje nevarne mikrobe. <\/p>\n\n\n\n<ul class=\"wp-block-list\">\n<li><span><strong>FEINSTREU 25 kg vre\u010da<\/strong><\/span><\/li>\n\n\n\n<li><span><strong>FEINSTREU 1.000 kg BigBag<\/strong><\/span><\/li>\n\n\n\n<li><span><strong>Drobni trosilnik<\/strong> za polavtomatsko trosenje z malo prahu<\/span><\/li>\n<\/ul>\n<\/div>\n<\/div>\n\n\n\n<div class=\"wp-block-column is-layout-flow wp-block-column-is-layout-flow\" style=\"flex-basis:33.33%\"><\/div>\n<\/div>\n<\/div>\n<\/div>\n","protected":false},"excerpt":{"rendered":"","protected":false},"author":6,"featured_media":2141,"parent":4990,"menu_order":5,"comment_status":"closed","ping_status":"closed","template":"wp-custom-template-seite-gefl-gel","meta":{"clicksgefuehlecore_hide_title":false,"theme\/reading-time":-1,"page-redirect-enabled":false,"page-redirect-target-id":0,"footnotes":""},"class_list":["post-5065","page","type-page","status-publish","has-post-thumbnail","hentry"],"yoast_head":"<!-- This site is optimized with the Yoast SEO plugin v26.7 - https:\/\/yoast.com\/wordpress\/plugins\/seo\/ -->\n<title>Stabilna higiena - Fritz Jeitler Futtermittel<\/title>\n<meta name=\"robots\" content=\"index, follow, max-snippet:-1, max-image-preview:large, max-video-preview:-1\" \/>\n<link rel=\"canonical\" href=\"https:\/\/fritzjeitler.com\/sl\/perutnina\/izdelki\/stabilna-higiena\/\" \/>\n<meta property=\"og:locale\" content=\"sl_SI\" \/>\n<meta property=\"og:type\" content=\"article\" \/>\n<meta property=\"og:title\" content=\"Stabilna higiena - Fritz Jeitler Futtermittel\" \/>\n<meta property=\"og:url\" content=\"https:\/\/fritzjeitler.com\/sl\/perutnina\/izdelki\/stabilna-higiena\/\" \/>\n<meta property=\"og:site_name\" content=\"Fritz Jeitler Futtermittel\" \/>\n<meta property=\"article:modified_time\" content=\"2026-04-16T13:52:14+00:00\" \/>\n<meta property=\"og:image\" content=\"https:\/\/fritzjeitler.com\/wp-content\/uploads\/2025\/03\/Stallhygiene-Feinstreu-1024x682.png\" \/>\n\t<meta property=\"og:image:width\" content=\"1024\" \/>\n\t<meta property=\"og:image:height\" content=\"682\" \/>\n\t<meta property=\"og:image:type\" content=\"image\/png\" \/>\n<meta name=\"twitter:card\" content=\"summary_large_image\" \/>\n<script type=\"application\/ld+json\" class=\"yoast-schema-graph\">{\"@context\":\"https:\/\/schema.org\",\"@graph\":[{\"@type\":\"WebPage\",\"@id\":\"https:\/\/fritzjeitler.com\/sl\/perutnina\/izdelki\/stabilna-higiena\/\",\"url\":\"https:\/\/fritzjeitler.com\/sl\/perutnina\/izdelki\/stabilna-higiena\/\",\"name\":\"Stabilna higiena - Fritz Jeitler Futtermittel\",\"isPartOf\":{\"@id\":\"https:\/\/fritzjeitler.com\/sl\/#website\"},\"primaryImageOfPage\":{\"@id\":\"https:\/\/fritzjeitler.com\/sl\/perutnina\/izdelki\/stabilna-higiena\/#primaryimage\"},\"image\":{\"@id\":\"https:\/\/fritzjeitler.com\/sl\/perutnina\/izdelki\/stabilna-higiena\/#primaryimage\"},\"thumbnailUrl\":\"https:\/\/fritzjeitler.com\/wp-content\/uploads\/2025\/03\/Stallhygiene-Feinstreu.png\",\"datePublished\":\"2025-03-21T11:37:09+00:00\",\"dateModified\":\"2026-04-16T13:52:14+00:00\",\"breadcrumb\":{\"@id\":\"https:\/\/fritzjeitler.com\/sl\/perutnina\/izdelki\/stabilna-higiena\/#breadcrumb\"},\"inLanguage\":\"sl-SI\",\"potentialAction\":[{\"@type\":\"ReadAction\",\"target\":[\"https:\/\/fritzjeitler.com\/sl\/perutnina\/izdelki\/stabilna-higiena\/\"]}]},{\"@type\":\"ImageObject\",\"inLanguage\":\"sl-SI\",\"@id\":\"https:\/\/fritzjeitler.com\/sl\/perutnina\/izdelki\/stabilna-higiena\/#primaryimage\",\"url\":\"https:\/\/fritzjeitler.com\/wp-content\/uploads\/2025\/03\/Stallhygiene-Feinstreu.png\",\"contentUrl\":\"https:\/\/fritzjeitler.com\/wp-content\/uploads\/2025\/03\/Stallhygiene-Feinstreu.png\",\"width\":1469,\"height\":979,\"caption\":\"Ein Mann in einer Scheune l\u00e4uft an Stalleinrichtungen vorbei und verteilt mit einem orangefarbenen Streuer feines Material auf den Boden; Dampf steigt von der Einstreu auf\"},{\"@type\":\"BreadcrumbList\",\"@id\":\"https:\/\/fritzjeitler.com\/sl\/perutnina\/izdelki\/stabilna-higiena\/#breadcrumb\",\"itemListElement\":[{\"@type\":\"ListItem\",\"position\":1,\"name\":\"Home\",\"item\":\"https:\/\/fritzjeitler.com\/sl\/\"},{\"@type\":\"ListItem\",\"position\":2,\"name\":\"Perutnina\",\"item\":\"https:\/\/fritzjeitler.com\/sl\/perutnina\/\"},{\"@type\":\"ListItem\",\"position\":3,\"name\":\"Izdelki\",\"item\":\"https:\/\/fritzjeitler.com\/sl\/perutnina\/izdelki\/\"},{\"@type\":\"ListItem\",\"position\":4,\"name\":\"Stabilna higiena\"}]},{\"@type\":\"WebSite\",\"@id\":\"https:\/\/fritzjeitler.com\/sl\/#website\",\"url\":\"https:\/\/fritzjeitler.com\/sl\/\",\"name\":\"Fritz Jeitler Futtermittel\",\"description\":\"\",\"potentialAction\":[{\"@type\":\"SearchAction\",\"target\":{\"@type\":\"EntryPoint\",\"urlTemplate\":\"https:\/\/fritzjeitler.com\/sl\/?s={search_term_string}\"},\"query-input\":{\"@type\":\"PropertyValueSpecification\",\"valueRequired\":true,\"valueName\":\"search_term_string\"}}],\"inLanguage\":\"sl-SI\"}]}<\/script>\n<!-- \/ Yoast SEO plugin. -->","yoast_head_json":{"title":"Stabilna higiena - Fritz Jeitler Futtermittel","robots":{"index":"index","follow":"follow","max-snippet":"max-snippet:-1","max-image-preview":"max-image-preview:large","max-video-preview":"max-video-preview:-1"},"canonical":"https:\/\/fritzjeitler.com\/sl\/perutnina\/izdelki\/stabilna-higiena\/","og_locale":"sl_SI","og_type":"article","og_title":"Stabilna higiena - Fritz Jeitler Futtermittel","og_url":"https:\/\/fritzjeitler.com\/sl\/perutnina\/izdelki\/stabilna-higiena\/","og_site_name":"Fritz Jeitler Futtermittel","article_modified_time":"2026-04-16T13:52:14+00:00","og_image":[{"width":1024,"height":682,"url":"https:\/\/fritzjeitler.com\/wp-content\/uploads\/2025\/03\/Stallhygiene-Feinstreu-1024x682.png","type":"image\/png"}],"twitter_card":"summary_large_image","schema":{"@context":"https:\/\/schema.org","@graph":[{"@type":"WebPage","@id":"https:\/\/fritzjeitler.com\/sl\/perutnina\/izdelki\/stabilna-higiena\/","url":"https:\/\/fritzjeitler.com\/sl\/perutnina\/izdelki\/stabilna-higiena\/","name":"Stabilna higiena - Fritz Jeitler Futtermittel","isPartOf":{"@id":"https:\/\/fritzjeitler.com\/sl\/#website"},"primaryImageOfPage":{"@id":"https:\/\/fritzjeitler.com\/sl\/perutnina\/izdelki\/stabilna-higiena\/#primaryimage"},"image":{"@id":"https:\/\/fritzjeitler.com\/sl\/perutnina\/izdelki\/stabilna-higiena\/#primaryimage"},"thumbnailUrl":"https:\/\/fritzjeitler.com\/wp-content\/uploads\/2025\/03\/Stallhygiene-Feinstreu.png","datePublished":"2025-03-21T11:37:09+00:00","dateModified":"2026-04-16T13:52:14+00:00","breadcrumb":{"@id":"https:\/\/fritzjeitler.com\/sl\/perutnina\/izdelki\/stabilna-higiena\/#breadcrumb"},"inLanguage":"sl-SI","potentialAction":[{"@type":"ReadAction","target":["https:\/\/fritzjeitler.com\/sl\/perutnina\/izdelki\/stabilna-higiena\/"]}]},{"@type":"ImageObject","inLanguage":"sl-SI","@id":"https:\/\/fritzjeitler.com\/sl\/perutnina\/izdelki\/stabilna-higiena\/#primaryimage","url":"https:\/\/fritzjeitler.com\/wp-content\/uploads\/2025\/03\/Stallhygiene-Feinstreu.png","contentUrl":"https:\/\/fritzjeitler.com\/wp-content\/uploads\/2025\/03\/Stallhygiene-Feinstreu.png","width":1469,"height":979,"caption":"Ein Mann in einer Scheune l\u00e4uft an Stalleinrichtungen vorbei und verteilt mit einem orangefarbenen Streuer feines Material auf den Boden; Dampf steigt von der Einstreu auf"},{"@type":"BreadcrumbList","@id":"https:\/\/fritzjeitler.com\/sl\/perutnina\/izdelki\/stabilna-higiena\/#breadcrumb","itemListElement":[{"@type":"ListItem","position":1,"name":"Home","item":"https:\/\/fritzjeitler.com\/sl\/"},{"@type":"ListItem","position":2,"name":"Perutnina","item":"https:\/\/fritzjeitler.com\/sl\/perutnina\/"},{"@type":"ListItem","position":3,"name":"Izdelki","item":"https:\/\/fritzjeitler.com\/sl\/perutnina\/izdelki\/"},{"@type":"ListItem","position":4,"name":"Stabilna higiena"}]},{"@type":"WebSite","@id":"https:\/\/fritzjeitler.com\/sl\/#website","url":"https:\/\/fritzjeitler.com\/sl\/","name":"Fritz Jeitler Futtermittel","description":"","potentialAction":[{"@type":"SearchAction","target":{"@type":"EntryPoint","urlTemplate":"https:\/\/fritzjeitler.com\/sl\/?s={search_term_string}"},"query-input":{"@type":"PropertyValueSpecification","valueRequired":true,"valueName":"search_term_string"}}],"inLanguage":"sl-SI"}]}},"_links":{"self":[{"href":"https:\/\/fritzjeitler.com\/sl\/wp-json\/wp\/v2\/pages\/5065","targetHints":{"allow":["GET"]}}],"collection":[{"href":"https:\/\/fritzjeitler.com\/sl\/wp-json\/wp\/v2\/pages"}],"about":[{"href":"https:\/\/fritzjeitler.com\/sl\/wp-json\/wp\/v2\/types\/page"}],"author":[{"embeddable":true,"href":"https:\/\/fritzjeitler.com\/sl\/wp-json\/wp\/v2\/users\/6"}],"replies":[{"embeddable":true,"href":"https:\/\/fritzjeitler.com\/sl\/wp-json\/wp\/v2\/comments?post=5065"}],"version-history":[{"count":3,"href":"https:\/\/fritzjeitler.com\/sl\/wp-json\/wp\/v2\/pages\/5065\/revisions"}],"predecessor-version":[{"id":5542,"href":"https:\/\/fritzjeitler.com\/sl\/wp-json\/wp\/v2\/pages\/5065\/revisions\/5542"}],"up":[{"embeddable":true,"href":"https:\/\/fritzjeitler.com\/sl\/wp-json\/wp\/v2\/pages\/4990"}],"wp:featuredmedia":[{"embeddable":true,"href":"https:\/\/fritzjeitler.com\/sl\/wp-json\/wp\/v2\/media\/2141"}],"wp:attachment":[{"href":"https:\/\/fritzjeitler.com\/sl\/wp-json\/wp\/v2\/media?parent=5065"}],"curies":[{"name":"wp","href":"https:\/\/api.w.org\/{rel}","templated":true}]}}