{"id":5047,"date":"2026-04-01T15:52:14","date_gmt":"2026-04-01T13:52:14","guid":{"rendered":"https:\/\/fritzjeitler.com\/fotografski-natecaj\/"},"modified":"2026-04-16T12:32:31","modified_gmt":"2026-04-16T10:32:31","slug":"fotografski-natecaj","status":"publish","type":"page","link":"https:\/\/fritzjeitler.com\/sl\/fotografski-natecaj\/","title":{"rendered":"Fotografski nate\u010daj"},"content":{"rendered":"\n<div class=\"wp-block-cover alignfull is-light has-custom-content-position is-position-bottom-left is-style-default\" style=\"margin-top:var(--wp--preset--spacing--130);margin-bottom:var(--wp--preset--spacing--160);padding-bottom:var(--wp--preset--spacing--140);min-height:75vh;aspect-ratio:unset;\"><img loading=\"lazy\" decoding=\"async\" width=\"1024\" height=\"683\" class=\"wp-block-cover__image-background wp-image-4819 size-large\" alt=\"\" src=\"https:\/\/fritzjeitler.com\/wp-content\/uploads\/2026\/04\/MTR65452-1024x683.jpg\" data-object-fit=\"cover\" srcset=\"https:\/\/fritzjeitler.com\/wp-content\/uploads\/2026\/04\/MTR65452-1024x683.jpg 1024w, https:\/\/fritzjeitler.com\/wp-content\/uploads\/2026\/04\/MTR65452-300x200.jpg 300w, https:\/\/fritzjeitler.com\/wp-content\/uploads\/2026\/04\/MTR65452-768x512.jpg 768w, https:\/\/fritzjeitler.com\/wp-content\/uploads\/2026\/04\/MTR65452-1536x1024.jpg 1536w, https:\/\/fritzjeitler.com\/wp-content\/uploads\/2026\/04\/MTR65452-2048x1365.jpg 2048w\" sizes=\"auto, (max-width: 1024px) 100vw, 1024px\" \/><span aria-hidden=\"true\" class=\"wp-block-cover__background has-background-dim-0 has-background-dim\"><\/span><div class=\"wp-block-cover__inner-container is-layout-flow wp-block-cover-is-layout-flow\">\n<p class=\"has-text-align-center has-large-font-size\"><\/p>\n<\/div><\/div>\n\n<h1 class=\"wp-block-heading has-text-align-left\"><strong>Sodelujte na fotografskem nate\u010daju JEITLER<sup>\u00ae<\/sup> 2026!<\/strong><\/h1>\n\n<h2 class=\"wp-block-heading\">&#8220;Majhne roke, veliko srce &#8211; otroci do\u017eivljajo kmetijstvo&#8221;<\/h2>\n\n<p>I\u0161\u010demo najlep\u0161e trenutke med otroki in \u017eivalmi na kmetiji in na poljih! Naj bo to hranjenje pujskov, mol\u017ea krav ali prebiranje jajc &#8211; poka\u017eite nam \u017eivljenje na kmetiji z va\u0161e perspektive. Najbolj\u0161i posnetki bodo objavljeni v dru\u017einskem koledarju JEITLER 2027 &#8211; in \u010dakajo vas odli\u010dne nagrade!  <\/p>\n\n<h3 class=\"wp-block-heading\">Cene<\/h3>\n\n<ol class=\"wp-block-list\">\n<li><span>Otro\u0161ki elektri\u010dni traktor<\/span><\/li>\n\n\n\n<li><span>Otro\u0161ki traktor na pedala<\/span><\/li>\n\n\n\n<li><span>Otro\u0161ki traktor za igra\u010de<\/span><\/li>\n<\/ol>\n\n<p><strong>In kar je najbolj\u0161e, vsak udele\u017eenec bo prejel majhno presene\u010denje!<\/strong><\/p>\n\n<h3 class=\"wp-block-heading\">Pogoji sodelovanja:<\/h3>\n\n<ul class=\"wp-block-list\">\n<li><span>Po\u0161ljite nam svojo najljub\u0161o fotografijo v vodoravnem formatu z najmanj\u0161o lo\u010dljivostjo 3 MB ali 300 dpi.  <\/span><\/li>\n\n\n\n<li><span>Vpi\u0161ite ime in doma\u010do \u017eupnijo prikazanih otrok.  <\/span><\/li>\n\n\n\n<li><span>Po\u0161lji svojo sliko na <a href=\"mailto:gewinnspiel@fritzjeitler.com\" target=\"_blank\" rel=\"noreferrer noopener\">gewinnspiel@fritzjeitler.com<\/a><\/span><\/li>\n\n\n\n<li><span>S sodelovanjem organizatorju in vsem povezanim podjetjem podeljujete nepreklicno, neomejeno in trajno pravico do uporabe poslanih fotografij v skladu s \u010dlenom 24(1) nem\u0161kega zakona o avtorskih pravicah (UrhG).   <\/span><\/li>\n<\/ul>\n\n<h3 class=\"wp-block-heading has-green-color has-text-color has-link-color wp-elements-214b80480d0cab7b87232118fc2c5ea6\"><strong>Rok za prijavo je 31. maj 2026!<\/strong><\/h3>\n\n<p>Zmagovalci bodo objavljeni v na\u0161ih revijah za stranke JEITLER in na spletni strani www.fritzjeitler.com.<\/p>\n\n<p><\/p>\n","protected":false},"excerpt":{"rendered":"<p>Sodelujte na fotografskem nate\u010daju JEITLER\u00ae 2026! &#8220;Majhne roke, veliko srce &#8211; otroci do\u017eivljajo kmetijstvo&#8221; I\u0161\u010demo najlep\u0161e trenutke med otroki in \u017eivalmi na kmetiji in na poljih! Naj bo to hranjenje pujskov, mol\u017ea krav ali prebiranje jajc &#8211; poka\u017eite nam \u017eivljenje na kmetiji z va\u0161e perspektive. Najbolj\u0161i posnetki bodo objavljeni v dru\u017einskem koledarju JEITLER 2027 &#8211; [&hellip;]<\/p>\n","protected":false},"author":6,"featured_media":0,"parent":0,"menu_order":20,"comment_status":"closed","ping_status":"closed","template":"page-no-page-header","meta":{"clicksgefuehlecore_hide_title":false,"theme\/reading-time":-1,"page-redirect-enabled":false,"page-redirect-target-id":0,"footnotes":""},"class_list":["post-5047","page","type-page","status-publish","hentry"],"yoast_head":"<!-- This site is optimized with the Yoast SEO plugin v26.7 - https:\/\/yoast.com\/wordpress\/plugins\/seo\/ -->\n<title>Fotografski nate\u010daj - Fritz Jeitler Futtermittel<\/title>\n<meta name=\"description\" content=\"I\u0161\u010demo najlep\u0161e trenutke med otroki in \u017eivalmi na kmetiji in na poljih! Naj bo to hranjenje pujskov, mol\u017ea krav ali prebiranje jajc - poka\u017eite nam \u017eivljenje na kmetiji z va\u0161e perspektive. Najbolj\u0161i posnetki bodo objavljeni v dru\u017einskem koledarju JEITLER 2027 - in \u010dakajo vas odli\u010dne nagrade!\" \/>\n<meta name=\"robots\" content=\"index, follow, max-snippet:-1, max-image-preview:large, max-video-preview:-1\" \/>\n<link rel=\"canonical\" href=\"https:\/\/fritzjeitler.com\/sl\/fotografski-natecaj\/\" \/>\n<meta property=\"og:locale\" content=\"sl_SI\" \/>\n<meta property=\"og:type\" content=\"article\" \/>\n<meta property=\"og:title\" content=\"Fotografski nate\u010daj - Fritz Jeitler Futtermittel\" \/>\n<meta property=\"og:description\" content=\"I\u0161\u010demo najlep\u0161e trenutke med otroki in \u017eivalmi na kmetiji in na poljih! Naj bo to hranjenje pujskov, mol\u017ea krav ali prebiranje jajc - poka\u017eite nam \u017eivljenje na kmetiji z va\u0161e perspektive. Najbolj\u0161i posnetki bodo objavljeni v dru\u017einskem koledarju JEITLER 2027 - in \u010dakajo vas odli\u010dne nagrade!\" \/>\n<meta property=\"og:url\" content=\"https:\/\/fritzjeitler.com\/sl\/fotografski-natecaj\/\" \/>\n<meta property=\"og:site_name\" content=\"Fritz Jeitler Futtermittel\" \/>\n<meta property=\"article:modified_time\" content=\"2026-04-16T10:32:31+00:00\" \/>\n<meta property=\"og:image\" content=\"https:\/\/fritzjeitler.com\/wp-content\/uploads\/2026\/04\/MTR65452-scaled.jpg\" \/>\n\t<meta property=\"og:image:width\" content=\"2560\" \/>\n\t<meta property=\"og:image:height\" content=\"1707\" \/>\n\t<meta property=\"og:image:type\" content=\"image\/jpeg\" \/>\n<meta name=\"twitter:card\" content=\"summary_large_image\" \/>\n<meta name=\"twitter:label1\" content=\"Est. reading time\" \/>\n\t<meta name=\"twitter:data1\" content=\"1 minuta\" \/>\n<script type=\"application\/ld+json\" class=\"yoast-schema-graph\">{\"@context\":\"https:\/\/schema.org\",\"@graph\":[{\"@type\":\"WebPage\",\"@id\":\"https:\/\/fritzjeitler.com\/sl\/fotografski-natecaj\/\",\"url\":\"https:\/\/fritzjeitler.com\/sl\/fotografski-natecaj\/\",\"name\":\"Fotografski nate\u010daj - Fritz Jeitler Futtermittel\",\"isPartOf\":{\"@id\":\"https:\/\/fritzjeitler.com\/sl\/#website\"},\"primaryImageOfPage\":{\"@id\":\"https:\/\/fritzjeitler.com\/sl\/fotografski-natecaj\/#primaryimage\"},\"image\":{\"@id\":\"https:\/\/fritzjeitler.com\/sl\/fotografski-natecaj\/#primaryimage\"},\"thumbnailUrl\":\"https:\/\/fritzjeitler.com\/wp-content\/uploads\/2026\/04\/MTR65452-1024x683.jpg\",\"datePublished\":\"2026-04-01T13:52:14+00:00\",\"dateModified\":\"2026-04-16T10:32:31+00:00\",\"description\":\"I\u0161\u010demo najlep\u0161e trenutke med otroki in \u017eivalmi na kmetiji in na poljih! Naj bo to hranjenje pujskov, mol\u017ea krav ali prebiranje jajc - poka\u017eite nam \u017eivljenje na kmetiji z va\u0161e perspektive. Najbolj\u0161i posnetki bodo objavljeni v dru\u017einskem koledarju JEITLER 2027 - in \u010dakajo vas odli\u010dne nagrade!\",\"breadcrumb\":{\"@id\":\"https:\/\/fritzjeitler.com\/sl\/fotografski-natecaj\/#breadcrumb\"},\"inLanguage\":\"sl-SI\",\"potentialAction\":[{\"@type\":\"ReadAction\",\"target\":[\"https:\/\/fritzjeitler.com\/sl\/fotografski-natecaj\/\"]}]},{\"@type\":\"ImageObject\",\"inLanguage\":\"sl-SI\",\"@id\":\"https:\/\/fritzjeitler.com\/sl\/fotografski-natecaj\/#primaryimage\",\"url\":\"https:\/\/fritzjeitler.com\/wp-content\/uploads\/2026\/04\/MTR65452-1024x683.jpg\",\"contentUrl\":\"https:\/\/fritzjeitler.com\/wp-content\/uploads\/2026\/04\/MTR65452-1024x683.jpg\"},{\"@type\":\"BreadcrumbList\",\"@id\":\"https:\/\/fritzjeitler.com\/sl\/fotografski-natecaj\/#breadcrumb\",\"itemListElement\":[{\"@type\":\"ListItem\",\"position\":1,\"name\":\"Home\",\"item\":\"https:\/\/fritzjeitler.com\/sl\/\"},{\"@type\":\"ListItem\",\"position\":2,\"name\":\"Fotografski nate\u010daj\"}]},{\"@type\":\"WebSite\",\"@id\":\"https:\/\/fritzjeitler.com\/sl\/#website\",\"url\":\"https:\/\/fritzjeitler.com\/sl\/\",\"name\":\"Fritz Jeitler Futtermittel\",\"description\":\"\",\"potentialAction\":[{\"@type\":\"SearchAction\",\"target\":{\"@type\":\"EntryPoint\",\"urlTemplate\":\"https:\/\/fritzjeitler.com\/sl\/?s={search_term_string}\"},\"query-input\":{\"@type\":\"PropertyValueSpecification\",\"valueRequired\":true,\"valueName\":\"search_term_string\"}}],\"inLanguage\":\"sl-SI\"}]}<\/script>\n<!-- \/ Yoast SEO plugin. -->","yoast_head_json":{"title":"Fotografski nate\u010daj - Fritz Jeitler Futtermittel","description":"I\u0161\u010demo najlep\u0161e trenutke med otroki in \u017eivalmi na kmetiji in na poljih! Naj bo to hranjenje pujskov, mol\u017ea krav ali prebiranje jajc - poka\u017eite nam \u017eivljenje na kmetiji z va\u0161e perspektive. Najbolj\u0161i posnetki bodo objavljeni v dru\u017einskem koledarju JEITLER 2027 - in \u010dakajo vas odli\u010dne nagrade!","robots":{"index":"index","follow":"follow","max-snippet":"max-snippet:-1","max-image-preview":"max-image-preview:large","max-video-preview":"max-video-preview:-1"},"canonical":"https:\/\/fritzjeitler.com\/sl\/fotografski-natecaj\/","og_locale":"sl_SI","og_type":"article","og_title":"Fotografski nate\u010daj - Fritz Jeitler Futtermittel","og_description":"I\u0161\u010demo najlep\u0161e trenutke med otroki in \u017eivalmi na kmetiji in na poljih! Naj bo to hranjenje pujskov, mol\u017ea krav ali prebiranje jajc - poka\u017eite nam \u017eivljenje na kmetiji z va\u0161e perspektive. Najbolj\u0161i posnetki bodo objavljeni v dru\u017einskem koledarju JEITLER 2027 - in \u010dakajo vas odli\u010dne nagrade!","og_url":"https:\/\/fritzjeitler.com\/sl\/fotografski-natecaj\/","og_site_name":"Fritz Jeitler Futtermittel","article_modified_time":"2026-04-16T10:32:31+00:00","og_image":[{"width":2560,"height":1707,"url":"https:\/\/fritzjeitler.com\/wp-content\/uploads\/2026\/04\/MTR65452-scaled.jpg","type":"image\/jpeg"}],"twitter_card":"summary_large_image","twitter_misc":{"Est. reading time":"1 minuta"},"schema":{"@context":"https:\/\/schema.org","@graph":[{"@type":"WebPage","@id":"https:\/\/fritzjeitler.com\/sl\/fotografski-natecaj\/","url":"https:\/\/fritzjeitler.com\/sl\/fotografski-natecaj\/","name":"Fotografski nate\u010daj - Fritz Jeitler Futtermittel","isPartOf":{"@id":"https:\/\/fritzjeitler.com\/sl\/#website"},"primaryImageOfPage":{"@id":"https:\/\/fritzjeitler.com\/sl\/fotografski-natecaj\/#primaryimage"},"image":{"@id":"https:\/\/fritzjeitler.com\/sl\/fotografski-natecaj\/#primaryimage"},"thumbnailUrl":"https:\/\/fritzjeitler.com\/wp-content\/uploads\/2026\/04\/MTR65452-1024x683.jpg","datePublished":"2026-04-01T13:52:14+00:00","dateModified":"2026-04-16T10:32:31+00:00","description":"I\u0161\u010demo najlep\u0161e trenutke med otroki in \u017eivalmi na kmetiji in na poljih! Naj bo to hranjenje pujskov, mol\u017ea krav ali prebiranje jajc - poka\u017eite nam \u017eivljenje na kmetiji z va\u0161e perspektive. Najbolj\u0161i posnetki bodo objavljeni v dru\u017einskem koledarju JEITLER 2027 - in \u010dakajo vas odli\u010dne nagrade!","breadcrumb":{"@id":"https:\/\/fritzjeitler.com\/sl\/fotografski-natecaj\/#breadcrumb"},"inLanguage":"sl-SI","potentialAction":[{"@type":"ReadAction","target":["https:\/\/fritzjeitler.com\/sl\/fotografski-natecaj\/"]}]},{"@type":"ImageObject","inLanguage":"sl-SI","@id":"https:\/\/fritzjeitler.com\/sl\/fotografski-natecaj\/#primaryimage","url":"https:\/\/fritzjeitler.com\/wp-content\/uploads\/2026\/04\/MTR65452-1024x683.jpg","contentUrl":"https:\/\/fritzjeitler.com\/wp-content\/uploads\/2026\/04\/MTR65452-1024x683.jpg"},{"@type":"BreadcrumbList","@id":"https:\/\/fritzjeitler.com\/sl\/fotografski-natecaj\/#breadcrumb","itemListElement":[{"@type":"ListItem","position":1,"name":"Home","item":"https:\/\/fritzjeitler.com\/sl\/"},{"@type":"ListItem","position":2,"name":"Fotografski nate\u010daj"}]},{"@type":"WebSite","@id":"https:\/\/fritzjeitler.com\/sl\/#website","url":"https:\/\/fritzjeitler.com\/sl\/","name":"Fritz Jeitler Futtermittel","description":"","potentialAction":[{"@type":"SearchAction","target":{"@type":"EntryPoint","urlTemplate":"https:\/\/fritzjeitler.com\/sl\/?s={search_term_string}"},"query-input":{"@type":"PropertyValueSpecification","valueRequired":true,"valueName":"search_term_string"}}],"inLanguage":"sl-SI"}]}},"_links":{"self":[{"href":"https:\/\/fritzjeitler.com\/sl\/wp-json\/wp\/v2\/pages\/5047","targetHints":{"allow":["GET"]}}],"collection":[{"href":"https:\/\/fritzjeitler.com\/sl\/wp-json\/wp\/v2\/pages"}],"about":[{"href":"https:\/\/fritzjeitler.com\/sl\/wp-json\/wp\/v2\/types\/page"}],"author":[{"embeddable":true,"href":"https:\/\/fritzjeitler.com\/sl\/wp-json\/wp\/v2\/users\/6"}],"replies":[{"embeddable":true,"href":"https:\/\/fritzjeitler.com\/sl\/wp-json\/wp\/v2\/comments?post=5047"}],"version-history":[{"count":8,"href":"https:\/\/fritzjeitler.com\/sl\/wp-json\/wp\/v2\/pages\/5047\/revisions"}],"predecessor-version":[{"id":5513,"href":"https:\/\/fritzjeitler.com\/sl\/wp-json\/wp\/v2\/pages\/5047\/revisions\/5513"}],"wp:attachment":[{"href":"https:\/\/fritzjeitler.com\/sl\/wp-json\/wp\/v2\/media?parent=5047"}],"curies":[{"name":"wp","href":"https:\/\/api.w.org\/{rel}","templated":true}]}}