{"id":5041,"date":"2026-03-26T14:51:33","date_gmt":"2026-03-26T13:51:33","guid":{"rendered":"https:\/\/fritzjeitler.com\/potrditev-preklica\/"},"modified":"2026-04-14T15:55:19","modified_gmt":"2026-04-14T13:55:19","slug":"potrditev-preklica","status":"publish","type":"page","link":"https:\/\/fritzjeitler.com\/sl\/glasilo\/potrditev-preklica\/","title":{"rendered":"Potrditev preklica"},"content":{"rendered":"\n<h1 class=\"wp-block-heading\"><strong>Va\u0161a odpoved je bila uspe\u0161na!<\/strong><\/h1>\n\n<p>Uspe\u0161no ste se odjavili od na\u0161ih novic.<\/p>\n\n<div class=\"wp-block-buttons is-layout-flex wp-block-buttons-is-layout-flex\">\n<div class=\"wp-block-button\"><a class=\"wp-block-button__link wp-element-button\" href=\"https:\/\/fritzjeitler.com\/sl\/\">Nazaj na doma\u010do stran<\/a><\/div>\n<\/div>\n","protected":false},"excerpt":{"rendered":"<p>Va\u0161a odpoved je bila uspe\u0161na! Uspe\u0161no ste se odjavili od na\u0161ih novic.<\/p>\n","protected":false},"author":3,"featured_media":0,"parent":5408,"menu_order":3,"comment_status":"closed","ping_status":"closed","template":"","meta":{"clicksgefuehlecore_hide_title":false,"theme\/reading-time":-1,"page-redirect-enabled":false,"page-redirect-target-id":0,"footnotes":""},"class_list":["post-5041","page","type-page","status-publish","hentry"],"yoast_head":"<!-- This site is optimized with the Yoast SEO plugin v26.7 - https:\/\/yoast.com\/wordpress\/plugins\/seo\/ -->\n<title>Potrditev preklica - Fritz Jeitler Futtermittel<\/title>\n<meta name=\"robots\" content=\"index, follow, max-snippet:-1, max-image-preview:large, max-video-preview:-1\" \/>\n<link rel=\"canonical\" href=\"https:\/\/fritzjeitler.com\/sl\/glasilo\/potrditev-preklica\/\" \/>\n<meta property=\"og:locale\" content=\"sl_SI\" \/>\n<meta property=\"og:type\" content=\"article\" \/>\n<meta property=\"og:title\" content=\"Potrditev preklica - Fritz Jeitler Futtermittel\" \/>\n<meta property=\"og:description\" content=\"Va\u0161a odpoved je bila uspe\u0161na! Uspe\u0161no ste se odjavili od na\u0161ih novic.\" \/>\n<meta property=\"og:url\" content=\"https:\/\/fritzjeitler.com\/sl\/glasilo\/potrditev-preklica\/\" \/>\n<meta property=\"og:site_name\" content=\"Fritz Jeitler Futtermittel\" \/>\n<meta property=\"article:modified_time\" content=\"2026-04-14T13:55:19+00:00\" \/>\n<meta name=\"twitter:card\" content=\"summary_large_image\" \/>\n<script type=\"application\/ld+json\" class=\"yoast-schema-graph\">{\"@context\":\"https:\/\/schema.org\",\"@graph\":[{\"@type\":\"WebPage\",\"@id\":\"https:\/\/fritzjeitler.com\/sl\/glasilo\/potrditev-preklica\/\",\"url\":\"https:\/\/fritzjeitler.com\/sl\/glasilo\/potrditev-preklica\/\",\"name\":\"Potrditev preklica - Fritz Jeitler Futtermittel\",\"isPartOf\":{\"@id\":\"https:\/\/fritzjeitler.com\/sl\/#website\"},\"datePublished\":\"2026-03-26T13:51:33+00:00\",\"dateModified\":\"2026-04-14T13:55:19+00:00\",\"breadcrumb\":{\"@id\":\"https:\/\/fritzjeitler.com\/sl\/glasilo\/potrditev-preklica\/#breadcrumb\"},\"inLanguage\":\"sl-SI\",\"potentialAction\":[{\"@type\":\"ReadAction\",\"target\":[\"https:\/\/fritzjeitler.com\/sl\/glasilo\/potrditev-preklica\/\"]}]},{\"@type\":\"BreadcrumbList\",\"@id\":\"https:\/\/fritzjeitler.com\/sl\/glasilo\/potrditev-preklica\/#breadcrumb\",\"itemListElement\":[{\"@type\":\"ListItem\",\"position\":1,\"name\":\"Home\",\"item\":\"https:\/\/fritzjeitler.com\/sl\/\"},{\"@type\":\"ListItem\",\"position\":2,\"name\":\"Glasilo\",\"item\":\"https:\/\/fritzjeitler.com\/sl\/glasilo\/\"},{\"@type\":\"ListItem\",\"position\":3,\"name\":\"Potrditev preklica\"}]},{\"@type\":\"WebSite\",\"@id\":\"https:\/\/fritzjeitler.com\/sl\/#website\",\"url\":\"https:\/\/fritzjeitler.com\/sl\/\",\"name\":\"Fritz Jeitler Futtermittel\",\"description\":\"\",\"potentialAction\":[{\"@type\":\"SearchAction\",\"target\":{\"@type\":\"EntryPoint\",\"urlTemplate\":\"https:\/\/fritzjeitler.com\/sl\/?s={search_term_string}\"},\"query-input\":{\"@type\":\"PropertyValueSpecification\",\"valueRequired\":true,\"valueName\":\"search_term_string\"}}],\"inLanguage\":\"sl-SI\"}]}<\/script>\n<!-- \/ Yoast SEO plugin. -->","yoast_head_json":{"title":"Potrditev preklica - Fritz Jeitler Futtermittel","robots":{"index":"index","follow":"follow","max-snippet":"max-snippet:-1","max-image-preview":"max-image-preview:large","max-video-preview":"max-video-preview:-1"},"canonical":"https:\/\/fritzjeitler.com\/sl\/glasilo\/potrditev-preklica\/","og_locale":"sl_SI","og_type":"article","og_title":"Potrditev preklica - Fritz Jeitler Futtermittel","og_description":"Va\u0161a odpoved je bila uspe\u0161na! Uspe\u0161no ste se odjavili od na\u0161ih novic.","og_url":"https:\/\/fritzjeitler.com\/sl\/glasilo\/potrditev-preklica\/","og_site_name":"Fritz Jeitler Futtermittel","article_modified_time":"2026-04-14T13:55:19+00:00","twitter_card":"summary_large_image","schema":{"@context":"https:\/\/schema.org","@graph":[{"@type":"WebPage","@id":"https:\/\/fritzjeitler.com\/sl\/glasilo\/potrditev-preklica\/","url":"https:\/\/fritzjeitler.com\/sl\/glasilo\/potrditev-preklica\/","name":"Potrditev preklica - Fritz Jeitler Futtermittel","isPartOf":{"@id":"https:\/\/fritzjeitler.com\/sl\/#website"},"datePublished":"2026-03-26T13:51:33+00:00","dateModified":"2026-04-14T13:55:19+00:00","breadcrumb":{"@id":"https:\/\/fritzjeitler.com\/sl\/glasilo\/potrditev-preklica\/#breadcrumb"},"inLanguage":"sl-SI","potentialAction":[{"@type":"ReadAction","target":["https:\/\/fritzjeitler.com\/sl\/glasilo\/potrditev-preklica\/"]}]},{"@type":"BreadcrumbList","@id":"https:\/\/fritzjeitler.com\/sl\/glasilo\/potrditev-preklica\/#breadcrumb","itemListElement":[{"@type":"ListItem","position":1,"name":"Home","item":"https:\/\/fritzjeitler.com\/sl\/"},{"@type":"ListItem","position":2,"name":"Glasilo","item":"https:\/\/fritzjeitler.com\/sl\/glasilo\/"},{"@type":"ListItem","position":3,"name":"Potrditev preklica"}]},{"@type":"WebSite","@id":"https:\/\/fritzjeitler.com\/sl\/#website","url":"https:\/\/fritzjeitler.com\/sl\/","name":"Fritz Jeitler Futtermittel","description":"","potentialAction":[{"@type":"SearchAction","target":{"@type":"EntryPoint","urlTemplate":"https:\/\/fritzjeitler.com\/sl\/?s={search_term_string}"},"query-input":{"@type":"PropertyValueSpecification","valueRequired":true,"valueName":"search_term_string"}}],"inLanguage":"sl-SI"}]}},"_links":{"self":[{"href":"https:\/\/fritzjeitler.com\/sl\/wp-json\/wp\/v2\/pages\/5041","targetHints":{"allow":["GET"]}}],"collection":[{"href":"https:\/\/fritzjeitler.com\/sl\/wp-json\/wp\/v2\/pages"}],"about":[{"href":"https:\/\/fritzjeitler.com\/sl\/wp-json\/wp\/v2\/types\/page"}],"author":[{"embeddable":true,"href":"https:\/\/fritzjeitler.com\/sl\/wp-json\/wp\/v2\/users\/3"}],"replies":[{"embeddable":true,"href":"https:\/\/fritzjeitler.com\/sl\/wp-json\/wp\/v2\/comments?post=5041"}],"version-history":[{"count":1,"href":"https:\/\/fritzjeitler.com\/sl\/wp-json\/wp\/v2\/pages\/5041\/revisions"}],"predecessor-version":[{"id":5042,"href":"https:\/\/fritzjeitler.com\/sl\/wp-json\/wp\/v2\/pages\/5041\/revisions\/5042"}],"up":[{"embeddable":true,"href":"https:\/\/fritzjeitler.com\/sl\/wp-json\/wp\/v2\/pages\/5408"}],"wp:attachment":[{"href":"https:\/\/fritzjeitler.com\/sl\/wp-json\/wp\/v2\/media?parent=5041"}],"curies":[{"name":"wp","href":"https:\/\/api.w.org\/{rel}","templated":true}]}}