{"id":4982,"date":"2025-01-21T13:31:47","date_gmt":"2025-01-21T12:31:47","guid":{"rendered":"https:\/\/fritzjeitler.com\/perutnina\/pricevanja-strank\/"},"modified":"2026-04-13T09:33:31","modified_gmt":"2026-04-13T07:33:31","slug":"pricevanja-strank","status":"publish","type":"page","link":"https:\/\/fritzjeitler.com\/sl\/perutnina\/pricevanja-strank\/","title":{"rendered":"Pri\u010devanja strank"},"content":{"rendered":"\n<h1 class=\"wp-block-heading\">Pri\u010devanja strank<\/h1>\n\n<div class=\"wp-block-query is-layout-flow wp-block-query-is-layout-flow\"><ul class=\"wp-block-post-template is-layout-flow wp-block-post-template-is-layout-flow\"><li class=\"wp-block-post post-5617 cg_testimonial type-cg_testimonial status-publish has-post-thumbnail hentry testimonial-category-gefluegel\">\n\n<div class=\"wp-block-group is-nowrap is-layout-flex wp-container-core-group-is-layout-6c531013 wp-block-group-is-layout-flex\"><figure style=\"aspect-ratio:1;height:180px;\" class=\"wp-block-post-featured-image\"><a href=\"https:\/\/fritzjeitler.com\/sl\/testimonial\/druzinska-kmetija-s-prihodnostjo-inovacije-in-tradicija\/\" target=\"_self\"  style=\"height:180px\"><img loading=\"lazy\" decoding=\"async\" width=\"2010\" height=\"1132\" src=\"https:\/\/fritzjeitler.com\/wp-content\/uploads\/2026\/03\/Familie-Schweinzger.jpg\" class=\"attachment-post-thumbnail size-post-thumbnail wp-post-image\" alt=\"Dru\u017einska kmetija s prihodnostjo &#8211; inovacije in tradicija\" style=\"border-top-left-radius:0px;border-top-right-radius:0px;border-bottom-left-radius:0px;border-bottom-right-radius:0px;width:100%;height:100%;object-fit:cover;\" srcset=\"https:\/\/fritzjeitler.com\/wp-content\/uploads\/2026\/03\/Familie-Schweinzger.jpg 2010w, https:\/\/fritzjeitler.com\/wp-content\/uploads\/2026\/03\/Familie-Schweinzger-300x169.jpg 300w, https:\/\/fritzjeitler.com\/wp-content\/uploads\/2026\/03\/Familie-Schweinzger-1024x577.jpg 1024w, https:\/\/fritzjeitler.com\/wp-content\/uploads\/2026\/03\/Familie-Schweinzger-768x433.jpg 768w, https:\/\/fritzjeitler.com\/wp-content\/uploads\/2026\/03\/Familie-Schweinzger-1536x865.jpg 1536w\" sizes=\"auto, (max-width: 2010px) 100vw, 2010px\" \/><\/a><\/figure>\n\n\n<div class=\"wp-block-group wp-container-content-9cfa9a5a has-global-padding is-content-justification-left is-layout-constrained wp-container-core-group-is-layout-d8f53810 wp-block-group-is-layout-constrained\">\n\n<h2 class=\"wp-block-post-title has-xl-font-size has-lora-font-family\"><a href=\"https:\/\/fritzjeitler.com\/sl\/testimonial\/druzinska-kmetija-s-prihodnostjo-inovacije-in-tradicija\/\" target=\"_self\" >Dru\u017einska kmetija s prihodnostjo &#8211; inovacije in tradicija<\/a><\/h2>\n\n<a class=\"wp-block-read-more\" href=\"https:\/\/fritzjeitler.com\/sl\/testimonial\/druzinska-kmetija-s-prihodnostjo-inovacije-in-tradicija\/\" target=\"_self\">Preberite pri\u010devanje stranke<span class=\"screen-reader-text\">: Dru\u017einska kmetija s prihodnostjo &#8211; inovacije in tradicija<\/span><\/a><\/div>\n<\/div>\n\n\n\n<hr class=\"wp-block-separator has-alpha-channel-opacity\"\/>\n\n<\/li><li class=\"wp-block-post post-5616 cg_testimonial type-cg_testimonial status-publish has-post-thumbnail hentry testimonial-category-gefluegel\">\n\n<div class=\"wp-block-group is-nowrap is-layout-flex wp-container-core-group-is-layout-6c531013 wp-block-group-is-layout-flex\"><figure style=\"aspect-ratio:1;height:180px;\" class=\"wp-block-post-featured-image\"><a href=\"https:\/\/fritzjeitler.com\/sl\/testimonial\/uspesen-zacetek-s-konceptom-samostojnega-mesanja\/\" target=\"_self\"  style=\"height:180px\"><img loading=\"lazy\" decoding=\"async\" width=\"1200\" height=\"900\" src=\"https:\/\/fritzjeitler.com\/wp-content\/uploads\/2026\/03\/DJI_0735.jpg\" class=\"attachment-post-thumbnail size-post-thumbnail wp-post-image\" alt=\"Uspe\u0161en za\u010detek s konceptom samostojnega me\u0161anja\" style=\"border-top-left-radius:0px;border-top-right-radius:0px;border-bottom-left-radius:0px;border-bottom-right-radius:0px;width:100%;height:100%;object-fit:cover;\" srcset=\"https:\/\/fritzjeitler.com\/wp-content\/uploads\/2026\/03\/DJI_0735.jpg 1200w, https:\/\/fritzjeitler.com\/wp-content\/uploads\/2026\/03\/DJI_0735-300x225.jpg 300w, https:\/\/fritzjeitler.com\/wp-content\/uploads\/2026\/03\/DJI_0735-1024x768.jpg 1024w, https:\/\/fritzjeitler.com\/wp-content\/uploads\/2026\/03\/DJI_0735-768x576.jpg 768w\" sizes=\"auto, (max-width: 1200px) 100vw, 1200px\" \/><\/a><\/figure>\n\n\n<div class=\"wp-block-group wp-container-content-9cfa9a5a has-global-padding is-content-justification-left is-layout-constrained wp-container-core-group-is-layout-d8f53810 wp-block-group-is-layout-constrained\">\n\n<h2 class=\"wp-block-post-title has-xl-font-size has-lora-font-family\"><a href=\"https:\/\/fritzjeitler.com\/sl\/testimonial\/uspesen-zacetek-s-konceptom-samostojnega-mesanja\/\" target=\"_self\" >Uspe\u0161en za\u010detek s konceptom samostojnega me\u0161anja<\/a><\/h2>\n\n<a class=\"wp-block-read-more\" href=\"https:\/\/fritzjeitler.com\/sl\/testimonial\/uspesen-zacetek-s-konceptom-samostojnega-mesanja\/\" target=\"_self\">Preberite pri\u010devanje stranke<span class=\"screen-reader-text\">: Uspe\u0161en za\u010detek s konceptom samostojnega me\u0161anja<\/span><\/a><\/div>\n<\/div>\n\n\n\n<hr class=\"wp-block-separator has-alpha-channel-opacity\"\/>\n\n<\/li><li class=\"wp-block-post post-5615 cg_testimonial type-cg_testimonial status-publish has-post-thumbnail hentry testimonial-category-gefluegel\">\n\n<div class=\"wp-block-group is-nowrap is-layout-flex wp-container-core-group-is-layout-6c531013 wp-block-group-is-layout-flex\"><figure style=\"aspect-ratio:1;height:180px;\" class=\"wp-block-post-featured-image\"><a href=\"https:\/\/fritzjeitler.com\/sl\/testimonial\/uspesno-s-konceptom-hranjenja-biomin\/\" target=\"_self\"  style=\"height:180px\"><img loading=\"lazy\" decoding=\"async\" width=\"680\" height=\"420\" src=\"https:\/\/fritzjeitler.com\/wp-content\/uploads\/2026\/03\/GF-1-2021-Kundenstimme-Adi-Fam.-Payer-1.jpg\" class=\"attachment-post-thumbnail size-post-thumbnail wp-post-image\" alt=\"Uspe\u0161no s konceptom hranjenja BIOMIN\" style=\"border-top-left-radius:0px;border-top-right-radius:0px;border-bottom-left-radius:0px;border-bottom-right-radius:0px;width:100%;height:100%;object-fit:cover;\" srcset=\"https:\/\/fritzjeitler.com\/wp-content\/uploads\/2026\/03\/GF-1-2021-Kundenstimme-Adi-Fam.-Payer-1.jpg 680w, https:\/\/fritzjeitler.com\/wp-content\/uploads\/2026\/03\/GF-1-2021-Kundenstimme-Adi-Fam.-Payer-1-300x185.jpg 300w\" sizes=\"auto, (max-width: 680px) 100vw, 680px\" \/><\/a><\/figure>\n\n\n<div class=\"wp-block-group wp-container-content-9cfa9a5a has-global-padding is-content-justification-left is-layout-constrained wp-container-core-group-is-layout-d8f53810 wp-block-group-is-layout-constrained\">\n\n<h2 class=\"wp-block-post-title has-xl-font-size has-lora-font-family\"><a href=\"https:\/\/fritzjeitler.com\/sl\/testimonial\/uspesno-s-konceptom-hranjenja-biomin\/\" target=\"_self\" >Uspe\u0161no s konceptom hranjenja BIOMIN<\/a><\/h2>\n\n<a class=\"wp-block-read-more\" href=\"https:\/\/fritzjeitler.com\/sl\/testimonial\/uspesno-s-konceptom-hranjenja-biomin\/\" target=\"_self\">Preberite pri\u010devanje stranke<span class=\"screen-reader-text\">: Uspe\u0161no s konceptom hranjenja BIOMIN<\/span><\/a><\/div>\n<\/div>\n\n\n\n<hr class=\"wp-block-separator has-alpha-channel-opacity\"\/>\n\n<\/li><\/ul>\n\n<\/div>\n","protected":false},"excerpt":{"rendered":"<p>Pri\u010devanja strank<\/p>\n","protected":false},"author":3,"featured_media":0,"parent":4979,"menu_order":3,"comment_status":"closed","ping_status":"closed","template":"","meta":{"clicksgefuehlecore_hide_title":false,"theme\/reading-time":-1,"page-redirect-enabled":false,"page-redirect-target-id":0,"footnotes":""},"class_list":["post-4982","page","type-page","status-publish","hentry"],"yoast_head":"<!-- This site is optimized with the Yoast SEO plugin v26.7 - https:\/\/yoast.com\/wordpress\/plugins\/seo\/ -->\n<title>Pri\u010devanja strank - Fritz Jeitler Futtermittel<\/title>\n<meta name=\"robots\" content=\"index, follow, max-snippet:-1, max-image-preview:large, max-video-preview:-1\" \/>\n<link rel=\"canonical\" href=\"https:\/\/fritzjeitler.com\/sl\/perutnina\/pricevanja-strank\/\" \/>\n<meta property=\"og:locale\" content=\"sl_SI\" \/>\n<meta property=\"og:type\" content=\"article\" \/>\n<meta property=\"og:title\" content=\"Pri\u010devanja strank - Fritz Jeitler Futtermittel\" \/>\n<meta property=\"og:description\" content=\"Pri\u010devanja strank\" \/>\n<meta property=\"og:url\" content=\"https:\/\/fritzjeitler.com\/sl\/perutnina\/pricevanja-strank\/\" \/>\n<meta property=\"og:site_name\" content=\"Fritz Jeitler Futtermittel\" \/>\n<meta property=\"article:modified_time\" content=\"2026-04-13T07:33:31+00:00\" \/>\n<meta name=\"twitter:card\" content=\"summary_large_image\" \/>\n<script type=\"application\/ld+json\" class=\"yoast-schema-graph\">{\"@context\":\"https:\/\/schema.org\",\"@graph\":[{\"@type\":\"WebPage\",\"@id\":\"https:\/\/fritzjeitler.com\/sl\/perutnina\/pricevanja-strank\/\",\"url\":\"https:\/\/fritzjeitler.com\/sl\/perutnina\/pricevanja-strank\/\",\"name\":\"Pri\u010devanja strank - Fritz Jeitler Futtermittel\",\"isPartOf\":{\"@id\":\"https:\/\/fritzjeitler.com\/sl\/#website\"},\"datePublished\":\"2025-01-21T12:31:47+00:00\",\"dateModified\":\"2026-04-13T07:33:31+00:00\",\"breadcrumb\":{\"@id\":\"https:\/\/fritzjeitler.com\/sl\/perutnina\/pricevanja-strank\/#breadcrumb\"},\"inLanguage\":\"sl-SI\",\"potentialAction\":[{\"@type\":\"ReadAction\",\"target\":[\"https:\/\/fritzjeitler.com\/sl\/perutnina\/pricevanja-strank\/\"]}]},{\"@type\":\"BreadcrumbList\",\"@id\":\"https:\/\/fritzjeitler.com\/sl\/perutnina\/pricevanja-strank\/#breadcrumb\",\"itemListElement\":[{\"@type\":\"ListItem\",\"position\":1,\"name\":\"Home\",\"item\":\"https:\/\/fritzjeitler.com\/sl\/\"},{\"@type\":\"ListItem\",\"position\":2,\"name\":\"Perutnina\",\"item\":\"https:\/\/fritzjeitler.com\/sl\/perutnina\/\"},{\"@type\":\"ListItem\",\"position\":3,\"name\":\"Pri\u010devanja strank\"}]},{\"@type\":\"WebSite\",\"@id\":\"https:\/\/fritzjeitler.com\/sl\/#website\",\"url\":\"https:\/\/fritzjeitler.com\/sl\/\",\"name\":\"Fritz Jeitler Futtermittel\",\"description\":\"\",\"potentialAction\":[{\"@type\":\"SearchAction\",\"target\":{\"@type\":\"EntryPoint\",\"urlTemplate\":\"https:\/\/fritzjeitler.com\/sl\/?s={search_term_string}\"},\"query-input\":{\"@type\":\"PropertyValueSpecification\",\"valueRequired\":true,\"valueName\":\"search_term_string\"}}],\"inLanguage\":\"sl-SI\"}]}<\/script>\n<!-- \/ Yoast SEO plugin. -->","yoast_head_json":{"title":"Pri\u010devanja strank - Fritz Jeitler Futtermittel","robots":{"index":"index","follow":"follow","max-snippet":"max-snippet:-1","max-image-preview":"max-image-preview:large","max-video-preview":"max-video-preview:-1"},"canonical":"https:\/\/fritzjeitler.com\/sl\/perutnina\/pricevanja-strank\/","og_locale":"sl_SI","og_type":"article","og_title":"Pri\u010devanja strank - Fritz Jeitler Futtermittel","og_description":"Pri\u010devanja strank","og_url":"https:\/\/fritzjeitler.com\/sl\/perutnina\/pricevanja-strank\/","og_site_name":"Fritz Jeitler Futtermittel","article_modified_time":"2026-04-13T07:33:31+00:00","twitter_card":"summary_large_image","schema":{"@context":"https:\/\/schema.org","@graph":[{"@type":"WebPage","@id":"https:\/\/fritzjeitler.com\/sl\/perutnina\/pricevanja-strank\/","url":"https:\/\/fritzjeitler.com\/sl\/perutnina\/pricevanja-strank\/","name":"Pri\u010devanja strank - Fritz Jeitler Futtermittel","isPartOf":{"@id":"https:\/\/fritzjeitler.com\/sl\/#website"},"datePublished":"2025-01-21T12:31:47+00:00","dateModified":"2026-04-13T07:33:31+00:00","breadcrumb":{"@id":"https:\/\/fritzjeitler.com\/sl\/perutnina\/pricevanja-strank\/#breadcrumb"},"inLanguage":"sl-SI","potentialAction":[{"@type":"ReadAction","target":["https:\/\/fritzjeitler.com\/sl\/perutnina\/pricevanja-strank\/"]}]},{"@type":"BreadcrumbList","@id":"https:\/\/fritzjeitler.com\/sl\/perutnina\/pricevanja-strank\/#breadcrumb","itemListElement":[{"@type":"ListItem","position":1,"name":"Home","item":"https:\/\/fritzjeitler.com\/sl\/"},{"@type":"ListItem","position":2,"name":"Perutnina","item":"https:\/\/fritzjeitler.com\/sl\/perutnina\/"},{"@type":"ListItem","position":3,"name":"Pri\u010devanja strank"}]},{"@type":"WebSite","@id":"https:\/\/fritzjeitler.com\/sl\/#website","url":"https:\/\/fritzjeitler.com\/sl\/","name":"Fritz Jeitler Futtermittel","description":"","potentialAction":[{"@type":"SearchAction","target":{"@type":"EntryPoint","urlTemplate":"https:\/\/fritzjeitler.com\/sl\/?s={search_term_string}"},"query-input":{"@type":"PropertyValueSpecification","valueRequired":true,"valueName":"search_term_string"}}],"inLanguage":"sl-SI"}]}},"_links":{"self":[{"href":"https:\/\/fritzjeitler.com\/sl\/wp-json\/wp\/v2\/pages\/4982","targetHints":{"allow":["GET"]}}],"collection":[{"href":"https:\/\/fritzjeitler.com\/sl\/wp-json\/wp\/v2\/pages"}],"about":[{"href":"https:\/\/fritzjeitler.com\/sl\/wp-json\/wp\/v2\/types\/page"}],"author":[{"embeddable":true,"href":"https:\/\/fritzjeitler.com\/sl\/wp-json\/wp\/v2\/users\/3"}],"replies":[{"embeddable":true,"href":"https:\/\/fritzjeitler.com\/sl\/wp-json\/wp\/v2\/comments?post=4982"}],"version-history":[{"count":1,"href":"https:\/\/fritzjeitler.com\/sl\/wp-json\/wp\/v2\/pages\/4982\/revisions"}],"predecessor-version":[{"id":4983,"href":"https:\/\/fritzjeitler.com\/sl\/wp-json\/wp\/v2\/pages\/4982\/revisions\/4983"}],"up":[{"embeddable":true,"href":"https:\/\/fritzjeitler.com\/sl\/wp-json\/wp\/v2\/pages\/4979"}],"wp:attachment":[{"href":"https:\/\/fritzjeitler.com\/sl\/wp-json\/wp\/v2\/media?parent=4982"}],"curies":[{"name":"wp","href":"https:\/\/api.w.org\/{rel}","templated":true}]}}