{"id":4973,"date":"2025-01-21T13:38:16","date_gmt":"2025-01-21T12:38:16","guid":{"rendered":"https:\/\/fritzjeitler.com\/beljakovinska-krma-za-zivali\/"},"modified":"2026-04-13T09:33:10","modified_gmt":"2026-04-13T07:33:10","slug":"beljakovinska-krma-za-zivali","status":"publish","type":"page","link":"https:\/\/fritzjeitler.com\/sl\/prezvekovalci\/izdelki-2\/beljakovinska-krma-za-zivali\/","title":{"rendered":"Beljakovinska krma za \u017eivali"},"content":{"rendered":"\n<div class=\"wp-block-cover alignfull is-light has-custom-content-position is-position-bottom-left is-style-default\" style=\"margin-bottom:var(--wp--preset--spacing--160);padding-bottom:var(--wp--preset--spacing--140);min-height:75vh;aspect-ratio:unset;\"><img loading=\"lazy\" decoding=\"async\" width=\"1920\" height=\"1280\" class=\"wp-block-cover__image-background wp-image-1224\" alt=\"\" src=\"https:\/\/fritzjeitler.com\/wp-content\/uploads\/2025\/03\/soya-bean-4553954_1920.jpg\" data-object-fit=\"cover\" srcset=\"https:\/\/fritzjeitler.com\/wp-content\/uploads\/2025\/03\/soya-bean-4553954_1920.jpg 1920w, https:\/\/fritzjeitler.com\/wp-content\/uploads\/2025\/03\/soya-bean-4553954_1920-300x200.jpg 300w, https:\/\/fritzjeitler.com\/wp-content\/uploads\/2025\/03\/soya-bean-4553954_1920-1024x683.jpg 1024w, https:\/\/fritzjeitler.com\/wp-content\/uploads\/2025\/03\/soya-bean-4553954_1920-768x512.jpg 768w, https:\/\/fritzjeitler.com\/wp-content\/uploads\/2025\/03\/soya-bean-4553954_1920-1536x1024.jpg 1536w\" sizes=\"auto, (max-width: 1920px) 100vw, 1920px\" \/><span aria-hidden=\"true\" class=\"wp-block-cover__background has-background-dim-0 has-background-dim\"><\/span><div class=\"wp-block-cover__inner-container is-layout-flow wp-block-cover-is-layout-flow\">\n<p class=\"has-text-align-center has-large-font-size\"><\/p>\n<\/div><\/div>\n\n<div class=\"wp-block-group alignwide has-grey-dark-color has-text-color has-link-color has-xs-font-size wp-elements-d616e60180026ec09436e2c185b367aa is-nowrap is-layout-flex wp-container-core-group-is-layout-f6acb437 wp-block-group-is-layout-flex\">\n<div class=\"wp-block-group is-nowrap is-layout-flex wp-container-core-group-is-layout-6a3858a2 wp-block-group-is-layout-flex\">\n<div class=\"wp-block-outermost-icon-block\"><div class=\"icon-container has-icon-color has-green-color\" style=\"color:#008438;width:1.5em;transform:rotate(0deg) scaleX(1) scaleY(1)\"><svg xmlns=\"http:\/\/www.w3.org\/2000\/svg\" height=\"22.916\" viewbox=\"0 0 35.91 22.916\" width=\"35.91\"><path d=\"m28.188 13.368c.2-.921 1.326-.921 1.584-2s-.11-2.919-.055-4.364a14.308 14.308 0 0 1 .368-2.928c.12-.921.368-1.685.921-1.933l.193-.074a1.685 1.685 0 0 1 .644-.138c.5-.092 1.068-.147 1.574-.295a7.9 7.9 0 0 1 2.762-.678c1.28.064 2.642.4 4.051.534a29.653 29.653 0 0 0 5.524.267c2.044-.166 3.683-1.1 5.993-1 1.068.046 3.683 1.28 5.653.617 0-.055-.249-1.372.129-1.372a1.639 1.639 0 0 1 1.188.783c.488-.11.516-.562.985-.534 1.031 0 1.574 1.51.81 1.289-.064 0 0 .129 0 .258a36.709 36.709 0 0 0 2.762 3.683c.442.543 1.1 1.059.635 1.841-.12.175-.322.184-.433.331s-.064.313-.175.414c-.644.562-1.27-.221-1.62-.276-.2 0-.46.083-.7.074-.451 0-1.593-.746-2.062-.4a74.681 74.681 0 0 1 -8.019 5.662c-1.271.7-1.565 4.806-1.547 6.85 0 1.492.737 2.026 1.455 2.827a9.271 9.271 0 0 1 -2.008.094c-.341-.285-.3-.847-.819-.737.433-3.388-.672-5.892-1.123-8.71v-.092c-1.409.138-4 .921-4.833.921s-2.872-1.188-3.959-1.712c-2.329 1.952-4.99 6.3-3.784 8.949.221.479.672.718.737 1.28a5.367 5.367 0 0 1 -2.1 0c-.092-.368-.414-.81-.663-.81.295-2.3-.267-4.438-.157-6.445a14.638 14.638 0 0 1 .313-1.989h-.064a15.938 15.938 0 0 0 -.865-3.112 19.759 19.759 0 0 1 -.709-4.5 18.046 18.046 0 0 0 -.405 3.453c-.046 1.225.423 2.127.322 3.011s-.921 1.381-1.1 2.09c-.295 1.022 0 2.44-1.2 2.4a3.517 3.517 0 0 0 -.23-2.9z\" transform=\"translate(-28.16)\"><\/path><\/svg><\/div><\/div>\n\n\n\n<p>Pre\u017evekovalci<\/p>\n<\/div>\n\n\n\n<p>|<\/p>\n\n\n\n<div class=\"cg-breadcrumbs alignwide wp-block-clicksgefuehlecore-breadcrumbs\">\n\t<div class=\"cg-breadcrumbs__inner\">\n\t\t<a href=\"https:\/\/fritzjeitler.com\/sl\/\" title=\"Fritz Jeitler Futtermittel\" rel=\"home\">Start<\/a>\n\t\t\t\t\t&rsaquo;\t\t\t<a href=\"https:\/\/fritzjeitler.com\/sl\/prezvekovalci\/\">Pre\u017evekovalci<\/a>\n\t\t\t\t\t&rsaquo;\t\t\t<a href=\"https:\/\/fritzjeitler.com\/sl\/prezvekovalci\/izdelki-2\/\">Izdelki<\/a>\n\t\t\t\t&rsaquo;\t\t<span class=\"current-page\">\n\t\t\tBeljakovinska krma za \u017eivali\t\t<\/span>\n\t<\/div>\n<\/div>\n<\/div>\n\n<h3 class=\"wp-block-heading\">Sojin, son\u010dni\u010dni in repi\u010dni zdrob<\/h3>\n\n<h1 class=\"wp-block-heading\" style=\"margin-top:var(--wp--preset--spacing--70)\"><span class=\"is-shy-character\">Beljakovinska<\/span>krma za \u017eivali<\/h1>\n\n<p class=\"has-lora-font-family has-l-font-size\">V Avstriji in Sloveniji so za dodelavo zna\u010dilne kme\u010dke me\u0161alnice, ki predelujejo in krmijo lastno koruzo ali \u017eito. Za to potrebujejo beljakovinske krmne dodatke, kot so sojina, son\u010dni\u010dna ali repi\u010dna moka.   <\/p>\n\n<p>Ponujamo vam obse\u017eno ponudbo beljakovinske krme od 3 ton, ki vam jih dostavimo brezpla\u010dno do vrat, ali v obliki paketnega vlaka s 24 tonami, tudi po pogodbi, tako da lahko kupujete vnaprej po ugodnej\u0161ih cenah. Kot storitev za stranke vam od ponedeljka do \u010detrtka po elektronski po\u0161ti ponujamo dnevne novice o soji z dnevno posodobljenimi cenami za takoj\u0161njo dobavo in pogodbenimi cenami do enega leta vnaprej. <\/p>\n\n<div class=\"wp-block-buttons is-layout-flex wp-block-buttons-is-layout-flex\">\n<div class=\"wp-block-button\"><a class=\"wp-block-button__link wp-element-button\" href=\"mailto:lisa.marbler@fritzjeitler.com\">Prijavite se na novice o soji!<\/a><\/div>\n<\/div>\n\n<h2 class=\"wp-block-heading\">Sortiment<\/h2>\n\n<div class=\"wp-block-columns is-layout-flex wp-container-core-columns-is-layout-28f84493 wp-block-columns-is-layout-flex\">\n<div class=\"wp-block-column is-layout-flow wp-block-column-is-layout-flow\" style=\"flex-basis:33.33%\">\n<figure class=\"wp-block-image size-large\"><img loading=\"lazy\" decoding=\"async\" width=\"1024\" height=\"685\" src=\"https:\/\/fritzjeitler.com\/wp-content\/uploads\/2025\/03\/soybean-1831704_1920-1024x685.jpg\" alt=\"\" class=\"wp-image-1227\" srcset=\"https:\/\/fritzjeitler.com\/wp-content\/uploads\/2025\/03\/soybean-1831704_1920-1024x685.jpg 1024w, https:\/\/fritzjeitler.com\/wp-content\/uploads\/2025\/03\/soybean-1831704_1920-300x201.jpg 300w, https:\/\/fritzjeitler.com\/wp-content\/uploads\/2025\/03\/soybean-1831704_1920-768x514.jpg 768w, https:\/\/fritzjeitler.com\/wp-content\/uploads\/2025\/03\/soybean-1831704_1920-1536x1028.jpg 1536w, https:\/\/fritzjeitler.com\/wp-content\/uploads\/2025\/03\/soybean-1831704_1920.jpg 1920w\" sizes=\"auto, (max-width: 1024px) 100vw, 1024px\" \/><\/figure>\n<\/div>\n\n\n\n<div class=\"wp-block-column is-layout-flow wp-block-column-is-layout-flow\" style=\"flex-basis:66.66%\">\n<h3 class=\"wp-block-heading\"><strong>Sojina ekstrakcijska moka &#8211; vsebuje GSO, ne vsebuje GSO in ima tudi sojin certifikat<\/strong><\/h3>\n\n\n\n<p>Sojin ekstrakcijski zdrob je najpomembnej\u0161i vir beljakovin v krmi za \u017eivali po vsem svetu.<br\/>Ponujamo sojo 44, sojo HP, sojo brez GSO in tudi s sojinim certifikatom.<\/p>\n\n\n\n<h3 class=\"wp-block-heading\"><strong>Sojina torta &#8211; brez GSO s certifikatom za sojo<\/strong><\/h3>\n\n\n\n<p>Sojine poga\u010de z 48 % beljakovin in 7-8 % surove ma\u0161\u010dobe iz \u0161tajerske proizvodnje. Vrhunski izdelek z vidika kakovosti in vnosa krme, zlasti za farme koko\u0161i nesnic, ki ga brezpla\u010dno dobavljamo od 3 ton. <\/p>\n<\/div>\n<\/div>\n\n<div class=\"wp-block-columns is-layout-flex wp-container-core-columns-is-layout-28f84493 wp-block-columns-is-layout-flex\">\n<div class=\"wp-block-column is-layout-flow wp-block-column-is-layout-flow\" style=\"flex-basis:66.66%\">\n<h3 class=\"wp-block-heading\"><strong>Ekstrakcijski zdrob oljne ogr\u0161\u010dice in son\u010dni\u010dni\u010dni ekstrakcijski zdrob<\/strong><\/h3>\n\n\n\n<p>Kot ugodno alternativo za beljakovine lahko uporabite tudi ta dva vira beljakovin in ju pri nas kupite v celih vlakih.<\/p>\n\n\n\n<h3 class=\"wp-block-heading\"><strong>Europrot 44 in Europrot HP &#8211; vsebujeta in ne vsebujeta GSO<\/strong><\/h3>\n\n\n\n<p>Beljakovinska krma na\u0161ega partnerja K\u00f6nigshofer, ki je na voljo od 3 ton naprej. Vsebnost beljakovin je sestavljena iz 80 % soje HP in 20 % oljne ogr\u0161\u010dice. Surova vlaknina je uravnote\u017eena s p\u0161eni\u010dnimi otrobi, aminokisline pa so dodane v optimalnem razmerju. To pomeni, da lahko Europrot 44 v razmerju 1:1 nadomesti sojo 44 (v sektorjih za rejo, pujske in pitance). To je lahko stro\u0161kovno u\u010dinkovita alternativa, zlasti v \u010dasu nara\u0161\u010dajo\u010dih cen soje.    <\/p>\n<\/div>\n\n\n\n<div class=\"wp-block-column is-layout-flow wp-block-column-is-layout-flow\" style=\"flex-basis:33.33%\">\n<figure class=\"wp-block-image size-large\"><img loading=\"lazy\" decoding=\"async\" width=\"1024\" height=\"766\" src=\"https:\/\/fritzjeitler.com\/wp-content\/uploads\/2025\/03\/farming-1333511_1920-1024x766.jpg\" alt=\"\" class=\"wp-image-1229\" srcset=\"https:\/\/fritzjeitler.com\/wp-content\/uploads\/2025\/03\/farming-1333511_1920-1024x766.jpg 1024w, https:\/\/fritzjeitler.com\/wp-content\/uploads\/2025\/03\/farming-1333511_1920-300x224.jpg 300w, https:\/\/fritzjeitler.com\/wp-content\/uploads\/2025\/03\/farming-1333511_1920-768x574.jpg 768w, https:\/\/fritzjeitler.com\/wp-content\/uploads\/2025\/03\/farming-1333511_1920-1536x1149.jpg 1536w, https:\/\/fritzjeitler.com\/wp-content\/uploads\/2025\/03\/farming-1333511_1920.jpg 1920w\" sizes=\"auto, (max-width: 1024px) 100vw, 1024px\" \/><\/figure>\n<\/div>\n<\/div>\n","protected":false},"excerpt":{"rendered":"<p>Pre\u017evekovalci |<\/p>\n","protected":false},"author":3,"featured_media":0,"parent":4977,"menu_order":6,"comment_status":"closed","ping_status":"closed","template":"","meta":{"clicksgefuehlecore_hide_title":false,"theme\/reading-time":-1,"page-redirect-enabled":false,"page-redirect-target-id":0,"footnotes":""},"class_list":["post-4973","page","type-page","status-publish","hentry"],"yoast_head":"<!-- This site is optimized with the Yoast SEO plugin v26.7 - https:\/\/yoast.com\/wordpress\/plugins\/seo\/ -->\n<title>Beljakovinska krma za \u017eivali - Fritz Jeitler Futtermittel<\/title>\n<meta name=\"robots\" content=\"index, follow, max-snippet:-1, max-image-preview:large, max-video-preview:-1\" \/>\n<link rel=\"canonical\" href=\"https:\/\/fritzjeitler.com\/sl\/prezvekovalci\/izdelki-2\/beljakovinska-krma-za-zivali\/\" \/>\n<meta property=\"og:locale\" content=\"sl_SI\" \/>\n<meta property=\"og:type\" content=\"article\" \/>\n<meta property=\"og:title\" content=\"Beljakovinska krma za \u017eivali - Fritz Jeitler Futtermittel\" \/>\n<meta property=\"og:description\" content=\"Pre\u017evekovalci |\" \/>\n<meta property=\"og:url\" content=\"https:\/\/fritzjeitler.com\/sl\/prezvekovalci\/izdelki-2\/beljakovinska-krma-za-zivali\/\" \/>\n<meta property=\"og:site_name\" content=\"Fritz Jeitler Futtermittel\" \/>\n<meta property=\"article:modified_time\" content=\"2026-04-13T07:33:10+00:00\" \/>\n<meta property=\"og:image\" content=\"https:\/\/fritzjeitler.com\/wp-content\/uploads\/2025\/03\/soya-bean-4553954_1920.jpg\" \/>\n\t<meta property=\"og:image:width\" content=\"1920\" \/>\n\t<meta property=\"og:image:height\" content=\"1280\" \/>\n\t<meta property=\"og:image:type\" content=\"image\/jpeg\" \/>\n<meta name=\"twitter:card\" content=\"summary_large_image\" \/>\n<script type=\"application\/ld+json\" class=\"yoast-schema-graph\">{\"@context\":\"https:\/\/schema.org\",\"@graph\":[{\"@type\":\"WebPage\",\"@id\":\"https:\/\/fritzjeitler.com\/sl\/prezvekovalci\/izdelki-2\/beljakovinska-krma-za-zivali\/\",\"url\":\"https:\/\/fritzjeitler.com\/sl\/prezvekovalci\/izdelki-2\/beljakovinska-krma-za-zivali\/\",\"name\":\"Beljakovinska krma za \u017eivali - Fritz Jeitler Futtermittel\",\"isPartOf\":{\"@id\":\"https:\/\/fritzjeitler.com\/sl\/#website\"},\"primaryImageOfPage\":{\"@id\":\"https:\/\/fritzjeitler.com\/sl\/prezvekovalci\/izdelki-2\/beljakovinska-krma-za-zivali\/#primaryimage\"},\"image\":{\"@id\":\"https:\/\/fritzjeitler.com\/sl\/prezvekovalci\/izdelki-2\/beljakovinska-krma-za-zivali\/#primaryimage\"},\"thumbnailUrl\":\"https:\/\/fritzjeitler.com\/wp-content\/uploads\/2025\/03\/soya-bean-4553954_1920.jpg\",\"datePublished\":\"2025-01-21T12:38:16+00:00\",\"dateModified\":\"2026-04-13T07:33:10+00:00\",\"breadcrumb\":{\"@id\":\"https:\/\/fritzjeitler.com\/sl\/prezvekovalci\/izdelki-2\/beljakovinska-krma-za-zivali\/#breadcrumb\"},\"inLanguage\":\"sl-SI\",\"potentialAction\":[{\"@type\":\"ReadAction\",\"target\":[\"https:\/\/fritzjeitler.com\/sl\/prezvekovalci\/izdelki-2\/beljakovinska-krma-za-zivali\/\"]}]},{\"@type\":\"ImageObject\",\"inLanguage\":\"sl-SI\",\"@id\":\"https:\/\/fritzjeitler.com\/sl\/prezvekovalci\/izdelki-2\/beljakovinska-krma-za-zivali\/#primaryimage\",\"url\":\"https:\/\/fritzjeitler.com\/wp-content\/uploads\/2025\/03\/soya-bean-4553954_1920.jpg\",\"contentUrl\":\"https:\/\/fritzjeitler.com\/wp-content\/uploads\/2025\/03\/soya-bean-4553954_1920.jpg\"},{\"@type\":\"BreadcrumbList\",\"@id\":\"https:\/\/fritzjeitler.com\/sl\/prezvekovalci\/izdelki-2\/beljakovinska-krma-za-zivali\/#breadcrumb\",\"itemListElement\":[{\"@type\":\"ListItem\",\"position\":1,\"name\":\"Home\",\"item\":\"https:\/\/fritzjeitler.com\/sl\/\"},{\"@type\":\"ListItem\",\"position\":2,\"name\":\"Izdelki\",\"item\":\"https:\/\/fritzjeitler.com\/sl\/izdelki-2\/\"},{\"@type\":\"ListItem\",\"position\":3,\"name\":\"Beljakovinska krma za \u017eivali\"}]},{\"@type\":\"WebSite\",\"@id\":\"https:\/\/fritzjeitler.com\/sl\/#website\",\"url\":\"https:\/\/fritzjeitler.com\/sl\/\",\"name\":\"Fritz Jeitler Futtermittel\",\"description\":\"\",\"potentialAction\":[{\"@type\":\"SearchAction\",\"target\":{\"@type\":\"EntryPoint\",\"urlTemplate\":\"https:\/\/fritzjeitler.com\/sl\/?s={search_term_string}\"},\"query-input\":{\"@type\":\"PropertyValueSpecification\",\"valueRequired\":true,\"valueName\":\"search_term_string\"}}],\"inLanguage\":\"sl-SI\"}]}<\/script>\n<!-- \/ Yoast SEO plugin. -->","yoast_head_json":{"title":"Beljakovinska krma za \u017eivali - Fritz Jeitler Futtermittel","robots":{"index":"index","follow":"follow","max-snippet":"max-snippet:-1","max-image-preview":"max-image-preview:large","max-video-preview":"max-video-preview:-1"},"canonical":"https:\/\/fritzjeitler.com\/sl\/prezvekovalci\/izdelki-2\/beljakovinska-krma-za-zivali\/","og_locale":"sl_SI","og_type":"article","og_title":"Beljakovinska krma za \u017eivali - Fritz Jeitler Futtermittel","og_description":"Pre\u017evekovalci |","og_url":"https:\/\/fritzjeitler.com\/sl\/prezvekovalci\/izdelki-2\/beljakovinska-krma-za-zivali\/","og_site_name":"Fritz Jeitler Futtermittel","article_modified_time":"2026-04-13T07:33:10+00:00","og_image":[{"width":1920,"height":1280,"url":"https:\/\/fritzjeitler.com\/wp-content\/uploads\/2025\/03\/soya-bean-4553954_1920.jpg","type":"image\/jpeg"}],"twitter_card":"summary_large_image","schema":{"@context":"https:\/\/schema.org","@graph":[{"@type":"WebPage","@id":"https:\/\/fritzjeitler.com\/sl\/prezvekovalci\/izdelki-2\/beljakovinska-krma-za-zivali\/","url":"https:\/\/fritzjeitler.com\/sl\/prezvekovalci\/izdelki-2\/beljakovinska-krma-za-zivali\/","name":"Beljakovinska krma za \u017eivali - Fritz Jeitler Futtermittel","isPartOf":{"@id":"https:\/\/fritzjeitler.com\/sl\/#website"},"primaryImageOfPage":{"@id":"https:\/\/fritzjeitler.com\/sl\/prezvekovalci\/izdelki-2\/beljakovinska-krma-za-zivali\/#primaryimage"},"image":{"@id":"https:\/\/fritzjeitler.com\/sl\/prezvekovalci\/izdelki-2\/beljakovinska-krma-za-zivali\/#primaryimage"},"thumbnailUrl":"https:\/\/fritzjeitler.com\/wp-content\/uploads\/2025\/03\/soya-bean-4553954_1920.jpg","datePublished":"2025-01-21T12:38:16+00:00","dateModified":"2026-04-13T07:33:10+00:00","breadcrumb":{"@id":"https:\/\/fritzjeitler.com\/sl\/prezvekovalci\/izdelki-2\/beljakovinska-krma-za-zivali\/#breadcrumb"},"inLanguage":"sl-SI","potentialAction":[{"@type":"ReadAction","target":["https:\/\/fritzjeitler.com\/sl\/prezvekovalci\/izdelki-2\/beljakovinska-krma-za-zivali\/"]}]},{"@type":"ImageObject","inLanguage":"sl-SI","@id":"https:\/\/fritzjeitler.com\/sl\/prezvekovalci\/izdelki-2\/beljakovinska-krma-za-zivali\/#primaryimage","url":"https:\/\/fritzjeitler.com\/wp-content\/uploads\/2025\/03\/soya-bean-4553954_1920.jpg","contentUrl":"https:\/\/fritzjeitler.com\/wp-content\/uploads\/2025\/03\/soya-bean-4553954_1920.jpg"},{"@type":"BreadcrumbList","@id":"https:\/\/fritzjeitler.com\/sl\/prezvekovalci\/izdelki-2\/beljakovinska-krma-za-zivali\/#breadcrumb","itemListElement":[{"@type":"ListItem","position":1,"name":"Home","item":"https:\/\/fritzjeitler.com\/sl\/"},{"@type":"ListItem","position":2,"name":"Izdelki","item":"https:\/\/fritzjeitler.com\/sl\/izdelki-2\/"},{"@type":"ListItem","position":3,"name":"Beljakovinska krma za \u017eivali"}]},{"@type":"WebSite","@id":"https:\/\/fritzjeitler.com\/sl\/#website","url":"https:\/\/fritzjeitler.com\/sl\/","name":"Fritz Jeitler Futtermittel","description":"","potentialAction":[{"@type":"SearchAction","target":{"@type":"EntryPoint","urlTemplate":"https:\/\/fritzjeitler.com\/sl\/?s={search_term_string}"},"query-input":{"@type":"PropertyValueSpecification","valueRequired":true,"valueName":"search_term_string"}}],"inLanguage":"sl-SI"}]}},"_links":{"self":[{"href":"https:\/\/fritzjeitler.com\/sl\/wp-json\/wp\/v2\/pages\/4973","targetHints":{"allow":["GET"]}}],"collection":[{"href":"https:\/\/fritzjeitler.com\/sl\/wp-json\/wp\/v2\/pages"}],"about":[{"href":"https:\/\/fritzjeitler.com\/sl\/wp-json\/wp\/v2\/types\/page"}],"author":[{"embeddable":true,"href":"https:\/\/fritzjeitler.com\/sl\/wp-json\/wp\/v2\/users\/3"}],"replies":[{"embeddable":true,"href":"https:\/\/fritzjeitler.com\/sl\/wp-json\/wp\/v2\/comments?post=4973"}],"version-history":[{"count":1,"href":"https:\/\/fritzjeitler.com\/sl\/wp-json\/wp\/v2\/pages\/4973\/revisions"}],"predecessor-version":[{"id":4974,"href":"https:\/\/fritzjeitler.com\/sl\/wp-json\/wp\/v2\/pages\/4973\/revisions\/4974"}],"up":[{"embeddable":true,"href":"https:\/\/fritzjeitler.com\/sl\/wp-json\/wp\/v2\/pages\/4977"}],"wp:attachment":[{"href":"https:\/\/fritzjeitler.com\/sl\/wp-json\/wp\/v2\/media?parent=4973"}],"curies":[{"name":"wp","href":"https:\/\/api.w.org\/{rel}","templated":true}]}}