{"id":4971,"date":"2025-01-21T13:19:24","date_gmt":"2025-01-21T12:19:24","guid":{"rendered":"https:\/\/fritzjeitler.com\/pricevanja-strank-2\/"},"modified":"2026-04-13T09:34:39","modified_gmt":"2026-04-13T07:34:39","slug":"pricevanja-strank-2","status":"publish","type":"page","link":"https:\/\/fritzjeitler.com\/sl\/prezvekovalci\/pricevanja-strank-2\/","title":{"rendered":"Pri\u010devanja strank"},"content":{"rendered":"\n<h1 class=\"wp-block-heading\">Pri\u010devanja strank<\/h1>\n\n<div class=\"wp-block-query is-layout-flow wp-block-query-is-layout-flow\"><ul class=\"wp-block-post-template is-layout-flow wp-block-post-template-is-layout-flow\"><li class=\"wp-block-post post-5614 cg_testimonial type-cg_testimonial status-publish has-post-thumbnail hentry testimonial-category-rind\">\n\n<div class=\"wp-block-group is-nowrap is-layout-flex wp-container-core-group-is-layout-6c531013 wp-block-group-is-layout-flex\"><figure style=\"aspect-ratio:1;height:180px;\" class=\"wp-block-post-featured-image\"><a href=\"https:\/\/fritzjeitler.com\/sl\/testimonial\/osredotocenost-na-zdravje-zivali-druzina-schwarz-se-zanasa-na-mycofix-plus-dairy\/\" target=\"_self\"  style=\"height:180px\"><img loading=\"lazy\" decoding=\"async\" width=\"2560\" height=\"1707\" src=\"https:\/\/fritzjeitler.com\/wp-content\/uploads\/2026\/03\/IMG_0507-scaled.jpg\" class=\"attachment-post-thumbnail size-post-thumbnail wp-post-image\" alt=\"Osredoto\u010denost na zdravje \u017eivali &#8211; dru\u017eina Schwarz se zana\u0161a na Mycofix\u00ae Plus Dairy\" style=\"border-top-left-radius:0px;border-top-right-radius:0px;border-bottom-left-radius:0px;border-bottom-right-radius:0px;width:100%;height:100%;object-fit:cover;\" srcset=\"https:\/\/fritzjeitler.com\/wp-content\/uploads\/2026\/03\/IMG_0507-scaled.jpg 2560w, https:\/\/fritzjeitler.com\/wp-content\/uploads\/2026\/03\/IMG_0507-300x200.jpg 300w, https:\/\/fritzjeitler.com\/wp-content\/uploads\/2026\/03\/IMG_0507-1024x683.jpg 1024w, https:\/\/fritzjeitler.com\/wp-content\/uploads\/2026\/03\/IMG_0507-768x512.jpg 768w, https:\/\/fritzjeitler.com\/wp-content\/uploads\/2026\/03\/IMG_0507-1536x1024.jpg 1536w, https:\/\/fritzjeitler.com\/wp-content\/uploads\/2026\/03\/IMG_0507-2048x1365.jpg 2048w\" sizes=\"auto, (max-width: 2560px) 100vw, 2560px\" \/><\/a><\/figure>\n\n\n<div class=\"wp-block-group wp-container-content-9cfa9a5a has-global-padding is-content-justification-left is-layout-constrained wp-container-core-group-is-layout-d8f53810 wp-block-group-is-layout-constrained\">\n\n<h2 class=\"wp-block-post-title has-xl-font-size has-lora-font-family\"><a href=\"https:\/\/fritzjeitler.com\/sl\/testimonial\/osredotocenost-na-zdravje-zivali-druzina-schwarz-se-zanasa-na-mycofix-plus-dairy\/\" target=\"_self\" >Osredoto\u010denost na zdravje \u017eivali &#8211; dru\u017eina Schwarz se zana\u0161a na Mycofix\u00ae Plus Dairy<\/a><\/h2>\n\n<a class=\"wp-block-read-more\" href=\"https:\/\/fritzjeitler.com\/sl\/testimonial\/osredotocenost-na-zdravje-zivali-druzina-schwarz-se-zanasa-na-mycofix-plus-dairy\/\" target=\"_self\">Preberite pri\u010devanje stranke<span class=\"screen-reader-text\">: Osredoto\u010denost na zdravje \u017eivali &#8211; dru\u017eina Schwarz se zana\u0161a na Mycofix\u00ae Plus Dairy<\/span><\/a><\/div>\n<\/div>\n\n\n\n<hr class=\"wp-block-separator has-alpha-channel-opacity\"\/>\n\n<\/li><li class=\"wp-block-post post-5612 cg_testimonial type-cg_testimonial status-publish has-post-thumbnail hentry testimonial-category-rind\">\n\n<div class=\"wp-block-group is-nowrap is-layout-flex wp-container-core-group-is-layout-6c531013 wp-block-group-is-layout-flex\"><figure style=\"aspect-ratio:1;height:180px;\" class=\"wp-block-post-featured-image\"><a href=\"https:\/\/fritzjeitler.com\/sl\/testimonial\/visoka-zmogljivost-tudi-poleti-kako-deluje\/\" target=\"_self\"  style=\"height:180px\"><img loading=\"lazy\" decoding=\"async\" width=\"2560\" height=\"1808\" src=\"https:\/\/fritzjeitler.com\/wp-content\/uploads\/2026\/03\/20250214_102650-scaled.jpg\" class=\"attachment-post-thumbnail size-post-thumbnail wp-post-image\" alt=\"Visoka zmogljivost tudi poleti &#8211; kako deluje?\" style=\"border-top-left-radius:0px;border-top-right-radius:0px;border-bottom-left-radius:0px;border-bottom-right-radius:0px;width:100%;height:100%;object-fit:cover;\" srcset=\"https:\/\/fritzjeitler.com\/wp-content\/uploads\/2026\/03\/20250214_102650-scaled.jpg 2560w, https:\/\/fritzjeitler.com\/wp-content\/uploads\/2026\/03\/20250214_102650-300x212.jpg 300w, https:\/\/fritzjeitler.com\/wp-content\/uploads\/2026\/03\/20250214_102650-1024x723.jpg 1024w, https:\/\/fritzjeitler.com\/wp-content\/uploads\/2026\/03\/20250214_102650-768x542.jpg 768w, https:\/\/fritzjeitler.com\/wp-content\/uploads\/2026\/03\/20250214_102650-1536x1085.jpg 1536w, https:\/\/fritzjeitler.com\/wp-content\/uploads\/2026\/03\/20250214_102650-2048x1446.jpg 2048w\" sizes=\"auto, (max-width: 2560px) 100vw, 2560px\" \/><\/a><\/figure>\n\n\n<div class=\"wp-block-group wp-container-content-9cfa9a5a has-global-padding is-content-justification-left is-layout-constrained wp-container-core-group-is-layout-d8f53810 wp-block-group-is-layout-constrained\">\n\n<h2 class=\"wp-block-post-title has-xl-font-size has-lora-font-family\"><a href=\"https:\/\/fritzjeitler.com\/sl\/testimonial\/visoka-zmogljivost-tudi-poleti-kako-deluje\/\" target=\"_self\" >Visoka zmogljivost tudi poleti &#8211; kako deluje?<\/a><\/h2>\n\n<a class=\"wp-block-read-more\" href=\"https:\/\/fritzjeitler.com\/sl\/testimonial\/visoka-zmogljivost-tudi-poleti-kako-deluje\/\" target=\"_self\">Preberite pri\u010devanje stranke<span class=\"screen-reader-text\">: Visoka zmogljivost tudi poleti &#8211; kako deluje?<\/span><\/a><\/div>\n<\/div>\n\n\n\n<hr class=\"wp-block-separator has-alpha-channel-opacity\"\/>\n\n<\/li><li class=\"wp-block-post post-5613 cg_testimonial type-cg_testimonial status-publish has-post-thumbnail hentry testimonial-category-rind\">\n\n<div class=\"wp-block-group is-nowrap is-layout-flex wp-container-core-group-is-layout-6c531013 wp-block-group-is-layout-flex\"><figure style=\"aspect-ratio:1;height:180px;\" class=\"wp-block-post-featured-image\"><a href=\"https:\/\/fritzjeitler.com\/sl\/testimonial\/kmetija-druzine-aigner-mlecna-kmetija-v-najboljsi-formi\/\" target=\"_self\"  style=\"height:180px\"><img loading=\"lazy\" decoding=\"async\" width=\"2560\" height=\"1707\" src=\"https:\/\/fritzjeitler.com\/wp-content\/uploads\/2026\/03\/E66A3994-1-scaled.jpg\" class=\"attachment-post-thumbnail size-post-thumbnail wp-post-image\" alt=\"Kmetija dru\u017eine Aigner &#8211; mle\u010dna kmetija v najbolj\u0161i formi!\" style=\"border-top-left-radius:0px;border-top-right-radius:0px;border-bottom-left-radius:0px;border-bottom-right-radius:0px;width:100%;height:100%;object-fit:cover;\" srcset=\"https:\/\/fritzjeitler.com\/wp-content\/uploads\/2026\/03\/E66A3994-1-scaled.jpg 2560w, https:\/\/fritzjeitler.com\/wp-content\/uploads\/2026\/03\/E66A3994-1-300x200.jpg 300w, https:\/\/fritzjeitler.com\/wp-content\/uploads\/2026\/03\/E66A3994-1-1024x683.jpg 1024w, https:\/\/fritzjeitler.com\/wp-content\/uploads\/2026\/03\/E66A3994-1-768x512.jpg 768w, https:\/\/fritzjeitler.com\/wp-content\/uploads\/2026\/03\/E66A3994-1-1536x1024.jpg 1536w, https:\/\/fritzjeitler.com\/wp-content\/uploads\/2026\/03\/E66A3994-1-2048x1365.jpg 2048w\" sizes=\"auto, (max-width: 2560px) 100vw, 2560px\" \/><\/a><\/figure>\n\n\n<div class=\"wp-block-group wp-container-content-9cfa9a5a has-global-padding is-content-justification-left is-layout-constrained wp-container-core-group-is-layout-d8f53810 wp-block-group-is-layout-constrained\">\n\n<h2 class=\"wp-block-post-title has-xl-font-size has-lora-font-family\"><a href=\"https:\/\/fritzjeitler.com\/sl\/testimonial\/kmetija-druzine-aigner-mlecna-kmetija-v-najboljsi-formi\/\" target=\"_self\" >Kmetija dru\u017eine Aigner &#8211; mle\u010dna kmetija v najbolj\u0161i formi!<\/a><\/h2>\n\n<a class=\"wp-block-read-more\" href=\"https:\/\/fritzjeitler.com\/sl\/testimonial\/kmetija-druzine-aigner-mlecna-kmetija-v-najboljsi-formi\/\" target=\"_self\">Preberite pri\u010devanje stranke<span class=\"screen-reader-text\">: Kmetija dru\u017eine Aigner &#8211; mle\u010dna kmetija v najbolj\u0161i formi!<\/span><\/a><\/div>\n<\/div>\n\n\n\n<hr class=\"wp-block-separator has-alpha-channel-opacity\"\/>\n\n<\/li><\/ul>\n\n<\/div>\n","protected":false},"excerpt":{"rendered":"<p>Pri\u010devanja strank<\/p>\n","protected":false},"author":3,"featured_media":0,"parent":5051,"menu_order":3,"comment_status":"closed","ping_status":"closed","template":"","meta":{"clicksgefuehlecore_hide_title":false,"theme\/reading-time":-1,"page-redirect-enabled":false,"page-redirect-target-id":0,"footnotes":""},"class_list":["post-4971","page","type-page","status-publish","hentry"],"yoast_head":"<!-- This site is optimized with the Yoast SEO plugin v26.7 - https:\/\/yoast.com\/wordpress\/plugins\/seo\/ -->\n<title>Pri\u010devanja strank - Fritz Jeitler Futtermittel<\/title>\n<meta name=\"robots\" content=\"index, follow, max-snippet:-1, max-image-preview:large, max-video-preview:-1\" \/>\n<link rel=\"canonical\" href=\"https:\/\/fritzjeitler.com\/sl\/prezvekovalci\/pricevanja-strank-2\/\" \/>\n<meta property=\"og:locale\" content=\"sl_SI\" \/>\n<meta property=\"og:type\" content=\"article\" \/>\n<meta property=\"og:title\" content=\"Pri\u010devanja strank - Fritz Jeitler Futtermittel\" \/>\n<meta property=\"og:description\" content=\"Pri\u010devanja strank\" \/>\n<meta property=\"og:url\" content=\"https:\/\/fritzjeitler.com\/sl\/prezvekovalci\/pricevanja-strank-2\/\" \/>\n<meta property=\"og:site_name\" content=\"Fritz Jeitler Futtermittel\" \/>\n<meta property=\"article:modified_time\" content=\"2026-04-13T07:34:39+00:00\" \/>\n<meta name=\"twitter:card\" content=\"summary_large_image\" \/>\n<script type=\"application\/ld+json\" class=\"yoast-schema-graph\">{\"@context\":\"https:\/\/schema.org\",\"@graph\":[{\"@type\":\"WebPage\",\"@id\":\"https:\/\/fritzjeitler.com\/sl\/prezvekovalci\/pricevanja-strank-2\/\",\"url\":\"https:\/\/fritzjeitler.com\/sl\/prezvekovalci\/pricevanja-strank-2\/\",\"name\":\"Pri\u010devanja strank - Fritz Jeitler Futtermittel\",\"isPartOf\":{\"@id\":\"https:\/\/fritzjeitler.com\/sl\/#website\"},\"datePublished\":\"2025-01-21T12:19:24+00:00\",\"dateModified\":\"2026-04-13T07:34:39+00:00\",\"breadcrumb\":{\"@id\":\"https:\/\/fritzjeitler.com\/sl\/prezvekovalci\/pricevanja-strank-2\/#breadcrumb\"},\"inLanguage\":\"sl-SI\",\"potentialAction\":[{\"@type\":\"ReadAction\",\"target\":[\"https:\/\/fritzjeitler.com\/sl\/prezvekovalci\/pricevanja-strank-2\/\"]}]},{\"@type\":\"BreadcrumbList\",\"@id\":\"https:\/\/fritzjeitler.com\/sl\/prezvekovalci\/pricevanja-strank-2\/#breadcrumb\",\"itemListElement\":[{\"@type\":\"ListItem\",\"position\":1,\"name\":\"Home\",\"item\":\"https:\/\/fritzjeitler.com\/sl\/\"},{\"@type\":\"ListItem\",\"position\":2,\"name\":\"Pre\u017evekovalci\",\"item\":\"https:\/\/fritzjeitler.com\/sl\/prezvekovalci\/\"},{\"@type\":\"ListItem\",\"position\":3,\"name\":\"Pri\u010devanja strank\"}]},{\"@type\":\"WebSite\",\"@id\":\"https:\/\/fritzjeitler.com\/sl\/#website\",\"url\":\"https:\/\/fritzjeitler.com\/sl\/\",\"name\":\"Fritz Jeitler Futtermittel\",\"description\":\"\",\"potentialAction\":[{\"@type\":\"SearchAction\",\"target\":{\"@type\":\"EntryPoint\",\"urlTemplate\":\"https:\/\/fritzjeitler.com\/sl\/?s={search_term_string}\"},\"query-input\":{\"@type\":\"PropertyValueSpecification\",\"valueRequired\":true,\"valueName\":\"search_term_string\"}}],\"inLanguage\":\"sl-SI\"}]}<\/script>\n<!-- \/ Yoast SEO plugin. -->","yoast_head_json":{"title":"Pri\u010devanja strank - Fritz Jeitler Futtermittel","robots":{"index":"index","follow":"follow","max-snippet":"max-snippet:-1","max-image-preview":"max-image-preview:large","max-video-preview":"max-video-preview:-1"},"canonical":"https:\/\/fritzjeitler.com\/sl\/prezvekovalci\/pricevanja-strank-2\/","og_locale":"sl_SI","og_type":"article","og_title":"Pri\u010devanja strank - Fritz Jeitler Futtermittel","og_description":"Pri\u010devanja strank","og_url":"https:\/\/fritzjeitler.com\/sl\/prezvekovalci\/pricevanja-strank-2\/","og_site_name":"Fritz Jeitler Futtermittel","article_modified_time":"2026-04-13T07:34:39+00:00","twitter_card":"summary_large_image","schema":{"@context":"https:\/\/schema.org","@graph":[{"@type":"WebPage","@id":"https:\/\/fritzjeitler.com\/sl\/prezvekovalci\/pricevanja-strank-2\/","url":"https:\/\/fritzjeitler.com\/sl\/prezvekovalci\/pricevanja-strank-2\/","name":"Pri\u010devanja strank - Fritz Jeitler Futtermittel","isPartOf":{"@id":"https:\/\/fritzjeitler.com\/sl\/#website"},"datePublished":"2025-01-21T12:19:24+00:00","dateModified":"2026-04-13T07:34:39+00:00","breadcrumb":{"@id":"https:\/\/fritzjeitler.com\/sl\/prezvekovalci\/pricevanja-strank-2\/#breadcrumb"},"inLanguage":"sl-SI","potentialAction":[{"@type":"ReadAction","target":["https:\/\/fritzjeitler.com\/sl\/prezvekovalci\/pricevanja-strank-2\/"]}]},{"@type":"BreadcrumbList","@id":"https:\/\/fritzjeitler.com\/sl\/prezvekovalci\/pricevanja-strank-2\/#breadcrumb","itemListElement":[{"@type":"ListItem","position":1,"name":"Home","item":"https:\/\/fritzjeitler.com\/sl\/"},{"@type":"ListItem","position":2,"name":"Pre\u017evekovalci","item":"https:\/\/fritzjeitler.com\/sl\/prezvekovalci\/"},{"@type":"ListItem","position":3,"name":"Pri\u010devanja strank"}]},{"@type":"WebSite","@id":"https:\/\/fritzjeitler.com\/sl\/#website","url":"https:\/\/fritzjeitler.com\/sl\/","name":"Fritz Jeitler Futtermittel","description":"","potentialAction":[{"@type":"SearchAction","target":{"@type":"EntryPoint","urlTemplate":"https:\/\/fritzjeitler.com\/sl\/?s={search_term_string}"},"query-input":{"@type":"PropertyValueSpecification","valueRequired":true,"valueName":"search_term_string"}}],"inLanguage":"sl-SI"}]}},"_links":{"self":[{"href":"https:\/\/fritzjeitler.com\/sl\/wp-json\/wp\/v2\/pages\/4971","targetHints":{"allow":["GET"]}}],"collection":[{"href":"https:\/\/fritzjeitler.com\/sl\/wp-json\/wp\/v2\/pages"}],"about":[{"href":"https:\/\/fritzjeitler.com\/sl\/wp-json\/wp\/v2\/types\/page"}],"author":[{"embeddable":true,"href":"https:\/\/fritzjeitler.com\/sl\/wp-json\/wp\/v2\/users\/3"}],"replies":[{"embeddable":true,"href":"https:\/\/fritzjeitler.com\/sl\/wp-json\/wp\/v2\/comments?post=4971"}],"version-history":[{"count":1,"href":"https:\/\/fritzjeitler.com\/sl\/wp-json\/wp\/v2\/pages\/4971\/revisions"}],"predecessor-version":[{"id":4972,"href":"https:\/\/fritzjeitler.com\/sl\/wp-json\/wp\/v2\/pages\/4971\/revisions\/4972"}],"up":[{"embeddable":true,"href":"https:\/\/fritzjeitler.com\/sl\/wp-json\/wp\/v2\/pages\/5051"}],"wp:attachment":[{"href":"https:\/\/fritzjeitler.com\/sl\/wp-json\/wp\/v2\/media?parent=4971"}],"curies":[{"name":"wp","href":"https:\/\/api.w.org\/{rel}","templated":true}]}}