{"id":4967,"date":"2025-01-21T13:20:43","date_gmt":"2025-01-21T12:20:43","guid":{"rendered":"https:\/\/fritzjeitler.com\/kontaktna-oseba-3\/"},"modified":"2026-04-13T09:34:39","modified_gmt":"2026-04-13T07:34:39","slug":"kontaktna-oseba-3","status":"publish","type":"page","link":"https:\/\/fritzjeitler.com\/sl\/prezvekovalci\/kontaktna-oseba-3\/","title":{"rendered":"Kontaktna oseba"},"content":{"rendered":"\n<h1 class=\"wp-block-heading\">Kontaktna oseba<\/h1>\n\n<div id=\"expert-search-results\" class=\"expert-search-results\">\n\t<ul>\n\t\t\t\t\t<li class=\"expert-search-results__item\" id=\"expert-dGN3YzlL\">\n\t\t\t\t\n\t<img loading=\"lazy\" decoding=\"async\" width=\"1813\" height=\"2560\" src=\"https:\/\/fritzjeitler.com\/wp-content\/uploads\/2026\/03\/Bernhard-Moitzi-1-scaled-e1775060317841.jpg\" class=\"attachment-full size-full wp-post-image\" alt=\"Bernhard Moitzi\" \/><h3>\n\tBernhard Moitzi<\/h3>\n<!-- wp:paragraph {\"translatedWithWPMLTM\":\"1\"} -->\n<p>Strokovnjak za krmo za:<br\/><strong>Pre\u017evekovalce<\/strong><\/p>\n<!-- \/wp:paragraph -->\n<div class=\"expert-contact\">\n\t\t\t<\/div>\t\t\t<\/li>\n\t\t\t\t\t\t<li class=\"expert-search-results__item\" id=\"expert-T3BDdDcu\">\n\t\t\t\t\n\t<img loading=\"lazy\" decoding=\"async\" width=\"1707\" height=\"2560\" src=\"https:\/\/fritzjeitler.com\/wp-content\/uploads\/2026\/03\/Christoph-Edinger-1-scaled-e1775060376103.jpg\" class=\"attachment-full size-full wp-post-image\" alt=\"Christoph Edinger\" \/><h3>\n\tChristoph Edinger<\/h3>\n<!-- wp:paragraph {\"translatedWithWPMLTM\":\"1\"} -->\n<p>Strokovnjak za krmo za:<br\/><strong>Pre\u017evekovalce<\/strong><\/p>\n<!-- \/wp:paragraph -->\n<div class=\"expert-contact\">\n\t\t\t<\/div>\t\t\t<\/li>\n\t\t\t\t\t\t<li class=\"expert-search-results__item\" id=\"expert-OC93bnVx\">\n\t\t\t\t\n\t<img loading=\"lazy\" decoding=\"async\" width=\"1771\" height=\"2362\" src=\"https:\/\/fritzjeitler.com\/wp-content\/uploads\/2026\/03\/Adolf-Kranewitter-1-e1775060428151.jpg\" class=\"attachment-full size-full wp-post-image\" alt=\"Adolf Kranewitter\" \/><h3>\n\tDI Adolf Kranewitter<\/h3>\n<!-- wp:paragraph {\"translatedWithWPMLTM\":\"1\"} -->\n<p>Strokovnjak za krmo za:<br\/><strong>pra\u0161i\u010de, pre\u017evekovalce<\/strong><\/p>\n<!-- \/wp:paragraph -->\n<div class=\"expert-contact\">\n\t\t\t<\/div>\t\t\t<\/li>\n\t\t\t\t\t\t<li class=\"expert-search-results__item\" id=\"expert-enR1am8u\">\n\t\t\t\t\n\t<img loading=\"lazy\" decoding=\"async\" width=\"1772\" height=\"1181\" src=\"https:\/\/fritzjeitler.com\/wp-content\/uploads\/2026\/03\/Matjaz-Kekec-e1775134798711.jpg\" class=\"attachment-full size-full wp-post-image\" alt=\"Matjaz Kekec\" \/><h3>\n\tDI Matja\u017e Kekec<\/h3>\n<!-- wp:paragraph {\"translatedWithWPMLTM\":\"1\"} -->\n<p>Strokovnjak za krmo:<br\/><strong>Pra\u0161i\u010di, pre\u017evekovalci, perutnina<\/strong><\/p>\n<!-- \/wp:paragraph -->\n<div class=\"expert-contact\">\n\t\t\t<\/div>\t\t\t<\/li>\n\t\t\t\t\t\t<li class=\"expert-search-results__item\" id=\"expert-cVcyMWQy\">\n\t\t\t\t\n\t<img loading=\"lazy\" decoding=\"async\" width=\"1708\" height=\"2560\" src=\"https:\/\/fritzjeitler.com\/wp-content\/uploads\/2026\/03\/Sebastijan-Urbanic-scaled-e1775059918715.jpg\" class=\"attachment-full size-full wp-post-image\" alt=\"Sebastijan Urbanic\" \/><h3>\n\tDI Sebastijan Urbani\u010d<\/h3>\n<!-- wp:paragraph {\"translatedWithWPMLTM\":\"1\"} -->\n<p>Strokovnjak za krmo:<br\/><strong>Pra\u0161i\u010di, pre\u017evekovalci, perutnina<\/strong><\/p>\n<!-- \/wp:paragraph -->\n<div class=\"expert-contact\">\n\t\t\t<\/div>\t\t\t<\/li>\n\t\t\t\t\t\t<li class=\"expert-search-results__item\" id=\"expert-a2J6Sm5H\">\n\t\t\t\t\n\t<img loading=\"lazy\" decoding=\"async\" width=\"1707\" height=\"2560\" src=\"https:\/\/fritzjeitler.com\/wp-content\/uploads\/2026\/03\/Uros-Vrabelj-scaled-e1775059987637.jpg\" class=\"attachment-full size-full wp-post-image\" alt=\"Uros Vrabelj\" \/><h3>\n\tDI Uro\u0161 Vrabelj<\/h3>\n<!-- wp:paragraph {\"translatedWithWPMLTM\":\"1\"} -->\n<p>Strokovnjak za krmo:<br\/><strong>Pre\u017evekovalci, perutnina<\/strong><\/p>\n<!-- \/wp:paragraph -->\n<div class=\"expert-contact\">\n\t\t\t<\/div>\t\t\t<\/li>\n\t\t\t\t\t\t<li class=\"expert-search-results__item\" id=\"expert-YlE3cW5L\">\n\t\t\t\t\n\t<img loading=\"lazy\" decoding=\"async\" width=\"1708\" height=\"2560\" src=\"https:\/\/fritzjeitler.com\/wp-content\/uploads\/2026\/03\/Franz-Buergmayr-1-scaled.jpg\" class=\"attachment-full size-full wp-post-image\" alt=\"Franz Bu\u0308rgmayr\" srcset=\"https:\/\/fritzjeitler.com\/wp-content\/uploads\/2026\/03\/Franz-Buergmayr-1-scaled.jpg 1708w, https:\/\/fritzjeitler.com\/wp-content\/uploads\/2026\/03\/Franz-Buergmayr-1-200x300.jpg 200w, https:\/\/fritzjeitler.com\/wp-content\/uploads\/2026\/03\/Franz-Buergmayr-1-683x1024.jpg 683w, https:\/\/fritzjeitler.com\/wp-content\/uploads\/2026\/03\/Franz-Buergmayr-1-768x1151.jpg 768w, https:\/\/fritzjeitler.com\/wp-content\/uploads\/2026\/03\/Franz-Buergmayr-1-1025x1536.jpg 1025w, https:\/\/fritzjeitler.com\/wp-content\/uploads\/2026\/03\/Franz-Buergmayr-1-1366x2048.jpg 1366w\" sizes=\"auto, (max-width: 1708px) 100vw, 1708px\" \/><h3>\n\tFranz B\u00fcrgmayr<\/h3>\n<!-- wp:paragraph {\"translatedWithWPMLTM\":\"1\"} -->\n<p>Strokovnjak za krmo za:<br\/><strong>pra\u0161i\u010de, pre\u017evekovalce<\/strong><\/p>\n<!-- \/wp:paragraph -->\n<div class=\"expert-contact\">\n\t\t\t<\/div>\t\t\t<\/li>\n\t\t\t\t\t\t<li class=\"expert-search-results__item\" id=\"expert-aW1YSVF5\">\n\t\t\t\t\n\t<img loading=\"lazy\" decoding=\"async\" width=\"1708\" height=\"2560\" src=\"https:\/\/fritzjeitler.com\/wp-content\/uploads\/2026\/03\/Georg-Schaden-scaled-e1775060501523.jpg\" class=\"attachment-full size-full wp-post-image\" alt=\"Georg Schaden\" \/><h3>\n\tGeorg Schaden<\/h3>\n<!-- wp:paragraph {\"translatedWithWPMLTM\":\"1\"} -->\n<p>Strokovnjak za krmo za:<br\/><strong>pra\u0161i\u010de, pre\u017evekovalce<\/strong><\/p>\n<!-- \/wp:paragraph -->\n<div class=\"expert-contact\">\n\t\t\t<\/div>\t\t\t<\/li>\n\t\t\t\t\t\t<li class=\"expert-search-results__item\" id=\"expert-c3Z0eG5X\">\n\t\t\t\t\n\t<img loading=\"lazy\" decoding=\"async\" width=\"2560\" height=\"1707\" src=\"https:\/\/fritzjeitler.com\/wp-content\/uploads\/2026\/03\/Markus-Klaffenboeck-scaled-e1775060957205.jpg\" class=\"attachment-full size-full wp-post-image\" alt=\"Markus Klaffenbo\u0308ck\" \/><h3>\n\tIng. Markus Klaffenb\u00f6ck<\/h3>\n<!-- wp:paragraph {\"translatedWithWPMLTM\":\"1\"} -->\n<p>Strokovnjak za krmo za:<br\/><strong>pra\u0161i\u010de, pre\u017evekovalce<\/strong><\/p>\n<!-- \/wp:paragraph -->\n<div class=\"expert-contact\">\n\t\t\t<\/div>\t\t\t<\/li>\n\t\t\t\t\t\t<li class=\"expert-search-results__item\" id=\"expert-SVJjczdH\">\n\t\t\t\t\n\t<img loading=\"lazy\" decoding=\"async\" width=\"1707\" height=\"2560\" src=\"https:\/\/fritzjeitler.com\/wp-content\/uploads\/2026\/03\/Michael-Schibich-scaled-e1774963917586.jpg\" class=\"attachment-full size-full wp-post-image\" alt=\"Michael Schibich\" \/><h3>\n\tIn\u017eenir Michael Schibich<\/h3>\n<!-- wp:paragraph {\"translatedWithWPMLTM\":\"1\"} -->\n<p>Strokovnjak za krmo:<br\/><strong>Pra\u0161i\u010di, pre\u017evekovalci, perutnina<\/strong><\/p>\n<!-- \/wp:paragraph -->\n<div class=\"expert-contact\">\n\t\t\t<\/div>\t\t\t<\/li>\n\t\t\t\t\t\t<li class=\"expert-search-results__item\" id=\"expert-VHJBUUtD\">\n\t\t\t\t\n\t<img loading=\"lazy\" decoding=\"async\" width=\"2560\" height=\"1707\" src=\"https:\/\/fritzjeitler.com\/wp-content\/uploads\/2026\/03\/Johann-Muehlberghuber-scaled-e1775061173684.jpg\" class=\"attachment-full size-full wp-post-image\" alt=\"Johann Mu\u0308hlberghuber\" \/><h3>\n\tJohann M\u00fchlberghuber<\/h3>\n<!-- wp:paragraph {\"translatedWithWPMLTM\":\"1\"} -->\n<p>Strokovnjak za krmo:<br\/><strong>Pra\u0161i\u010di, pre\u017evekovalci, perutnina<\/strong><\/p>\n<!-- \/wp:paragraph -->\n<div class=\"expert-contact\">\n\t\t\t<\/div>\t\t\t<\/li>\n\t\t\t\t\t\t<li class=\"expert-search-results__item\" id=\"expert-UWpNaDV1\">\n\t\t\t\t\n\t<img loading=\"lazy\" decoding=\"async\" width=\"1708\" height=\"2560\" src=\"https:\/\/fritzjeitler.com\/wp-content\/uploads\/2026\/03\/Johannes-Dierneder-scaled-e1775061346162.jpg\" class=\"attachment-full size-full wp-post-image\" alt=\"Johannes Dierneder\" \/><h3>\n\tJohannes Dierneder<\/h3>\n<!-- wp:paragraph {\"translatedWithWPMLTM\":\"1\"} -->\n<p>Strokovnjak za krmo za:<br\/><strong>pra\u0161i\u010de, pre\u017evekovalce<\/strong><\/p>\n<!-- \/wp:paragraph -->\n<div class=\"expert-contact\">\n\t\t\t<\/div>\t\t\t<\/li>\n\t\t\t\t\t\t<li class=\"expert-search-results__item\" id=\"expert-L0ZqVGxX\">\n\t\t\t\t\n\t<img loading=\"lazy\" decoding=\"async\" width=\"1707\" height=\"2560\" src=\"https:\/\/fritzjeitler.com\/wp-content\/uploads\/2026\/03\/Martin-Auinger-1-scaled-e1775061456877.jpg\" class=\"attachment-full size-full wp-post-image\" alt=\"Martin Auinger\" \/><h3>\n\tMartin Auinger<\/h3>\n<!-- wp:paragraph {\"translatedWithWPMLTM\":\"1\"} -->\n<p>Strokovnjak za krmo za:<br\/><strong>Pre\u017evekovalce<\/strong><\/p>\n<!-- \/wp:paragraph --><!-- wp:paragraph -->\n<p><\/p>\n<!-- \/wp:paragraph -->\n<div class=\"expert-contact\">\n\t\t\t<\/div>\t\t\t<\/li>\n\t\t\t\t\t\t<li class=\"expert-search-results__item\" id=\"expert-V1c5Sk1p\">\n\t\t\t\t\n\t<img loading=\"lazy\" decoding=\"async\" width=\"1707\" height=\"2560\" src=\"https:\/\/fritzjeitler.com\/wp-content\/uploads\/2026\/03\/Ronald-Wipplinger-scaled-e1775061626884.jpg\" class=\"attachment-full size-full wp-post-image\" alt=\"Ronald Wipplinger\" \/><h3>\n\tRonald Wipplinger<\/h3>\n<!-- wp:paragraph {\"translatedWithWPMLTM\":\"1\"} -->\n<p>Strokovnjak za krmo za:<br\/><strong>pra\u0161i\u010de, pre\u017evekovalce<\/strong><\/p>\n<!-- \/wp:paragraph -->\n<div class=\"expert-contact\">\n\t\t\t<\/div>\t\t\t<\/li>\n\t\t\t\t\t\t<li class=\"expert-search-results__item\" id=\"expert-WVlSZEdT\">\n\t\t\t\t\n<h3>\n\tRupert Schoder<\/h3>\n<!-- wp:paragraph {\"translatedWithWPMLTM\":\"1\"} -->\n<p>Strokovnjak za krmo za:<br\/><strong>pra\u0161i\u010de, pre\u017evekovalce<\/strong><\/p>\n<!-- \/wp:paragraph -->\n<div class=\"expert-contact\">\n\t\t\t<\/div>\t\t\t<\/li>\n\t\t\t\t\t\t<li class=\"expert-search-results__item\" id=\"expert-OUF3ZUEy\">\n\t\t\t\t\n\t<img loading=\"lazy\" decoding=\"async\" width=\"1736\" height=\"2560\" src=\"https:\/\/fritzjeitler.com\/wp-content\/uploads\/2026\/03\/Simon-Thamer-scaled-e1775061694809.jpg\" class=\"attachment-full size-full wp-post-image\" alt=\"Simon Thamer\" \/><h3>\n\tSimon Thamer<\/h3>\n<!-- wp:paragraph {\"translatedWithWPMLTM\":\"1\"} -->\n<p>Strokovnjak za krmo za:<br\/><strong>Pre\u017evekovalce<\/strong><\/p>\n<!-- \/wp:paragraph -->\n<div class=\"expert-contact\">\n\t\t\t<\/div>\t\t\t<\/li>\n\t\t\t\t\t\t<li class=\"expert-search-results__item\" id=\"expert-U3YuNUhD\">\n\t\t\t\t\n\t<img loading=\"lazy\" decoding=\"async\" width=\"1707\" height=\"2560\" src=\"https:\/\/fritzjeitler.com\/wp-content\/uploads\/2026\/03\/Thomas-Sammer-scaled-e1775061758324.jpg\" class=\"attachment-full size-full wp-post-image\" alt=\"Thomas Sammer\" \/><h3>\n\tThomas Sammer<\/h3>\n<!-- wp:paragraph {\"translatedWithWPMLTM\":\"1\"} -->\n<p>Strokovnjak za krmo za:<br\/><strong>Pre\u017evekovalce<\/strong><\/p>\n<!-- \/wp:paragraph -->\n<div class=\"expert-contact\">\n\t\t\t<\/div>\t\t\t<\/li>\n\t\t\t\t\t\t<li class=\"expert-search-results__item\" id=\"expert-OTBFMEw2\">\n\t\t\t\t\n\t<img loading=\"lazy\" decoding=\"async\" width=\"1707\" height=\"2560\" src=\"https:\/\/fritzjeitler.com\/wp-content\/uploads\/2026\/03\/Verena-Niss-1-scaled-e1775061824843.jpg\" class=\"attachment-full size-full wp-post-image\" alt=\"Verena Ni\u00df\" \/><h3>\n\tVerena Ni\u00df<\/h3>\n<!-- wp:paragraph {\"translatedWithWPMLTM\":\"1\"} -->\n<p>Strokovnjak za krmo za:<br\/><strong>pra\u0161i\u010de, pre\u017evekovalce<\/strong><\/p>\n<!-- \/wp:paragraph -->\n<div class=\"expert-contact\">\n\t\t\t<\/div>\t\t\t<\/li>\n\t\t\t\t<\/ul>\n<\/div>\n\n<p><\/p>\n","protected":false},"excerpt":{"rendered":"<p>Kontaktna oseba<\/p>\n","protected":false},"author":3,"featured_media":0,"parent":5051,"menu_order":4,"comment_status":"closed","ping_status":"closed","template":"","meta":{"clicksgefuehlecore_hide_title":false,"theme\/reading-time":-1,"page-redirect-enabled":false,"page-redirect-target-id":0,"footnotes":""},"class_list":["post-4967","page","type-page","status-publish","hentry"],"yoast_head":"<!-- This site is optimized with the Yoast SEO plugin v26.7 - https:\/\/yoast.com\/wordpress\/plugins\/seo\/ -->\n<title>Kontaktna oseba - Fritz Jeitler Futtermittel<\/title>\n<meta name=\"robots\" content=\"index, follow, max-snippet:-1, max-image-preview:large, max-video-preview:-1\" \/>\n<link rel=\"canonical\" href=\"https:\/\/fritzjeitler.com\/sl\/prezvekovalci\/kontaktna-oseba-3\/\" \/>\n<meta property=\"og:locale\" content=\"sl_SI\" \/>\n<meta property=\"og:type\" content=\"article\" \/>\n<meta property=\"og:title\" content=\"Kontaktna oseba - Fritz Jeitler Futtermittel\" \/>\n<meta property=\"og:description\" content=\"Kontaktna oseba\" \/>\n<meta property=\"og:url\" content=\"https:\/\/fritzjeitler.com\/sl\/prezvekovalci\/kontaktna-oseba-3\/\" \/>\n<meta property=\"og:site_name\" content=\"Fritz Jeitler Futtermittel\" \/>\n<meta property=\"article:modified_time\" content=\"2026-04-13T07:34:39+00:00\" \/>\n<meta name=\"twitter:card\" content=\"summary_large_image\" \/>\n<script type=\"application\/ld+json\" class=\"yoast-schema-graph\">{\"@context\":\"https:\/\/schema.org\",\"@graph\":[{\"@type\":\"WebPage\",\"@id\":\"https:\/\/fritzjeitler.com\/sl\/prezvekovalci\/kontaktna-oseba-3\/\",\"url\":\"https:\/\/fritzjeitler.com\/sl\/prezvekovalci\/kontaktna-oseba-3\/\",\"name\":\"Kontaktna oseba - Fritz Jeitler Futtermittel\",\"isPartOf\":{\"@id\":\"https:\/\/fritzjeitler.com\/sl\/#website\"},\"datePublished\":\"2025-01-21T12:20:43+00:00\",\"dateModified\":\"2026-04-13T07:34:39+00:00\",\"breadcrumb\":{\"@id\":\"https:\/\/fritzjeitler.com\/sl\/prezvekovalci\/kontaktna-oseba-3\/#breadcrumb\"},\"inLanguage\":\"sl-SI\",\"potentialAction\":[{\"@type\":\"ReadAction\",\"target\":[\"https:\/\/fritzjeitler.com\/sl\/prezvekovalci\/kontaktna-oseba-3\/\"]}]},{\"@type\":\"BreadcrumbList\",\"@id\":\"https:\/\/fritzjeitler.com\/sl\/prezvekovalci\/kontaktna-oseba-3\/#breadcrumb\",\"itemListElement\":[{\"@type\":\"ListItem\",\"position\":1,\"name\":\"Home\",\"item\":\"https:\/\/fritzjeitler.com\/sl\/\"},{\"@type\":\"ListItem\",\"position\":2,\"name\":\"Pre\u017evekovalci\",\"item\":\"https:\/\/fritzjeitler.com\/sl\/prezvekovalci\/\"},{\"@type\":\"ListItem\",\"position\":3,\"name\":\"Kontaktna oseba\"}]},{\"@type\":\"WebSite\",\"@id\":\"https:\/\/fritzjeitler.com\/sl\/#website\",\"url\":\"https:\/\/fritzjeitler.com\/sl\/\",\"name\":\"Fritz Jeitler Futtermittel\",\"description\":\"\",\"potentialAction\":[{\"@type\":\"SearchAction\",\"target\":{\"@type\":\"EntryPoint\",\"urlTemplate\":\"https:\/\/fritzjeitler.com\/sl\/?s={search_term_string}\"},\"query-input\":{\"@type\":\"PropertyValueSpecification\",\"valueRequired\":true,\"valueName\":\"search_term_string\"}}],\"inLanguage\":\"sl-SI\"}]}<\/script>\n<!-- \/ Yoast SEO plugin. -->","yoast_head_json":{"title":"Kontaktna oseba - Fritz Jeitler Futtermittel","robots":{"index":"index","follow":"follow","max-snippet":"max-snippet:-1","max-image-preview":"max-image-preview:large","max-video-preview":"max-video-preview:-1"},"canonical":"https:\/\/fritzjeitler.com\/sl\/prezvekovalci\/kontaktna-oseba-3\/","og_locale":"sl_SI","og_type":"article","og_title":"Kontaktna oseba - Fritz Jeitler Futtermittel","og_description":"Kontaktna oseba","og_url":"https:\/\/fritzjeitler.com\/sl\/prezvekovalci\/kontaktna-oseba-3\/","og_site_name":"Fritz Jeitler Futtermittel","article_modified_time":"2026-04-13T07:34:39+00:00","twitter_card":"summary_large_image","schema":{"@context":"https:\/\/schema.org","@graph":[{"@type":"WebPage","@id":"https:\/\/fritzjeitler.com\/sl\/prezvekovalci\/kontaktna-oseba-3\/","url":"https:\/\/fritzjeitler.com\/sl\/prezvekovalci\/kontaktna-oseba-3\/","name":"Kontaktna oseba - Fritz Jeitler Futtermittel","isPartOf":{"@id":"https:\/\/fritzjeitler.com\/sl\/#website"},"datePublished":"2025-01-21T12:20:43+00:00","dateModified":"2026-04-13T07:34:39+00:00","breadcrumb":{"@id":"https:\/\/fritzjeitler.com\/sl\/prezvekovalci\/kontaktna-oseba-3\/#breadcrumb"},"inLanguage":"sl-SI","potentialAction":[{"@type":"ReadAction","target":["https:\/\/fritzjeitler.com\/sl\/prezvekovalci\/kontaktna-oseba-3\/"]}]},{"@type":"BreadcrumbList","@id":"https:\/\/fritzjeitler.com\/sl\/prezvekovalci\/kontaktna-oseba-3\/#breadcrumb","itemListElement":[{"@type":"ListItem","position":1,"name":"Home","item":"https:\/\/fritzjeitler.com\/sl\/"},{"@type":"ListItem","position":2,"name":"Pre\u017evekovalci","item":"https:\/\/fritzjeitler.com\/sl\/prezvekovalci\/"},{"@type":"ListItem","position":3,"name":"Kontaktna oseba"}]},{"@type":"WebSite","@id":"https:\/\/fritzjeitler.com\/sl\/#website","url":"https:\/\/fritzjeitler.com\/sl\/","name":"Fritz Jeitler Futtermittel","description":"","potentialAction":[{"@type":"SearchAction","target":{"@type":"EntryPoint","urlTemplate":"https:\/\/fritzjeitler.com\/sl\/?s={search_term_string}"},"query-input":{"@type":"PropertyValueSpecification","valueRequired":true,"valueName":"search_term_string"}}],"inLanguage":"sl-SI"}]}},"_links":{"self":[{"href":"https:\/\/fritzjeitler.com\/sl\/wp-json\/wp\/v2\/pages\/4967","targetHints":{"allow":["GET"]}}],"collection":[{"href":"https:\/\/fritzjeitler.com\/sl\/wp-json\/wp\/v2\/pages"}],"about":[{"href":"https:\/\/fritzjeitler.com\/sl\/wp-json\/wp\/v2\/types\/page"}],"author":[{"embeddable":true,"href":"https:\/\/fritzjeitler.com\/sl\/wp-json\/wp\/v2\/users\/3"}],"replies":[{"embeddable":true,"href":"https:\/\/fritzjeitler.com\/sl\/wp-json\/wp\/v2\/comments?post=4967"}],"version-history":[{"count":1,"href":"https:\/\/fritzjeitler.com\/sl\/wp-json\/wp\/v2\/pages\/4967\/revisions"}],"predecessor-version":[{"id":4968,"href":"https:\/\/fritzjeitler.com\/sl\/wp-json\/wp\/v2\/pages\/4967\/revisions\/4968"}],"up":[{"embeddable":true,"href":"https:\/\/fritzjeitler.com\/sl\/wp-json\/wp\/v2\/pages\/5051"}],"wp:attachment":[{"href":"https:\/\/fritzjeitler.com\/sl\/wp-json\/wp\/v2\/media?parent=4967"}],"curies":[{"name":"wp","href":"https:\/\/api.w.org\/{rel}","templated":true}]}}